{"id":23549,"date":"2023-06-26T18:17:11","date_gmt":"2023-06-26T16:17:11","guid":{"rendered":"https:\/\/www.finres-sa.com\/product\/jesmonite-flexiguard-sealer-ac730\/"},"modified":"2026-02-13T14:40:18","modified_gmt":"2026-02-13T13:40:18","slug":"jesmonite-flexiguard-sealer-ac730","status":"publish","type":"product","link":"https:\/\/www.finres-sa.com\/de\/produkt\/jesmonite-flexiguard-sealer-ac730\/","title":{"rendered":"JESMONITE\u00ae FLEXIGUARD SEALER AC730"},"content":{"rendered":"\t\t<div data-elementor-type=\"product-post\" data-elementor-id=\"23549\" class=\"elementor elementor-23549 elementor-5725\" data-elementor-post-type=\"product\">\n\t\t\t\t<div class=\"elementor-element elementor-element-4106ce8 e-flex e-con-boxed e-con e-parent\" data-id=\"4106ce8\" data-element_type=\"container\" data-e-type=\"container\" data-settings=\"{&quot;jet_parallax_layout_list&quot;:[]}\">\n\t\t\t\t\t<div class=\"e-con-inner\">\n\t\t\t\t<div class=\"elementor-element elementor-element-54796bf4 elementor-widget elementor-widget-text-editor\" data-id=\"54796bf4\" data-element_type=\"widget\" data-e-type=\"widget\" data-widget_type=\"text-editor.default\">\n\t\t\t\t<div class=\"elementor-widget-container\">\n\t\t\t\t\t\t\t\t\t<p>Flexiguard Sealer ist eine unsichtbare, transparente Beschichtung, die das Aussehen der fertigen Oberfl\u00e4che bewahrt, ohne ihre Textur oder Farbe zu ver\u00e4ndern. Die l\u00f6sungsmittelfreie Formel wurde speziell f\u00fcr por\u00f6se Oberfl\u00e4chen entwickelt und bietet einen dauerhaften Schutz vor Flecken und UV-Strahlung. <\/p><p>Basierend auf Nanotechnologie schafft es eine niederenergetische Oberfl\u00e4che, die das Anhaften von Schmutz sowie das Wachstum von Schimmel und Pilzen verhindert. Durch die chemische Bindung mit dem Jesmonit-Substrat ist der Schutz dauerhaft und reduziert den Reinigungs- und Pflegeaufwand erheblich. <\/p><p>Die Anwendung ist einfach und schnell, sowohl vor Ort als auch in der Produktionsumgebung.<\/p>\t\t\t\t\t\t\t\t<\/div>\n\t\t\t\t<\/div>\n\t\t\t\t\t<\/div>\n\t\t\t\t<\/div>\n\t\t<div class=\"elementor-element elementor-element-8200eb2 e-flex e-con-boxed e-con e-parent\" data-id=\"8200eb2\" data-element_type=\"container\" data-e-type=\"container\" data-settings=\"{&quot;jet_parallax_layout_list&quot;:[],&quot;background_background&quot;:&quot;classic&quot;}\">\n\t\t\t\t\t<div class=\"e-con-inner\">\n\t\t<div class=\"elementor-element elementor-element-f572897 e-grid e-con-boxed e-con e-child\" data-id=\"f572897\" data-element_type=\"container\" data-e-type=\"container\" data-settings=\"{&quot;jet_parallax_layout_list&quot;:[]}\">\n\t\t\t\t\t<div class=\"e-con-inner\">\n\t\t\t\t<div class=\"elementor-element elementor-element-7017080 elementor-widget elementor-widget-heading\" data-id=\"7017080\" data-element_type=\"widget\" data-e-type=\"widget\" data-widget_type=\"heading.default\">\n\t\t\t\t<div class=\"elementor-widget-container\">\n\t\t\t\t\t<h2 class=\"elementor-heading-title elementor-size-xl\">Merkmale<\/h2>\t\t\t\t<\/div>\n\t\t\t\t<\/div>\n\t\t\t\t<div class=\"elementor-element elementor-element-a9c9625 elementor-widget elementor-widget-heading\" data-id=\"a9c9625\" data-element_type=\"widget\" data-e-type=\"widget\" data-widget_type=\"heading.default\">\n\t\t\t\t<div class=\"elementor-widget-container\">\n\t\t\t\t\t<h2 class=\"elementor-heading-title elementor-size-xl\">Umsetzung<\/h2>\t\t\t\t<\/div>\n\t\t\t\t<\/div>\n\t\t\t\t\t<\/div>\n\t\t\t\t<\/div>\n\t\t<div class=\"elementor-element elementor-element-c4727e3 e-grid e-con-boxed e-con e-child\" data-id=\"c4727e3\" data-element_type=\"container\" data-e-type=\"container\" data-settings=\"{&quot;jet_parallax_layout_list&quot;:[]}\">\n\t\t\t\t\t<div class=\"e-con-inner\">\n\t\t\t\t<div class=\"elementor-element elementor-element-8e31dfc elementor-widget elementor-widget-text-editor\" data-id=\"8e31dfc\" data-element_type=\"widget\" data-e-type=\"widget\" data-widget_type=\"text-editor.default\">\n\t\t\t\t<div class=\"elementor-widget-container\">\n\t\t\t\t\t\t\t\t\t<p>Transparent<\/p><p>Ohne L\u00f6sungsmittel<\/p><p>Extrem langlebiger Schutz<\/p><p>UV-stabil<\/p><p>Gute Best\u00e4ndigkeit gegen Flecken<\/p><p>Kompatibilit\u00e4t: Composite Jesmonite AC630\/730\/830<\/p><p>Anwendung: Spritzpistole, B\u00fcrste\/Pinsel<\/p><p>Lagerung: Frostfrei zwischen 5\u00b0C und 25\u00b0C.<\/p>\t\t\t\t\t\t\t\t<\/div>\n\t\t\t\t<\/div>\n\t\t\t\t<div class=\"elementor-element elementor-element-f942cd6 elementor-widget elementor-widget-text-editor\" data-id=\"f942cd6\" data-element_type=\"widget\" data-e-type=\"widget\" data-widget_type=\"text-editor.default\">\n\t\t\t\t<div class=\"elementor-widget-container\">\n\t\t\t\t\t\t\t\t\t<p><strong>1. Vorbereitung der Oberfl\u00e4che<\/strong><\/p><p>Stellen Sie sicher, dass alle Oberfl\u00e4chen sauber, trocken und frei von Staub, Fett oder \u00d6l sind.<\/p><p><strong>2. Anwendung<\/strong><\/p><p>Es wird empfohlen, den Flexiguard Sealer in Form eines Vlieses aufzuspr\u00fchen.<\/p><p>ODER verteilen Sie den Sealer mit einer hochwertigen <u>B\u00fcrste<\/u> gleichm\u00e4\u00dfig auf den zu sch\u00fctzenden Fl\u00e4chen.<\/p><p>Es m\u00fcssen mindestens 2 Schichten aufgetragen werden.<\/p><p>Die zweite Schicht wird aufgetragen, nachdem sich die erste Schicht trocken angef\u00fchlt hat.<\/p><p>Warten Sie nicht, bis die erste Schicht vollst\u00e4ndig getrocknet ist, da dies dazu f\u00fchren kann, dass die zweite Schicht nicht mehr haftet.<\/p>\t\t\t\t\t\t\t\t<\/div>\n\t\t\t\t<\/div>\n\t\t\t\t\t<\/div>\n\t\t\t\t<\/div>\n\t\t\t\t\t<\/div>\n\t\t\t\t<\/div>\n\t\t\t\t<\/div>\n\t\t","protected":false},"excerpt":{"rendered":"<p>Sch\u00fctzen Sie Ihre Jesmonite AC730 Kreationen mit Jesmonite Sealer Flexiguard!<\/p>\n","protected":false},"featured_media":23550,"template":"","meta":[],"product_brand":[],"product_cat":[919,1569],"product_tag":[927,925,897,899,924,923,944,922,898],"class_list":{"0":"post-23549","1":"product","2":"type-product","3":"status-publish","4":"has-post-thumbnail","6":"product_cat-jesmonite-de","7":"product_cat-zusatzstoffe","8":"product_tag-additief-de","9":"product_tag-beeld-de","10":"product_tag-decoratie-de","11":"product_tag-gieten-de","12":"product_tag-jesmoniet-de","13":"product_tag-milieuvriendelijk-de","14":"product_tag-schichtung","15":"product_tag-stijf-de","16":"product_tag-toon-de","18":"first","19":"instock","20":"taxable","21":"shipping-taxable","22":"purchasable","23":"product-type-variable"},"_links":{"self":[{"href":"https:\/\/www.finres-sa.com\/de\/wp-json\/wp\/v2\/product\/23549","targetHints":{"allow":["GET"]}}],"collection":[{"href":"https:\/\/www.finres-sa.com\/de\/wp-json\/wp\/v2\/product"}],"about":[{"href":"https:\/\/www.finres-sa.com\/de\/wp-json\/wp\/v2\/types\/product"}],"version-history":[{"count":1,"href":"https:\/\/www.finres-sa.com\/de\/wp-json\/wp\/v2\/product\/23549\/revisions"}],"predecessor-version":[{"id":36352,"href":"https:\/\/www.finres-sa.com\/de\/wp-json\/wp\/v2\/product\/23549\/revisions\/36352"}],"wp:featuredmedia":[{"embeddable":true,"href":"https:\/\/www.finres-sa.com\/de\/wp-json\/wp\/v2\/media\/23550"}],"wp:attachment":[{"href":"https:\/\/www.finres-sa.com\/de\/wp-json\/wp\/v2\/media?parent=23549"}],"wp:term":[{"taxonomy":"product_brand","embeddable":true,"href":"https:\/\/www.finres-sa.com\/de\/wp-json\/wp\/v2\/product_brand?post=23549"},{"taxonomy":"product_cat","embeddable":true,"href":"https:\/\/www.finres-sa.com\/de\/wp-json\/wp\/v2\/product_cat?post=23549"},{"taxonomy":"product_tag","embeddable":true,"href":"https:\/\/www.finres-sa.com\/de\/wp-json\/wp\/v2\/product_tag?post=23549"}],"curies":[{"name":"wp","href":"https:\/\/api.w.org\/{rel}","templated":true}]}}