{"id":25183,"date":"2025-04-16T14:25:59","date_gmt":"2025-04-16T12:25:59","guid":{"rendered":"https:\/\/www.finres-sa.com\/product\/jesmo-clean-professioneller-reiniger-fuer-silikonformen\/"},"modified":"2025-12-15T11:09:03","modified_gmt":"2025-12-15T10:09:03","slug":"jesmo-clean-professioneller-reiniger-fuer-silikonformen","status":"publish","type":"product","link":"https:\/\/www.finres-sa.com\/de\/produkt\/jesmo-clean-professioneller-reiniger-fuer-silikonformen\/","title":{"rendered":"JESMO CLEAN \u2013 Professioneller Reiniger f\u00fcr Silikonformen"},"content":{"rendered":"\t\t<div data-elementor-type=\"product-post\" data-elementor-id=\"25183\" class=\"elementor elementor-25183 elementor-25166\" data-elementor-post-type=\"product\">\n\t\t\t\t<div class=\"elementor-element elementor-element-d562578 e-flex e-con-boxed e-con e-parent\" data-id=\"d562578\" data-element_type=\"container\" data-e-type=\"container\" data-settings=\"{&quot;jet_parallax_layout_list&quot;:[],&quot;background_background&quot;:&quot;classic&quot;}\">\n\t\t\t\t\t<div class=\"e-con-inner\">\n\t\t<div class=\"elementor-element elementor-element-3dac63e e-grid e-con-boxed e-con e-child\" data-id=\"3dac63e\" data-element_type=\"container\" data-e-type=\"container\" data-settings=\"{&quot;jet_parallax_layout_list&quot;:[]}\">\n\t\t\t\t\t<div class=\"e-con-inner\">\n\t\t\t\t<div class=\"elementor-element elementor-element-a364989 elementor-widget elementor-widget-heading\" data-id=\"a364989\" data-element_type=\"widget\" data-e-type=\"widget\" data-widget_type=\"heading.default\">\n\t\t\t\t<div class=\"elementor-widget-container\">\n\t\t\t\t\t<h2 class=\"elementor-heading-title elementor-size-xl\">Vorteile<\/h2>\t\t\t\t<\/div>\n\t\t\t\t<\/div>\n\t\t\t\t\t<\/div>\n\t\t\t\t<\/div>\n\t\t<div class=\"elementor-element elementor-element-72808fd e-grid e-con-boxed e-con e-child\" data-id=\"72808fd\" data-element_type=\"container\" data-e-type=\"container\" data-settings=\"{&quot;jet_parallax_layout_list&quot;:[]}\">\n\t\t\t\t\t<div class=\"e-con-inner\">\n\t\t\t\t<div class=\"elementor-element elementor-element-6a0f657 elementor-widget elementor-widget-text-editor\" data-id=\"6a0f657\" data-element_type=\"widget\" data-e-type=\"widget\" data-widget_type=\"text-editor.default\">\n\t\t\t\t<div class=\"elementor-widget-container\">\n\t\t\t\t\t\t\t\t\t<p>\ud83c\udf31 Umweltfreundlich<\/p><p>\u267b\ufe0f 100 % biologisch abbaubar<\/p><p>\u26a1 Nachgewiesene Wirksamkeit<\/p><p>\ud83d\udee0\ufe0f Verl\u00e4ngert die Lebensdauer von Formen und Utensilien<\/p><p>\ud83d\udca8 Schnell trocknend<\/p>\t\t\t\t\t\t\t\t<\/div>\n\t\t\t\t<\/div>\n\t\t\t\t\t<\/div>\n\t\t\t\t<\/div>\n\t\t\t\t\t<\/div>\n\t\t\t\t<\/div>\n\t\t<div class=\"elementor-element elementor-element-f65e48e e-flex e-con-boxed e-con e-parent\" data-id=\"f65e48e\" data-element_type=\"container\" data-e-type=\"container\" data-settings=\"{&quot;jet_parallax_layout_list&quot;:[],&quot;background_background&quot;:&quot;classic&quot;}\">\n\t\t\t\t\t<div class=\"e-con-inner\">\n\t\t<div class=\"elementor-element elementor-element-9971f50 e-grid e-con-boxed e-con e-child\" data-id=\"9971f50\" data-element_type=\"container\" data-e-type=\"container\" data-settings=\"{&quot;jet_parallax_layout_list&quot;:[]}\">\n\t\t\t\t\t<div class=\"e-con-inner\">\n\t\t\t\t<div class=\"elementor-element elementor-element-d0b63f7 elementor-widget elementor-widget-heading\" data-id=\"d0b63f7\" data-element_type=\"widget\" data-e-type=\"widget\" data-widget_type=\"heading.default\">\n\t\t\t\t<div class=\"elementor-widget-container\">\n\t\t\t\t\t<h2 class=\"elementor-heading-title elementor-size-xl\">Umsetzung<\/h2>\t\t\t\t<\/div>\n\t\t\t\t<\/div>\n\t\t\t\t\t<\/div>\n\t\t\t\t<\/div>\n\t\t<div class=\"elementor-element elementor-element-253550d e-grid e-con-boxed e-con e-child\" data-id=\"253550d\" data-element_type=\"container\" data-e-type=\"container\" data-settings=\"{&quot;jet_parallax_layout_list&quot;:[]}\">\n\t\t\t\t\t<div class=\"e-con-inner\">\n\t\t\t\t<div class=\"elementor-element elementor-element-25adefa elementor-widget elementor-widget-text-editor\" data-id=\"25adefa\" data-element_type=\"widget\" data-e-type=\"widget\" data-widget_type=\"text-editor.default\">\n\t\t\t\t<div class=\"elementor-widget-container\">\n\t\t\t\t\t\t\t\t\t<p><strong>1. Vorbereitung<\/strong><\/p><p>Achten Sie darauf, Handschuhe zu tragen und in einem bel\u00fcfteten Raum zu arbeiten.<\/p><p><strong>2. Direktes Auftragen auf die Silikonform<\/strong><\/p><p>Tragen Sie Jesmo Clean pur direkt auf die Oberfl\u00e4che der Form oder des Werkzeugs auf, wobei Sie von unten nach oben arbeiten, um eine gleichm\u00e4\u00dfige Abdeckung zu erzielen.<\/p><p>Lassen Sie das Produkt etwa <u>2 Minuten <\/u>lang einwirken, um Pigmentreste, Glitter und Metallpulver effektiv zu l\u00f6sen.<\/p><p><strong>3. Reinigung der Oberfl\u00e4chen<\/strong><\/p><p>Wischen Sie den aufgeweichten Schmutz mit einem sauberen, fusselfreien Tuch ab.<\/p><p>Bei tieferen Verschmutzungen (in Vertiefungen oder feinen Details) verwenden Sie eine harte B\u00fcrste, um die Ablagerungen zu l\u00f6sen.<\/p><p>Nach Gebrauch immer mit reichlich klarem Wasser sp\u00fclen, um eine vollst\u00e4ndige Entfernung des Produkts zu gew\u00e4hrleisten.<\/p><p><strong>4. Sicherheit und Vorsichtsma\u00dfnahmen f\u00fcr den Gebrauch<\/strong><\/p><p>Waschen Sie Ihre H\u00e4nde nach jeder Anwendung gr\u00fcndlich mit Wasser und Seife.<\/p><p><strong>Achtung<\/strong>: Jesmo Clean kann eine starke Augenreizung verursachen. Vermeiden Sie den Kontakt mit den Augen und halten Sie sie von Kindern fern. <\/p>\t\t\t\t\t\t\t\t<\/div>\n\t\t\t\t<\/div>\n\t\t\t\t\t<\/div>\n\t\t\t\t<\/div>\n\t\t\t\t\t<\/div>\n\t\t\t\t<\/div>\n\t\t\t\t<\/div>\n\t\t","protected":false},"excerpt":{"rendered":"<p><span style=\"color: #ffffff;\">Jesmo Clean ist ein unentbehrlicher Helfer bei der m\u00fchelosen Entfernung von Pigmenten und anderen R\u00fcckst\u00e4nden aus Silikonformen.<\/span><\/p>\n<p><span style=\"color: #ffffff;\">Es reinigt Ihre Formen effektiv, ohne die Oberfl\u00e4che oder die Eigenschaften der Formen zu beeintr\u00e4chtigen.<\/span><\/p>\n","protected":false},"featured_media":25170,"template":"","meta":[],"product_brand":[],"product_cat":[934,1000,921,920],"product_tag":[],"class_list":{"0":"post-25183","1":"product","2":"type-product","3":"status-publish","4":"has-post-thumbnail","6":"product_cat-gereedschap-in-zubehor","7":"product_cat-neuheiten","8":"product_cat-pigmenten-und-zusatzstoffen","9":"product_cat-weihnachten","11":"first","12":"instock","13":"taxable","14":"shipping-taxable","15":"purchasable","16":"product-type-simple"},"_links":{"self":[{"href":"https:\/\/www.finres-sa.com\/de\/wp-json\/wp\/v2\/product\/25183","targetHints":{"allow":["GET"]}}],"collection":[{"href":"https:\/\/www.finres-sa.com\/de\/wp-json\/wp\/v2\/product"}],"about":[{"href":"https:\/\/www.finres-sa.com\/de\/wp-json\/wp\/v2\/types\/product"}],"version-history":[{"count":0,"href":"https:\/\/www.finres-sa.com\/de\/wp-json\/wp\/v2\/product\/25183\/revisions"}],"wp:featuredmedia":[{"embeddable":true,"href":"https:\/\/www.finres-sa.com\/de\/wp-json\/wp\/v2\/media\/25170"}],"wp:attachment":[{"href":"https:\/\/www.finres-sa.com\/de\/wp-json\/wp\/v2\/media?parent=25183"}],"wp:term":[{"taxonomy":"product_brand","embeddable":true,"href":"https:\/\/www.finres-sa.com\/de\/wp-json\/wp\/v2\/product_brand?post=25183"},{"taxonomy":"product_cat","embeddable":true,"href":"https:\/\/www.finres-sa.com\/de\/wp-json\/wp\/v2\/product_cat?post=25183"},{"taxonomy":"product_tag","embeddable":true,"href":"https:\/\/www.finres-sa.com\/de\/wp-json\/wp\/v2\/product_tag?post=25183"}],"curies":[{"name":"wp","href":"https:\/\/api.w.org\/{rel}","templated":true}]}}