{"id":25363,"date":"2023-06-26T18:15:32","date_gmt":"2023-06-26T16:15:32","guid":{"rendered":"https:\/\/www.finres-sa.com\/product\/hochtemperatur-silikon-fuer-metallgiessen-zinn-und-bleifest\/"},"modified":"2026-03-23T09:48:48","modified_gmt":"2026-03-23T08:48:48","slug":"hochtemperatur-silikon-fuer-metallgiessen-zinn-und-bleifest","status":"publish","type":"product","link":"https:\/\/www.finres-sa.com\/de\/produkt\/hochtemperatur-silikon-fuer-metallgiessen-zinn-und-bleifest\/","title":{"rendered":"RTV-Kondensations-Hochtemperatur-Silikon 330 \u00b0C f\u00fcr Metallformenbau und Metallguss \u2013 Zinn &amp; Blei"},"content":{"rendered":"\t\t<div data-elementor-type=\"product-post\" data-elementor-id=\"25363\" class=\"elementor elementor-25363 elementor-5582\" data-elementor-post-type=\"product\">\n\t\t\t\t<div class=\"elementor-element elementor-element-37007e9 e-flex e-con-boxed e-con e-parent\" data-id=\"37007e9\" data-element_type=\"container\" data-e-type=\"container\" data-settings=\"{&quot;jet_parallax_layout_list&quot;:[]}\">\n\t\t\t\t\t<div class=\"e-con-inner\">\n\t\t\t\t<div class=\"elementor-element elementor-element-0c89253 elementor-widget elementor-widget-text-editor\" data-id=\"0c89253\" data-element_type=\"widget\" data-e-type=\"widget\" data-widget_type=\"text-editor.default\">\n\t\t\t\t<div class=\"elementor-widget-container\">\n\t\t\t\t\t\t\t\t\t<p data-pm-slice=\"1 1 []\">HT-Silikon ist ein zweikomponentiger RTV-2-Silikonkautschuk, der durch Kondensation vernetzt.<\/p><p>Dieser Elastomer vom Typ Silikonkautschuk bietet eine ausgezeichnete Best\u00e4ndigkeit gegen Verformung und Hitze. Fl\u00fcssig und einfach zu verarbeiten, erm\u00f6glicht er eine pr\u00e4zise Reproduktion und eignet sich ideal f\u00fcr die Herstellung technischer Formen. <\/p><p>Geeignet f\u00fcr das Gie\u00dfen von Metallen mit niedrigem Schmelzpunkt (Zinn, Blei usw.); seine hohe H\u00e4rte eignet sich f\u00fcr einfache Formen mit wenigen Hinterschneidungen.<\/p><p>Dieses Silikon wird f\u00fcr begrenzte Reproduktionen empfohlen und bleibt mit bestimmten geeigneten Harzen kompatibel. Es ist nicht mit einem Thixotropiermittel kompatibel. <\/p>\t\t\t\t\t\t\t\t<\/div>\n\t\t\t\t<\/div>\n\t\t\t\t\t<\/div>\n\t\t\t\t<\/div>\n\t\t<div class=\"elementor-element elementor-element-d530f07 e-flex e-con-boxed e-con e-parent\" data-id=\"d530f07\" data-element_type=\"container\" data-e-type=\"container\" data-settings=\"{&quot;jet_parallax_layout_list&quot;:[],&quot;background_background&quot;:&quot;classic&quot;}\">\n\t\t\t\t\t<div class=\"e-con-inner\">\n\t\t\t\t<div class=\"elementor-element elementor-element-aa4eb3f elementor-widget elementor-widget-heading\" data-id=\"aa4eb3f\" data-element_type=\"widget\" data-e-type=\"widget\" data-widget_type=\"heading.default\">\n\t\t\t\t<div class=\"elementor-widget-container\">\n\t\t\t\t\t<h2 class=\"elementor-heading-title elementor-size-xl\">Anwendungen von RTV-Hochtemperatur-Silikon<\/h2>\t\t\t\t<\/div>\n\t\t\t\t<\/div>\n\t\t\t\t<div class=\"elementor-element elementor-element-64f4623 elementor-widget elementor-widget-text-editor\" data-id=\"64f4623\" data-element_type=\"widget\" data-e-type=\"widget\" data-widget_type=\"text-editor.default\">\n\t\t\t\t<div class=\"elementor-widget-container\">\n\t\t\t\t\t\t\t\t\t<p data-pm-slice=\"1 1 []\"><strong>Schmuck und Accessoires:<\/strong> Ringe, Armb\u00e4nder, Anh\u00e4nger, Ohrringe, gravierte Medaillons.<br><strong>Miniaturen und Figuren:<\/strong> Figuren (Fantasy, Soldaten, Wargames), Statuetten, Modelle (Autos, Flugzeuge, Boote).<br><strong>Modellbau und Maquetten:<\/strong> R\u00e4der, Zahnr\u00e4der, Teile f\u00fcr Modelleisenbahnen, Diorama-Elemente, Waffenrepliken.<br><strong>Dekoration:<\/strong> Griffe, M\u00f6belkn\u00f6pfe, Skulpturen, Basreliefs, Rahmen- und Spiegelornamente, dekorative Gewichte.<br><strong>Gebrauchsgegenst\u00e4nde:<\/strong> alte Schl\u00fcssel und Schl\u00f6sser, Scharniere, Beschl\u00e4ge, Messgewichte, Halterungen und Befestigungen.<br><strong>Goodies:<\/strong> Chips, Schl\u00fcsselanh\u00e4nger, Mini-Troph\u00e4en, Medaillen.<\/p>\t\t\t\t\t\t\t\t<\/div>\n\t\t\t\t<\/div>\n\t\t\t\t\t<\/div>\n\t\t\t\t<\/div>\n\t\t<div class=\"elementor-element elementor-element-69ffc2c e-flex e-con-boxed e-con e-parent\" data-id=\"69ffc2c\" data-element_type=\"container\" data-e-type=\"container\" data-settings=\"{&quot;jet_parallax_layout_list&quot;:[],&quot;background_background&quot;:&quot;classic&quot;}\">\n\t\t\t\t\t<div class=\"e-con-inner\">\n\t\t\t\t<div class=\"elementor-element elementor-element-b012ed0 elementor-widget elementor-widget-heading\" data-id=\"b012ed0\" data-element_type=\"widget\" data-e-type=\"widget\" data-widget_type=\"heading.default\">\n\t\t\t\t<div class=\"elementor-widget-container\">\n\t\t\t\t\t<h2 class=\"elementor-heading-title elementor-size-large\">Anwendung und Verarbeitung<\/h2>\t\t\t\t<\/div>\n\t\t\t\t<\/div>\n\t\t\t\t<div class=\"elementor-element elementor-element-0bae172 elementor-widget elementor-widget-heading\" data-id=\"0bae172\" data-element_type=\"widget\" data-e-type=\"widget\" data-widget_type=\"heading.default\">\n\t\t\t\t<div class=\"elementor-widget-container\">\n\t\t\t\t\t<h3 class=\"elementor-heading-title elementor-size-medium\">1. Vorbereitung der Oberfl\u00e4che<\/h3>\t\t\t\t<\/div>\n\t\t\t\t<\/div>\n\t\t\t\t<div class=\"elementor-element elementor-element-7566706 elementor-widget elementor-widget-text-editor\" data-id=\"7566706\" data-element_type=\"widget\" data-e-type=\"widget\" data-widget_type=\"text-editor.default\">\n\t\t\t\t<div class=\"elementor-widget-container\">\n\t\t\t\t\t\t\t\t\t<p data-pm-slice=\"1 1 []\">Ist die Oberfl\u00e4che des zu reproduzierenden Modells por\u00f6s (Holz\/Gips\/Keramik\/etc.), empfiehlt es sich, eine Schicht <a href=\"https:\/\/www.finres-sa.com\/de\/produkt\/polyurethanlack-g4\/\" target=\"_blank\" rel=\"noopener noreferrer\">Lack<\/a>, ein <a href=\"https:\/\/www.finres-sa.com\/de\/categorie-produit\/trennmittel\/?jsf=epro-loop-builder&#038;tax=product_cat%3A1160\" target=\"_blank\" rel=\"noopener noreferrer\">Trennmittel<\/a> oder ein Trennwachs aufzutragen, um jegliches Anhaften zu vermeiden. <\/p>\t\t\t\t\t\t\t\t<\/div>\n\t\t\t\t<\/div>\n\t\t\t\t<div class=\"elementor-element elementor-element-c64461c elementor-widget elementor-widget-heading\" data-id=\"c64461c\" data-element_type=\"widget\" data-e-type=\"widget\" data-widget_type=\"heading.default\">\n\t\t\t\t<div class=\"elementor-widget-container\">\n\t\t\t\t\t<h3 class=\"elementor-heading-title elementor-size-medium\">2. Schalung<\/h3>\t\t\t\t<\/div>\n\t\t\t\t<\/div>\n\t\t\t\t<div class=\"elementor-element elementor-element-53cfaf4 elementor-widget elementor-widget-text-editor\" data-id=\"53cfaf4\" data-element_type=\"widget\" data-e-type=\"widget\" data-widget_type=\"text-editor.default\">\n\t\t\t\t<div class=\"elementor-widget-container\">\n\t\t\t\t\t\t\t\t\t<p data-pm-slice=\"1 1 []\">Bauen Sie eine Verschalung um das zu reproduzierende Objekt und achten Sie darauf, gen\u00fcgend Platz f\u00fcr das Silikon zu lassen (Wandst\u00e4rke zwischen 4 und 10 mm).<\/p><p>\u00dcberpr\u00fcfen Sie die Dichtheit der Verschalung sorgf\u00e4ltig, um jegliches Ungl\u00fcck zu vermeiden.<\/p><p>Stellen Sie sicher, dass das Objekt fest auf der Basis fixiert ist, damit es sich beim Bef\u00fcllen nicht bewegt oder schwimmt.<\/p>\t\t\t\t\t\t\t\t<\/div>\n\t\t\t\t<\/div>\n\t\t\t\t<div class=\"elementor-element elementor-element-6d26056 elementor-widget elementor-widget-heading\" data-id=\"6d26056\" data-element_type=\"widget\" data-e-type=\"widget\" data-widget_type=\"heading.default\">\n\t\t\t\t<div class=\"elementor-widget-container\">\n\t\t\t\t\t<h3 class=\"elementor-heading-title elementor-size-medium\">3. Mischungsverh\u00e4ltnis &amp; Mischen<\/h3>\t\t\t\t<\/div>\n\t\t\t\t<\/div>\n\t\t\t\t<div class=\"elementor-element elementor-element-8292fa7 elementor-widget elementor-widget-text-editor\" data-id=\"8292fa7\" data-element_type=\"widget\" data-e-type=\"widget\" data-widget_type=\"text-editor.default\">\n\t\t\t\t<div class=\"elementor-widget-container\">\n\t\t\t\t\t\t\t\t\t<p data-pm-slice=\"1 1 []\">Wiegen Sie in einem sauberen und trockenen Beh\u00e4lter die ben\u00f6tigte Menge an Silikon ab und berechnen Sie eine Zugabe von 5% Katalysator (z.B.: 100 g Silikon + 5 g Katalysator).<\/p><p>Vermischen Sie die beiden Komponenten mit einem Spatel, bis eine HOMOGENE Paste entsteht.<\/p><p>Halten Sie den Mischerkopf in das Silikon, um die Einlagerung von Luftblasen zu verhindern. <\/p>\t\t\t\t\t\t\t\t<\/div>\n\t\t\t\t<\/div>\n\t\t\t\t<div class=\"elementor-element elementor-element-dc63bb1 elementor-widget elementor-widget-heading\" data-id=\"dc63bb1\" data-element_type=\"widget\" data-e-type=\"widget\" data-widget_type=\"heading.default\">\n\t\t\t\t<div class=\"elementor-widget-container\">\n\t\t\t\t\t<h3 class=\"elementor-heading-title elementor-size-medium\">4. Gie\u00dfen Sie das Silikon<\/h3>\t\t\t\t<\/div>\n\t\t\t\t<\/div>\n\t\t\t\t<div class=\"elementor-element elementor-element-be8f6d9 elementor-widget elementor-widget-text-editor\" data-id=\"be8f6d9\" data-element_type=\"widget\" data-e-type=\"widget\" data-widget_type=\"text-editor.default\">\n\t\t\t\t<div class=\"elementor-widget-container\">\n\t\t\t\t\t\t\t\t\t<p data-pm-slice=\"1 1 []\">Zielen Sie auf den tiefsten Punkt und gie\u00dfen Sie das Silikon in einer d\u00fcnnen Ader.<\/p><p>Es ist m\u00f6glich, die erste Schicht direkt mit einem Pinsel aufzutragen und dann den Rest der Form zu f\u00fcllen.<\/p>\t\t\t\t\t\t\t\t<\/div>\n\t\t\t\t<\/div>\n\t\t\t\t<div class=\"elementor-element elementor-element-6027e80 elementor-widget elementor-widget-heading\" data-id=\"6027e80\" data-element_type=\"widget\" data-e-type=\"widget\" data-widget_type=\"heading.default\">\n\t\t\t\t<div class=\"elementor-widget-container\">\n\t\t\t\t\t<h3 class=\"elementor-heading-title elementor-size-medium\">5. Aush\u00e4rtung<\/h3>\t\t\t\t<\/div>\n\t\t\t\t<\/div>\n\t\t\t\t<div class=\"elementor-element elementor-element-1121be4 elementor-widget elementor-widget-text-editor\" data-id=\"1121be4\" data-element_type=\"widget\" data-e-type=\"widget\" data-widget_type=\"text-editor.default\">\n\t\t\t\t<div class=\"elementor-widget-container\">\n\t\t\t\t\t\t\t\t\t<p data-pm-slice=\"1 1 []\">Lassen Sie das Silikon bei Raumtemperatur aush\u00e4rten. Das Entformen kann am n\u00e4chsten Tag erfolgen.<\/p>\t\t\t\t\t\t\t\t<\/div>\n\t\t\t\t<\/div>\n\t\t\t\t<div class=\"elementor-element elementor-element-6bd80e2 elementor-widget elementor-widget-heading\" data-id=\"6bd80e2\" data-element_type=\"widget\" data-e-type=\"widget\" data-widget_type=\"heading.default\">\n\t\t\t\t<div class=\"elementor-widget-container\">\n\t\t\t\t\t<h3 class=\"elementor-heading-title elementor-size-medium\">6. Reinigung<\/h3>\t\t\t\t<\/div>\n\t\t\t\t<\/div>\n\t\t\t\t<div class=\"elementor-element elementor-element-c92c2e6 elementor-widget elementor-widget-text-editor\" data-id=\"c92c2e6\" data-element_type=\"widget\" data-e-type=\"widget\" data-widget_type=\"text-editor.default\">\n\t\t\t\t<div class=\"elementor-widget-container\">\n\t\t\t\t\t\t\t\t\t<p data-pm-slice=\"1 1 []\">Versuchen Sie nicht, fl\u00fcssiges Silikon zu reinigen; besser ist es, es von den Werkzeugen abzuziehen, sobald es trocken ist.<\/p>\t\t\t\t\t\t\t\t<\/div>\n\t\t\t\t<\/div>\n\t\t\t\t\t<\/div>\n\t\t\t\t<\/div>\n\t\t<div class=\"elementor-element elementor-element-89e9c99 e-flex e-con-boxed e-con e-parent\" data-id=\"89e9c99\" data-element_type=\"container\" data-e-type=\"container\" data-settings=\"{&quot;jet_parallax_layout_list&quot;:[],&quot;background_background&quot;:&quot;classic&quot;}\">\n\t\t\t\t\t<div class=\"e-con-inner\">\n\t\t\t\t<div class=\"elementor-element elementor-element-9bccddf elementor-widget elementor-widget-heading\" data-id=\"9bccddf\" data-element_type=\"widget\" data-e-type=\"widget\" data-widget_type=\"heading.default\">\n\t\t\t\t<div class=\"elementor-widget-container\">\n\t\t\t\t\t<h2 class=\"elementor-heading-title elementor-size-large\">Technische Eigenschaften<\/h2>\t\t\t\t<\/div>\n\t\t\t\t<\/div>\n\t\t\t\t<div class=\"elementor-element elementor-element-88d3dd3 elementor-widget elementor-widget-text-editor\" data-id=\"88d3dd3\" data-element_type=\"widget\" data-e-type=\"widget\" data-widget_type=\"text-editor.default\">\n\t\t\t\t<div class=\"elementor-widget-container\">\n\t\t\t\t\t\t\t\t\t<ul data-pm-slice=\"3 3 []\"><li><p>Mischverh\u00e4ltnis: 5% (z. B.: 100 g Silikon + 5 g Katalysator)<\/p><\/li><li><p>Farbe: red silicone rubber braun-rot<\/p><\/li><li><p>H\u00e4rte (Shore A): 60<\/p><\/li><li><p>Topfzeit bei 23\u00b0C: 90 Min.<\/p><\/li><li><p>Entnahme aus der Form: 24 Stunden<\/p><\/li><li><p>Dichte (g\/cm\u00b3): 1.44<\/p><\/li><li><p>Viskosit\u00e4t (mPa.s): 10000<\/p><\/li><li><p>Lineare Schrumpfung (%): &lt; 0.7<\/p><\/li><li><p>F\u00fcllstoff: enth\u00e4lt Eisenoxid<\/p><\/li><li><p>Haltbarkeit: 12 Monate in der Originalverpackung bei 5\u00b0C bis 25\u00b0C.<\/p><\/li><li><p>Verpackung: verkauft als Set (A+B): 200gr + 10gr\/ 1kg + 50gr\/ 5kg +200gr<\/p><\/li><\/ul>\t\t\t\t\t\t\t\t<\/div>\n\t\t\t\t<\/div>\n\t\t\t\t\t<\/div>\n\t\t\t\t<\/div>\n\t\t<div class=\"elementor-element elementor-element-b2b2cff e-flex e-con-boxed e-con e-parent\" data-id=\"b2b2cff\" data-element_type=\"container\" data-e-type=\"container\" data-settings=\"{&quot;jet_parallax_layout_list&quot;:[],&quot;background_background&quot;:&quot;classic&quot;}\">\n\t\t\t\t\t<div class=\"e-con-inner\">\n\t\t\t\t<div class=\"elementor-element elementor-element-8f9c7f1 elementor-widget elementor-widget-heading\" data-id=\"8f9c7f1\" data-element_type=\"widget\" data-e-type=\"widget\" data-widget_type=\"heading.default\">\n\t\t\t\t<div class=\"elementor-widget-container\">\n\t\t\t\t\t<h2 class=\"elementor-heading-title elementor-size-large\">Sicherheit<\/h2>\t\t\t\t<\/div>\n\t\t\t\t<\/div>\n\t\t\t\t<div class=\"elementor-element elementor-element-f5fd434 elementor-widget elementor-widget-text-editor\" data-id=\"f5fd434\" data-element_type=\"widget\" data-e-type=\"widget\" data-widget_type=\"text-editor.default\">\n\t\t\t\t<div class=\"elementor-widget-container\">\n\t\t\t\t\t\t\t\t\t<ul data-pm-slice=\"3 3 []\"><li><p>Handschuhe tragen und in einem bel\u00fcfteten Bereich arbeiten<\/p><\/li><li><p>Haut: mit Wasser und Seife waschen<\/p><\/li><li><p>Augen: gr\u00fcndlich aussp\u00fclen (Risiko schwerer Augenreizung)<\/p><\/li><\/ul>\t\t\t\t\t\t\t\t<\/div>\n\t\t\t\t<\/div>\n\t\t\t\t\t<\/div>\n\t\t\t\t<\/div>\n\t\t\t\t<\/div>\n\t\t","protected":false},"excerpt":{"rendered":"<p><span style=\"color: #ffffff;\">HT-Silikon wurde speziell f\u00fcr hohe Temperaturen entwickelt und erm\u00f6glicht das Gie\u00dfen von niedrigschmelzenden Metallen wie Zinn oder Blei.<\/span><\/p>\n","protected":false},"featured_media":25364,"template":"","meta":[],"product_brand":[],"product_cat":[1492,1000,1725],"product_tag":[900,899,1494,901,902,898],"class_list":{"0":"post-25363","1":"product","2":"type-product","3":"status-publish","4":"has-post-thumbnail","6":"product_cat-formsilikon","7":"product_cat-neuheiten","8":"product_cat-silikonpolykondensation","9":"product_tag-cast-de","10":"product_tag-gieten-de","11":"product_tag-hohe-temperatur","12":"product_tag-prototyp","13":"product_tag-siliconen-de","14":"product_tag-toon-de","16":"first","17":"instock","18":"taxable","19":"shipping-taxable","20":"purchasable","21":"product-type-variable","22":"has-default-attributes"},"_links":{"self":[{"href":"https:\/\/www.finres-sa.com\/de\/wp-json\/wp\/v2\/product\/25363","targetHints":{"allow":["GET"]}}],"collection":[{"href":"https:\/\/www.finres-sa.com\/de\/wp-json\/wp\/v2\/product"}],"about":[{"href":"https:\/\/www.finres-sa.com\/de\/wp-json\/wp\/v2\/types\/product"}],"version-history":[{"count":9,"href":"https:\/\/www.finres-sa.com\/de\/wp-json\/wp\/v2\/product\/25363\/revisions"}],"predecessor-version":[{"id":37893,"href":"https:\/\/www.finres-sa.com\/de\/wp-json\/wp\/v2\/product\/25363\/revisions\/37893"}],"wp:featuredmedia":[{"embeddable":true,"href":"https:\/\/www.finres-sa.com\/de\/wp-json\/wp\/v2\/media\/25364"}],"wp:attachment":[{"href":"https:\/\/www.finres-sa.com\/de\/wp-json\/wp\/v2\/media?parent=25363"}],"wp:term":[{"taxonomy":"product_brand","embeddable":true,"href":"https:\/\/www.finres-sa.com\/de\/wp-json\/wp\/v2\/product_brand?post=25363"},{"taxonomy":"product_cat","embeddable":true,"href":"https:\/\/www.finres-sa.com\/de\/wp-json\/wp\/v2\/product_cat?post=25363"},{"taxonomy":"product_tag","embeddable":true,"href":"https:\/\/www.finres-sa.com\/de\/wp-json\/wp\/v2\/product_tag?post=25363"}],"curies":[{"name":"wp","href":"https:\/\/api.w.org\/{rel}","templated":true}]}}