{"id":25372,"date":"2023-06-26T18:15:32","date_gmt":"2023-06-26T16:15:32","guid":{"rendered":"https:\/\/www.finres-sa.com\/product\/silikon-fuer-lebensmittel-100-bpa-frei-lebensmittelsicher-einfach-zu-verwenden\/"},"modified":"2026-03-16T16:45:17","modified_gmt":"2026-03-16T15:45:17","slug":"silikon-fuer-lebensmittel-100-bpa-frei-lebensmittelsicher-einfach-zu-verwenden","status":"publish","type":"product","link":"https:\/\/www.finres-sa.com\/de\/produkt\/silikon-fuer-lebensmittel-100-bpa-frei-lebensmittelsicher-einfach-zu-verwenden\/","title":{"rendered":"LEBENSMITTELECHTES FORMSILIKON \u2013 Weiche Form, Lebensmittelecht, Einfach zu verwenden"},"content":{"rendered":"\t\t<div data-elementor-type=\"product-post\" data-elementor-id=\"25372\" class=\"elementor elementor-25372 elementor-5584\" data-elementor-post-type=\"product\">\n\t\t\t\t<div class=\"elementor-element elementor-element-496abfd2 e-flex e-con-boxed e-con e-parent\" data-id=\"496abfd2\" data-element_type=\"container\" data-e-type=\"container\" data-settings=\"{&quot;jet_parallax_layout_list&quot;:[]}\">\n\t\t\t\t\t<div class=\"e-con-inner\">\n\t\t\t\t<div class=\"elementor-element elementor-element-4a6b9b0 elementor-widget elementor-widget-text-editor\" data-id=\"4a6b9b0\" data-element_type=\"widget\" data-e-type=\"widget\" data-widget_type=\"text-editor.default\">\n\t\t\t\t<div class=\"elementor-widget-container\">\n\t\t\t\t\t\t\t\t\t<p><span style=\"color: #233c76;\">Silicone Food ist ein zweikomponentiges Formsilikon, das sich ideal zur Herstellung flexibler und f\u00fcr den direkten Lebensmittelkontakt geeigneter Formen eignet.<\/span><\/p><p><span style=\"color: #233c76;\">Dieses lebensmittelechte Silikon bietet eine pr\u00e4zise Detailwiedergabe, ist hitzebest\u00e4ndig und verformt sich nicht.<\/span><\/p><p><span style=\"color: #233c76;\">Das Silikon ist mit verschiedenen Lebensmitteln wie Schokolade, Zuckerpaste, Karamell, Isomalt, Gelatine oder anderen Backwaren kompatibel.<\/span><\/p><p><span style=\"color: #233c76;\">CE 1935\/2004 zertifiziert, ist Silicone Food perfekt f\u00fcr den professionellen Einsatz im Lebensmittelbereich geeignet und wird von Konditoren, Chocolatiers, Handwerkern oder Herstellern von ma\u00dfgeschneiderten Formen w\u00e4rmstens empfohlen.<\/span><\/p><p> <\/p><p><span style=\"color: #233c76;\">Von Profis gesch\u00e4tzt, begeistert dieses Formsilikon sowohl kreative als auch leidenschaftliche K\u00f6pfe auf der Suche nach personalisierten Formen.<\/span><\/p><p><span style=\"color: #233c76;\">F\u00fcr einen Geburtstag, Halloween, eine Mottoparty oder eine Hochzeit erm\u00f6glicht Ihnen Silicone Food die Herstellung von Kreationen, die ebenso originell wie lecker sind.<\/span><\/p><p><span style=\"color: #233c76;\">Einfach zu handhaben und langlebig, verwandelt Silicone Food jedes Ereignis in einen einzigartigen und unvergesslichen Moment.<\/span><\/p>\t\t\t\t\t\t\t\t<\/div>\n\t\t\t\t<\/div>\n\t\t\t\t\t<\/div>\n\t\t\t\t<\/div>\n\t\t<div class=\"elementor-element elementor-element-a499348 e-flex e-con-boxed e-con e-parent\" data-id=\"a499348\" data-element_type=\"container\" data-e-type=\"container\" data-settings=\"{&quot;jet_parallax_layout_list&quot;:[],&quot;background_background&quot;:&quot;classic&quot;}\">\n\t\t\t\t\t<div class=\"e-con-inner\">\n\t\t<div class=\"elementor-element elementor-element-7a8dde5 e-grid e-con-boxed e-con e-child\" data-id=\"7a8dde5\" data-element_type=\"container\" data-e-type=\"container\" data-settings=\"{&quot;jet_parallax_layout_list&quot;:[]}\">\n\t\t\t\t\t<div class=\"e-con-inner\">\n\t\t\t\t<div class=\"elementor-element elementor-element-af3db0e elementor-widget elementor-widget-heading\" data-id=\"af3db0e\" data-element_type=\"widget\" data-e-type=\"widget\" data-widget_type=\"heading.default\">\n\t\t\t\t<div class=\"elementor-widget-container\">\n\t\t\t\t\t<h2 class=\"elementor-heading-title elementor-size-xl\">Merkmale<\/h2>\t\t\t\t<\/div>\n\t\t\t\t<\/div>\n\t\t\t\t<div class=\"elementor-element elementor-element-b4237ac elementor-widget elementor-widget-heading\" data-id=\"b4237ac\" data-element_type=\"widget\" data-e-type=\"widget\" data-widget_type=\"heading.default\">\n\t\t\t\t<div class=\"elementor-widget-container\">\n\t\t\t\t\t<h2 class=\"elementor-heading-title elementor-size-xl\">Vorteile<\/h2>\t\t\t\t<\/div>\n\t\t\t\t<\/div>\n\t\t\t\t\t<\/div>\n\t\t\t\t<\/div>\n\t\t<div class=\"elementor-element elementor-element-c256c3b e-grid e-con-boxed e-con e-child\" data-id=\"c256c3b\" data-element_type=\"container\" data-e-type=\"container\" data-settings=\"{&quot;jet_parallax_layout_list&quot;:[]}\">\n\t\t\t\t\t<div class=\"e-con-inner\">\n\t\t\t\t<div class=\"elementor-element elementor-element-55d3be4 elementor-widget elementor-widget-text-editor\" data-id=\"55d3be4\" data-element_type=\"widget\" data-e-type=\"widget\" data-widget_type=\"text-editor.default\">\n\t\t\t\t<div class=\"elementor-widget-container\">\n\t\t\t\t\t\t\t\t\t<p>Mischungsverh\u00e4ltnis nach Gewicht: 10:1 (z.B.: 100 g Silikon + 10 g Katalysator)<\/p><p>Farbe: Wei\u00df<\/p><p>H\u00e4rte (Shore A): 30<\/p><p>Topfzeit bei 23\u00b0C: 60 Min.<\/p><p>Entformung: 4 Stunden<\/p><p>Dichte (g\/cm\u00b3): 1,27<\/p><p>Viskosit\u00e4t (mPa.s): 15.000<\/p><p>Lineare Schrumpfung (%): 0,08<\/p><p>Kompatibilit\u00e4t: vorab testen<\/p><p>Lagerung: 6 Monate in der Originalverpackung zwischen 5\u00b0C und 25\u00b0C.<\/p><p>Verpackung: als Kit (A+B) erh\u00e4ltlich: 220 g \/ 1,1 kg \/ 5,5 kg<\/p>\t\t\t\t\t\t\t\t<\/div>\n\t\t\t\t<\/div>\n\t\t\t\t<div class=\"elementor-element elementor-element-2209316 elementor-widget elementor-widget-text-editor\" data-id=\"2209316\" data-element_type=\"widget\" data-e-type=\"widget\" data-widget_type=\"text-editor.default\">\n\t\t\t\t<div class=\"elementor-widget-container\">\n\t\t\t\t\t\t\t\t\t<p>\ud83c\udf7d\ufe0f Konformit\u00e4t mit europ\u00e4ischen Lebensmittelstandards<\/p><p>\ud83c\udf21\ufe0f Temperaturbest\u00e4ndigkeit<\/p><p>\ud83c\udfaf Hohe Pr\u00e4zision<\/p><p>\u23f3 Langlebigkeit<\/p><p>\ud83d\udca7 Gute Flie\u00dff\u00e4higkeit<\/p><p>\u23f1 Anpassbare Topfzeit<\/p>\t\t\t\t\t\t\t\t<\/div>\n\t\t\t\t<\/div>\n\t\t\t\t\t<\/div>\n\t\t\t\t<\/div>\n\t\t\t\t\t<\/div>\n\t\t\t\t<\/div>\n\t\t<div class=\"elementor-element elementor-element-c0d0e4d e-flex e-con-boxed e-con e-parent\" data-id=\"c0d0e4d\" data-element_type=\"container\" data-e-type=\"container\" data-settings=\"{&quot;jet_parallax_layout_list&quot;:[],&quot;background_background&quot;:&quot;classic&quot;}\">\n\t\t\t\t\t<div class=\"e-con-inner\">\n\t\t\t\t<div class=\"elementor-element elementor-element-9fa2b3a elementor-widget elementor-widget-heading\" data-id=\"9fa2b3a\" data-element_type=\"widget\" data-e-type=\"widget\" data-widget_type=\"heading.default\">\n\t\t\t\t<div class=\"elementor-widget-container\">\n\t\t\t\t\t<h2 class=\"elementor-heading-title elementor-size-xl\">Umsetzung<\/h2>\t\t\t\t<\/div>\n\t\t\t\t<\/div>\n\t\t\t\t<div class=\"elementor-element elementor-element-7c53e44 elementor-widget elementor-widget-text-editor\" data-id=\"7c53e44\" data-element_type=\"widget\" data-e-type=\"widget\" data-widget_type=\"text-editor.default\">\n\t\t\t\t<div class=\"elementor-widget-container\">\n\t\t\t\t\t\t\t\t\t<p><strong>1. Vorbereitung der Oberfl\u00e4che<\/strong><\/p><p>\u00dcberpr\u00fcfen Sie die Kompatibilit\u00e4t mit dem Modelltr\u00e4ger und versiegeln Sie die Oberfl\u00e4che, wenn sie saugf\u00e4hig ist oder eine nat\u00fcrliche Porosit\u00e4t aufweist. <\/p><p><strong>2. Schalung<\/strong><\/p><p>Befestigen Sie das Objekt an der Basis, um ein Verrutschen w\u00e4hrend des Bef\u00fcllens zu verhindern. Bauen Sie eine Verschalung um das Objekt, wobei Sie eine Dicke von 3 bis 8 mm lassen, um das Silikon aufzunehmen. Stellen Sie eine perfekte Abdichtung sicher, um jegliches Missgeschick zu vermeiden.  <\/p><p><strong>3. Verh\u00e4ltnis &amp; Mischung  <\/strong><\/p><p>In einem sauberen und trockenen Beh\u00e4lter wiegen Sie das Silikon ab und f\u00fcgen Sie 10 % Katalysator hinzu (Bsp.: 100 g Silikon + 10 g Katalysator).<\/p><p>Langsam mit einem Spatel oder einem Mischer bei niedriger Geschwindigkeit (300 bis 500 U\/min) f\u00fcr 2 bis 3 Min. mischen, bis eine HOMOGENE Masse entsteht; achten Sie darauf, den Kopf untergetaucht zu halten, um die Bildung von Luftblasen zu begrenzen. <\/p><p><strong>4. Gie\u00dfen Sie das Silikon<\/strong><\/p><p>Zielen Sie auf den tiefsten Punkt und gie\u00dfen Sie das Silikon in einer d\u00fcnnen Ader.<\/p><p><strong>5. Aush\u00e4rtung<\/strong><\/p><p>Lassen Sie das Silikon bei Raumtemperatur aush\u00e4rten.<\/p><p>Es wird empfohlen, am n\u00e4chsten Tag zu entformen.<\/p><p><strong>6. Reinigung<\/strong><\/p><p>Versuchen Sie nicht, fl\u00fcssiges Silikon zu reinigen; es ist besser, es von den Instrumenten zu entfernen, wenn es trocken ist.<\/p><p><strong>! Achtung !<\/strong><\/p><p>Platin-Silikone d\u00fcrfen nicht mit den unten genannten Komponenten in Kontakt kommen, da die Polymerisation des Kautschuks durch deren Anwesenheit gehemmt werden kann und eine klebrige Oberfl\u00e4che hinterlassen kann:<\/p><p>Stickstoff-, Schwefel-, Phosphor- und Arsenverbindungen, organozinnhaltige Katalysatoren und PVC-Stabilisatoren, Epoxidharzkatalysatoren, Modelliermassen, schwefelvulkanisierte Kautschuke, Kondensationssilikonkautschuke, Zwiebel und Knoblauch.<\/p><p>-&gt; Im Zweifelsfall einen Test durchf\u00fchren oder die zu reproduzierende Oberfl\u00e4che mit einem Primer oder einer wasserdichten L\u00f6sung isolieren.<\/p>\t\t\t\t\t\t\t\t<\/div>\n\t\t\t\t<\/div>\n\t\t\t\t\t<\/div>\n\t\t\t\t<\/div>\n\t\t\t\t<\/div>\n\t\t","protected":false},"excerpt":{"rendered":"<p><span style=\"color: #ffffff;\">Zweikomponenten-Silikonkautschuk f\u00fcr Lebensmittelabformungen, ideal zur Herstellung weicher Formen, 100 % sicher und konform mit den CE-Normen f\u00fcr den Lebensmittelkontakt.<\/span><\/p>\n","protected":false},"featured_media":25373,"template":"","meta":[],"product_brand":[],"product_cat":[1492,1000,1720],"product_tag":[900,899,1497,901,902,898],"class_list":{"0":"post-25372","1":"product","2":"type-product","3":"status-publish","4":"has-post-thumbnail","6":"product_cat-formsilikon","7":"product_cat-neuheiten","8":"product_cat-platin-additionsvernetzendes-silikon","9":"product_tag-cast-de","10":"product_tag-gieten-de","11":"product_tag-lebensmittel","12":"product_tag-prototyp","13":"product_tag-siliconen-de","14":"product_tag-toon-de","16":"first","17":"instock","18":"taxable","19":"shipping-taxable","20":"purchasable","21":"product-type-variable"},"_links":{"self":[{"href":"https:\/\/www.finres-sa.com\/de\/wp-json\/wp\/v2\/product\/25372","targetHints":{"allow":["GET"]}}],"collection":[{"href":"https:\/\/www.finres-sa.com\/de\/wp-json\/wp\/v2\/product"}],"about":[{"href":"https:\/\/www.finres-sa.com\/de\/wp-json\/wp\/v2\/types\/product"}],"version-history":[{"count":1,"href":"https:\/\/www.finres-sa.com\/de\/wp-json\/wp\/v2\/product\/25372\/revisions"}],"predecessor-version":[{"id":36369,"href":"https:\/\/www.finres-sa.com\/de\/wp-json\/wp\/v2\/product\/25372\/revisions\/36369"}],"wp:featuredmedia":[{"embeddable":true,"href":"https:\/\/www.finres-sa.com\/de\/wp-json\/wp\/v2\/media\/25373"}],"wp:attachment":[{"href":"https:\/\/www.finres-sa.com\/de\/wp-json\/wp\/v2\/media?parent=25372"}],"wp:term":[{"taxonomy":"product_brand","embeddable":true,"href":"https:\/\/www.finres-sa.com\/de\/wp-json\/wp\/v2\/product_brand?post=25372"},{"taxonomy":"product_cat","embeddable":true,"href":"https:\/\/www.finres-sa.com\/de\/wp-json\/wp\/v2\/product_cat?post=25372"},{"taxonomy":"product_tag","embeddable":true,"href":"https:\/\/www.finres-sa.com\/de\/wp-json\/wp\/v2\/product_tag?post=25372"}],"curies":[{"name":"wp","href":"https:\/\/api.w.org\/{rel}","templated":true}]}}