{"id":25402,"date":"2023-06-26T18:15:31","date_gmt":"2023-06-26T16:15:31","guid":{"rendered":"https:\/\/www.finres-sa.com\/product\/schleifendes-giesssilikon-mm-903-rtv-2-komponenten-professionelles-giessen\/"},"modified":"2026-03-03T10:49:48","modified_gmt":"2026-03-03T09:49:48","slug":"schleifendes-giesssilikon-mm-903-rtv-2-komponenten-professionelles-giessen","status":"publish","type":"product","link":"https:\/\/www.finres-sa.com\/de\/produkt\/schleifendes-giesssilikon-mm-903-rtv-2-komponenten-professionelles-giessen\/","title":{"rendered":"SCHLEIFENDES GIE\u00dfSILIKON MM 903 &#8211; RTV 2 Komponenten &#8211; Professionelles Gie\u00dfen"},"content":{"rendered":"\t\t<div data-elementor-type=\"product-post\" data-elementor-id=\"25402\" class=\"elementor elementor-25402 elementor-5579\" data-elementor-post-type=\"product\">\n\t\t\t\t<div class=\"elementor-element elementor-element-3b792ff3 e-flex e-con-boxed e-con e-parent\" data-id=\"3b792ff3\" data-element_type=\"container\" data-e-type=\"container\" data-settings=\"{&quot;jet_parallax_layout_list&quot;:[]}\">\n\t\t\t\t\t<div class=\"e-con-inner\">\n\t\t\t\t<div class=\"elementor-element elementor-element-7f8ce560 elementor-widget elementor-widget-text-editor\" data-id=\"7f8ce560\" data-element_type=\"widget\" data-e-type=\"widget\" data-widget_type=\"text-editor.default\">\n\t\t\t\t<div class=\"elementor-widget-container\">\n\t\t\t\t\t\t\t\t\t<p><span style=\"color: #233c76;\">Polykondensiertes Gie\u00dfsilikon.<\/span><br><span style=\"color: #233c76;\">Polykondensationsformsilikon der neuen Generation.<\/span><br><span style=\"color: #233c76;\">Au\u00dfergew\u00f6hnliche Rei\u00dffestigkeit, blauer Katalysator (Mischungskontrolle). H\u00e4rte 3 shore A, kann aber mit MM922 gemischt werden, um die H\u00e4rte zu erh\u00f6hen. <\/span><br><span style=\"color: #233c76;\">Herstellung von Formen mit starken Hinterschneidungen, sehr d\u00fcnn oder zerbrechlich<\/span><br><span style=\"color: #233c76;\">Mittlere Dimensionsstabilit\u00e4t und vernetzt bei Raumtemperatur innerhalb von 24 Stunden.<\/span><br><span style=\"color: #233c76;\">Dieses wei\u00dfe Silikon ist sehr abrieb- und rei\u00dffest und eignet sich hervorragend f\u00fcr die Herstellung von kleinen Formen und zum &#8220;Gie\u00dfen&#8221; von Teilen in kleinen Serien.<\/span><\/p>\t\t\t\t\t\t\t\t<\/div>\n\t\t\t\t<\/div>\n\t\t\t\t\t<\/div>\n\t\t\t\t<\/div>\n\t\t<div class=\"elementor-element elementor-element-ffa069c e-flex e-con-boxed e-con e-parent\" data-id=\"ffa069c\" data-element_type=\"container\" data-e-type=\"container\" data-settings=\"{&quot;jet_parallax_layout_list&quot;:[],&quot;background_background&quot;:&quot;classic&quot;}\">\n\t\t\t\t\t<div class=\"e-con-inner\">\n\t\t<div class=\"elementor-element elementor-element-aeb7db7 e-grid e-con-boxed e-con e-child\" data-id=\"aeb7db7\" data-element_type=\"container\" data-e-type=\"container\" data-settings=\"{&quot;jet_parallax_layout_list&quot;:[]}\">\n\t\t\t\t\t<div class=\"e-con-inner\">\n\t\t\t\t<div class=\"elementor-element elementor-element-d2f6af0 elementor-widget elementor-widget-heading\" data-id=\"d2f6af0\" data-element_type=\"widget\" data-e-type=\"widget\" data-widget_type=\"heading.default\">\n\t\t\t\t<div class=\"elementor-widget-container\">\n\t\t\t\t\t<h2 class=\"elementor-heading-title elementor-size-xl\">Merkmale<\/h2>\t\t\t\t<\/div>\n\t\t\t\t<\/div>\n\t\t\t\t<div class=\"elementor-element elementor-element-eceff92 elementor-widget elementor-widget-heading\" data-id=\"eceff92\" data-element_type=\"widget\" data-e-type=\"widget\" data-widget_type=\"heading.default\">\n\t\t\t\t<div class=\"elementor-widget-container\">\n\t\t\t\t\t<h2 class=\"elementor-heading-title elementor-size-xl\">Anwendung<\/h2>\t\t\t\t<\/div>\n\t\t\t\t<\/div>\n\t\t\t\t\t<\/div>\n\t\t\t\t<\/div>\n\t\t<div class=\"elementor-element elementor-element-2c17342 e-grid e-con-boxed e-con e-child\" data-id=\"2c17342\" data-element_type=\"container\" data-e-type=\"container\" data-settings=\"{&quot;jet_parallax_layout_list&quot;:[]}\">\n\t\t\t\t\t<div class=\"e-con-inner\">\n\t\t\t\t<div class=\"elementor-element elementor-element-47bed90 elementor-widget elementor-widget-text-editor\" data-id=\"47bed90\" data-element_type=\"widget\" data-e-type=\"widget\" data-widget_type=\"text-editor.default\">\n\t\t\t\t<div class=\"elementor-widget-container\">\n\t\t\t\t\t\t\t\t\t<p>Mischungsverh\u00e4ltnis: 5% (z.B.: 100g Base + 5g Catalyst)<\/p><p>Entnahme aus der Form: mindestens 24 Stunden (ideal &gt; 72 Stunden)<\/p><p>H\u00e4rte 3 Shore A<\/p><p>Relative Dichte bei 25\u00b0c: 1,21<\/p><p>Lineare Schrumpfung %: 0,5<\/p><p>500% Dehnung<\/p><p>Spitzentemperatur \u00b0c: 180<\/p><p>Farbe: wei\u00df<\/p><p>Lagerung: Minimum 5\u00b0 &#8211; Maximum 32\u00b0c<\/p><p>Haltbarkeit: 6 Monate in geschlossenen Verpackungen<\/p>\t\t\t\t\t\t\t\t<\/div>\n\t\t\t\t<\/div>\n\t\t\t\t<div class=\"elementor-element elementor-element-da33f16 elementor-widget elementor-widget-text-editor\" data-id=\"da33f16\" data-element_type=\"widget\" data-e-type=\"widget\" data-widget_type=\"text-editor.default\">\n\t\t\t\t<div class=\"elementor-widget-container\">\n\t\t\t\t\t\t\t\t\t<p>Kleine Formen<\/p><p>Gie\u00dfen von Kleinserien<\/p><p>Dekoration<\/p><p>K\u00fcnstlerisch<\/p>\t\t\t\t\t\t\t\t<\/div>\n\t\t\t\t<\/div>\n\t\t\t\t\t<\/div>\n\t\t\t\t<\/div>\n\t\t\t\t\t<\/div>\n\t\t\t\t<\/div>\n\t\t\t\t<\/div>\n\t\t","protected":false},"excerpt":{"rendered":"<p>Polykondensations-Formsilikon der neuen Generation.<\/p>\n<p>Au\u00dfergew\u00f6hnliche Rei\u00dffestigkeit, blauer Katalysator (Mischungskontrolle).<br \/>\nErstellen von Formen mit starken Hinterschneidungen, sehr d\u00fcnn oder zerbrechlich.<\/p>\n","protected":false},"featured_media":14385,"template":"","meta":[],"product_brand":[],"product_cat":[1492,1725,1807],"product_tag":[900,897,899,903,971,901,902,898],"class_list":{"0":"post-25402","1":"product","2":"type-product","3":"status-publish","4":"has-post-thumbnail","6":"product_cat-formsilikon","7":"product_cat-silikonpolykondensation","8":"product_cat-sonderangebote","9":"product_tag-cast-de","10":"product_tag-decoratie-de","11":"product_tag-gieten-de","12":"product_tag-kunst-de","13":"product_tag-on-sale-de","14":"product_tag-prototyp","15":"product_tag-siliconen-de","16":"product_tag-toon-de","18":"first","19":"instock","20":"sale","21":"taxable","22":"shipping-taxable","23":"purchasable","24":"product-type-variable"},"_links":{"self":[{"href":"https:\/\/www.finres-sa.com\/de\/wp-json\/wp\/v2\/product\/25402","targetHints":{"allow":["GET"]}}],"collection":[{"href":"https:\/\/www.finres-sa.com\/de\/wp-json\/wp\/v2\/product"}],"about":[{"href":"https:\/\/www.finres-sa.com\/de\/wp-json\/wp\/v2\/types\/product"}],"version-history":[{"count":1,"href":"https:\/\/www.finres-sa.com\/de\/wp-json\/wp\/v2\/product\/25402\/revisions"}],"predecessor-version":[{"id":34651,"href":"https:\/\/www.finres-sa.com\/de\/wp-json\/wp\/v2\/product\/25402\/revisions\/34651"}],"wp:featuredmedia":[{"embeddable":true,"href":"https:\/\/www.finres-sa.com\/de\/wp-json\/wp\/v2\/media\/14385"}],"wp:attachment":[{"href":"https:\/\/www.finres-sa.com\/de\/wp-json\/wp\/v2\/media?parent=25402"}],"wp:term":[{"taxonomy":"product_brand","embeddable":true,"href":"https:\/\/www.finres-sa.com\/de\/wp-json\/wp\/v2\/product_brand?post=25402"},{"taxonomy":"product_cat","embeddable":true,"href":"https:\/\/www.finres-sa.com\/de\/wp-json\/wp\/v2\/product_cat?post=25402"},{"taxonomy":"product_tag","embeddable":true,"href":"https:\/\/www.finres-sa.com\/de\/wp-json\/wp\/v2\/product_tag?post=25402"}],"curies":[{"name":"wp","href":"https:\/\/api.w.org\/{rel}","templated":true}]}}