{"id":25970,"date":"2025-05-12T09:08:09","date_gmt":"2025-05-12T07:08:09","guid":{"rendered":"https:\/\/www.finres-sa.com\/product\/metallic-pulver-pale-gold-25gr\/"},"modified":"2026-04-01T15:58:05","modified_gmt":"2026-04-01T13:58:05","slug":"metallic-pulver-pale-gold-25gr","status":"publish","type":"product","link":"https:\/\/www.finres-sa.com\/de\/produkt\/metallic-pulver-pale-gold-25gr\/","title":{"rendered":"METALLIC-PUDER Rich Gold Ultrafein 20gr \u2013 Premium Metallic-Effekt"},"content":{"rendered":"\t\t<div data-elementor-type=\"product-post\" data-elementor-id=\"25970\" class=\"elementor elementor-25970 elementor-25960\" data-elementor-post-type=\"product\">\n\t\t\t\t<div class=\"elementor-element elementor-element-cc9cd11 e-flex e-con-boxed e-con e-parent\" data-id=\"cc9cd11\" data-element_type=\"container\" data-e-type=\"container\" data-settings=\"{&quot;jet_parallax_layout_list&quot;:[]}\">\n\t\t\t\t\t<div class=\"e-con-inner\">\n\t\t\t\t<div class=\"elementor-element elementor-element-1a16d8d elementor-widget elementor-widget-text-editor\" data-id=\"1a16d8d\" data-element_type=\"widget\" data-e-type=\"widget\" data-widget_type=\"text-editor.default\">\n\t\t\t\t<div class=\"elementor-widget-container\">\n\t\t\t\t\t\t\t\t\t<p><span style=\"color: #233c76;\">Metallpulver ist ein ultrafeiner dekorativer F\u00fcllstoff, der aus hochreinen Metallpigmenten hergestellt wird. Es kann perfekt in Epoxidharze, Polyurethane, Klarlacke oder Acrylbindemittel wie Jesmonite eingearbeitet werden. Auf Oberfl\u00e4chen wie Epoxydharz, Jesmonite, Holz, Kunststoff oder Verbundwerkstoffen aufgetragen, veredelt es den Untergrund mit einer hochwertigen und dauerhaften Optik.  <\/span><\/p><p><span style=\"color: #233c76;\">Metallpulver ist ideal f\u00fcr k\u00fcnstlerische, industrielle oder dekorative Anwendungen und kann auf eine Vielzahl von Untergr\u00fcnden aufgetragen werden: Holz, Kunststoff, Metall, Verbundwerkstoffe oder auch Polymerbeton. Es ist mit transparenten Matrizen wie Reslin kompatibel und garantiert ein gleichm\u00e4\u00dfiges und dauerhaftes Ergebnis. <\/span><\/p>\t\t\t\t\t\t\t\t<\/div>\n\t\t\t\t<\/div>\n\t\t\t\t\t<\/div>\n\t\t\t\t<\/div>\n\t\t<div class=\"elementor-element elementor-element-a4fe0bf e-flex e-con-boxed e-con e-parent\" data-id=\"a4fe0bf\" data-element_type=\"container\" data-e-type=\"container\" data-settings=\"{&quot;jet_parallax_layout_list&quot;:[],&quot;background_background&quot;:&quot;classic&quot;}\">\n\t\t\t\t\t<div class=\"e-con-inner\">\n\t\t\t\t<div class=\"elementor-element elementor-element-866a1b0 elementor-widget elementor-widget-heading\" data-id=\"866a1b0\" data-element_type=\"widget\" data-e-type=\"widget\" data-widget_type=\"heading.default\">\n\t\t\t\t<div class=\"elementor-widget-container\">\n\t\t\t\t\t<h2 class=\"elementor-heading-title elementor-size-xl\">Produktvorteile<\/h2>\t\t\t\t<\/div>\n\t\t\t\t<\/div>\n\t\t\t\t<div class=\"elementor-element elementor-element-71e976a elementor-widget elementor-widget-text-editor\" data-id=\"71e976a\" data-element_type=\"widget\" data-e-type=\"widget\" data-widget_type=\"text-editor.default\">\n\t\t\t\t<div class=\"elementor-widget-container\">\n\t\t\t\t\t\t\t\t\t<p>\ud83c\udf1f Hochwertiger Metallic-Effekt<\/p><p>\u267b\ufe0f Polyvalent<\/p><p>\ud83d\udcb0 Wirtschaftliche Dosierung<\/p><p>\u2600\ufe0f UV-Best\u00e4ndigkeit und Verblassen<\/p><p>\ud83d\udc4c Einfach zu verwenden<\/p>\t\t\t\t\t\t\t\t<\/div>\n\t\t\t\t<\/div>\n\t\t\t\t\t<\/div>\n\t\t\t\t<\/div>\n\t\t<div class=\"elementor-element elementor-element-5a78961 e-flex e-con-boxed e-con e-parent\" data-id=\"5a78961\" data-element_type=\"container\" data-e-type=\"container\" data-settings=\"{&quot;jet_parallax_layout_list&quot;:[],&quot;background_background&quot;:&quot;classic&quot;}\">\n\t\t\t\t\t<div class=\"e-con-inner\">\n\t\t\t\t<div class=\"elementor-element elementor-element-ab5853a elementor-widget elementor-widget-heading\" data-id=\"ab5853a\" data-element_type=\"widget\" data-e-type=\"widget\" data-widget_type=\"heading.default\">\n\t\t\t\t<div class=\"elementor-widget-container\">\n\t\t\t\t\t<h2 class=\"elementor-heading-title elementor-size-xl\">Anwendung und Verarbeitung<\/h2>\t\t\t\t<\/div>\n\t\t\t\t<\/div>\n\t\t\t\t<div class=\"elementor-element elementor-element-dd9b845 elementor-widget elementor-widget-text-editor\" data-id=\"dd9b845\" data-element_type=\"widget\" data-e-type=\"widget\" data-widget_type=\"text-editor.default\">\n\t\t\t\t<div class=\"elementor-widget-container\">\n\t\t\t\t\t\t\t\t\t<p><strong>1. Vorbereitung des Untergrunds<\/strong><\/p><p>Stellen Sie sicher, dass die Oberfl\u00e4che sauber, trocken und fettfrei ist.<\/p><p><strong>2. Aufnahme <\/strong><\/p><p>In einem transparenten Harz: Mischen Sie das Pulver direkt in das Harz, bis eine homogene Dispersion entsteht.<\/p><p>Als Oberfl\u00e4chenapplikation: Streuen Sie das Puder auf eine noch klebrige oder halbtrockene Oberfl\u00e4che, um einen Patina-, Metallic- oder Iris-Effekt zu erzielen.<\/p><p><strong>3. Schutz <\/strong><\/p><p>Nach dem vollst\u00e4ndigen Trocknen wird empfohlen, einen Schutzlack oder ein Deckharz aufzutragen, um eine ausgezeichnete Haltbarkeit zu gew\u00e4hrleisten.<\/p>\t\t\t\t\t\t\t\t<\/div>\n\t\t\t\t<\/div>\n\t\t\t\t\t<\/div>\n\t\t\t\t<\/div>\n\t\t\t\t<\/div>\n\t\t","protected":false},"excerpt":{"rendered":"<p><span style=\"color: #ffffff;\">Hochwertiges Metallpulver zur Erzeugung eines professionellen, gl\u00e4nzenden Metallic-Effekts auf Ihren Epoxidharz-Kreationen, Reslin, Jesmonite, dekorativen Farben und transparenten Gelen. Kompatibel mit Gie\u00dfharzen und Lacken. <\/span><\/p>\n","protected":false},"featured_media":35350,"template":"","meta":[],"product_brand":[],"product_cat":[919,1628,1000,1627,921,1773],"product_tag":[],"class_list":{"0":"post-25970","1":"product","2":"type-product","3":"status-publish","4":"has-post-thumbnail","6":"product_cat-jesmonite-de","7":"product_cat-naturliche-pigmente","8":"product_cat-neuheiten","9":"product_cat-pigmente-und-fullstoffe","10":"product_cat-pigmenten-und-zusatzstoffen","11":"product_cat-reslin-de","13":"first","14":"instock","15":"taxable","16":"shipping-taxable","17":"purchasable","18":"product-type-simple"},"_links":{"self":[{"href":"https:\/\/www.finres-sa.com\/de\/wp-json\/wp\/v2\/product\/25970","targetHints":{"allow":["GET"]}}],"collection":[{"href":"https:\/\/www.finres-sa.com\/de\/wp-json\/wp\/v2\/product"}],"about":[{"href":"https:\/\/www.finres-sa.com\/de\/wp-json\/wp\/v2\/types\/product"}],"version-history":[{"count":5,"href":"https:\/\/www.finres-sa.com\/de\/wp-json\/wp\/v2\/product\/25970\/revisions"}],"predecessor-version":[{"id":37131,"href":"https:\/\/www.finres-sa.com\/de\/wp-json\/wp\/v2\/product\/25970\/revisions\/37131"}],"wp:featuredmedia":[{"embeddable":true,"href":"https:\/\/www.finres-sa.com\/de\/wp-json\/wp\/v2\/media\/35350"}],"wp:attachment":[{"href":"https:\/\/www.finres-sa.com\/de\/wp-json\/wp\/v2\/media?parent=25970"}],"wp:term":[{"taxonomy":"product_brand","embeddable":true,"href":"https:\/\/www.finres-sa.com\/de\/wp-json\/wp\/v2\/product_brand?post=25970"},{"taxonomy":"product_cat","embeddable":true,"href":"https:\/\/www.finres-sa.com\/de\/wp-json\/wp\/v2\/product_cat?post=25970"},{"taxonomy":"product_tag","embeddable":true,"href":"https:\/\/www.finres-sa.com\/de\/wp-json\/wp\/v2\/product_tag?post=25970"}],"curies":[{"name":"wp","href":"https:\/\/api.w.org\/{rel}","templated":true}]}}