{"id":25973,"date":"2025-05-12T09:12:02","date_gmt":"2025-05-12T07:12:02","guid":{"rendered":"https:\/\/www.finres-sa.com\/?post_type=product&#038;p=25973"},"modified":"2026-02-13T13:14:01","modified_gmt":"2026-02-13T12:14:01","slug":"metallic-pulver-pale-gold-25gr-copie","status":"publish","type":"product","link":"https:\/\/www.finres-sa.com\/de\/produkt\/metallic-pulver-pale-gold-25gr-copie\/","title":{"rendered":"METALLPULVER Silber Ultrafein 8g \u2013 Hochwertiger Metalleffekt"},"content":{"rendered":"\t\t<div data-elementor-type=\"product-post\" data-elementor-id=\"25973\" class=\"elementor elementor-25973 elementor-25971\" data-elementor-post-type=\"product\">\n\t\t\t\t<div class=\"elementor-element elementor-element-35baaef e-flex e-con-boxed e-con e-parent\" data-id=\"35baaef\" data-element_type=\"container\" data-e-type=\"container\" data-settings=\"{&quot;jet_parallax_layout_list&quot;:[]}\">\n\t\t\t\t\t<div class=\"e-con-inner\">\n\t\t\t\t<div class=\"elementor-element elementor-element-248a313 elementor-widget elementor-widget-text-editor\" data-id=\"248a313\" data-element_type=\"widget\" data-e-type=\"widget\" data-widget_type=\"text-editor.default\">\n\t\t\t\t<div class=\"elementor-widget-container\">\n\t\t\t\t\t\t\t\t\t<p><span style=\"color: #233c76;\">Metallpulver ist ein ultrafeiner dekorativer F\u00fcllstoff, der aus hochreinen Metallpigmenten hergestellt wird. Es kann perfekt in Epoxidharze, Polyurethane, Klarlacke oder Acrylbindemittel wie Jesmonite eingearbeitet werden. Auf Oberfl\u00e4chen wie Epoxydharz, Jesmonite, Holz, Kunststoff oder Verbundwerkstoffen aufgetragen, veredelt es den Untergrund mit einer hochwertigen und dauerhaften Optik.  <\/span><\/p><p><span style=\"color: #233c76;\">Metallpulver ist ideal f\u00fcr k\u00fcnstlerische, industrielle oder dekorative Anwendungen und kann auf eine Vielzahl von Untergr\u00fcnden aufgetragen werden: Holz, Kunststoff, Metall, Verbundwerkstoffe oder auch Polymerbeton. Es ist mit transparenten Matrizen wie Reslin kompatibel und garantiert ein gleichm\u00e4\u00dfiges und dauerhaftes Ergebnis. <\/span><\/p>\t\t\t\t\t\t\t\t<\/div>\n\t\t\t\t<\/div>\n\t\t\t\t\t<\/div>\n\t\t\t\t<\/div>\n\t\t<div class=\"elementor-element elementor-element-36118c1 e-flex e-con-boxed e-con e-parent\" data-id=\"36118c1\" data-element_type=\"container\" data-e-type=\"container\" data-settings=\"{&quot;jet_parallax_layout_list&quot;:[],&quot;background_background&quot;:&quot;classic&quot;}\">\n\t\t\t\t\t<div class=\"e-con-inner\">\n\t\t\t\t<div class=\"elementor-element elementor-element-a2c4a17 elementor-widget elementor-widget-heading\" data-id=\"a2c4a17\" data-element_type=\"widget\" data-e-type=\"widget\" data-widget_type=\"heading.default\">\n\t\t\t\t<div class=\"elementor-widget-container\">\n\t\t\t\t\t<h2 class=\"elementor-heading-title elementor-size-xl\">Produktvorteile<\/h2>\t\t\t\t<\/div>\n\t\t\t\t<\/div>\n\t\t\t\t<div class=\"elementor-element elementor-element-cd1810b elementor-widget elementor-widget-text-editor\" data-id=\"cd1810b\" data-element_type=\"widget\" data-e-type=\"widget\" data-widget_type=\"text-editor.default\">\n\t\t\t\t<div class=\"elementor-widget-container\">\n\t\t\t\t\t\t\t\t\t<p>\ud83c\udf1f Hochwertiger Metallic-Effekt<\/p><p>\u267b\ufe0f Polyvalent<\/p><p>\ud83d\udcb0 Wirtschaftliche Dosierung<\/p><p>\u2600\ufe0f UV-Best\u00e4ndigkeit und Verblassen<\/p><p>\ud83d\udc4c Einfach zu verwenden<\/p>\t\t\t\t\t\t\t\t<\/div>\n\t\t\t\t<\/div>\n\t\t\t\t\t<\/div>\n\t\t\t\t<\/div>\n\t\t<div class=\"elementor-element elementor-element-b8b494a e-flex e-con-boxed e-con e-parent\" data-id=\"b8b494a\" data-element_type=\"container\" data-e-type=\"container\" data-settings=\"{&quot;jet_parallax_layout_list&quot;:[],&quot;background_background&quot;:&quot;classic&quot;}\">\n\t\t\t\t\t<div class=\"e-con-inner\">\n\t\t\t\t<div class=\"elementor-element elementor-element-3415db5 elementor-widget elementor-widget-heading\" data-id=\"3415db5\" data-element_type=\"widget\" data-e-type=\"widget\" data-widget_type=\"heading.default\">\n\t\t\t\t<div class=\"elementor-widget-container\">\n\t\t\t\t\t<h2 class=\"elementor-heading-title elementor-size-xl\">Verarbeitung &amp; Anwendungshinweise<\/h2>\t\t\t\t<\/div>\n\t\t\t\t<\/div>\n\t\t\t\t<div class=\"elementor-element elementor-element-96dc683 elementor-widget elementor-widget-text-editor\" data-id=\"96dc683\" data-element_type=\"widget\" data-e-type=\"widget\" data-widget_type=\"text-editor.default\">\n\t\t\t\t<div class=\"elementor-widget-container\">\n\t\t\t\t\t\t\t\t\t<p><strong>1. Vorbereitung des Untergrunds<\/strong><\/p><p>Stellen Sie sicher, dass die Oberfl\u00e4che sauber, trocken und fettfrei ist.<\/p><p><strong>2. Aufnahme <\/strong><\/p><p><strong>In einem Harz: Mischen Sie das Pulver direkt in das Harz, bis eine homogene Dispersion entsteht.<\/strong><\/p><p><strong>Als Oberfl\u00e4chenapplikation: Streuen Sie das Puder auf eine noch klebrige oder halbtrockene Oberfl\u00e4che, um einen Patina-, Metallic- oder Iris-Effekt zu erzielen.<\/strong><\/p><p><strong>3. Schutz <\/strong><\/p><p>Nach dem vollst\u00e4ndigen Trocknen wird empfohlen, einen Schutzlack oder ein Deckharz aufzutragen, um eine ausgezeichnete Haltbarkeit zu gew\u00e4hrleisten.<\/p>\t\t\t\t\t\t\t\t<\/div>\n\t\t\t\t<\/div>\n\t\t\t\t\t<\/div>\n\t\t\t\t<\/div>\n\t\t\t\t<\/div>\n\t\t","protected":false},"excerpt":{"rendered":"<p><span style=\"color: #ffffff;\">Hochwertiges Metallpulver zur Erzeugung eines professionellen, gl\u00e4nzenden Metallic-Effekts auf Ihren Epoxidharz-Kreationen, Reslin, Jesmonite, dekorativen Farben und transparenten Gelen. Kompatibel mit Gie\u00dfharzen und Lacken. <\/span><\/p>\n","protected":false},"featured_media":25979,"template":"","meta":[],"product_brand":[],"product_cat":[919,1628,1000,1627,921,1773],"product_tag":[],"class_list":{"0":"post-25973","1":"product","2":"type-product","3":"status-publish","4":"has-post-thumbnail","6":"product_cat-jesmonite-de","7":"product_cat-naturliche-pigmente","8":"product_cat-neuheiten","9":"product_cat-pigmente-und-fullstoffe","10":"product_cat-pigmenten-und-zusatzstoffen","11":"product_cat-reslin-de","13":"first","14":"instock","15":"taxable","16":"shipping-taxable","17":"purchasable","18":"product-type-simple"},"_links":{"self":[{"href":"https:\/\/www.finres-sa.com\/de\/wp-json\/wp\/v2\/product\/25973","targetHints":{"allow":["GET"]}}],"collection":[{"href":"https:\/\/www.finres-sa.com\/de\/wp-json\/wp\/v2\/product"}],"about":[{"href":"https:\/\/www.finres-sa.com\/de\/wp-json\/wp\/v2\/types\/product"}],"version-history":[{"count":2,"href":"https:\/\/www.finres-sa.com\/de\/wp-json\/wp\/v2\/product\/25973\/revisions"}],"predecessor-version":[{"id":35330,"href":"https:\/\/www.finres-sa.com\/de\/wp-json\/wp\/v2\/product\/25973\/revisions\/35330"}],"wp:featuredmedia":[{"embeddable":true,"href":"https:\/\/www.finres-sa.com\/de\/wp-json\/wp\/v2\/media\/25979"}],"wp:attachment":[{"href":"https:\/\/www.finres-sa.com\/de\/wp-json\/wp\/v2\/media?parent=25973"}],"wp:term":[{"taxonomy":"product_brand","embeddable":true,"href":"https:\/\/www.finres-sa.com\/de\/wp-json\/wp\/v2\/product_brand?post=25973"},{"taxonomy":"product_cat","embeddable":true,"href":"https:\/\/www.finres-sa.com\/de\/wp-json\/wp\/v2\/product_cat?post=25973"},{"taxonomy":"product_tag","embeddable":true,"href":"https:\/\/www.finres-sa.com\/de\/wp-json\/wp\/v2\/product_tag?post=25973"}],"curies":[{"name":"wp","href":"https:\/\/api.w.org\/{rel}","templated":true}]}}