{"id":27920,"date":"2025-07-08T14:41:08","date_gmt":"2025-07-08T12:41:08","guid":{"rendered":"https:\/\/www.finres-sa.com\/product\/ultra-fine-mica-pulver-9gr-natuerliches-pigment-fuer-harz-seife-farbe\/"},"modified":"2026-01-16T14:10:28","modified_gmt":"2026-01-16T13:10:28","slug":"ultra-fine-mica-pulver-9gr-natuerliches-pigment-fuer-harz-seife-farbe","status":"publish","type":"product","link":"https:\/\/www.finres-sa.com\/de\/produkt\/ultra-fine-mica-pulver-9gr-natuerliches-pigment-fuer-harz-seife-farbe\/","title":{"rendered":"ULTRA-FINE MICA PULVER 9gr &#8211; Nat\u00fcrliches Pigment f\u00fcr Harz, Seife, Farbe"},"content":{"rendered":"\t\t<div data-elementor-type=\"product-post\" data-elementor-id=\"27920\" class=\"elementor elementor-27920 elementor-27699\" data-elementor-post-type=\"product\">\n\t\t\t\t<div class=\"elementor-element elementor-element-9b799a8 e-flex e-con-boxed e-con e-parent\" data-id=\"9b799a8\" data-element_type=\"container\" data-e-type=\"container\" data-settings=\"{&quot;jet_parallax_layout_list&quot;:[]}\">\n\t\t\t\t\t<div class=\"e-con-inner\">\n\t\t\t\t<div class=\"elementor-element elementor-element-88f5430 elementor-widget elementor-widget-text-editor\" data-id=\"88f5430\" data-element_type=\"widget\" data-e-type=\"widget\" data-widget_type=\"text-editor.default\">\n\t\t\t\t<div class=\"elementor-widget-container\">\n\t\t\t\t\t\t\t\t\t<p><span style=\"color: #233c76;\">Glimmerpulver ist ein Pigment mineralischen Ursprungs, das wegen seines Glanzes und seiner subtilen metallischen Reflexe gesch\u00e4tzt wird. Das pr\u00e4zise mikronisierte Pigmentpulver l\u00e4sst sich perfekt in Harz-, Silikon-, Gips-, Wachs- oder Seifenformulierungen integrieren und bietet eine stabile, homogene und hoch\u00e4sthetische F\u00e4rbung. <\/span><\/p><p><span style=\"color: #233c76;\">Aufgrund seiner inerten Zusammensetzung ist es mit einer Vielzahl von Matrizen kompatibel, ohne die chemischen oder mechanischen Eigenschaften Ihres Untergrundes zu beeintr\u00e4chtigen. Es ist frei von Schwermetallen und erf\u00fcllt die strengsten Sicherheitsstandards, insbesondere in kosmetischen Formulierungen. <\/span><\/p>\t\t\t\t\t\t\t\t<\/div>\n\t\t\t\t<\/div>\n\t\t\t\t\t<\/div>\n\t\t\t\t<\/div>\n\t\t<div class=\"elementor-element elementor-element-96c77b3 e-flex e-con-boxed e-con e-parent\" data-id=\"96c77b3\" data-element_type=\"container\" data-e-type=\"container\" data-settings=\"{&quot;jet_parallax_layout_list&quot;:[],&quot;background_background&quot;:&quot;classic&quot;}\">\n\t\t\t\t\t<div class=\"e-con-inner\">\n\t\t\t\t<div class=\"elementor-element elementor-element-ccf404c elementor-widget elementor-widget-heading\" data-id=\"ccf404c\" data-element_type=\"widget\" data-e-type=\"widget\" data-widget_type=\"heading.default\">\n\t\t\t\t<div class=\"elementor-widget-container\">\n\t\t\t\t\t<h2 class=\"elementor-heading-title elementor-size-xl\">Produktvorteile<\/h2>\t\t\t\t<\/div>\n\t\t\t\t<\/div>\n\t\t\t\t<div class=\"elementor-element elementor-element-fc91df4 elementor-widget elementor-widget-text-editor\" data-id=\"fc91df4\" data-element_type=\"widget\" data-e-type=\"widget\" data-widget_type=\"text-editor.default\">\n\t\t\t\t<div class=\"elementor-widget-container\">\n\t\t\t\t\t\t\t\t\t<p>\ud83c\udfa8 13 vibrierende und harmonische Farbt\u00f6ne<\/p><p>\u267b\ufe0f Nat\u00fcrliches Pigment<\/p><p>\ud83c\udf2b\ufe0f Feine K\u00f6rnung f\u00fcr eine klumpenfreie Dispersion<\/p><p>\ud83d\udd25 Thermische und chemische Stabilit\u00e4t<\/p><p>\ud83c\udf3f Nicht toxisch<\/p><p>\u2728 Intensive Perlmutteffekte<\/p><p>\ud83c\udf00 Unglaubliche Kompatibilit\u00e4t mit vielen Medien<\/p>\t\t\t\t\t\t\t\t<\/div>\n\t\t\t\t<\/div>\n\t\t\t\t\t<\/div>\n\t\t\t\t<\/div>\n\t\t\t\t<\/div>\n\t\t","protected":false},"excerpt":{"rendered":"<p><span style=\"color: #ffffff;\">Pulverpigmente mineralischen Ursprungs, die UV-best\u00e4ndig und ungiftig sind. Glimmerpulver bietet Metallic-, Perlmutt und Iris-Effekte, die Ihren Werken Glanz und Raffinesse verleihen. <\/span><\/p>\n<p><span style=\"color: #ffffff;\">Ideal zur Veredelung von Harzen, Seifen, Kerzen, Farben und Lacken mit einer intensiven und dauerhaften Farbe.<\/span><\/p>\n","protected":false},"featured_media":27851,"template":"","meta":[],"product_brand":[],"product_cat":[1628,1000,1627,921,1773],"product_tag":[],"class_list":{"0":"post-27920","1":"product","2":"type-product","3":"status-publish","4":"has-post-thumbnail","6":"product_cat-naturliche-pigmente","7":"product_cat-neuheiten","8":"product_cat-pigmente-und-fullstoffe","9":"product_cat-pigmenten-und-zusatzstoffen","10":"product_cat-reslin-de","12":"first","13":"instock","14":"taxable","15":"shipping-taxable","16":"purchasable","17":"product-type-variable"},"_links":{"self":[{"href":"https:\/\/www.finres-sa.com\/de\/wp-json\/wp\/v2\/product\/27920","targetHints":{"allow":["GET"]}}],"collection":[{"href":"https:\/\/www.finres-sa.com\/de\/wp-json\/wp\/v2\/product"}],"about":[{"href":"https:\/\/www.finres-sa.com\/de\/wp-json\/wp\/v2\/types\/product"}],"version-history":[{"count":2,"href":"https:\/\/www.finres-sa.com\/de\/wp-json\/wp\/v2\/product\/27920\/revisions"}],"predecessor-version":[{"id":35322,"href":"https:\/\/www.finres-sa.com\/de\/wp-json\/wp\/v2\/product\/27920\/revisions\/35322"}],"wp:featuredmedia":[{"embeddable":true,"href":"https:\/\/www.finres-sa.com\/de\/wp-json\/wp\/v2\/media\/27851"}],"wp:attachment":[{"href":"https:\/\/www.finres-sa.com\/de\/wp-json\/wp\/v2\/media?parent=27920"}],"wp:term":[{"taxonomy":"product_brand","embeddable":true,"href":"https:\/\/www.finres-sa.com\/de\/wp-json\/wp\/v2\/product_brand?post=27920"},{"taxonomy":"product_cat","embeddable":true,"href":"https:\/\/www.finres-sa.com\/de\/wp-json\/wp\/v2\/product_cat?post=27920"},{"taxonomy":"product_tag","embeddable":true,"href":"https:\/\/www.finres-sa.com\/de\/wp-json\/wp\/v2\/product_tag?post=27920"}],"curies":[{"name":"wp","href":"https:\/\/api.w.org\/{rel}","templated":true}]}}