{"id":28292,"date":"2023-06-26T18:19:30","date_gmt":"2023-06-26T16:19:30","guid":{"rendered":"https:\/\/www.finres-sa.com\/product\/resimac-aluminium-spackelmasse-500g\/"},"modified":"2025-12-19T13:35:14","modified_gmt":"2025-12-19T12:35:14","slug":"resimac-aluminium-spackelmasse-500g","status":"publish","type":"product","link":"https:\/\/www.finres-sa.com\/de\/produkt\/resimac-aluminium-spackelmasse-500g\/","title":{"rendered":"RESIMAC Aluminiumspachtel 500 g"},"content":{"rendered":"\t\t<div data-elementor-type=\"product-post\" data-elementor-id=\"28292\" class=\"elementor elementor-28292\" data-elementor-post-type=\"product\">\n\t\t\t\t<div class=\"elementor-element elementor-element-6c14f524 e-flex e-con-boxed e-con e-parent\" data-id=\"6c14f524\" data-element_type=\"container\" data-e-type=\"container\" data-settings=\"{&quot;jet_parallax_layout_list&quot;:[]}\">\n\t\t\t\t\t<div class=\"e-con-inner\">\n\t\t\t\t<div class=\"elementor-element elementor-element-22113305 elementor-widget elementor-widget-text-editor\" data-id=\"22113305\" data-element_type=\"widget\" data-e-type=\"widget\" data-widget_type=\"text-editor.default\">\n\t\t\t\t<div class=\"elementor-widget-container\">\n\t\t\t\t\t\t\t\t\t<p>Erh\u00e4ltlich in 500-g-Einheiten mit den folgenden technischen Details:<\/p><p>Druckfestigkeit nach ASTM D695 von 1.075 MPa<br>Zug- und Scherhaftung nach ASTM D1002 von 185 MPa<br>Biegefestigkeit nach ASTM D790 von 703 MPa<br>Maximale Auftragsdicke von 25 mm und Verarbeitungszeit von 30 Minuten bei 20\u00b0C<\/p>\t\t\t\t\t\t\t\t<\/div>\n\t\t\t\t<\/div>\n\t\t\t\t\t<\/div>\n\t\t\t\t<\/div>\n\t\t\t\t<\/div>\n\t\t","protected":false},"excerpt":{"rendered":"<p>&nbsp;<\/p>\n<p>2-Komponenten-Epoxidharzpaste auf Basis der Metallreparaturpaste. Geeignet f\u00fcr die Reparatur von verschlissenen oder besch\u00e4digten Pumpen, Lagern, besch\u00e4digten Propellern, rissigen Motoren und Getrieben oder undichten Schwei\u00dfn\u00e4hten und Fugen. <\/p>\n","protected":false},"featured_media":28294,"template":"","meta":[],"product_brand":[],"product_cat":[964,1665],"product_tag":[],"class_list":{"0":"post-28292","1":"product","2":"type-product","3":"status-publish","4":"has-post-thumbnail","6":"product_cat-epoxy-de","7":"product_cat-schnelles-reparatur-und-beschichtungsset","9":"first","10":"instock","11":"taxable","12":"shipping-taxable","13":"purchasable","14":"product-type-simple"},"_links":{"self":[{"href":"https:\/\/www.finres-sa.com\/de\/wp-json\/wp\/v2\/product\/28292","targetHints":{"allow":["GET"]}}],"collection":[{"href":"https:\/\/www.finres-sa.com\/de\/wp-json\/wp\/v2\/product"}],"about":[{"href":"https:\/\/www.finres-sa.com\/de\/wp-json\/wp\/v2\/types\/product"}],"version-history":[{"count":1,"href":"https:\/\/www.finres-sa.com\/de\/wp-json\/wp\/v2\/product\/28292\/revisions"}],"predecessor-version":[{"id":34529,"href":"https:\/\/www.finres-sa.com\/de\/wp-json\/wp\/v2\/product\/28292\/revisions\/34529"}],"wp:featuredmedia":[{"embeddable":true,"href":"https:\/\/www.finres-sa.com\/de\/wp-json\/wp\/v2\/media\/28294"}],"wp:attachment":[{"href":"https:\/\/www.finres-sa.com\/de\/wp-json\/wp\/v2\/media?parent=28292"}],"wp:term":[{"taxonomy":"product_brand","embeddable":true,"href":"https:\/\/www.finres-sa.com\/de\/wp-json\/wp\/v2\/product_brand?post=28292"},{"taxonomy":"product_cat","embeddable":true,"href":"https:\/\/www.finres-sa.com\/de\/wp-json\/wp\/v2\/product_cat?post=28292"},{"taxonomy":"product_tag","embeddable":true,"href":"https:\/\/www.finres-sa.com\/de\/wp-json\/wp\/v2\/product_tag?post=28292"}],"curies":[{"name":"wp","href":"https:\/\/api.w.org\/{rel}","templated":true}]}}