{"id":28340,"date":"2023-06-26T18:19:08","date_gmt":"2023-06-26T16:19:08","guid":{"rendered":"https:\/\/www.finres-sa.com\/product\/resimac-titanium-putty-500-g\/"},"modified":"2025-12-19T13:36:00","modified_gmt":"2025-12-19T12:36:00","slug":"resimac-titanium-putty-500-g","status":"publish","type":"product","link":"https:\/\/www.finres-sa.com\/de\/produkt\/resimac-titanium-putty-500-g\/","title":{"rendered":"RESIMAC Titanium Spachtelmasse 500g"},"content":{"rendered":"\t\t<div data-elementor-type=\"product-post\" data-elementor-id=\"28340\" class=\"elementor elementor-28340\" data-elementor-post-type=\"product\">\n\t\t\t\t<div class=\"elementor-element elementor-element-1c61803a e-flex e-con-boxed e-con e-parent\" data-id=\"1c61803a\" data-element_type=\"container\" data-e-type=\"container\" data-settings=\"{&quot;jet_parallax_layout_list&quot;:[]}\">\n\t\t\t\t\t<div class=\"e-con-inner\">\n\t\t\t\t<div class=\"elementor-element elementor-element-4497ea4 elementor-widget elementor-widget-text-editor\" data-id=\"4497ea4\" data-element_type=\"widget\" data-e-type=\"widget\" data-widget_type=\"text-editor.default\">\n\t\t\t\t<div class=\"elementor-widget-container\">\n\t\t\t\t\t\t\t\t\t<p>Erh\u00e4ltlich in 500-g-Einheiten mit den folgenden technischen Details:<\/p><p><br>Druckfestigkeit nach ASTM D695 von 1.075 MPa<br>Zug- und Scherhaftung nach ASTM D1002 von 185 MPa<br>Biegefestigkeit nach ASTM D790 von 703 MPa<br>Maximale Auftragsdicke von 25 mm und Verarbeitungszeit von 30 Minuten bei 20\u00b0C<\/p>\t\t\t\t\t\t\t\t<\/div>\n\t\t\t\t<\/div>\n\t\t\t\t\t<\/div>\n\t\t\t\t<\/div>\n\t\t\t\t<\/div>\n\t\t","protected":false},"excerpt":{"rendered":"<p>&nbsp;<\/p>\n<p>2K-Epoxidharzpaste basierend auf Metallreparaturpaste. Sie eignet sich zur Reparatur von verschlissenen oder besch\u00e4digten Titanteilen, rissigen Motoren und Getrieben oder undichten Schwei\u00dfn\u00e4hten und Dichtungen. <\/p>\n","protected":false},"featured_media":28341,"template":"","meta":[],"product_brand":[],"product_cat":[964,1665],"product_tag":[],"class_list":{"0":"post-28340","1":"product","2":"type-product","3":"status-publish","4":"has-post-thumbnail","6":"product_cat-epoxy-de","7":"product_cat-schnelles-reparatur-und-beschichtungsset","9":"first","10":"instock","11":"taxable","12":"shipping-taxable","13":"purchasable","14":"product-type-simple"},"_links":{"self":[{"href":"https:\/\/www.finres-sa.com\/de\/wp-json\/wp\/v2\/product\/28340","targetHints":{"allow":["GET"]}}],"collection":[{"href":"https:\/\/www.finres-sa.com\/de\/wp-json\/wp\/v2\/product"}],"about":[{"href":"https:\/\/www.finres-sa.com\/de\/wp-json\/wp\/v2\/types\/product"}],"version-history":[{"count":1,"href":"https:\/\/www.finres-sa.com\/de\/wp-json\/wp\/v2\/product\/28340\/revisions"}],"predecessor-version":[{"id":34549,"href":"https:\/\/www.finres-sa.com\/de\/wp-json\/wp\/v2\/product\/28340\/revisions\/34549"}],"wp:featuredmedia":[{"embeddable":true,"href":"https:\/\/www.finres-sa.com\/de\/wp-json\/wp\/v2\/media\/28341"}],"wp:attachment":[{"href":"https:\/\/www.finres-sa.com\/de\/wp-json\/wp\/v2\/media?parent=28340"}],"wp:term":[{"taxonomy":"product_brand","embeddable":true,"href":"https:\/\/www.finres-sa.com\/de\/wp-json\/wp\/v2\/product_brand?post=28340"},{"taxonomy":"product_cat","embeddable":true,"href":"https:\/\/www.finres-sa.com\/de\/wp-json\/wp\/v2\/product_cat?post=28340"},{"taxonomy":"product_tag","embeddable":true,"href":"https:\/\/www.finres-sa.com\/de\/wp-json\/wp\/v2\/product_tag?post=28340"}],"curies":[{"name":"wp","href":"https:\/\/api.w.org\/{rel}","templated":true}]}}