{"id":28368,"date":"2023-06-26T18:19:07","date_gmt":"2023-06-26T16:19:07","guid":{"rendered":"https:\/\/www.finres-sa.com\/product\/sisalfaser\/"},"modified":"2026-03-16T16:27:35","modified_gmt":"2026-03-16T15:27:35","slug":"sisalfaser","status":"publish","type":"product","link":"https:\/\/www.finres-sa.com\/de\/produkt\/sisalfaser\/","title":{"rendered":"SISALFASER"},"content":{"rendered":"\t\t<div data-elementor-type=\"product-post\" data-elementor-id=\"28368\" class=\"elementor elementor-28368 elementor-5875\" data-elementor-post-type=\"product\">\n\t\t\t\t<div class=\"elementor-element elementor-element-36dbe83d e-flex e-con-boxed e-con e-parent\" data-id=\"36dbe83d\" data-element_type=\"container\" data-e-type=\"container\" data-settings=\"{&quot;jet_parallax_layout_list&quot;:[]}\">\n\t\t\t\t\t<div class=\"e-con-inner\">\n\t\t\t\t<div class=\"elementor-element elementor-element-6bc0b1e8 elementor-widget elementor-widget-text-editor\" data-id=\"6bc0b1e8\" data-element_type=\"widget\" data-e-type=\"widget\" data-widget_type=\"text-editor.default\">\n\t\t\t\t<div class=\"elementor-widget-container\">\n\t\t\t\t\t\t\t\t\t<p>Filasse ist ein B\u00fcndel von Filamenten, die aus den St\u00e4ngeln bestimmter Textilpflanzen gewonnen werden.<\/p><p>Die Sisalfaser ist 100 % nat\u00fcrlich. Sie wird aus der gleichnamigen Pflanze gewonnen, die zur Familie der Agavengew\u00e4chse geh\u00f6rt. <\/p><p>Sie wird traditionell wegen ihrer hohen Rei\u00dffestigkeit bei der Herstellung von landwirtschaftlichen Bindf\u00e4den, Seilen, Stoffen und Teppichen verwendet.<\/p><p>Was sie zur idealen Faserverst\u00e4rkung f\u00fcr verschiedene Putzsysteme macht.<\/p><p style=\"margin: 0cm; margin-bottom: .0001pt;\"> <\/p>\t\t\t\t\t\t\t\t<\/div>\n\t\t\t\t<\/div>\n\t\t\t\t\t<\/div>\n\t\t\t\t<\/div>\n\t\t<div class=\"elementor-element elementor-element-225f39b e-flex e-con-boxed e-con e-parent\" data-id=\"225f39b\" data-element_type=\"container\" data-e-type=\"container\" data-settings=\"{&quot;jet_parallax_layout_list&quot;:[],&quot;background_background&quot;:&quot;classic&quot;}\">\n\t\t\t\t\t<div class=\"e-con-inner\">\n\t\t\t\t<div class=\"elementor-element elementor-element-41ca930 elementor-widget elementor-widget-heading\" data-id=\"41ca930\" data-element_type=\"widget\" data-e-type=\"widget\" data-widget_type=\"heading.default\">\n\t\t\t\t<div class=\"elementor-widget-container\">\n\t\t\t\t\t<h2 class=\"elementor-heading-title elementor-size-xl\">Merkmale<\/h2>\t\t\t\t<\/div>\n\t\t\t\t<\/div>\n\t\t\t\t<div class=\"elementor-element elementor-element-1b09d8f elementor-widget elementor-widget-text-editor\" data-id=\"1b09d8f\" data-element_type=\"widget\" data-e-type=\"widget\" data-widget_type=\"text-editor.default\">\n\t\t\t\t<div class=\"elementor-widget-container\">\n\t\t\t\t\t\t\t\t\t<p>Produkttyp: Filasse<\/p><p>Material: kardierter Sisal<\/p><p>Farbe: Naturfarben<\/p><p>Hohe Rei\u00dffestigkeit<\/p><p>Lagerung: Vor Feuchtigkeit gesch\u00fctzt in trockenen R\u00e4umen.<\/p>\t\t\t\t\t\t\t\t<\/div>\n\t\t\t\t<\/div>\n\t\t\t\t\t<\/div>\n\t\t\t\t<\/div>\n\t\t\t\t<\/div>\n\t\t","protected":false},"excerpt":{"rendered":"<p style=\"margin: 0cm; margin-bottom: .0001pt;\"><span style=\"font-size: 11.0pt; font-family: 'Calibri',sans-serif;\">Ideale pflanzliche Verst\u00e4rkungsfaser f\u00fcr Putzarbeiten.<\/span><\/p>\n","protected":false},"featured_media":28370,"template":"","meta":[],"product_brand":[],"product_cat":[896,1660,1672,1099],"product_tag":[],"class_list":{"0":"post-28368","1":"product","2":"type-product","3":"status-publish","4":"has-post-thumbnail","6":"product_cat-gietvormen-en-siliconen-de","7":"product_cat-gips-und-bander","8":"product_cat-naturfasern","9":"product_cat-verstarkungen-und-stoffe","11":"first","12":"instock","13":"taxable","14":"shipping-taxable","15":"purchasable","16":"product-type-variable"},"_links":{"self":[{"href":"https:\/\/www.finres-sa.com\/de\/wp-json\/wp\/v2\/product\/28368","targetHints":{"allow":["GET"]}}],"collection":[{"href":"https:\/\/www.finres-sa.com\/de\/wp-json\/wp\/v2\/product"}],"about":[{"href":"https:\/\/www.finres-sa.com\/de\/wp-json\/wp\/v2\/types\/product"}],"version-history":[{"count":1,"href":"https:\/\/www.finres-sa.com\/de\/wp-json\/wp\/v2\/product\/28368\/revisions"}],"predecessor-version":[{"id":37299,"href":"https:\/\/www.finres-sa.com\/de\/wp-json\/wp\/v2\/product\/28368\/revisions\/37299"}],"wp:featuredmedia":[{"embeddable":true,"href":"https:\/\/www.finres-sa.com\/de\/wp-json\/wp\/v2\/media\/28370"}],"wp:attachment":[{"href":"https:\/\/www.finres-sa.com\/de\/wp-json\/wp\/v2\/media?parent=28368"}],"wp:term":[{"taxonomy":"product_brand","embeddable":true,"href":"https:\/\/www.finres-sa.com\/de\/wp-json\/wp\/v2\/product_brand?post=28368"},{"taxonomy":"product_cat","embeddable":true,"href":"https:\/\/www.finres-sa.com\/de\/wp-json\/wp\/v2\/product_cat?post=28368"},{"taxonomy":"product_tag","embeddable":true,"href":"https:\/\/www.finres-sa.com\/de\/wp-json\/wp\/v2\/product_tag?post=28368"}],"curies":[{"name":"wp","href":"https:\/\/api.w.org\/{rel}","templated":true}]}}