{"id":28465,"date":"2023-06-26T18:17:34","date_gmt":"2023-06-26T16:17:34","guid":{"rendered":"https:\/\/www.finres-sa.com\/product\/301-epoxidharz-kit\/"},"modified":"2025-12-19T14:31:05","modified_gmt":"2025-12-19T13:31:05","slug":"301-epoxidharz-kit","status":"publish","type":"product","link":"https:\/\/www.finres-sa.com\/de\/produkt\/301-epoxidharz-kit\/","title":{"rendered":"RESIMAC 301 \u2013 Epoxidharz (Set)"},"content":{"rendered":"\t\t<div data-elementor-type=\"product-post\" data-elementor-id=\"28465\" class=\"elementor elementor-28465\" data-elementor-post-type=\"product\">\n\t\t\t\t<div class=\"elementor-element elementor-element-611cc969 e-flex e-con-boxed e-con e-parent\" data-id=\"611cc969\" data-element_type=\"container\" data-e-type=\"container\" data-settings=\"{&quot;jet_parallax_layout_list&quot;:[]}\">\n\t\t\t\t\t<div class=\"e-con-inner\">\n\t\t\t\t<div class=\"elementor-element elementor-element-3c3d6a89 elementor-widget elementor-widget-text-editor\" data-id=\"3c3d6a89\" data-element_type=\"widget\" data-e-type=\"widget\" data-widget_type=\"text-editor.default\">\n\t\t\t\t<div class=\"elementor-widget-container\">\n\t\t\t\t\t\t\t\t\t<p>Dieses Produkt kann auf manuell vorbereiteten Oberfl\u00e4chen aufgetragen werden, um eine GFK-Schicht um den gesamten Umfang von undichten Rohroberfl\u00e4chen zu bilden. Durch die Einarbeitung hochfester gewebter Glasfaserschichten bietet das Rohrreparatursystem nachweislich einen \u00fcber 10-j\u00e4hrigen Schutz f\u00fcr besch\u00e4digte, undichte oder por\u00f6se Rohrleitungen. <\/p><p>Im Allgemeinen kann das Verbundumh\u00fcllungssystem auf Rohre mit einem Durchmesser zwischen 1 und 50 Zoll angewendet werden und nach dem Aush\u00e4rten Temperaturen von 150 \u00b0C und Dr\u00fccken von 300 psi standhalten.<\/p>\t\t\t\t\t\t\t\t<\/div>\n\t\t\t\t<\/div>\n\t\t\t\t\t<\/div>\n\t\t\t\t<\/div>\n\t\t<div class=\"elementor-element elementor-element-b05ce9e e-flex e-con-boxed e-con e-parent\" data-id=\"b05ce9e\" data-element_type=\"container\" data-e-type=\"container\" data-settings=\"{&quot;jet_parallax_layout_list&quot;:[],&quot;background_background&quot;:&quot;classic&quot;}\">\n\t\t\t\t\t<div class=\"e-con-inner\">\n\t\t<div class=\"elementor-element elementor-element-bc96cc7 e-grid e-con-boxed e-con e-child\" data-id=\"bc96cc7\" data-element_type=\"container\" data-e-type=\"container\" data-settings=\"{&quot;jet_parallax_layout_list&quot;:[]}\">\n\t\t\t\t\t<div class=\"e-con-inner\">\n\t\t\t\t<div class=\"elementor-element elementor-element-ad47c94 elementor-widget elementor-widget-heading\" data-id=\"ad47c94\" data-element_type=\"widget\" data-e-type=\"widget\" data-widget_type=\"heading.default\">\n\t\t\t\t<div class=\"elementor-widget-container\">\n\t\t\t\t\t<h2 class=\"elementor-heading-title elementor-size-xl\">Anwendungen<\/h2>\t\t\t\t<\/div>\n\t\t\t\t<\/div>\n\t\t\t\t<div class=\"elementor-element elementor-element-18d11a1 elementor-widget elementor-widget-heading\" data-id=\"18d11a1\" data-element_type=\"widget\" data-e-type=\"widget\" data-widget_type=\"heading.default\">\n\t\t\t\t<div class=\"elementor-widget-container\">\n\t\t\t\t\t<h2 class=\"elementor-heading-title elementor-size-xl\">Vorbereitung der Oberfl\u00e4chen<\/h2>\t\t\t\t<\/div>\n\t\t\t\t<\/div>\n\t\t\t\t\t<\/div>\n\t\t\t\t<\/div>\n\t\t<div class=\"elementor-element elementor-element-ee31b0b e-grid e-con-boxed e-con e-child\" data-id=\"ee31b0b\" data-element_type=\"container\" data-e-type=\"container\" data-settings=\"{&quot;jet_parallax_layout_list&quot;:[]}\">\n\t\t\t\t\t<div class=\"e-con-inner\">\n\t\t\t\t<div class=\"elementor-element elementor-element-befbb29 elementor-widget elementor-widget-text-editor\" data-id=\"befbb29\" data-element_type=\"widget\" data-e-type=\"widget\" data-widget_type=\"text-editor.default\">\n\t\t\t\t<div class=\"elementor-widget-container\">\n\t\t\t\t\t\t\t\t\t<p>Por\u00f6se und undichte Rohroberfl\u00e4chen<\/p><p>Einkapselung gro\u00dfer L\u00e4ngen von Rohrleitungen mit gro\u00dfem Durchmesser<\/p><p>Abdichtung von undichten Tankverbindungen<\/p><p>Abdichtung von undichten Flanschverbindungen<\/p>\t\t\t\t\t\t\t\t<\/div>\n\t\t\t\t<\/div>\n\t\t\t\t<div class=\"elementor-element elementor-element-df919d1 elementor-widget elementor-widget-text-editor\" data-id=\"df919d1\" data-element_type=\"widget\" data-e-type=\"widget\" data-widget_type=\"text-editor.default\">\n\t\t\t\t<div class=\"elementor-widget-container\">\n\t\t\t\t\t\t\t\t\t<p>Injektionsanwendung \u2013 Verkleben unterschiedlicher Materialien \u2013 Einkapselung mit technischen Geweben<\/p><p>1. Wenn m\u00f6glich, sollten alle Oberfl\u00e4chen gem\u00e4\u00df ISO 8501\/4 SA2.5 (SSPC SP10\/NACE 2) strahlgereinigt werden, mit einem Mindeststrahlprofil von 75 Mikrometern unter Verwendung eines kantigen Strahlmittels.<\/p><p>2. Dieses Produkt toleriert jedoch eine weniger ideale Oberfl\u00e4chenvorbereitung und haftet auf Oberfl\u00e4chen, die mit Handwerkzeugen, Elektrowerkzeugen und Hydro-Blasting vorbereitet wurden.<\/p><p>3. Im Falle von Korrosionsnarben sollten diese mit dem Epoxidreparaturzement Resimac 302 wiederhergestellt werden, der auch zur Verbesserung der Haftung auf schlecht vorbereiteten Oberfl\u00e4chen verwendet werden kann.<\/p><p><em>*Bitte beachten Sie, dass f\u00fcr beste Ergebnisse die Vorbereitungsfl\u00e4che sandgestrahlt werden sollte. Wenn Sie minderwertige Reparaturtechniken anwenden, kann dies die Produktleistung beeintr\u00e4chtigen. <\/em><\/p>\t\t\t\t\t\t\t\t<\/div>\n\t\t\t\t<\/div>\n\t\t\t\t\t<\/div>\n\t\t\t\t<\/div>\n\t\t\t\t\t<\/div>\n\t\t\t\t<\/div>\n\t\t<div class=\"elementor-element elementor-element-f317db2 e-flex e-con-boxed e-con e-parent\" data-id=\"f317db2\" data-element_type=\"container\" data-e-type=\"container\" data-settings=\"{&quot;jet_parallax_layout_list&quot;:[],&quot;background_background&quot;:&quot;classic&quot;}\">\n\t\t\t\t\t<div class=\"e-con-inner\">\n\t\t<div class=\"elementor-element elementor-element-8aab7f8 e-grid e-con-boxed e-con e-child\" data-id=\"8aab7f8\" data-element_type=\"container\" data-e-type=\"container\" data-settings=\"{&quot;jet_parallax_layout_list&quot;:[]}\">\n\t\t\t\t\t<div class=\"e-con-inner\">\n\t\t\t\t<div class=\"elementor-element elementor-element-1bb196c elementor-widget elementor-widget-heading\" data-id=\"1bb196c\" data-element_type=\"widget\" data-e-type=\"widget\" data-widget_type=\"heading.default\">\n\t\t\t\t<div class=\"elementor-widget-container\">\n\t\t\t\t\t<h2 class=\"elementor-heading-title elementor-size-xl\">Mischung<\/h2>\t\t\t\t<\/div>\n\t\t\t\t<\/div>\n\t\t\t\t<div class=\"elementor-element elementor-element-9e4ed41 elementor-widget elementor-widget-heading\" data-id=\"9e4ed41\" data-element_type=\"widget\" data-e-type=\"widget\" data-widget_type=\"heading.default\">\n\t\t\t\t<div class=\"elementor-widget-container\">\n\t\t\t\t\t<h2 class=\"elementor-heading-title elementor-size-xl\">Anwendung<\/h2>\t\t\t\t<\/div>\n\t\t\t\t<\/div>\n\t\t\t\t\t<\/div>\n\t\t\t\t<\/div>\n\t\t<div class=\"elementor-element elementor-element-3413216 e-grid e-con-boxed e-con e-child\" data-id=\"3413216\" data-element_type=\"container\" data-e-type=\"container\" data-settings=\"{&quot;jet_parallax_layout_list&quot;:[]}\">\n\t\t\t\t\t<div class=\"e-con-inner\">\n\t\t\t\t<div class=\"elementor-element elementor-element-1b3d876 elementor-widget elementor-widget-text-editor\" data-id=\"1b3d876\" data-element_type=\"widget\" data-e-type=\"widget\" data-widget_type=\"text-editor.default\">\n\t\t\t\t<div class=\"elementor-widget-container\">\n\t\t\t\t\t\t\t\t\t<p>Bevor Sie mit dem Mischen beginnen, stellen Sie bitte Folgendes sicher:<\/p><p>1. Die Basiskomponente hat eine Temperatur zwischen 15-25\u00b0C.<\/p><p>2. Die Umgebungs- und Oberfl\u00e4chentemperatur liegt \u00fcber 5\u00b0C.<\/p><p>Nachdem diese 2 Kontrollen durchgef\u00fchrt wurden, fahren Sie bitte mit dem Mischen des Produkts fort.<\/p><p>1. \u00dcbertragen Sie den Inhalt der Aktivator-Einheit in den Basisbeh\u00e4lter.<\/p><p>2. Mischen Sie die 2 Komponenten mit dem mitgelieferten Spatel (300-450 g Einheiten) oder einem elektrischen R\u00fchrer (6 kg Einheit), bis ein gleichm\u00e4\u00dfiges und spurenfreies Material entsteht.<\/p><p>3. Ab Beginn des Mischens muss das gesamte Material innerhalb von 25 Minuten bei 20\u00b0C verarbeitet werden.<\/p>\t\t\t\t\t\t\t\t<\/div>\n\t\t\t\t<\/div>\n\t\t\t\t<div class=\"elementor-element elementor-element-ae3f630 elementor-widget elementor-widget-text-editor\" data-id=\"ae3f630\" data-element_type=\"widget\" data-e-type=\"widget\" data-widget_type=\"text-editor.default\">\n\t\t\t\t<div class=\"elementor-widget-container\">\n\t\t\t\t\t\t\t\t\t<p>Injektionsanwendungen:<\/p><p>Verteilen Sie das Produkt in einer Einkomponenten-Kartusche bis zu einem Volumen von 1 Liter (0,25 US-Gallonen). Mit einer <\/p><p>luftbetriebenen Einkomponenten-Injektionspumpe kann das Material in die Zwischenr\u00e4ume injiziert werden, um unterschiedliche Materialien zu verkleben.<\/p><p>Verkleben unterschiedlicher Materialien:<\/p><p>Das gemischte Produkt kann zum Verkleben einer Vielzahl von Materialien verwendet werden, einschlie\u00dflich Beton, Kunststoff und Metall.<\/p><p>Tragen Sie das Produkt mit einem Pinsel oder einem Applikationswerkzeug in einer Nassfilmdicke zwischen 1 und 4 mm (40 mil &#8211; 3\/16&#8243;) auf.<\/p><p>Einkapselung mit technischen Geweben:<\/p><p>Das gemischte Produkt kann mit Glasband, Glasgewebe, Kurzfasermatte und Leinen verwendet werden.<\/p>\t\t\t\t\t\t\t\t<\/div>\n\t\t\t\t<\/div>\n\t\t\t\t\t<\/div>\n\t\t\t\t<\/div>\n\t\t\t\t\t<\/div>\n\t\t\t\t<\/div>\n\t\t<div class=\"elementor-element elementor-element-abc15ee e-flex e-con-boxed e-con e-parent\" data-id=\"abc15ee\" data-element_type=\"container\" data-e-type=\"container\" data-settings=\"{&quot;jet_parallax_layout_list&quot;:[],&quot;background_background&quot;:&quot;classic&quot;}\">\n\t\t\t\t\t<div class=\"e-con-inner\">\n\t\t<div class=\"elementor-element elementor-element-7fd12d4 e-grid e-con-boxed e-con e-child\" data-id=\"7fd12d4\" data-element_type=\"container\" data-e-type=\"container\" data-settings=\"{&quot;jet_parallax_layout_list&quot;:[]}\">\n\t\t\t\t\t<div class=\"e-con-inner\">\n\t\t\t\t<div class=\"elementor-element elementor-element-1ec0dd9 elementor-widget elementor-widget-heading\" data-id=\"1ec0dd9\" data-element_type=\"widget\" data-e-type=\"widget\" data-widget_type=\"heading.default\">\n\t\t\t\t<div class=\"elementor-widget-container\">\n\t\t\t\t\t<h2 class=\"elementor-heading-title elementor-size-xl\">Aush\u00e4rtungszeit<\/h2>\t\t\t\t<\/div>\n\t\t\t\t<\/div>\n\t\t\t\t<div class=\"elementor-element elementor-element-2a0c809 elementor-widget elementor-widget-heading\" data-id=\"2a0c809\" data-element_type=\"widget\" data-e-type=\"widget\" data-widget_type=\"heading.default\">\n\t\t\t\t<div class=\"elementor-widget-container\">\n\t\t\t\t\t<h2 class=\"elementor-heading-title elementor-size-xl\">Recovery-Zeit<\/h2>\t\t\t\t<\/div>\n\t\t\t\t<\/div>\n\t\t\t\t\t<\/div>\n\t\t\t\t<\/div>\n\t\t<div class=\"elementor-element elementor-element-1ec1485 e-grid e-con-boxed e-con e-child\" data-id=\"1ec1485\" data-element_type=\"container\" data-e-type=\"container\" data-settings=\"{&quot;jet_parallax_layout_list&quot;:[]}\">\n\t\t\t\t\t<div class=\"e-con-inner\">\n\t\t\t\t<div class=\"elementor-element elementor-element-71d19c8 elementor-widget elementor-widget-text-editor\" data-id=\"71d19c8\" data-element_type=\"widget\" data-e-type=\"widget\" data-widget_type=\"text-editor.default\">\n\t\t\t\t<div class=\"elementor-widget-container\">\n\t\t\t\t\t\t\t\t\t<p>Bei 20\u00b0C m\u00fcssen die aufgetragenen Materialien die unten angegebenen Aush\u00e4rtezeiten einhalten, bevor sie den angegebenen Bedingungen ausgesetzt werden. Diese Zeiten werden bei niedrigeren Temperaturen verl\u00e4ngert und bei h\u00f6heren Temperaturen verk\u00fcrzt:<\/p><p>Verarbeitungszeit &#8211; 25 Minuten<\/p><p>Grifftrocken &#8211; 2 Stunden<\/p><p>Harttrocken &#8211; 24 Stunden<\/p><p>Vollst\u00e4ndige Aush\u00e4rtung &#8211; 3 Tage<\/p>\t\t\t\t\t\t\t\t<\/div>\n\t\t\t\t<\/div>\n\t\t\t\t<div class=\"elementor-element elementor-element-cf78834 elementor-widget elementor-widget-text-editor\" data-id=\"cf78834\" data-element_type=\"widget\" data-e-type=\"widget\" data-widget_type=\"text-editor.default\">\n\t\t\t\t<div class=\"elementor-widget-container\">\n\t\t\t\t\t\t\t\t\t<p>Minimum &#8211; das aufgetragene Material kann bedeckt werden, sobald es sich trocken anf\u00fchlt.<\/p><p>Maximal &#8211; die \u00dcberarbeitungszeit sollte 8 Stunden nicht \u00fcberschreiten.<\/p><p>Wenn die maximale \u00dcberarbeitungszeit \u00fcberschritten wird, lassen Sie das Material aush\u00e4rten, bevor Sie es abschleifen oder sandstrahlen, um Oberfl\u00e4chenverunreinigungen zu entfernen.<\/p>\t\t\t\t\t\t\t\t<\/div>\n\t\t\t\t<\/div>\n\t\t\t\t\t<\/div>\n\t\t\t\t<\/div>\n\t\t\t\t\t<\/div>\n\t\t\t\t<\/div>\n\t\t<div class=\"elementor-element elementor-element-191de75 e-flex e-con-boxed e-con e-parent\" data-id=\"191de75\" data-element_type=\"container\" data-e-type=\"container\" data-settings=\"{&quot;jet_parallax_layout_list&quot;:[],&quot;background_background&quot;:&quot;classic&quot;}\">\n\t\t\t\t\t<div class=\"e-con-inner\">\n\t\t<div class=\"elementor-element elementor-element-825539c e-grid e-con-boxed e-con e-child\" data-id=\"825539c\" data-element_type=\"container\" data-e-type=\"container\" data-settings=\"{&quot;jet_parallax_layout_list&quot;:[]}\">\n\t\t\t\t\t<div class=\"e-con-inner\">\n\t\t\t\t<div class=\"elementor-element elementor-element-89bfe22 elementor-widget elementor-widget-heading\" data-id=\"89bfe22\" data-element_type=\"widget\" data-e-type=\"widget\" data-widget_type=\"heading.default\">\n\t\t\t\t<div class=\"elementor-widget-container\">\n\t\t\t\t\t<h2 class=\"elementor-heading-title elementor-size-xl\">Farbe<\/h2>\t\t\t\t<\/div>\n\t\t\t\t<\/div>\n\t\t\t\t<div class=\"elementor-element elementor-element-ee16a5c elementor-widget elementor-widget-heading\" data-id=\"ee16a5c\" data-element_type=\"widget\" data-e-type=\"widget\" data-widget_type=\"heading.default\">\n\t\t\t\t<div class=\"elementor-widget-container\">\n\t\t\t\t\t<h2 class=\"elementor-heading-title elementor-size-xl\">Haltbarkeitsdauer<\/h2>\t\t\t\t<\/div>\n\t\t\t\t<\/div>\n\t\t\t\t\t<\/div>\n\t\t\t\t<\/div>\n\t\t<div class=\"elementor-element elementor-element-7bb3aa3 e-grid e-con-boxed e-con e-child\" data-id=\"7bb3aa3\" data-element_type=\"container\" data-e-type=\"container\" data-settings=\"{&quot;jet_parallax_layout_list&quot;:[]}\">\n\t\t\t\t\t<div class=\"e-con-inner\">\n\t\t\t\t<div class=\"elementor-element elementor-element-38205b6 elementor-widget elementor-widget-text-editor\" data-id=\"38205b6\" data-element_type=\"widget\" data-e-type=\"widget\" data-widget_type=\"text-editor.default\">\n\t\t\t\t<div class=\"elementor-widget-container\">\n\t\t\t\t\t\t\t\t\t<p>Gemischtes Material &#8211; Undurchsichtig<\/p><p>Basiskomponente &#8211; Wei\u00dfes Gel<\/p><p>Aktivator-Komponente &#8211; Hellgelbes Gel<\/p>\t\t\t\t\t\t\t\t<\/div>\n\t\t\t\t<\/div>\n\t\t\t\t<div class=\"elementor-element elementor-element-3c5f71b elementor-widget elementor-widget-text-editor\" data-id=\"3c5f71b\" data-element_type=\"widget\" data-e-type=\"widget\" data-widget_type=\"text-editor.default\">\n\t\t\t\t<div class=\"elementor-widget-container\">\n\t\t\t\t\t\t\t\t\t<p>5 Jahre bei unge\u00f6ffnetem Produkt und Lagerung unter normalen trockenen Bedingungen (15-30\u00b0C).<\/p>\t\t\t\t\t\t\t\t<\/div>\n\t\t\t\t<\/div>\n\t\t\t\t\t<\/div>\n\t\t\t\t<\/div>\n\t\t\t\t\t<\/div>\n\t\t\t\t<\/div>\n\t\t<div class=\"elementor-element elementor-element-662b33a e-flex e-con-boxed e-con e-parent\" data-id=\"662b33a\" data-element_type=\"container\" data-e-type=\"container\" data-settings=\"{&quot;jet_parallax_layout_list&quot;:[],&quot;background_background&quot;:&quot;classic&quot;}\">\n\t\t\t\t\t<div class=\"e-con-inner\">\n\t\t\t\t<div class=\"elementor-element elementor-element-eafb7e0 elementor-widget elementor-widget-heading\" data-id=\"eafb7e0\" data-element_type=\"widget\" data-e-type=\"widget\" data-widget_type=\"heading.default\">\n\t\t\t\t<div class=\"elementor-widget-container\">\n\t\t\t\t\t<h2 class=\"elementor-heading-title elementor-size-xl\">Datenblatt und Spezifikationen<\/h2>\t\t\t\t<\/div>\n\t\t\t\t<\/div>\n\t\t\t\t<div class=\"elementor-element elementor-element-3546f97 elementor-widget elementor-widget-text-editor\" data-id=\"3546f97\" data-element_type=\"widget\" data-e-type=\"widget\" data-widget_type=\"text-editor.default\">\n\t\t\t\t<div class=\"elementor-widget-container\">\n\t\t\t\t\t\t\t\t\t<p><a href=\"https:\/\/www.resimacsolutions.com\/uploads\/4\/5\/0\/7\/45072315\/301_epoxy_resin___hardener._tds.rv4.29112019.pdf\" target=\"_blank\" rel=\"noopener\">https:\/\/www.resimacsolutions.com\/uploads\/4\/5\/0\/7\/45072315\/301_epoxy_resin___hardener._tds.rv4.29112019.pdf<\/a><\/p><p>https:\/\/www.resimacsolutions.com\/uploads\/4\/5\/0\/7\/45072315\/301_ps.rv5.29112019.pdf\n <\/p>\t\t\t\t\t\t\t\t<\/div>\n\t\t\t\t<\/div>\n\t\t\t\t\t<\/div>\n\t\t\t\t<\/div>\n\t\t\t\t<\/div>\n\t\t","protected":false},"excerpt":{"rendered":"<p>Ein l\u00f6sungsmittelfreies, thixotropes Zweikomponenten-Epoxidharz wird f\u00fcr Injektionsanwendungen, das Verkleben unterschiedlicher Materialien und in Verbindung mit einer Reihe von B\u00e4ndern und Geweben zur Herstellung hochfester Verbundl\u00f6sungen verwendet.<\/p>\n","protected":false},"featured_media":28466,"template":"","meta":[],"product_brand":[],"product_cat":[964,1665],"product_tag":[1676,933,965,1130,1131,967],"class_list":{"0":"post-28465","1":"product","2":"type-product","3":"status-publish","4":"has-post-thumbnail","6":"product_cat-epoxy-de","7":"product_cat-schnelles-reparatur-und-beschichtungsset","8":"product_tag-abrieb","9":"product_tag-bescherming-de","10":"product_tag-epoxy-de","11":"product_tag-industrie-de","12":"product_tag-metall","13":"product_tag-reparatur","15":"first","16":"instock","17":"taxable","18":"shipping-taxable","19":"purchasable","20":"product-type-variable"},"_links":{"self":[{"href":"https:\/\/www.finres-sa.com\/de\/wp-json\/wp\/v2\/product\/28465","targetHints":{"allow":["GET"]}}],"collection":[{"href":"https:\/\/www.finres-sa.com\/de\/wp-json\/wp\/v2\/product"}],"about":[{"href":"https:\/\/www.finres-sa.com\/de\/wp-json\/wp\/v2\/types\/product"}],"version-history":[{"count":1,"href":"https:\/\/www.finres-sa.com\/de\/wp-json\/wp\/v2\/product\/28465\/revisions"}],"predecessor-version":[{"id":34569,"href":"https:\/\/www.finres-sa.com\/de\/wp-json\/wp\/v2\/product\/28465\/revisions\/34569"}],"wp:featuredmedia":[{"embeddable":true,"href":"https:\/\/www.finres-sa.com\/de\/wp-json\/wp\/v2\/media\/28466"}],"wp:attachment":[{"href":"https:\/\/www.finres-sa.com\/de\/wp-json\/wp\/v2\/media?parent=28465"}],"wp:term":[{"taxonomy":"product_brand","embeddable":true,"href":"https:\/\/www.finres-sa.com\/de\/wp-json\/wp\/v2\/product_brand?post=28465"},{"taxonomy":"product_cat","embeddable":true,"href":"https:\/\/www.finres-sa.com\/de\/wp-json\/wp\/v2\/product_cat?post=28465"},{"taxonomy":"product_tag","embeddable":true,"href":"https:\/\/www.finres-sa.com\/de\/wp-json\/wp\/v2\/product_tag?post=28465"}],"curies":[{"name":"wp","href":"https:\/\/api.w.org\/{rel}","templated":true}]}}