{"id":28503,"date":"2023-06-26T18:17:10","date_gmt":"2023-06-26T16:17:10","guid":{"rendered":"https:\/\/www.finres-sa.com\/product\/206-keramikfluessigkeit-hta-kit\/"},"modified":"2025-08-25T09:44:08","modified_gmt":"2025-08-25T07:44:08","slug":"206-keramikfluessigkeit-hta-kit","status":"publish","type":"product","link":"https:\/\/www.finres-sa.com\/de\/produkt\/206-keramikfluessigkeit-hta-kit\/","title":{"rendered":"RESIMAC 206 &#8211; Fl\u00fcssigkeramik HTA (KIT)"},"content":{"rendered":"<h2><strong>206 Keramikfl\u00fcssigkeit HTA (Kit)<\/strong><\/h2>\n<p>L\u00f6sungsmittelfreie Epoxid-Novolac-Beschichtung f\u00fcr Hochtemperatur-Immersion in S\u00e4uren.<\/p>\n<p>Die Resimac 206 Ceramic HTA Fl\u00fcssigkeit wurde entwickelt, um Ger\u00e4te zu sch\u00fctzen, die in Kontakt mit hochaggressiven S\u00e4uren und Chemikalien bei hohen Temperaturen betrieben werden. Die Beschichtung ist nach vollst\u00e4ndiger Aush\u00e4rtung in der Lage, Temperaturen von bis zu 110 \u00b0C bei kontinuierlicher Immersion in Schwefels\u00e4ure und Salzs\u00e4ure standzuhalten. <\/p>\n<p>&#8211; Auf abrasiv gestrahlte Oberfl\u00e4chen auftragen<\/p>\n<p>&#8211; Best\u00e4ndig bis 110 \u00b0C (230 \u00b0F) bei kontinuierlicher Immersion<\/p>\n<p>&#8211; Mit dem Pinsel in 2 Schichten auftragen<\/p>\n<h4>Typische Anwendungen<\/h4>\n<p>&#8211; Kondensat-Extraktionspumpen, W\u00e4rmer\u00fcckgewinnungstanks<\/p>\n<p>&#8211; Verdampfer von Destillationsanlagen, W\u00e4rmetauscher<\/p>\n<p>&#8211; Reinigungsanlagen<\/p>\n<h4>Vorbereitung der Oberfl\u00e4chen<\/h4>\n<p>Metallsubstrate \u2013 Abrasivstrahlen<\/p>\n<p>1. Jegliches \u00d6l und Fett muss mit einem geeigneten Reiniger wie MEK von der Oberfl\u00e4che entfernt werden.<\/p>\n<p>2. Alle Oberfl\u00e4chen m\u00fcssen gem\u00e4\u00df ISO 8501\/4 SA2.5 mit 75 Mikron (3 mil) unter Verwendung eines kantigen Schleifmittels gestrahlt werden.<\/p>\n<p>3. Nach dem Entrosten muss die Oberfl\u00e4che entfettet und mit MEK oder einem \u00e4hnlichen Produkt gereinigt werden.<\/p>\n<p>4. Alle Oberfl\u00e4chen m\u00fcssen beschichtet werden, bevor Korrosion oder Oxidation auftreten.<\/p>\n<p>HINWEIS: Bei salzverunreinigten Oberfl\u00e4chen muss das Substrat mit sauberem Wasser unter Druck gewaschen und auf Salzverunreinigung \u00fcberpr\u00fcft werden. Weitere Informationen finden Sie im Leitfaden zur Oberfl\u00e4chenvorbereitung und Voranwendung. <\/p>\n<h4>Mischung<\/h4>\n<p>Bevor Sie das Produkt mischen, stellen Sie bitte Folgendes sicher<\/p>\n<p>1. Die Basiskomponente hat eine Temperatur zwischen 15-25\u00b0C (60-77\u00b0F).<\/p>\n<p>2. Die Umgebungs- und Oberfl\u00e4chentemperatur liegt \u00fcber 10\u00b0C (50\u00b0F).<\/p>\n<p>3. Die Umgebungs- und Oberfl\u00e4chentemperaturen liegen nicht unter 3\u00b0C (6\u00b0F) \u00fcber dem Taupunkt.<\/p>\n<p>Nachdem diese 3 Pr\u00fcfungen durchgef\u00fchrt wurden, fahren Sie bitte mit dem Mischen des Produkts fort.<\/p>\n<p>1. \u00dcbertragen Sie den Inhalt der Aktivator-Einheit in den Basisbeh\u00e4lter.<\/p>\n<p>2. Mit dem mitgelieferten Spatel die 2 Komponenten mischen, bis ein gleichm\u00e4\u00dfiges, spurenfreies Material entsteht.<\/p>\n<p>3. Ab Beginn des Mischens muss das gesamte Material innerhalb von 25 Minuten bei 20\u00b0C (68\u00b0F) verbraucht werden.<\/p>\n<h4>Anwendung<\/h4>\n<p>1. Die erste Materialschicht sollte mit einer Zieldicke von 600 Mikron (24 mil) aufgetragen werden. Verwenden Sie einen Kunststoffapplikator als Rakel, um eine sehr d\u00fcnne Produktschicht aufzutragen und diese in das Strahlprofil zu dr\u00fccken. <\/p>\n<p>2. Besondere Aufmerksamkeit sollte detaillierten Bereichen wie Kanten, Ecken und Schwei\u00dfn\u00e4hten gewidmet werden, wo ein punktuelles Auftragen mit dem Pinsel erforderlich sein kann.<\/p>\n<p>3. Unmittelbar nach dem ersten Auftrag eine weitere Produktschicht mit Pinsel oder Applikator auftragen, um den erforderlichen Film zu erhalten, wobei die Filmdicke mit einem Nassfilmdickenmessger\u00e4t \u00fcberpr\u00fcft wird.<\/p>\n<p>4. Die Beschichtung mit dem Pinsel auftragen, um eine glatte Oberfl\u00e4che zu erzielen.<\/p>\n<p>5. Mindestens 16 Stunden bei 20\u00b0C (68\u00b0F) aush\u00e4rten lassen, bevor jegliche Verschmutzung durch Waschen mit einer Mischung aus Wasser und Reinigungsmittel und anschlie\u00dfend mit sauberem Wasser entfernt wird.<\/p>\n<p>6. Anschlie\u00dfend mit feinen K\u00f6rnern bei reduziertem Druck sandstrahlen und alle R\u00fcckst\u00e4nde entfernen, bevor mit MEK gewaschen wird. <\/p>\n<p>7. Die zweite Materialschicht sollte mit einer Zieldicke von 300 Mikron (12 mil) mit einem Pinsel oder Applikator aufgetragen werden und die Filmdicke erneut mit einem Nassfilm-Messger\u00e4t \u00fcberpr\u00fcft werden, bevor <\/p>\n<p>B\u00fcrste f\u00fcr ein glattes Finish.<\/p>\n<h4>Trockenzeit<\/h4>\n<p>Bei 20\u00b0C (68\u00b0F) m\u00fcssen die aufgetragenen Materialien f\u00fcr die unten angegebenen Zeiten aush\u00e4rten k\u00f6nnen, bevor sie den angegebenen Bedingungen ausgesetzt werden. Diese Zeiten verl\u00e4ngern sich bei niedrigeren Temperaturen und verk\u00fcrzen sich bei h\u00f6heren Temperaturen:  <\/p>\n<p>Gebrauchsdauer 25 Min.<\/p>\n<p>Minimale Spritzzeit 16 Stunden<\/p>\n<p>Maximale Sandstrahlzeit 48 Stunden<\/p>\n<p>Vollst\u00e4ndige Aush\u00e4rtung 3 Tage<\/p>\n<h4>Farbe<\/h4>\n<p>Gemischtes Material \u2013 Dunkelgrau, Hellgrau<\/p>\n<p>Basiskomponente \u2013 Dunkelgrau, Hellgrau<\/p>\n<p>Aktivator-Komponente \u2013 Bernsteinfarbene Fl\u00fcssigkeit<\/p>\n<h4>Haltbarkeitsdauer<\/h4>\n<p>5 Jahre, wenn das Produkt unge\u00f6ffnet und unter normalen trockenen Bedingungen (15-30\u00b0C\/ 60-86\u00b0F) gelagert wird<\/p>\n<h4>Technisches Datenblatt<\/h4>\n<p>https:\/\/www.resimacsolutions.com\/uploads\/4\/5\/0\/7\/45072315\/206_hta_tds.rv3.13052019_1.pdf<\/p>\n<h4>Produktspezifikation<\/h4>\n<p>https:\/\/www.resimacsolutions.com\/uploads\/4\/5\/0\/7\/45072315\/206hta_ps.rv3.13052019_1.pdf<\/p>\n","protected":false},"excerpt":{"rendered":"<p>Ein l\u00f6sungsmittelfreies, zweikomponentiges Epoxid-Novolac-Reparaturfluid.<\/p>\n<p>Das Produkt kann kontinuierlichen Eintauchbedingungen in Kohlenwasserstoffen und sauren Medien bis zu 110 \u00b0C standhalten.<\/p>\n","protected":false},"featured_media":28505,"template":"","meta":[],"product_brand":[],"product_cat":[964,1665],"product_tag":[1676,933,965,960,1130,1131,967],"class_list":{"0":"post-28503","1":"product","2":"type-product","3":"status-publish","4":"has-post-thumbnail","6":"product_cat-epoxy-de","7":"product_cat-schnelles-reparatur-und-beschichtungsset","8":"product_tag-abrieb","9":"product_tag-bescherming-de","10":"product_tag-epoxy-de","11":"product_tag-hohe-festigkeit","12":"product_tag-industrie-de","13":"product_tag-metall","14":"product_tag-reparatur","16":"first","17":"instock","18":"taxable","19":"shipping-taxable","20":"purchasable","21":"product-type-simple"},"_links":{"self":[{"href":"https:\/\/www.finres-sa.com\/de\/wp-json\/wp\/v2\/product\/28503","targetHints":{"allow":["GET"]}}],"collection":[{"href":"https:\/\/www.finres-sa.com\/de\/wp-json\/wp\/v2\/product"}],"about":[{"href":"https:\/\/www.finres-sa.com\/de\/wp-json\/wp\/v2\/types\/product"}],"version-history":[{"count":0,"href":"https:\/\/www.finres-sa.com\/de\/wp-json\/wp\/v2\/product\/28503\/revisions"}],"wp:featuredmedia":[{"embeddable":true,"href":"https:\/\/www.finres-sa.com\/de\/wp-json\/wp\/v2\/media\/28505"}],"wp:attachment":[{"href":"https:\/\/www.finres-sa.com\/de\/wp-json\/wp\/v2\/media?parent=28503"}],"wp:term":[{"taxonomy":"product_brand","embeddable":true,"href":"https:\/\/www.finres-sa.com\/de\/wp-json\/wp\/v2\/product_brand?post=28503"},{"taxonomy":"product_cat","embeddable":true,"href":"https:\/\/www.finres-sa.com\/de\/wp-json\/wp\/v2\/product_cat?post=28503"},{"taxonomy":"product_tag","embeddable":true,"href":"https:\/\/www.finres-sa.com\/de\/wp-json\/wp\/v2\/product_tag?post=28503"}],"curies":[{"name":"wp","href":"https:\/\/api.w.org\/{rel}","templated":true}]}}