{"id":28538,"date":"2023-06-26T18:17:10","date_gmt":"2023-06-26T16:17:10","guid":{"rendered":"https:\/\/www.finres-sa.com\/product\/201-keramik-reparaturpaste-kit\/"},"modified":"2025-12-19T14:31:39","modified_gmt":"2025-12-19T13:31:39","slug":"201-keramik-reparaturpaste-kit","status":"publish","type":"product","link":"https:\/\/www.finres-sa.com\/de\/produkt\/201-keramik-reparaturpaste-kit\/","title":{"rendered":"RESIMAC 201 &#8211; Keramik-Reparaturmasse (Set)"},"content":{"rendered":"\t\t<div data-elementor-type=\"product-post\" data-elementor-id=\"28538\" class=\"elementor elementor-28538\" data-elementor-post-type=\"product\">\n\t\t\t\t<div class=\"elementor-element elementor-element-10c483ad e-flex e-con-boxed e-con e-parent\" data-id=\"10c483ad\" data-element_type=\"container\" data-e-type=\"container\" data-settings=\"{&quot;jet_parallax_layout_list&quot;:[]}\">\n\t\t\t\t\t<div class=\"e-con-inner\">\n\t\t\t\t<div class=\"elementor-element elementor-element-3b123d6f elementor-widget elementor-widget-text-editor\" data-id=\"3b123d6f\" data-element_type=\"widget\" data-e-type=\"widget\" data-widget_type=\"text-editor.default\">\n\t\t\t\t<div class=\"elementor-widget-container\">\n\t\t\t\t\t\t\t\t\t<p>Eine l\u00f6sungsmittelfreie, zweiteilige Epoxid-Reparaturpaste, die geh\u00e4rtete Keramikpartikel f\u00fcr eine au\u00dfergew\u00f6hnliche Abriebfestigkeit enth\u00e4lt. Das Produkt kann zur Reparatur von verschlissenen oder besch\u00e4digten Metalloberfl\u00e4chen verwendet werden, die Erosion und Korrosion durch Fl\u00fcssigkeiten ausgesetzt sind. <\/p>\t\t\t\t\t\t\t\t<\/div>\n\t\t\t\t<\/div>\n\t\t\t\t\t<\/div>\n\t\t\t\t<\/div>\n\t\t<div class=\"elementor-element elementor-element-3d90330 e-flex e-con-boxed e-con e-parent\" data-id=\"3d90330\" data-element_type=\"container\" data-e-type=\"container\" data-settings=\"{&quot;jet_parallax_layout_list&quot;:[],&quot;background_background&quot;:&quot;classic&quot;}\">\n\t\t\t\t\t<div class=\"e-con-inner\">\n\t\t<div class=\"elementor-element elementor-element-57c00c4 e-grid e-con-boxed e-con e-child\" data-id=\"57c00c4\" data-element_type=\"container\" data-e-type=\"container\" data-settings=\"{&quot;jet_parallax_layout_list&quot;:[]}\">\n\t\t\t\t\t<div class=\"e-con-inner\">\n\t\t\t\t<div class=\"elementor-element elementor-element-a712a99 elementor-widget elementor-widget-heading\" data-id=\"a712a99\" data-element_type=\"widget\" data-e-type=\"widget\" data-widget_type=\"heading.default\">\n\t\t\t\t<div class=\"elementor-widget-container\">\n\t\t\t\t\t<h2 class=\"elementor-heading-title elementor-size-xl\">Anwendungen<\/h2>\t\t\t\t<\/div>\n\t\t\t\t<\/div>\n\t\t\t\t<div class=\"elementor-element elementor-element-39c7cd9 elementor-widget elementor-widget-heading\" data-id=\"39c7cd9\" data-element_type=\"widget\" data-e-type=\"widget\" data-widget_type=\"heading.default\">\n\t\t\t\t<div class=\"elementor-widget-container\">\n\t\t\t\t\t<h2 class=\"elementor-heading-title elementor-size-xl\">Metallsubstrate \u2013 Abrasivstrahlen<\/h2>\t\t\t\t<\/div>\n\t\t\t\t<\/div>\n\t\t\t\t\t<\/div>\n\t\t\t\t<\/div>\n\t\t<div class=\"elementor-element elementor-element-88faba2 e-grid e-con-boxed e-con e-child\" data-id=\"88faba2\" data-element_type=\"container\" data-e-type=\"container\" data-settings=\"{&quot;jet_parallax_layout_list&quot;:[]}\">\n\t\t\t\t\t<div class=\"e-con-inner\">\n\t\t\t\t<div class=\"elementor-element elementor-element-6a9b79b elementor-widget elementor-widget-text-editor\" data-id=\"6a9b79b\" data-element_type=\"widget\" data-e-type=\"widget\" data-widget_type=\"text-editor.default\">\n\t\t\t\t<div class=\"elementor-widget-container\">\n\t\t\t\t\t\t\t\t\t<p>Separatoren<\/p><p>Filter<\/p><p>Bugstrahlruder<\/p><p>Ruder<\/p><p>Zyklone<\/p><p>Pumpen<\/p><p>Ventile<\/p><p>Rohrinnenfl\u00e4chen<\/p><p>W\u00e4rmetauscher<\/p><p>Kondensatoren<\/p><p>Verarbeitungsbeh\u00e4lter<\/p>\t\t\t\t\t\t\t\t<\/div>\n\t\t\t\t<\/div>\n\t\t\t\t<div class=\"elementor-element elementor-element-f6e0362 elementor-widget elementor-widget-text-editor\" data-id=\"f6e0362\" data-element_type=\"widget\" data-e-type=\"widget\" data-widget_type=\"text-editor.default\">\n\t\t\t\t<div class=\"elementor-widget-container\">\n\t\t\t\t\t\t\t\t\t<p>1. S\u00e4mtliches \u00d6l und Fett muss mit einem geeigneten Reiniger wie MEK von der Oberfl\u00e4che entfernt werden.<\/p><p>2. Alle Oberfl\u00e4chen m\u00fcssen gem\u00e4\u00df ISO 8501\/4 SA2.5 (SSPC SP10\/NACE 2) mit einem Mindestprofil von 75 Mikron (3mil) unter Verwendung eines kantigen Schleifmittels sandgestrahlt werden.<\/p><p>von 75 Mikron (3mil) unter Verwendung eines kantigen Schleifmittels.<\/p><p>3. Nach dem Entrosten muss die Oberfl\u00e4che entfettet und mit MEK oder einem \u00e4hnlichen Produkt gereinigt werden.<\/p><p>4. Alle Oberfl\u00e4chen m\u00fcssen beschichtet werden, bevor Korrosion oder Oxidation auftreten.<\/p><p>HINWEIS: Bei salzbelasteten Oberfl\u00e4chen muss das Substrat mit sauberem Wasser druckgewaschen und auf Salzverunreinigungen \u00fcberpr\u00fcft werden.<\/p><p>Weitere Informationen finden Sie im Leitfaden zur Oberfl\u00e4chenvorbereitung und Voranwendung.<\/p>\t\t\t\t\t\t\t\t<\/div>\n\t\t\t\t<\/div>\n\t\t\t\t\t<\/div>\n\t\t\t\t<\/div>\n\t\t\t\t\t<\/div>\n\t\t\t\t<\/div>\n\t\t<div class=\"elementor-element elementor-element-16d2b8e e-flex e-con-boxed e-con e-parent\" data-id=\"16d2b8e\" data-element_type=\"container\" data-e-type=\"container\" data-settings=\"{&quot;jet_parallax_layout_list&quot;:[],&quot;background_background&quot;:&quot;classic&quot;}\">\n\t\t\t\t\t<div class=\"e-con-inner\">\n\t\t<div class=\"elementor-element elementor-element-80da6d9 e-grid e-con-boxed e-con e-child\" data-id=\"80da6d9\" data-element_type=\"container\" data-e-type=\"container\" data-settings=\"{&quot;jet_parallax_layout_list&quot;:[]}\">\n\t\t\t\t\t<div class=\"e-con-inner\">\n\t\t\t\t<div class=\"elementor-element elementor-element-32d2054 elementor-widget elementor-widget-heading\" data-id=\"32d2054\" data-element_type=\"widget\" data-e-type=\"widget\" data-widget_type=\"heading.default\">\n\t\t\t\t<div class=\"elementor-widget-container\">\n\t\t\t\t\t<h2 class=\"elementor-heading-title elementor-size-xl\">Mischung<\/h2>\t\t\t\t<\/div>\n\t\t\t\t<\/div>\n\t\t\t\t<div class=\"elementor-element elementor-element-044a676 elementor-widget elementor-widget-heading\" data-id=\"044a676\" data-element_type=\"widget\" data-e-type=\"widget\" data-widget_type=\"heading.default\">\n\t\t\t\t<div class=\"elementor-widget-container\">\n\t\t\t\t\t<h2 class=\"elementor-heading-title elementor-size-xl\">Anwendung<\/h2>\t\t\t\t<\/div>\n\t\t\t\t<\/div>\n\t\t\t\t\t<\/div>\n\t\t\t\t<\/div>\n\t\t<div class=\"elementor-element elementor-element-206d222 e-grid e-con-boxed e-con e-child\" data-id=\"206d222\" data-element_type=\"container\" data-e-type=\"container\" data-settings=\"{&quot;jet_parallax_layout_list&quot;:[]}\">\n\t\t\t\t\t<div class=\"e-con-inner\">\n\t\t\t\t<div class=\"elementor-element elementor-element-0dbf685 elementor-widget elementor-widget-text-editor\" data-id=\"0dbf685\" data-element_type=\"widget\" data-e-type=\"widget\" data-widget_type=\"text-editor.default\">\n\t\t\t\t<div class=\"elementor-widget-container\">\n\t\t\t\t\t\t\t\t\t<p>Bevor Sie das Produkt mischen, stellen Sie bitte Folgendes sicher<\/p><p>1. Die Basiskomponente hat eine Temperatur zwischen 15-25\u00b0C (60-77\u00b0F).<\/p><p>2. Die Umgebungs- und Oberfl\u00e4chentemperatur liegt \u00fcber 5\u00b0C (41F\u00b0).<\/p><p>Sobald diese beiden Kontrollen durchgef\u00fchrt wurden, fahren Sie bitte mit dem Mischen des Produkts fort.<\/p><p>Wenn Sie einen Teil einer Einheit mischen, befolgen Sie bitte die folgenden Anweisungen:<\/p><p>1. Geben Sie mit dem mitgelieferten Spatel 3 gleiche Mengen der Basiseinheit auf die mitgelieferte Mischplatte.<\/p><p>2. Reinigen Sie den Spatel gr\u00fcndlich.<\/p><p>3. Nehmen Sie dann 1 gleiche Menge der Aktivatoreinheit und legen Sie sie neben die Basismengen.<\/p><p>4. Mischen Sie die 2 Komponenten, bis Sie auf der Mischplatte eine schlierenfreie Mischung (mittelgrau) erhalten.<\/p><p>5. Stellen Sie sicher, dass sich kein ungemischtes Material auf dem Spatel oder der Mischplatte befindet.<\/p><p>Wenn Sie eine komplette Materialeinheit (1kg\/3kg) mischen, befolgen Sie die folgenden Anweisungen:<\/p><p>1. Verteilen Sie die gr\u00f6\u00dftm\u00f6gliche Menge der Basis- und Aktivatoreinheiten auf der mitgelieferten Mischplatte.<\/p><p>2. Mischen Sie die 2 Komponenten, bis Sie auf der Mischplatte eine schlierenfreie Mischung (mittelgrau) erhalten.<\/p><p>3. Stellen Sie sicher, dass sich kein ungemischtes Material auf dem Spatel oder der Mischplatte befindet.<\/p><p>Ab Beginn des Mischens muss das Material innerhalb von 30 Minuten bei 20\u00b0C (68F\u00b0) verarbeitet werden.<\/p>\t\t\t\t\t\t\t\t<\/div>\n\t\t\t\t<\/div>\n\t\t\t\t<div class=\"elementor-element elementor-element-57ca30f elementor-widget elementor-widget-text-editor\" data-id=\"57ca30f\" data-element_type=\"widget\" data-e-type=\"widget\" data-widget_type=\"text-editor.default\">\n\t\t\t\t<div class=\"elementor-widget-container\">\n\t\t\t\t\t\t\t\t\t<p>1. Tragen Sie das Material mit einem Spatel oder einem Applikationswerkzeug auf die vorbereitete Oberfl\u00e4che auf.<\/p><p>2. Stellen Sie sicher, dass das Produkt in alle L\u00f6cher, Narben oder Risse gedr\u00fcckt wird.<\/p><p>3. Nach Abschluss der Reparatur gl\u00e4tten Sie Unebenheiten mit einer behandschuhten Hand.<\/p>\t\t\t\t\t\t\t\t<\/div>\n\t\t\t\t<\/div>\n\t\t\t\t\t<\/div>\n\t\t\t\t<\/div>\n\t\t\t\t\t<\/div>\n\t\t\t\t<\/div>\n\t\t<div class=\"elementor-element elementor-element-261514b e-flex e-con-boxed e-con e-parent\" data-id=\"261514b\" data-element_type=\"container\" data-e-type=\"container\" data-settings=\"{&quot;jet_parallax_layout_list&quot;:[],&quot;background_background&quot;:&quot;classic&quot;}\">\n\t\t\t\t\t<div class=\"e-con-inner\">\n\t\t<div class=\"elementor-element elementor-element-a0619d5 e-grid e-con-boxed e-con e-child\" data-id=\"a0619d5\" data-element_type=\"container\" data-e-type=\"container\" data-settings=\"{&quot;jet_parallax_layout_list&quot;:[]}\">\n\t\t\t\t\t<div class=\"e-con-inner\">\n\t\t\t\t<div class=\"elementor-element elementor-element-2ead135 elementor-widget elementor-widget-heading\" data-id=\"2ead135\" data-element_type=\"widget\" data-e-type=\"widget\" data-widget_type=\"heading.default\">\n\t\t\t\t<div class=\"elementor-widget-container\">\n\t\t\t\t\t<h2 class=\"elementor-heading-title elementor-size-xl\">Trockenzeit<\/h2>\t\t\t\t<\/div>\n\t\t\t\t<\/div>\n\t\t\t\t<div class=\"elementor-element elementor-element-cb22e68 elementor-widget elementor-widget-heading\" data-id=\"cb22e68\" data-element_type=\"widget\" data-e-type=\"widget\" data-widget_type=\"heading.default\">\n\t\t\t\t<div class=\"elementor-widget-container\">\n\t\t\t\t\t<h2 class=\"elementor-heading-title elementor-size-xl\">Recovery-Zeit<\/h2>\t\t\t\t<\/div>\n\t\t\t\t<\/div>\n\t\t\t\t\t<\/div>\n\t\t\t\t<\/div>\n\t\t<div class=\"elementor-element elementor-element-d15d666 e-grid e-con-boxed e-con e-child\" data-id=\"d15d666\" data-element_type=\"container\" data-e-type=\"container\" data-settings=\"{&quot;jet_parallax_layout_list&quot;:[]}\">\n\t\t\t\t\t<div class=\"e-con-inner\">\n\t\t\t\t<div class=\"elementor-element elementor-element-e77e95f elementor-widget elementor-widget-text-editor\" data-id=\"e77e95f\" data-element_type=\"widget\" data-e-type=\"widget\" data-widget_type=\"text-editor.default\">\n\t\t\t\t<div class=\"elementor-widget-container\">\n\t\t\t\t\t\t\t\t\t<p>Bei 20\u00b0C (68F\u00b0) m\u00fcssen die aufgetragenen Materialien f\u00fcr die unten angegebenen Zeiten aush\u00e4rten k\u00f6nnen, bevor sie den angegebenen Bedingungen ausgesetzt werden.<\/p><p>Bedingungen. Diese Zeiten werden bei niedrigeren Temperaturen verl\u00e4ngert und bei h\u00f6heren Temperaturen verk\u00fcrzt: <\/p><p>Verarbeitungszeit 30 Minuten<\/p><p>Mindest\u00fcberarbeitungszeit 2 Stunden<\/p><p>Maximale \u00dcberarbeitungszeit 6 Stunden<\/p><p>Vollst\u00e4ndige Aush\u00e4rtung 3 Tage<\/p>\t\t\t\t\t\t\t\t<\/div>\n\t\t\t\t<\/div>\n\t\t\t\t<div class=\"elementor-element elementor-element-ef512db elementor-widget elementor-widget-text-editor\" data-id=\"ef512db\" data-element_type=\"widget\" data-e-type=\"widget\" data-widget_type=\"text-editor.default\">\n\t\t\t\t<div class=\"elementor-widget-container\">\n\t\t\t\t\t\t\t\t\t<p>Minimum &#8211; das aufgetragene Material kann bedeckt werden, sobald es sich trocken anf\u00fchlt.<\/p><p>Maximum \u2013 die \u00dcberarbeitungszeit sollte 6 Stunden nicht \u00fcberschreiten.<\/p><p>Wenn die maximale \u00dcberarbeitungszeit \u00fcberschritten wird, muss das Material aush\u00e4rten, bevor es abgeschliffen oder gestrahlt wird, um Oberfl\u00e4chenverunreinigungen zu entfernen.<\/p><p>um Verunreinigungen von der Oberfl\u00e4che zu entfernen.<\/p>\t\t\t\t\t\t\t\t<\/div>\n\t\t\t\t<\/div>\n\t\t\t\t\t<\/div>\n\t\t\t\t<\/div>\n\t\t\t\t\t<\/div>\n\t\t\t\t<\/div>\n\t\t<div class=\"elementor-element elementor-element-44f98cb e-flex e-con-boxed e-con e-parent\" data-id=\"44f98cb\" data-element_type=\"container\" data-e-type=\"container\" data-settings=\"{&quot;jet_parallax_layout_list&quot;:[],&quot;background_background&quot;:&quot;classic&quot;}\">\n\t\t\t\t\t<div class=\"e-con-inner\">\n\t\t<div class=\"elementor-element elementor-element-22b3532 e-grid e-con-boxed e-con e-child\" data-id=\"22b3532\" data-element_type=\"container\" data-e-type=\"container\" data-settings=\"{&quot;jet_parallax_layout_list&quot;:[]}\">\n\t\t\t\t\t<div class=\"e-con-inner\">\n\t\t\t\t<div class=\"elementor-element elementor-element-7e43003 elementor-widget elementor-widget-heading\" data-id=\"7e43003\" data-element_type=\"widget\" data-e-type=\"widget\" data-widget_type=\"heading.default\">\n\t\t\t\t<div class=\"elementor-widget-container\">\n\t\t\t\t\t<h2 class=\"elementor-heading-title elementor-size-xl\">Farbe<\/h2>\t\t\t\t<\/div>\n\t\t\t\t<\/div>\n\t\t\t\t<div class=\"elementor-element elementor-element-beb8363 elementor-widget elementor-widget-heading\" data-id=\"beb8363\" data-element_type=\"widget\" data-e-type=\"widget\" data-widget_type=\"heading.default\">\n\t\t\t\t<div class=\"elementor-widget-container\">\n\t\t\t\t\t<h2 class=\"elementor-heading-title elementor-size-xl\">Haltbarkeitsdauer<\/h2>\t\t\t\t<\/div>\n\t\t\t\t<\/div>\n\t\t\t\t\t<\/div>\n\t\t\t\t<\/div>\n\t\t<div class=\"elementor-element elementor-element-b538e40 e-grid e-con-boxed e-con e-child\" data-id=\"b538e40\" data-element_type=\"container\" data-e-type=\"container\" data-settings=\"{&quot;jet_parallax_layout_list&quot;:[]}\">\n\t\t\t\t\t<div class=\"e-con-inner\">\n\t\t\t\t<div class=\"elementor-element elementor-element-7a7b76e elementor-widget elementor-widget-text-editor\" data-id=\"7a7b76e\" data-element_type=\"widget\" data-e-type=\"widget\" data-widget_type=\"text-editor.default\">\n\t\t\t\t<div class=\"elementor-widget-container\">\n\t\t\t\t\t\t\t\t\t<p>Gemischtes Material &#8211; Mittelgrau<\/p><p>Basiskomponente \u2013 Dunkelgrau<\/p><p>Aktivator-Komponente \u2013 Hellgrau<\/p>\t\t\t\t\t\t\t\t<\/div>\n\t\t\t\t<\/div>\n\t\t\t\t<div class=\"elementor-element elementor-element-746dff7 elementor-widget elementor-widget-text-editor\" data-id=\"746dff7\" data-element_type=\"widget\" data-e-type=\"widget\" data-widget_type=\"text-editor.default\">\n\t\t\t\t<div class=\"elementor-widget-container\">\n\t\t\t\t\t\t\t\t\t<p>5 Jahre, wenn das Produkt unge\u00f6ffnet und unter normalen trockenen Bedingungen (15-30\u00b0C\/ 60-86\u00b0F) gelagert wird.<\/p>\t\t\t\t\t\t\t\t<\/div>\n\t\t\t\t<\/div>\n\t\t\t\t\t<\/div>\n\t\t\t\t<\/div>\n\t\t\t\t\t<\/div>\n\t\t\t\t<\/div>\n\t\t<div class=\"elementor-element elementor-element-dd827dc e-flex e-con-boxed e-con e-parent\" data-id=\"dd827dc\" data-element_type=\"container\" data-e-type=\"container\" data-settings=\"{&quot;jet_parallax_layout_list&quot;:[],&quot;background_background&quot;:&quot;classic&quot;}\">\n\t\t\t\t\t<div class=\"e-con-inner\">\n\t\t\t\t<div class=\"elementor-element elementor-element-daa5be9 elementor-widget elementor-widget-heading\" data-id=\"daa5be9\" data-element_type=\"widget\" data-e-type=\"widget\" data-widget_type=\"heading.default\">\n\t\t\t\t<div class=\"elementor-widget-container\">\n\t\t\t\t\t<h2 class=\"elementor-heading-title elementor-size-xl\">Datenblatt und Spezifikationen<\/h2>\t\t\t\t<\/div>\n\t\t\t\t<\/div>\n\t\t\t\t<div class=\"elementor-element elementor-element-16c39c2 elementor-widget elementor-widget-text-editor\" data-id=\"16c39c2\" data-element_type=\"widget\" data-e-type=\"widget\" data-widget_type=\"text-editor.default\">\n\t\t\t\t<div class=\"elementor-widget-container\">\n\t\t\t\t\t\t\t\t\t<p><a href=\"https:\/\/www.resimacsolutions.com\/uploads\/4\/5\/0\/7\/45072315\/201_cerampaste_tds.rv3.22052019.pdf\" target=\"_blank\" rel=\"noopener\">https:\/\/www.resimacsolutions.com\/uploads\/4\/5\/0\/7\/45072315\/201_cerampaste_tds.rv3.22052019.pdf<\/a><\/p><p><a href=\"https:\/\/www.resimacsolutions.com\/uploads\/4\/5\/0\/7\/45072315\/201_ps.rv4.22052019.pdf\" target=\"_blank\" rel=\"noopener\">https:\/\/www.resimacsolutions.com\/uploads\/4\/5\/0\/7\/45072315\/201_ps.rv4.22052019.pdf<\/a><\/p>\t\t\t\t\t\t\t\t<\/div>\n\t\t\t\t<\/div>\n\t\t\t\t\t<\/div>\n\t\t\t\t<\/div>\n\t\t\t\t<\/div>\n\t\t","protected":false},"excerpt":{"rendered":"<p>Resimetal 201 Keramik-Reparaturpaste ist eine l\u00f6sungsmittelfreie, zweiteilige Epoxid-Reparaturmasse, die geh\u00e4rtete Keramikf\u00fcllstoffe enth\u00e4lt, die zum Auff\u00fcllen von \u201eOberfl\u00e4chenerosion und Korrosion auf Metalloberfl\u00e4chen entwickelt wurden.<br \/>\n&#8211; Auf sandgestrahlte Oberfl\u00e4chen auftragen<br \/>\n&#8211; Ausgezeichnete Abrieb- und Verschlei\u00dffestigkeit<br \/>\n&#8211; In Schichtdicken bis zu\u201c 25 mm (1 Zoll) auftragen<\/p>\n","protected":false},"featured_media":28540,"template":"","meta":[],"product_brand":[],"product_cat":[964,1665],"product_tag":[1130,1131,967],"class_list":{"0":"post-28538","1":"product","2":"type-product","3":"status-publish","4":"has-post-thumbnail","6":"product_cat-epoxy-de","7":"product_cat-schnelles-reparatur-und-beschichtungsset","8":"product_tag-industrie-de","9":"product_tag-metall","10":"product_tag-reparatur","12":"first","13":"outofstock","14":"taxable","15":"shipping-taxable","16":"purchasable","17":"product-type-variable"},"_links":{"self":[{"href":"https:\/\/www.finres-sa.com\/de\/wp-json\/wp\/v2\/product\/28538","targetHints":{"allow":["GET"]}}],"collection":[{"href":"https:\/\/www.finres-sa.com\/de\/wp-json\/wp\/v2\/product"}],"about":[{"href":"https:\/\/www.finres-sa.com\/de\/wp-json\/wp\/v2\/types\/product"}],"version-history":[{"count":1,"href":"https:\/\/www.finres-sa.com\/de\/wp-json\/wp\/v2\/product\/28538\/revisions"}],"predecessor-version":[{"id":34579,"href":"https:\/\/www.finres-sa.com\/de\/wp-json\/wp\/v2\/product\/28538\/revisions\/34579"}],"wp:featuredmedia":[{"embeddable":true,"href":"https:\/\/www.finres-sa.com\/de\/wp-json\/wp\/v2\/media\/28540"}],"wp:attachment":[{"href":"https:\/\/www.finres-sa.com\/de\/wp-json\/wp\/v2\/media?parent=28538"}],"wp:term":[{"taxonomy":"product_brand","embeddable":true,"href":"https:\/\/www.finres-sa.com\/de\/wp-json\/wp\/v2\/product_brand?post=28538"},{"taxonomy":"product_cat","embeddable":true,"href":"https:\/\/www.finres-sa.com\/de\/wp-json\/wp\/v2\/product_cat?post=28538"},{"taxonomy":"product_tag","embeddable":true,"href":"https:\/\/www.finres-sa.com\/de\/wp-json\/wp\/v2\/product_tag?post=28538"}],"curies":[{"name":"wp","href":"https:\/\/api.w.org\/{rel}","templated":true}]}}