{"id":28547,"date":"2023-06-26T18:17:10","date_gmt":"2023-06-26T16:17:10","guid":{"rendered":"https:\/\/www.finres-sa.com\/product\/202-keramik-reparaturfluid-kit\/"},"modified":"2025-12-19T14:31:58","modified_gmt":"2025-12-19T13:31:58","slug":"202-keramik-reparaturfluid-kit","status":"publish","type":"product","link":"https:\/\/www.finres-sa.com\/de\/produkt\/202-keramik-reparaturfluid-kit\/","title":{"rendered":"RESIMAC 202 \u2013 Keramik-Reparaturfluid (KIT)"},"content":{"rendered":"\t\t<div data-elementor-type=\"product-post\" data-elementor-id=\"28547\" class=\"elementor elementor-28547\" data-elementor-post-type=\"product\">\n\t\t\t\t<div class=\"elementor-element elementor-element-3969eb4e e-flex e-con-boxed e-con e-parent\" data-id=\"3969eb4e\" data-element_type=\"container\" data-e-type=\"container\" data-settings=\"{&quot;jet_parallax_layout_list&quot;:[]}\">\n\t\t\t\t\t<div class=\"e-con-inner\">\n\t\t\t\t<div class=\"elementor-element elementor-element-1b3e6b29 elementor-widget elementor-widget-text-editor\" data-id=\"1b3e6b29\" data-element_type=\"widget\" data-e-type=\"widget\" data-widget_type=\"text-editor.default\">\n\t\t\t\t<div class=\"elementor-widget-container\">\n\t\t\t\t\t\t\t\t\t<p>Das Keramik-Reparaturfluid Resimac 202 ist ein erosions- und korrosionsbest\u00e4ndiges Produkt f\u00fcr Umgebungen mit starkem Abrieb.<\/p><p>Das Produkt enth\u00e4lt geh\u00e4rtete Keramikf\u00fcllstoffe und ist ideal f\u00fcr den Schutz von Metalloberfl\u00e4chen in<\/p><p>aggressiven Umgebungen.<\/p><p>&#8211; Auf abrasiv gestrahlte Oberfl\u00e4chen auftragen<\/p><p>&#8211; Auf Oberfl\u00e4chen auftragen, die mit der Metallreparaturpaste 101 oder der Keramikreparaturpaste 201 repariert wurden.<\/p><p>&#8211; Ideal f\u00fcr den Schutz von Metalloberfl\u00e4chen in Umgebungen, in denen Fl\u00fcssigkeiten aggressiv sind.<\/p>\t\t\t\t\t\t\t\t<\/div>\n\t\t\t\t<\/div>\n\t\t\t\t\t<\/div>\n\t\t\t\t<\/div>\n\t\t<div class=\"elementor-element elementor-element-8454ce8 e-flex e-con-boxed e-con e-parent\" data-id=\"8454ce8\" data-element_type=\"container\" data-e-type=\"container\" data-settings=\"{&quot;jet_parallax_layout_list&quot;:[],&quot;background_background&quot;:&quot;classic&quot;}\">\n\t\t\t\t\t<div class=\"e-con-inner\">\n\t\t\t\t<div class=\"elementor-element elementor-element-4e452ab elementor-widget elementor-widget-heading\" data-id=\"4e452ab\" data-element_type=\"widget\" data-e-type=\"widget\" data-widget_type=\"heading.default\">\n\t\t\t\t<div class=\"elementor-widget-container\">\n\t\t\t\t\t<h2 class=\"elementor-heading-title elementor-size-xl\">Vorbereitung der Oberfl\u00e4chen<\/h2>\t\t\t\t<\/div>\n\t\t\t\t<\/div>\n\t\t\t\t<div class=\"elementor-element elementor-element-93fa2eb elementor-widget elementor-widget-text-editor\" data-id=\"93fa2eb\" data-element_type=\"widget\" data-e-type=\"widget\" data-widget_type=\"text-editor.default\">\n\t\t\t\t<div class=\"elementor-widget-container\">\n\t\t\t\t\t\t\t\t\t<p>Metallsubstrate \u2013 Abrasivstrahlen<br><br>1. S\u00e4mtliches \u00d6l und Fett muss mit einem geeigneten Reiniger wie MEK von der Oberfl\u00e4che entfernt werden.<br><br>2. Alle Oberfl\u00e4chen m\u00fcssen gem\u00e4\u00df ISO 8501\/4 SA2.5 (SSPC SP10\/ NACE 2) mit einem abrasiven Strahlmittel gereinigt werden, wobei ein Mindestprofil von 75 Mikrometer (3 mil) mit einem kantigen Schleifmittel zu erzielen ist. <br><br>3. Nach dem Entrosten muss die Oberfl\u00e4che entfettet und mit MEK oder einem \u00e4hnlichen Produkt gereinigt werden.<br><br>4. Alle Oberfl\u00e4chen m\u00fcssen beschichtet werden, bevor Korrosion oder Oxidation auftreten.<br><br>HINWEIS: Bei salzbelasteten Oberfl\u00e4chen muss das Substrat mit sauberem Wasser druckgewaschen und auf Salzverunreinigungen \u00fcberpr\u00fcft werden.<br><br>Weitere Informationen finden Sie im Leitfaden zur Oberfl\u00e4chenvorbereitung und Voranwendung.<\/p>\t\t\t\t\t\t\t\t<\/div>\n\t\t\t\t<\/div>\n\t\t\t\t\t<\/div>\n\t\t\t\t<\/div>\n\t\t<div class=\"elementor-element elementor-element-2e150df e-flex e-con-boxed e-con e-parent\" data-id=\"2e150df\" data-element_type=\"container\" data-e-type=\"container\" data-settings=\"{&quot;jet_parallax_layout_list&quot;:[],&quot;background_background&quot;:&quot;classic&quot;}\">\n\t\t\t\t\t<div class=\"e-con-inner\">\n\t\t<div class=\"elementor-element elementor-element-f5ac6b5 e-grid e-con-boxed e-con e-child\" data-id=\"f5ac6b5\" data-element_type=\"container\" data-e-type=\"container\" data-settings=\"{&quot;jet_parallax_layout_list&quot;:[]}\">\n\t\t\t\t\t<div class=\"e-con-inner\">\n\t\t\t\t<div class=\"elementor-element elementor-element-ad16a0e elementor-widget elementor-widget-heading\" data-id=\"ad16a0e\" data-element_type=\"widget\" data-e-type=\"widget\" data-widget_type=\"heading.default\">\n\t\t\t\t<div class=\"elementor-widget-container\">\n\t\t\t\t\t<h2 class=\"elementor-heading-title elementor-size-xl\">Mischung<\/h2>\t\t\t\t<\/div>\n\t\t\t\t<\/div>\n\t\t\t\t<div class=\"elementor-element elementor-element-c69fd33 elementor-widget elementor-widget-heading\" data-id=\"c69fd33\" data-element_type=\"widget\" data-e-type=\"widget\" data-widget_type=\"heading.default\">\n\t\t\t\t<div class=\"elementor-widget-container\">\n\t\t\t\t\t<h2 class=\"elementor-heading-title elementor-size-xl\">Anwendung<\/h2>\t\t\t\t<\/div>\n\t\t\t\t<\/div>\n\t\t\t\t\t<\/div>\n\t\t\t\t<\/div>\n\t\t<div class=\"elementor-element elementor-element-66706a1 e-grid e-con-boxed e-con e-child\" data-id=\"66706a1\" data-element_type=\"container\" data-e-type=\"container\" data-settings=\"{&quot;jet_parallax_layout_list&quot;:[]}\">\n\t\t\t\t\t<div class=\"e-con-inner\">\n\t\t\t\t<div class=\"elementor-element elementor-element-fa246eb elementor-widget elementor-widget-text-editor\" data-id=\"fa246eb\" data-element_type=\"widget\" data-e-type=\"widget\" data-widget_type=\"text-editor.default\">\n\t\t\t\t<div class=\"elementor-widget-container\">\n\t\t\t\t\t\t\t\t\t<p>Bevor Sie mit dem Mischen beginnen, stellen Sie bitte Folgendes sicher:<\/p><p>1. Die Basiskomponente hat eine Temperatur zwischen 15-25\u00b0C (60-77\u00b0F).<\/p><p>2. Die Umgebungs- und Oberfl\u00e4chentemperatur liegt \u00fcber 10\u00b0C (50\u00b0F).<\/p><p>Nachdem diese 2 Kontrollen durchgef\u00fchrt wurden, fahren Sie bitte mit dem Mischen des Produkts fort.<\/p><p>Um die komplette Einheit (1 kg\/3 kg) zu mischen, befolgen Sie bitte die nachstehenden Anweisungen:<\/p><p>1. Gie\u00dfen Sie den Inhalt der Aktivator-Einheit in den Basisbeh\u00e4lter.<\/p><p>2. Stellen Sie sicher, dass so viel Material wie m\u00f6glich aus dem Aktivatorbeh\u00e4lter in den Basisbeh\u00e4lter abgelassen wird.<\/p><p>3. Mischen Sie die 2 Komponenten mit dem mitgelieferten Spatel.<\/p><p>4. Stellen Sie sicher, dass das Produkt schlierenfrei und von gleichm\u00e4\u00dfiger Farbe ist, bevor Sie es auf die zu reparierende Oberfl\u00e4che auftragen.<\/p><p>Ab Beginn des Mischens muss das Material innerhalb von 25 Minuten bei 20 \u00b0C (68 \u00b0F) verarbeitet werden.<\/p>\t\t\t\t\t\t\t\t<\/div>\n\t\t\t\t<\/div>\n\t\t\t\t<div class=\"elementor-element elementor-element-9299821 elementor-widget elementor-widget-text-editor\" data-id=\"9299821\" data-element_type=\"widget\" data-e-type=\"widget\" data-widget_type=\"text-editor.default\">\n\t\t\t\t<div class=\"elementor-widget-container\">\n\t\t\t\t\t\t\t\t\t<p>1. Verwenden Sie einen Kurzhaarpinsel mit einer Borstenl\u00e4nge von ca. 2 cm, um das gemischte Material aufzutragen.<\/p><p>2. Tragen Sie die Beschichtung in einer Nassfilmdicke von 250-350 Mikrometer (10-14 mil) auf.<\/p><p>3. Besondere Aufmerksamkeit sollte detaillierten Bereichen wie Kanten, Ecken und Schwei\u00dfn\u00e4hten gewidmet werden, wo ein Auftragen mit dem Pinsel durch<\/p><p>Tupfen erforderlich sein kann.<\/p><p>4. Lassen Sie die 1. Materialschicht etwa 2 Stunden bei 20 \u00b0C (68 \u00b0F) aush\u00e4rten.<\/p><p>5. Sobald die 1. Schicht ausreichend ausgeh\u00e4rtet ist, tragen Sie eine 2. Materialschicht mit einer Zieldicke von<\/p><p>250-350 Mikrometer (10-14 mil) auf.<\/p>\t\t\t\t\t\t\t\t<\/div>\n\t\t\t\t<\/div>\n\t\t\t\t\t<\/div>\n\t\t\t\t<\/div>\n\t\t\t\t\t<\/div>\n\t\t\t\t<\/div>\n\t\t<div class=\"elementor-element elementor-element-33e93ec e-flex e-con-boxed e-con e-parent\" data-id=\"33e93ec\" data-element_type=\"container\" data-e-type=\"container\" data-settings=\"{&quot;jet_parallax_layout_list&quot;:[],&quot;background_background&quot;:&quot;classic&quot;}\">\n\t\t\t\t\t<div class=\"e-con-inner\">\n\t\t<div class=\"elementor-element elementor-element-1fa647d e-grid e-con-boxed e-con e-child\" data-id=\"1fa647d\" data-element_type=\"container\" data-e-type=\"container\" data-settings=\"{&quot;jet_parallax_layout_list&quot;:[]}\">\n\t\t\t\t\t<div class=\"e-con-inner\">\n\t\t\t\t<div class=\"elementor-element elementor-element-2d297c0 elementor-widget elementor-widget-heading\" data-id=\"2d297c0\" data-element_type=\"widget\" data-e-type=\"widget\" data-widget_type=\"heading.default\">\n\t\t\t\t<div class=\"elementor-widget-container\">\n\t\t\t\t\t<h2 class=\"elementor-heading-title elementor-size-xl\">Aush\u00e4rtungszeit<\/h2>\t\t\t\t<\/div>\n\t\t\t\t<\/div>\n\t\t\t\t<div class=\"elementor-element elementor-element-2d19a83 elementor-widget elementor-widget-heading\" data-id=\"2d19a83\" data-element_type=\"widget\" data-e-type=\"widget\" data-widget_type=\"heading.default\">\n\t\t\t\t<div class=\"elementor-widget-container\">\n\t\t\t\t\t<h2 class=\"elementor-heading-title elementor-size-xl\">Recovery-Zeit<\/h2>\t\t\t\t<\/div>\n\t\t\t\t<\/div>\n\t\t\t\t\t<\/div>\n\t\t\t\t<\/div>\n\t\t<div class=\"elementor-element elementor-element-80b6b30 e-grid e-con-boxed e-con e-child\" data-id=\"80b6b30\" data-element_type=\"container\" data-e-type=\"container\" data-settings=\"{&quot;jet_parallax_layout_list&quot;:[]}\">\n\t\t\t\t\t<div class=\"e-con-inner\">\n\t\t\t\t<div class=\"elementor-element elementor-element-8a15044 elementor-widget elementor-widget-text-editor\" data-id=\"8a15044\" data-element_type=\"widget\" data-e-type=\"widget\" data-widget_type=\"text-editor.default\">\n\t\t\t\t<div class=\"elementor-widget-container\">\n\t\t\t\t\t\t\t\t\t<p>Bei 20\u00b0C (68F\u00b0) sollten Sie die aufgetragenen Materialien f\u00fcr die unten angegebenen Zeiten aush\u00e4rten lassen, bevor Sie sie den angegebenen Bedingungen aussetzen.<\/p><p>Bedingungen. Diese Zeiten werden bei niedrigeren Temperaturen verl\u00e4ngert und bei h\u00f6heren Temperaturen verk\u00fcrzt: <\/p><p>Verarbeitungszeit 25 Min.<\/p><p>Mindest\u00fcberarbeitungszeit 2 Stunden<\/p><p>Maximale \u00dcberarbeitungszeit 6 Stunden<\/p><p>Vollst\u00e4ndige Aush\u00e4rtung 2 Tage<\/p>\t\t\t\t\t\t\t\t<\/div>\n\t\t\t\t<\/div>\n\t\t\t\t<div class=\"elementor-element elementor-element-a0c9735 elementor-widget elementor-widget-text-editor\" data-id=\"a0c9735\" data-element_type=\"widget\" data-e-type=\"widget\" data-widget_type=\"text-editor.default\">\n\t\t\t\t<div class=\"elementor-widget-container\">\n\t\t\t\t\t\t\t\t\t<p>Minimum \u2013 das aufgetragene Material kann \u00fcberarbeitet werden, sobald es sich trocken anf\u00fchlt, d.h. nach etwa 2 Stunden bei 20 \u00b0C (68 \u00b0F).<\/p><p>Maximum \u2013 die \u00dcberarbeitungszeit sollte 6 Stunden nicht \u00fcberschreiten.<\/p><p>Wenn die maximale \u00dcberarbeitungszeit \u00fcberschritten wird, muss das Material aush\u00e4rten, bevor es abgeschliffen oder gestrahlt wird, um Oberfl\u00e4chenverunreinigungen zu entfernen.<\/p>\t\t\t\t\t\t\t\t<\/div>\n\t\t\t\t<\/div>\n\t\t\t\t\t<\/div>\n\t\t\t\t<\/div>\n\t\t\t\t\t<\/div>\n\t\t\t\t<\/div>\n\t\t<div class=\"elementor-element elementor-element-e0f7b76 e-flex e-con-boxed e-con e-parent\" data-id=\"e0f7b76\" data-element_type=\"container\" data-e-type=\"container\" data-settings=\"{&quot;jet_parallax_layout_list&quot;:[],&quot;background_background&quot;:&quot;classic&quot;}\">\n\t\t\t\t\t<div class=\"e-con-inner\">\n\t\t<div class=\"elementor-element elementor-element-48f3e2b e-grid e-con-boxed e-con e-child\" data-id=\"48f3e2b\" data-element_type=\"container\" data-e-type=\"container\" data-settings=\"{&quot;jet_parallax_layout_list&quot;:[]}\">\n\t\t\t\t\t<div class=\"e-con-inner\">\n\t\t\t\t<div class=\"elementor-element elementor-element-975dbc7 elementor-widget elementor-widget-heading\" data-id=\"975dbc7\" data-element_type=\"widget\" data-e-type=\"widget\" data-widget_type=\"heading.default\">\n\t\t\t\t<div class=\"elementor-widget-container\">\n\t\t\t\t\t<h2 class=\"elementor-heading-title elementor-size-xl\">Farbe<\/h2>\t\t\t\t<\/div>\n\t\t\t\t<\/div>\n\t\t\t\t<div class=\"elementor-element elementor-element-c493ba3 elementor-widget elementor-widget-heading\" data-id=\"c493ba3\" data-element_type=\"widget\" data-e-type=\"widget\" data-widget_type=\"heading.default\">\n\t\t\t\t<div class=\"elementor-widget-container\">\n\t\t\t\t\t<h2 class=\"elementor-heading-title elementor-size-xl\">Haltbarkeitsdauer<\/h2>\t\t\t\t<\/div>\n\t\t\t\t<\/div>\n\t\t\t\t\t<\/div>\n\t\t\t\t<\/div>\n\t\t<div class=\"elementor-element elementor-element-b85c89d e-grid e-con-boxed e-con e-child\" data-id=\"b85c89d\" data-element_type=\"container\" data-e-type=\"container\" data-settings=\"{&quot;jet_parallax_layout_list&quot;:[]}\">\n\t\t\t\t\t<div class=\"e-con-inner\">\n\t\t\t\t<div class=\"elementor-element elementor-element-8f5c1be elementor-widget elementor-widget-text-editor\" data-id=\"8f5c1be\" data-element_type=\"widget\" data-e-type=\"widget\" data-widget_type=\"text-editor.default\">\n\t\t\t\t<div class=\"elementor-widget-container\">\n\t\t\t\t\t\t\t\t\t<p>Gemischtes Material &#8211; Dunkelgrau, Hellgrau, Rot, Blau<\/p><p>Basiskomponente &#8211; Dunkelgrau, Hellgrau, Rot, Blau<\/p><p>Aktivator-Komponente \u2013 Bernsteinfarbene Fl\u00fcssigkeit<\/p>\t\t\t\t\t\t\t\t<\/div>\n\t\t\t\t<\/div>\n\t\t\t\t<div class=\"elementor-element elementor-element-31b49e0 elementor-widget elementor-widget-text-editor\" data-id=\"31b49e0\" data-element_type=\"widget\" data-e-type=\"widget\" data-widget_type=\"text-editor.default\">\n\t\t\t\t<div class=\"elementor-widget-container\">\n\t\t\t\t\t\t\t\t\t<p>5 Jahre, wenn das Produkt unge\u00f6ffnet und unter normalen trockenen Bedingungen (15-30\u00b0C\/ 60-86\u00b0F) gelagert wird.<\/p>\t\t\t\t\t\t\t\t<\/div>\n\t\t\t\t<\/div>\n\t\t\t\t\t<\/div>\n\t\t\t\t<\/div>\n\t\t\t\t\t<\/div>\n\t\t\t\t<\/div>\n\t\t<div class=\"elementor-element elementor-element-94e3c3f e-flex e-con-boxed e-con e-parent\" data-id=\"94e3c3f\" data-element_type=\"container\" data-e-type=\"container\" data-settings=\"{&quot;jet_parallax_layout_list&quot;:[],&quot;background_background&quot;:&quot;classic&quot;}\">\n\t\t\t\t\t<div class=\"e-con-inner\">\n\t\t\t\t<div class=\"elementor-element elementor-element-4d671d0 elementor-widget elementor-widget-heading\" data-id=\"4d671d0\" data-element_type=\"widget\" data-e-type=\"widget\" data-widget_type=\"heading.default\">\n\t\t\t\t<div class=\"elementor-widget-container\">\n\t\t\t\t\t<h2 class=\"elementor-heading-title elementor-size-xl\">Datenblatt und Spezifikationen<\/h2>\t\t\t\t<\/div>\n\t\t\t\t<\/div>\n\t\t\t\t<div class=\"elementor-element elementor-element-a88256e elementor-widget elementor-widget-text-editor\" data-id=\"a88256e\" data-element_type=\"widget\" data-e-type=\"widget\" data-widget_type=\"text-editor.default\">\n\t\t\t\t<div class=\"elementor-widget-container\">\n\t\t\t\t\t\t\t\t\t<p><a href=\"https:\/\/www.resimacsolutions.com\/uploads\/4\/5\/0\/7\/45072315\/202_ceramfluid_tds.rv3.12022019.pdf\" target=\"_blank\" rel=\"noopener\">https:\/\/www.resimacsolutions.com\/uploads\/4\/5\/0\/7\/45072315\/202_ceramfluid_tds.rv3.12022019.pdf<\/a><\/p><p><a href=\"https:\/\/www.resimacsolutions.com\/uploads\/4\/5\/0\/7\/45072315\/202_ps.rv4.22052019.pdf\" target=\"_blank\" rel=\"noopener\">https:\/\/www.resimacsolutions.com\/uploads\/4\/5\/0\/7\/45072315\/202_ps.rv4.22052019.pdf<\/a><\/p>\t\t\t\t\t\t\t\t<\/div>\n\t\t\t\t<\/div>\n\t\t\t\t\t<\/div>\n\t\t\t\t<\/div>\n\t\t\t\t<\/div>\n\t\t","protected":false},"excerpt":{"rendered":"<p>Ein l\u00f6semittelfreies Zweikomponenten-Epoxid-Reparaturfluid, das geh\u00e4rtete Keramikpartikel f\u00fcr eine au\u00dfergew\u00f6hnliche Abriebfestigkeit enth\u00e4lt.<br \/>\nDas Produkt kann zum Wiederherstellen von verschlissenen oder besch\u00e4digten Metalloberfl\u00e4chen verwendet werden, die anf\u00e4llig f\u00fcr \u201eErosion und Fl\u00fcssigkeitskorrosion sind:<br \/>\n&#8211; Erosionsgesch\u00e4digte Pumpengeh\u00e4use und Turbinen<br \/>\n&#8211; Erosionsgesch\u00e4digte Filterfl\u00e4chen<br \/>\n&#8211; Korrodierte Rohrb\u00f6den, Endplatten und Wasserk\u00e4sten<br \/>\n&#8211; Innenfl\u00e4chen von Rohren und B\u00f6gen<br \/>\n&#8211; Tunnel und Beschichtungen von Bugstrahlrudern d\u201c urch Erosion besch\u00e4digt<br \/>\n&#8211; Anstr\u00f6mkanten von Rudern<\/p>\n","protected":false},"featured_media":28549,"template":"","meta":[],"product_brand":[],"product_cat":[964,1665],"product_tag":[1676,933,1130,1131,967],"class_list":{"0":"post-28547","1":"product","2":"type-product","3":"status-publish","4":"has-post-thumbnail","6":"product_cat-epoxy-de","7":"product_cat-schnelles-reparatur-und-beschichtungsset","8":"product_tag-abrieb","9":"product_tag-bescherming-de","10":"product_tag-industrie-de","11":"product_tag-metall","12":"product_tag-reparatur","14":"first","15":"instock","16":"taxable","17":"shipping-taxable","18":"purchasable","19":"product-type-variable"},"_links":{"self":[{"href":"https:\/\/www.finres-sa.com\/de\/wp-json\/wp\/v2\/product\/28547","targetHints":{"allow":["GET"]}}],"collection":[{"href":"https:\/\/www.finres-sa.com\/de\/wp-json\/wp\/v2\/product"}],"about":[{"href":"https:\/\/www.finres-sa.com\/de\/wp-json\/wp\/v2\/types\/product"}],"version-history":[{"count":1,"href":"https:\/\/www.finres-sa.com\/de\/wp-json\/wp\/v2\/product\/28547\/revisions"}],"predecessor-version":[{"id":34584,"href":"https:\/\/www.finres-sa.com\/de\/wp-json\/wp\/v2\/product\/28547\/revisions\/34584"}],"wp:featuredmedia":[{"embeddable":true,"href":"https:\/\/www.finres-sa.com\/de\/wp-json\/wp\/v2\/media\/28549"}],"wp:attachment":[{"href":"https:\/\/www.finres-sa.com\/de\/wp-json\/wp\/v2\/media?parent=28547"}],"wp:term":[{"taxonomy":"product_brand","embeddable":true,"href":"https:\/\/www.finres-sa.com\/de\/wp-json\/wp\/v2\/product_brand?post=28547"},{"taxonomy":"product_cat","embeddable":true,"href":"https:\/\/www.finres-sa.com\/de\/wp-json\/wp\/v2\/product_cat?post=28547"},{"taxonomy":"product_tag","embeddable":true,"href":"https:\/\/www.finres-sa.com\/de\/wp-json\/wp\/v2\/product_tag?post=28547"}],"curies":[{"name":"wp","href":"https:\/\/api.w.org\/{rel}","templated":true}]}}