{"id":28560,"date":"2023-06-26T18:16:48","date_gmt":"2023-06-26T16:16:48","guid":{"rendered":"https:\/\/www.finres-sa.com\/product\/versiegelung-fuer-jesmonite-ac100-200-300\/"},"modified":"2026-02-13T14:43:56","modified_gmt":"2026-02-13T13:43:56","slug":"versiegelung-fuer-jesmonite-ac100-200-300","status":"publish","type":"product","link":"https:\/\/www.finres-sa.com\/de\/produkt\/versiegelung-fuer-jesmonite-ac100-200-300\/","title":{"rendered":"SEALER F\u00dcR JESMONITE AC100\/200\/300"},"content":{"rendered":"\t\t<div data-elementor-type=\"product-post\" data-elementor-id=\"28560\" class=\"elementor elementor-28560 elementor-5690\" data-elementor-post-type=\"product\">\n\t\t\t\t<div class=\"elementor-element elementor-element-70014027 e-flex e-con-boxed e-con e-parent\" data-id=\"70014027\" data-element_type=\"container\" data-e-type=\"container\" data-settings=\"{&quot;jet_parallax_layout_list&quot;:[]}\">\n\t\t\t\t\t<div class=\"e-con-inner\">\n\t\t\t\t<div class=\"elementor-element elementor-element-657e16f elementor-widget elementor-widget-text-editor\" data-id=\"657e16f\" data-element_type=\"widget\" data-e-type=\"widget\" data-widget_type=\"text-editor.default\">\n\t\t\t\t<div class=\"elementor-widget-container\">\n\t\t\t\t\t\t\t\t\t<p><span style=\"color: #233c76;\">Eine Sealer ist eine farblose Behandlung, die das Eindringen von Wasser in fl\u00fcssiger Form reduzieren soll.<\/span><\/p><p><span style=\"color: #233c76;\">Diese L\u00f6sung bietet einen transparenten Schutz und gew\u00e4hrleistet das matte Oberfl\u00e4chenbild von Jesmonite.<\/span><\/p><p><span style=\"color: #233c76;\">Ihre \u00f6l- und schmutzabweisenden Eigenschaften verhindern das Eindringen von Fett- oder Luftverschmutzungsflecken und das Eindringen von Tinten- und Farbpigmenten.<\/span><\/p><p><span style=\"color: #233c76;\">Die bemerkenswerte Vielseitigkeit der Versiegelung macht sie wirksam auf Jesmonite sowie auf verschiedenen anderen Materialien wie Terrakotta, Beton, Kalkstein, Bodenfliesen und Steinverkleidungen.<\/span><\/p><p><span style=\"color: #233c76;\">Die Verwendung einer Sealer bietet eine bessere Haltbarkeit f\u00fcr Au\u00dfenfl\u00e4chen, w\u00e4hrend die Flexibilit\u00e4t erhalten bleibt, die die thermische Regulierung und die nat\u00fcrliche Hydratation von Jesmonite-Produkten auszeichnet.<\/span><\/p><p><span style=\"color: #233c76;\">Besonders geeignet f\u00fcr AC100, AC200 und AC300 Verbundwerkstoffe<\/span><\/p><p><span style=\"color: #233c76;\">Nicht f\u00fcr die Herstellung von Kerzenbeh\u00e4ltern geeignet, bitte verwenden Sie den matten Lack <a href=\"https:\/\/www.finres-sa.com\/de\/produkt\/colortec\/\">colortec<\/a> oder den gl\u00e4nzenden Lack <a href=\"https:\/\/www.finres-sa.com\/de\/produkt\/colorfresh\/\">colorfresh<\/a>. <\/span><\/p><p> <\/p>\t\t\t\t\t\t\t\t<\/div>\n\t\t\t\t<\/div>\n\t\t\t\t\t<\/div>\n\t\t\t\t<\/div>\n\t\t<div class=\"elementor-element elementor-element-045d2ed e-flex e-con-boxed e-con e-parent\" data-id=\"045d2ed\" data-element_type=\"container\" data-e-type=\"container\" data-settings=\"{&quot;jet_parallax_layout_list&quot;:[],&quot;background_background&quot;:&quot;classic&quot;}\">\n\t\t\t\t\t<div class=\"e-con-inner\">\n\t\t<div class=\"elementor-element elementor-element-4defa6f e-grid e-con-boxed e-con e-child\" data-id=\"4defa6f\" data-element_type=\"container\" data-e-type=\"container\" data-settings=\"{&quot;jet_parallax_layout_list&quot;:[]}\">\n\t\t\t\t\t<div class=\"e-con-inner\">\n\t\t\t\t<div class=\"elementor-element elementor-element-2b332ac elementor-widget elementor-widget-heading\" data-id=\"2b332ac\" data-element_type=\"widget\" data-e-type=\"widget\" data-widget_type=\"heading.default\">\n\t\t\t\t<div class=\"elementor-widget-container\">\n\t\t\t\t\t<h2 class=\"elementor-heading-title elementor-size-xl\">Merkmale<\/h2>\t\t\t\t<\/div>\n\t\t\t\t<\/div>\n\t\t\t\t\t<\/div>\n\t\t\t\t<\/div>\n\t\t<div class=\"elementor-element elementor-element-6e57b82 e-grid e-con-boxed e-con e-child\" data-id=\"6e57b82\" data-element_type=\"container\" data-e-type=\"container\" data-settings=\"{&quot;jet_parallax_layout_list&quot;:[]}\">\n\t\t\t\t\t<div class=\"e-con-inner\">\n\t\t\t\t<div class=\"elementor-element elementor-element-75ad769 elementor-widget elementor-widget-text-editor\" data-id=\"75ad769\" data-element_type=\"widget\" data-e-type=\"widget\" data-widget_type=\"text-editor.default\">\n\t\t\t\t<div class=\"elementor-widget-container\">\n\t\t\t\t\t\t\t\t\t<p>Farblos, \u00e4ndert die Farbe nicht<\/p><p>Atmungsaktiv<\/p><p>Schnell trocknend<\/p><p>Kompatibel mit Jesmonite, Terrakotta, Beton und Naturstein<\/p><p>Theoretischer Verbrauch: 7m\u00b2\/lt<\/p><p>Lagerung: An einem trockenen Ort bei einer Temperatur zwischen 5\u00b0C und 30\u00b0C lagern<\/p><p>Haltbarkeit: 24 Monate ab Herstellungsdatum in der unge\u00f6ffneten Originalverpackung.<\/p>\t\t\t\t\t\t\t\t<\/div>\n\t\t\t\t<\/div>\n\t\t\t\t\t<\/div>\n\t\t\t\t<\/div>\n\t\t\t\t\t<\/div>\n\t\t\t\t<\/div>\n\t\t<div class=\"elementor-element elementor-element-b41bb18 e-flex e-con-boxed e-con e-parent\" data-id=\"b41bb18\" data-element_type=\"container\" data-e-type=\"container\" data-settings=\"{&quot;jet_parallax_layout_list&quot;:[],&quot;background_background&quot;:&quot;classic&quot;}\">\n\t\t\t\t\t<div class=\"e-con-inner\">\n\t\t<div class=\"elementor-element elementor-element-b63cb0f e-grid e-con-boxed e-con e-child\" data-id=\"b63cb0f\" data-element_type=\"container\" data-e-type=\"container\" data-settings=\"{&quot;jet_parallax_layout_list&quot;:[]}\">\n\t\t\t\t\t<div class=\"e-con-inner\">\n\t\t\t\t<div class=\"elementor-element elementor-element-15a56c2 elementor-widget elementor-widget-heading\" data-id=\"15a56c2\" data-element_type=\"widget\" data-e-type=\"widget\" data-widget_type=\"heading.default\">\n\t\t\t\t<div class=\"elementor-widget-container\">\n\t\t\t\t\t<h2 class=\"elementor-heading-title elementor-size-xl\">Umsetzung<\/h2>\t\t\t\t<\/div>\n\t\t\t\t<\/div>\n\t\t\t\t\t<\/div>\n\t\t\t\t<\/div>\n\t\t<div class=\"elementor-element elementor-element-28e7e71 e-grid e-con-boxed e-con e-child\" data-id=\"28e7e71\" data-element_type=\"container\" data-e-type=\"container\" data-settings=\"{&quot;jet_parallax_layout_list&quot;:[]}\">\n\t\t\t\t\t<div class=\"e-con-inner\">\n\t\t\t\t<div class=\"elementor-element elementor-element-e0224bb elementor-widget elementor-widget-text-editor\" data-id=\"e0224bb\" data-element_type=\"widget\" data-e-type=\"widget\" data-widget_type=\"text-editor.default\">\n\t\t\t\t<div class=\"elementor-widget-container\">\n\t\t\t\t\t\t\t\t\t<p style=\"margin: 0cm; margin-bottom: .0001pt;\"><span style=\"color: #233c76;\">Stellen Sie sicher, dass die zu behandelnde Oberfl\u00e4che sauber, trocken und frei von Staub oder anderen Spuren von Luftverschmutzung ist.<\/span><\/p><p style=\"margin: 0cm; margin-bottom: .0001pt;\"><span style=\"color: #233c76;\">Sch\u00fctteln Sie die sealersflasche vor Gebrauch und gie\u00dfen Sie die ben\u00f6tigte Menge in einen separaten Beh\u00e4lter.<\/span><\/p><p style=\"margin: 0cm; margin-bottom: .0001pt;\"><span style=\"color: #233c76;\">Tragen Sie eine gleichm\u00e4\u00dfige Schicht der sealer in kleinen Abschnitten auf und folgen Sie dabei den Konturen der Jesmonite-Oberfl\u00e4che.<\/span><\/p><p style=\"margin: 0cm; margin-bottom: .0001pt;\"><span style=\"color: #233c76;\">Vermeiden Sie es, zu viel aufzutragen und es laufen zu lassen, da \u00fcbersch\u00fcssige sealer das Endergebnis beeintr\u00e4chtigen kann.<\/span><\/p><p style=\"margin: 0cm; margin-bottom: .0001pt;\"><span style=\"color: #233c76;\">Tragen Sie eine oder zwei Schichten auf; falls eine zweite Schicht erforderlich ist, tragen Sie diese innerhalb von f\u00fcnfzehn Minuten nach der ersten auf, bevor diese trocknet und ihre Wirkung entfaltet.<\/span><\/p><p style=\"margin: 0cm; margin-bottom: .0001pt;\"><span style=\"color: #233c76;\">Vermeiden Sie direkte Sonneneinstrahlung w\u00e4hrend der Anwendung und sch\u00fctzen Sie die behandelten Oberfl\u00e4chen w\u00e4hrend der Trocknungszeit vor Regen und Frost.<\/span><\/p><p style=\"margin: 0cm; margin-bottom: .0001pt;\"><span style=\"color: #233c76;\">Bei der Anwendung auf vertikalen Fl\u00e4chen wird empfohlen, die Beschichtung im Zickzack von unten nach oben aufzutragen.<\/span><\/p><p style=\"margin: 0cm; margin-bottom: .0001pt;\"><span style=\"color: #233c76;\">Nicht verd\u00fcnnen oder mit anderen Produkten mischen.<\/span><\/p><p style=\"margin: 0cm; margin-bottom: .0001pt;\"><span style=\"color: #233c76;\">Die behandelte Oberfl\u00e4che regelm\u00e4\u00dfig pflegen.<\/span><\/p><p style=\"margin: 0cm; margin-bottom: .0001pt;\"><span style=\"color: #233c76;\">Verbleibende sealer nicht aus dem Beh\u00e4lter zur\u00fcck in den Originalbeh\u00e4lter gie\u00dfen.<\/span><\/p>\t\t\t\t\t\t\t\t<\/div>\n\t\t\t\t<\/div>\n\t\t\t\t\t<\/div>\n\t\t\t\t<\/div>\n\t\t\t\t\t<\/div>\n\t\t\t\t<\/div>\n\t\t<div class=\"elementor-element elementor-element-587577c e-flex e-con-boxed e-con e-parent\" data-id=\"587577c\" data-element_type=\"container\" data-e-type=\"container\" data-settings=\"{&quot;jet_parallax_layout_list&quot;:[],&quot;background_background&quot;:&quot;classic&quot;}\">\n\t\t\t\t\t<div class=\"e-con-inner\">\n\t\t<div class=\"elementor-element elementor-element-b251a32 e-grid e-con-boxed e-con e-child\" data-id=\"b251a32\" data-element_type=\"container\" data-e-type=\"container\" data-settings=\"{&quot;jet_parallax_layout_list&quot;:[]}\">\n\t\t\t\t\t<div class=\"e-con-inner\">\n\t\t\t\t<div class=\"elementor-element elementor-element-13d5d1f elementor-widget elementor-widget-heading\" data-id=\"13d5d1f\" data-element_type=\"widget\" data-e-type=\"widget\" data-widget_type=\"heading.default\">\n\t\t\t\t<div class=\"elementor-widget-container\">\n\t\t\t\t\t<h2 class=\"elementor-heading-title elementor-size-xl\">Sicherheit<\/h2>\t\t\t\t<\/div>\n\t\t\t\t<\/div>\n\t\t\t\t\t<\/div>\n\t\t\t\t<\/div>\n\t\t<div class=\"elementor-element elementor-element-943b306 e-grid e-con-boxed e-con e-child\" data-id=\"943b306\" data-element_type=\"container\" data-e-type=\"container\" data-settings=\"{&quot;jet_parallax_layout_list&quot;:[]}\">\n\t\t\t\t\t<div class=\"e-con-inner\">\n\t\t\t\t<div class=\"elementor-element elementor-element-d7acf4a elementor-widget elementor-widget-text-editor\" data-id=\"d7acf4a\" data-element_type=\"widget\" data-e-type=\"widget\" data-widget_type=\"text-editor.default\">\n\t\t\t\t<div class=\"elementor-widget-container\">\n\t\t\t\t\t\t\t\t\t<p style=\"margin: 0cm; margin-bottom: .0001pt;\"><span style=\"color: #233c76;\">Die \u00fcblichen Vorsichtsma\u00dfnahmen sind zu beachten. Zum Beispiel: Nicht essen, trinken oder rauchen am Arbeitsplatz. <\/span><\/p>\t\t\t\t\t\t\t\t<\/div>\n\t\t\t\t<\/div>\n\t\t\t\t\t<\/div>\n\t\t\t\t<\/div>\n\t\t\t\t\t<\/div>\n\t\t\t\t<\/div>\n\t\t\t\t<\/div>\n\t\t","protected":false},"excerpt":{"rendered":"<p>Die Sealer wurde entwickelt, um eine transparente Schutzschicht auf der Oberfl\u00e4che aller Jesmonite-Verbundmaterialien zu bilden.<\/p>\n<p>Diese Beschichtung ist ein wirksames Abwehrmittel gegen jeden kurzzeitigen Kontakt mit Feuchtigkeit.<\/p>\n","protected":false},"featured_media":28562,"template":"","meta":[],"product_brand":[],"product_cat":[919,1569],"product_tag":[927,925,933,897,899,924,923,944,922,898],"class_list":{"0":"post-28560","1":"product","2":"type-product","3":"status-publish","4":"has-post-thumbnail","6":"product_cat-jesmonite-de","7":"product_cat-zusatzstoffe","8":"product_tag-additief-de","9":"product_tag-beeld-de","10":"product_tag-bescherming-de","11":"product_tag-decoratie-de","12":"product_tag-gieten-de","13":"product_tag-jesmoniet-de","14":"product_tag-milieuvriendelijk-de","15":"product_tag-schichtung","16":"product_tag-stijf-de","17":"product_tag-toon-de","19":"first","20":"instock","21":"taxable","22":"shipping-taxable","23":"purchasable","24":"product-type-variable"},"_links":{"self":[{"href":"https:\/\/www.finres-sa.com\/de\/wp-json\/wp\/v2\/product\/28560","targetHints":{"allow":["GET"]}}],"collection":[{"href":"https:\/\/www.finres-sa.com\/de\/wp-json\/wp\/v2\/product"}],"about":[{"href":"https:\/\/www.finres-sa.com\/de\/wp-json\/wp\/v2\/types\/product"}],"version-history":[{"count":1,"href":"https:\/\/www.finres-sa.com\/de\/wp-json\/wp\/v2\/product\/28560\/revisions"}],"predecessor-version":[{"id":36362,"href":"https:\/\/www.finres-sa.com\/de\/wp-json\/wp\/v2\/product\/28560\/revisions\/36362"}],"wp:featuredmedia":[{"embeddable":true,"href":"https:\/\/www.finres-sa.com\/de\/wp-json\/wp\/v2\/media\/28562"}],"wp:attachment":[{"href":"https:\/\/www.finres-sa.com\/de\/wp-json\/wp\/v2\/media?parent=28560"}],"wp:term":[{"taxonomy":"product_brand","embeddable":true,"href":"https:\/\/www.finres-sa.com\/de\/wp-json\/wp\/v2\/product_brand?post=28560"},{"taxonomy":"product_cat","embeddable":true,"href":"https:\/\/www.finres-sa.com\/de\/wp-json\/wp\/v2\/product_cat?post=28560"},{"taxonomy":"product_tag","embeddable":true,"href":"https:\/\/www.finres-sa.com\/de\/wp-json\/wp\/v2\/product_tag?post=28560"}],"curies":[{"name":"wp","href":"https:\/\/api.w.org\/{rel}","templated":true}]}}