{"id":28591,"date":"2023-06-26T18:15:55","date_gmt":"2023-06-26T16:15:55","guid":{"rendered":"https:\/\/www.finres-sa.com\/product\/transparentes-polyester-zum-giessen-tra-kit\/"},"modified":"2025-12-12T09:43:50","modified_gmt":"2025-12-12T08:43:50","slug":"transparentes-polyester-zum-giessen-tra-kit","status":"publish","type":"product","link":"https:\/\/www.finres-sa.com\/de\/produkt\/transparentes-polyester-zum-giessen-tra-kit\/","title":{"rendered":"TRA Transparentes Gie\u00dfpolyester (KIT)"},"content":{"rendered":"<p>Transparentes Polyester<\/p>\n<p>Dieses Polyesterharz besteht aus zwei Komponenten. Es handelt sich um ein transparentes Polyesterharz mit sehr guter UV-Best\u00e4ndigkeit \u2013 eines der Hauptmerkmale eines Polyesterharzes im Vergleich zu Epoxidharz. Sie verwenden dieses Produkt f\u00fcr den kristallklaren Polyesterguss, z. B. zum Gie\u00dfen von zerbrechlichen Objekten, Hochzeitsstr\u00e4u\u00dfen, Fotos, Muscheln und vielem mehr.  <\/p>\n<p><strong>Vorteile<\/strong><\/p>\n<p>Die Vorteile von Polyester-Gie\u00dfharz<\/p>\n<p>Polyester-Gie\u00dfharz ist ein gutes Harz f\u00fcr verschiedene Anwendungen.<\/p>\n<p>Einfache Verarbeitung<\/p>\n<p>Schnell h\u00e4rtend<\/p>\n<p>Organische Materialien k\u00f6nnen eingegossen werden<\/p>\n<p>Kann mit vielen Pigmenten eingef\u00e4rbt werden<\/p>\n<p>UV-best\u00e4ndig<\/p>\n<p>Sehr gut bearbeitbar, z. B. durch Schleifen, Bohren oder Polieren.<\/p>\n<p><strong>Vorsichtsma\u00dfnahmen<\/strong><\/p>\n<p>Ein Polyester-Gie\u00dfharz schrumpft, ist entflammbar und riecht bei der Verarbeitung. Au\u00dferdem ist es nicht zum Gie\u00dfen in eine Holzform geeignet. <\/p>\n<p><strong>Anweisungen<\/strong><\/p>\n<p>Mischen Sie das Harz mit 1-3% Mekp-H\u00e4rter (abh\u00e4ngig vom zu gie\u00dfenden Volumen) und gie\u00dfen Sie das Harz blasenfrei in die Form. Die Topfzeit betr\u00e4gt 30 Minuten bei 20\u00b0C. Bereiten Sie immer kleine Mengen entsprechend der Topfzeit vor. Beim Gie\u00dfen gro\u00dfer Harzmengen maximal 0,5 bis 1% H\u00e4rter hinzuf\u00fcgen. Gie\u00dfen Sie keine Metallobjekte ein, da diese mit dem Harz reagieren k\u00f6nnten.    <\/p>\n","protected":false},"excerpt":{"rendered":"<p>Transparentes Polyester<\/p>\n<p>Dieses Polyesterharz besteht aus zwei Komponenten. Es handelt sich um ein transparentes Polyesterharz mit sehr guter UV-Best\u00e4ndigkeit \u2013 eines der Hauptmerkmale eines Polyesterharzes im Vergleich zu Epoxidharz. Sie verwenden dieses Produkt f\u00fcr den kristallklaren Polyesterguss, z. B. zum Gie\u00dfen von zerbrechlichen Objekten, Hochzeitsstr\u00e4u\u00dfen, Fotos, Muscheln und vielem mehr.  <\/p>\n","protected":false},"featured_media":28593,"template":"","meta":[],"product_brand":[],"product_cat":[1060,1807,1694],"product_tag":[1695,900,1696,1168,971,1100],"class_list":{"0":"post-28591","1":"product","2":"type-product","3":"status-publish","4":"has-post-thumbnail","6":"product_cat-polyester-de","7":"product_cat-sonderangebote","8":"product_cat-transparentes-polyester-giesharz","9":"product_tag-blumen","10":"product_tag-cast-de","11":"product_tag-foto-de","12":"product_tag-muschel","13":"product_tag-on-sale-de","14":"product_tag-polyester-de","16":"first","17":"instock","18":"sale","19":"taxable","20":"shipping-taxable","21":"purchasable","22":"product-type-variable"},"_links":{"self":[{"href":"https:\/\/www.finres-sa.com\/de\/wp-json\/wp\/v2\/product\/28591","targetHints":{"allow":["GET"]}}],"collection":[{"href":"https:\/\/www.finres-sa.com\/de\/wp-json\/wp\/v2\/product"}],"about":[{"href":"https:\/\/www.finres-sa.com\/de\/wp-json\/wp\/v2\/types\/product"}],"version-history":[{"count":0,"href":"https:\/\/www.finres-sa.com\/de\/wp-json\/wp\/v2\/product\/28591\/revisions"}],"wp:featuredmedia":[{"embeddable":true,"href":"https:\/\/www.finres-sa.com\/de\/wp-json\/wp\/v2\/media\/28593"}],"wp:attachment":[{"href":"https:\/\/www.finres-sa.com\/de\/wp-json\/wp\/v2\/media?parent=28591"}],"wp:term":[{"taxonomy":"product_brand","embeddable":true,"href":"https:\/\/www.finres-sa.com\/de\/wp-json\/wp\/v2\/product_brand?post=28591"},{"taxonomy":"product_cat","embeddable":true,"href":"https:\/\/www.finres-sa.com\/de\/wp-json\/wp\/v2\/product_cat?post=28591"},{"taxonomy":"product_tag","embeddable":true,"href":"https:\/\/www.finres-sa.com\/de\/wp-json\/wp\/v2\/product_tag?post=28591"}],"curies":[{"name":"wp","href":"https:\/\/api.w.org\/{rel}","templated":true}]}}