{"id":28599,"date":"2023-06-26T18:15:55","date_gmt":"2023-06-26T16:15:55","guid":{"rendered":"https:\/\/www.finres-sa.com\/product\/polyurethanlack-g4\/"},"modified":"2026-03-16T16:42:03","modified_gmt":"2026-03-16T15:42:03","slug":"polyurethanlack-g4","status":"publish","type":"product","link":"https:\/\/www.finres-sa.com\/de\/produkt\/polyurethanlack-g4\/","title":{"rendered":"G4 Polyurethanlack"},"content":{"rendered":"\t\t<div data-elementor-type=\"product-post\" data-elementor-id=\"28599\" class=\"elementor elementor-28599 elementor-5617\" data-elementor-post-type=\"product\">\n\t\t\t\t<div class=\"elementor-element elementor-element-205ec259 e-flex e-con-boxed e-con e-parent\" data-id=\"205ec259\" data-element_type=\"container\" data-e-type=\"container\" data-settings=\"{&quot;jet_parallax_layout_list&quot;:[]}\">\n\t\t\t\t\t<div class=\"e-con-inner\">\n\t\t\t\t<div class=\"elementor-element elementor-element-29839539 elementor-widget elementor-widget-text-editor\" data-id=\"29839539\" data-element_type=\"widget\" data-e-type=\"widget\" data-widget_type=\"text-editor.default\">\n\t\t\t\t<div class=\"elementor-widget-container\">\n\t\t\t\t\t\t\t\t\t<p><span style=\"color: #233c76;\">Einkomponenten-Polyurethanlack<\/span><br><span style=\"color: #233c76;\">G4 wird als Lack oder Grundierung verwendet und dient als Haftgrundierung bei Schicht\u00fcberz\u00fcgen auf Stein oder Beton.<\/span><br><span style=\"color: #233c76;\">Ohne UV-Filter. Sehr best\u00e4ndig gegen L\u00f6sungsmittel, Chemikalien und Abrieb. <\/span><\/p>\t\t\t\t\t\t\t\t<\/div>\n\t\t\t\t<\/div>\n\t\t\t\t\t<\/div>\n\t\t\t\t<\/div>\n\t\t<div class=\"elementor-element elementor-element-901b841 e-flex e-con-boxed e-con e-parent\" data-id=\"901b841\" data-element_type=\"container\" data-e-type=\"container\" data-settings=\"{&quot;jet_parallax_layout_list&quot;:[],&quot;background_background&quot;:&quot;classic&quot;}\">\n\t\t\t\t\t<div class=\"e-con-inner\">\n\t\t<div class=\"elementor-element elementor-element-d831784 e-grid e-con-boxed e-con e-child\" data-id=\"d831784\" data-element_type=\"container\" data-e-type=\"container\" data-settings=\"{&quot;jet_parallax_layout_list&quot;:[]}\">\n\t\t\t\t\t<div class=\"e-con-inner\">\n\t\t\t\t<div class=\"elementor-element elementor-element-1c4896a elementor-widget elementor-widget-heading\" data-id=\"1c4896a\" data-element_type=\"widget\" data-e-type=\"widget\" data-widget_type=\"heading.default\">\n\t\t\t\t<div class=\"elementor-widget-container\">\n\t\t\t\t\t<h2 class=\"elementor-heading-title elementor-size-xl\">Merkmale<\/h2>\t\t\t\t<\/div>\n\t\t\t\t<\/div>\n\t\t\t\t\t<\/div>\n\t\t\t\t<\/div>\n\t\t<div class=\"elementor-element elementor-element-0f25b95 e-grid e-con-boxed e-con e-child\" data-id=\"0f25b95\" data-element_type=\"container\" data-e-type=\"container\" data-settings=\"{&quot;jet_parallax_layout_list&quot;:[]}\">\n\t\t\t\t\t<div class=\"e-con-inner\">\n\t\t\t\t<div class=\"elementor-element elementor-element-15bc514 elementor-widget elementor-widget-text-editor\" data-id=\"15bc514\" data-element_type=\"widget\" data-e-type=\"widget\" data-widget_type=\"text-editor.default\">\n\t\t\t\t<div class=\"elementor-widget-container\">\n\t\t\t\t\t\t\t\t\t<p>Der Untergrund muss sauber, trocken und fettfrei sein.<\/p><p>Zwischen den Schichten 2 bis 4 Stunden (maximal).<\/p><p>Verbrauch: 250 ml\/m\u00b2 pro Schicht<\/p><p>Relative Dichte: 1,02<\/p><p>Farbe: br\u00e4unlich-transluzent<\/p><p>Lagerung: 6 Monate in geschlossener Verpackung &lt; 20\u00b0C<\/p>\t\t\t\t\t\t\t\t<\/div>\n\t\t\t\t<\/div>\n\t\t\t\t\t<\/div>\n\t\t\t\t<\/div>\n\t\t\t\t\t<\/div>\n\t\t\t\t<\/div>\n\t\t\t\t<\/div>\n\t\t","protected":false},"excerpt":{"rendered":"<p>Einkomponenten-Polyurethanlack<\/p>\n<p>G4 wird als Lack oder Grundierung verwendet und dient als Haftgrundierung bei Schicht\u00fcberz\u00fcgen auf Stein oder Beton. Ohne UV-Filter. Sehr best\u00e4ndig gegen L\u00f6sungsmittel, Chemikalien und Abrieb. <\/p>\n","protected":false},"featured_media":14418,"template":"","meta":[],"product_brand":[],"product_cat":[1698,937],"product_tag":[1699,1701,931,1700],"class_list":{"0":"post-28599","1":"product","2":"type-product","3":"status-publish","4":"has-post-thumbnail","6":"product_cat-grundierung-g4","7":"product_cat-polyurethaan-de","8":"product_tag-basis-de","9":"product_tag-grundierung","10":"product_tag-lack","11":"product_tag-polyurethan","13":"first","14":"instock","15":"taxable","16":"shipping-taxable","17":"purchasable","18":"product-type-variable"},"_links":{"self":[{"href":"https:\/\/www.finres-sa.com\/de\/wp-json\/wp\/v2\/product\/28599","targetHints":{"allow":["GET"]}}],"collection":[{"href":"https:\/\/www.finres-sa.com\/de\/wp-json\/wp\/v2\/product"}],"about":[{"href":"https:\/\/www.finres-sa.com\/de\/wp-json\/wp\/v2\/types\/product"}],"version-history":[{"count":1,"href":"https:\/\/www.finres-sa.com\/de\/wp-json\/wp\/v2\/product\/28599\/revisions"}],"predecessor-version":[{"id":37321,"href":"https:\/\/www.finres-sa.com\/de\/wp-json\/wp\/v2\/product\/28599\/revisions\/37321"}],"wp:featuredmedia":[{"embeddable":true,"href":"https:\/\/www.finres-sa.com\/de\/wp-json\/wp\/v2\/media\/14418"}],"wp:attachment":[{"href":"https:\/\/www.finres-sa.com\/de\/wp-json\/wp\/v2\/media?parent=28599"}],"wp:term":[{"taxonomy":"product_brand","embeddable":true,"href":"https:\/\/www.finres-sa.com\/de\/wp-json\/wp\/v2\/product_brand?post=28599"},{"taxonomy":"product_cat","embeddable":true,"href":"https:\/\/www.finres-sa.com\/de\/wp-json\/wp\/v2\/product_cat?post=28599"},{"taxonomy":"product_tag","embeddable":true,"href":"https:\/\/www.finres-sa.com\/de\/wp-json\/wp\/v2\/product_tag?post=28599"}],"curies":[{"name":"wp","href":"https:\/\/api.w.org\/{rel}","templated":true}]}}