{"id":28608,"date":"2023-06-26T18:15:55","date_gmt":"2023-06-26T16:15:55","guid":{"rendered":"https:\/\/www.finres-sa.com\/product\/polyester-spachtelmasse-few-set\/"},"modified":"2023-06-26T18:15:55","modified_gmt":"2023-06-26T16:15:55","slug":"polyester-spachtelmasse-few-set","status":"publish","type":"product","link":"https:\/\/www.finres-sa.com\/de\/produkt\/polyester-spachtelmasse-few-set\/","title":{"rendered":"POLYESTER-SPACHTELMASSE FEW (SET)"},"content":{"rendered":"<p>Feine wei\u00dfe Polyester-Spachtelmasse<\/p>\n<p>FEW ist eine sehr leicht schleifbare Polyester-Spachtelmasse, die eine glatte, porenfreie Oberfl\u00e4che erm\u00f6glicht. FEW kann je nach Bedarf in mehreren Schichten auf Blech, Polyesterlaminaten, Holz, Stein oder anderen Polyester-Spachtelmassen aufgetragen werden. <\/p>\n<p><strong>Beschreibung<\/strong><\/p>\n<p>Beispiel f\u00fcr das Mischungsverh\u00e4ltnis bei 1 kg: Set aus 970 g Spachtelmasse + 30 g H\u00e4rter<\/p>\n<p><strong>Merkmale<\/strong><\/p>\n<p>Der Untergrund muss sauber, trocken, fettfrei und vorher angeschliffen sein. Anwendungsbeispiel: F\u00fcr 100 g FEW-Spachtelmasse sollten 2 bis 3 g BPO-H\u00e4rter sorgf\u00e4ltig gemischt werden, und zwar vor dem Auftragen auf den Untergrund. Verarbeitungszeit: ca. 5 Minuten bei +20\u00b0C. Eine h\u00f6here Temperatur beschleunigt die Aush\u00e4rtung. Die Anwendung ist nach 20 Minuten schleifbar. Die Lagerung des Produkts in der original verschlossenen Dose betr\u00e4gt mindestens ein Jahr bei 20\u00b0C.     <\/p>\n","protected":false},"excerpt":{"rendered":"<p>Feine wei\u00dfe Polyester-Spachtelmasse<\/p>\n<p>FEW ist eine sehr leicht schleifbare Polyester-Spachtelmasse, die eine glatte, porenfreie Oberfl\u00e4che erm\u00f6glicht. FEW kann je nach Bedarf in mehreren Schichten auf Blech, Polyesterlaminaten, Holz, Stein oder anderen Polyester-Spachtelmassen aufgetragen werden. <\/p>\n","protected":false},"featured_media":28610,"template":"","meta":[],"product_brand":[],"product_cat":[1060,1705],"product_tag":[1191,1100,944,961],"class_list":{"0":"post-28608","1":"product","2":"type-product","3":"status-publish","4":"has-post-thumbnail","6":"product_cat-polyester-de","7":"product_cat-polyester-spachtelmasse","8":"product_tag-holz","9":"product_tag-polyester-de","10":"product_tag-schichtung","11":"product_tag-stein","13":"first","14":"instock","15":"taxable","16":"shipping-taxable","17":"purchasable","18":"product-type-variable"},"_links":{"self":[{"href":"https:\/\/www.finres-sa.com\/de\/wp-json\/wp\/v2\/product\/28608","targetHints":{"allow":["GET"]}}],"collection":[{"href":"https:\/\/www.finres-sa.com\/de\/wp-json\/wp\/v2\/product"}],"about":[{"href":"https:\/\/www.finres-sa.com\/de\/wp-json\/wp\/v2\/types\/product"}],"version-history":[{"count":0,"href":"https:\/\/www.finres-sa.com\/de\/wp-json\/wp\/v2\/product\/28608\/revisions"}],"wp:featuredmedia":[{"embeddable":true,"href":"https:\/\/www.finres-sa.com\/de\/wp-json\/wp\/v2\/media\/28610"}],"wp:attachment":[{"href":"https:\/\/www.finres-sa.com\/de\/wp-json\/wp\/v2\/media?parent=28608"}],"wp:term":[{"taxonomy":"product_brand","embeddable":true,"href":"https:\/\/www.finres-sa.com\/de\/wp-json\/wp\/v2\/product_brand?post=28608"},{"taxonomy":"product_cat","embeddable":true,"href":"https:\/\/www.finres-sa.com\/de\/wp-json\/wp\/v2\/product_cat?post=28608"},{"taxonomy":"product_tag","embeddable":true,"href":"https:\/\/www.finres-sa.com\/de\/wp-json\/wp\/v2\/product_tag?post=28608"}],"curies":[{"name":"wp","href":"https:\/\/api.w.org\/{rel}","templated":true}]}}