{"id":28627,"date":"2023-06-26T18:15:32","date_gmt":"2023-06-26T16:15:32","guid":{"rendered":"https:\/\/www.finres-sa.com\/product\/polyester-spachtelmasse-v11-kit\/"},"modified":"2023-06-26T18:15:32","modified_gmt":"2023-06-26T16:15:32","slug":"polyester-spachtelmasse-v11-kit","status":"publish","type":"product","link":"https:\/\/www.finres-sa.com\/de\/produkt\/polyester-spachtelmasse-v11-kit\/","title":{"rendered":"POLYESTER-SPACHTELMASSE V11 (KIT)"},"content":{"rendered":"<p>Glasfaserverst\u00e4rkte Spachtelmasse<\/p>\n<p><strong>Beschreibung<\/strong><\/p>\n<p>V-11 ist eine Harz- und Glasfaserzubereitung, die zur Verst\u00e4rkung und zum F\u00fcllen von oxidierten Blechen bestimmt ist, die sehr d\u00fcnn geworden sind und bereits Porosit\u00e4ten oder L\u00f6cher aufweisen.<\/p>\n<p>V-11 haftet perfekt auf Blech, Polyesterlaminat, Holz, Stein, in allen erforderlichen Dicken.<\/p>\n<p><strong>Merkmale<\/strong><\/p>\n<p>Der Untergrund muss sauber, trocken, fettfrei und vorher geschliffen sein. Anwendungsbeispiel: F\u00fcr 100 g V-11 Spachtelmasse sollten 2 bis 3 g BPO-H\u00e4rter sorgf\u00e4ltig gemischt und vor dem Auftragen auf den Untergrund gegeben werden. Verarbeitungszeit: ca. 5 Minuten bei +20\u00b0C. Eine h\u00f6here Temperatur beschleunigt die Aush\u00e4rtung. Die Anwendung ist nach 20 Minuten schleifbar. Die Haltbarkeit des Produkts in der original verschlossenen Dose betr\u00e4gt mindestens ein Jahr bei 20\u00b0C.     <\/p>\n","protected":false},"excerpt":{"rendered":"<p>Glasfaserverst\u00e4rkte Spachtelmasse<\/p>\n<p>V-11 ist eine Harz- und Glasfaserzubereitung, die zur Verst\u00e4rkung und zum F\u00fcllen von oxidierten Blechen bestimmt ist, die sehr d\u00fcnn geworden sind und bereits Porosit\u00e4ten oder L\u00f6cher aufweisen.<br \/>\nV-11 haftet perfekt auf Blech, Polyesterlaminat, Holz, Stein, in allen erforderlichen Dicken.<\/p>\n","protected":false},"featured_media":28629,"template":"","meta":[],"product_brand":[],"product_cat":[1060,1705],"product_tag":[1100,944,1717],"class_list":{"0":"post-28627","1":"product","2":"type-product","3":"status-publish","4":"has-post-thumbnail","6":"product_cat-polyester-de","7":"product_cat-polyester-spachtelmasse","8":"product_tag-polyester-de","9":"product_tag-schichtung","10":"product_tag-verstarkung-de","12":"first","13":"instock","14":"taxable","15":"shipping-taxable","16":"purchasable","17":"product-type-variable"},"_links":{"self":[{"href":"https:\/\/www.finres-sa.com\/de\/wp-json\/wp\/v2\/product\/28627","targetHints":{"allow":["GET"]}}],"collection":[{"href":"https:\/\/www.finres-sa.com\/de\/wp-json\/wp\/v2\/product"}],"about":[{"href":"https:\/\/www.finres-sa.com\/de\/wp-json\/wp\/v2\/types\/product"}],"version-history":[{"count":0,"href":"https:\/\/www.finres-sa.com\/de\/wp-json\/wp\/v2\/product\/28627\/revisions"}],"wp:featuredmedia":[{"embeddable":true,"href":"https:\/\/www.finres-sa.com\/de\/wp-json\/wp\/v2\/media\/28629"}],"wp:attachment":[{"href":"https:\/\/www.finres-sa.com\/de\/wp-json\/wp\/v2\/media?parent=28627"}],"wp:term":[{"taxonomy":"product_brand","embeddable":true,"href":"https:\/\/www.finres-sa.com\/de\/wp-json\/wp\/v2\/product_brand?post=28627"},{"taxonomy":"product_cat","embeddable":true,"href":"https:\/\/www.finres-sa.com\/de\/wp-json\/wp\/v2\/product_cat?post=28627"},{"taxonomy":"product_tag","embeddable":true,"href":"https:\/\/www.finres-sa.com\/de\/wp-json\/wp\/v2\/product_tag?post=28627"}],"curies":[{"name":"wp","href":"https:\/\/api.w.org\/{rel}","templated":true}]}}