{"id":28661,"date":"2023-06-26T18:15:05","date_gmt":"2023-06-26T16:15:05","guid":{"rendered":"https:\/\/www.finres-sa.com\/product\/fast-cast-axson-f31-kit\/"},"modified":"2023-06-26T18:15:05","modified_gmt":"2023-06-26T16:15:05","slug":"fast-cast-axson-f31-kit","status":"publish","type":"product","link":"https:\/\/www.finres-sa.com\/de\/produkt\/fast-cast-axson-f31-kit\/","title":{"rendered":"FAST CAST AXSON F31 (KIT)"},"content":{"rendered":"<p>Schnellh\u00e4rtendes Polyurethan-Gie\u00dfsystem (Fast Cast). Mit H\u00e4rter. Schnelle Entformung. Geringe Viskosit\u00e4t.   <\/p>\n","protected":false},"excerpt":{"rendered":"<p>Schnellh\u00e4rtendes Polyurethan-Gie\u00dfsystem (Fast Cast). Mit H\u00e4rter. Schnelle Entformung. Geringe Viskosit\u00e4t.   <\/p>\n","protected":false},"featured_media":28663,"template":"","meta":[],"product_brand":[],"product_cat":[1729,937],"product_tag":[900,899,903,901,943,922],"class_list":{"0":"post-28661","1":"product","2":"type-product","3":"status-publish","4":"has-post-thumbnail","6":"product_cat-fast-cast-2-de","7":"product_cat-polyurethaan-de","8":"product_tag-cast-de","9":"product_tag-gieten-de","10":"product_tag-kunst-de","11":"product_tag-prototyp","12":"product_tag-set","13":"product_tag-stijf-de","15":"first","16":"instock","17":"taxable","18":"shipping-taxable","19":"purchasable","20":"product-type-variable"},"_links":{"self":[{"href":"https:\/\/www.finres-sa.com\/de\/wp-json\/wp\/v2\/product\/28661","targetHints":{"allow":["GET"]}}],"collection":[{"href":"https:\/\/www.finres-sa.com\/de\/wp-json\/wp\/v2\/product"}],"about":[{"href":"https:\/\/www.finres-sa.com\/de\/wp-json\/wp\/v2\/types\/product"}],"version-history":[{"count":0,"href":"https:\/\/www.finres-sa.com\/de\/wp-json\/wp\/v2\/product\/28661\/revisions"}],"wp:featuredmedia":[{"embeddable":true,"href":"https:\/\/www.finres-sa.com\/de\/wp-json\/wp\/v2\/media\/28663"}],"wp:attachment":[{"href":"https:\/\/www.finres-sa.com\/de\/wp-json\/wp\/v2\/media?parent=28661"}],"wp:term":[{"taxonomy":"product_brand","embeddable":true,"href":"https:\/\/www.finres-sa.com\/de\/wp-json\/wp\/v2\/product_brand?post=28661"},{"taxonomy":"product_cat","embeddable":true,"href":"https:\/\/www.finres-sa.com\/de\/wp-json\/wp\/v2\/product_cat?post=28661"},{"taxonomy":"product_tag","embeddable":true,"href":"https:\/\/www.finres-sa.com\/de\/wp-json\/wp\/v2\/product_tag?post=28661"}],"curies":[{"name":"wp","href":"https:\/\/api.w.org\/{rel}","templated":true}]}}