{"id":28682,"date":"2023-06-26T18:15:05","date_gmt":"2023-06-26T16:15:05","guid":{"rendered":"https:\/\/www.finres-sa.com\/product\/schnellhaertendes-pu-giessharz-2min30-axson-f160-kit\/"},"modified":"2026-04-07T15:20:10","modified_gmt":"2026-04-07T13:20:10","slug":"schnellhaertendes-pu-giessharz-2min30-axson-f160-kit","status":"publish","type":"product","link":"https:\/\/www.finres-sa.com\/de\/produkt\/schnellhaertendes-pu-giessharz-2min30-axson-f160-kit\/","title":{"rendered":"AXSON F160 \u2013 Schnellh\u00e4rtendes Polyurethan-Gie\u00dfharz mit 2 Min. 30 Sek. Topfzeit, hoher Festigkeit f\u00fcr Formenbau, Prototypenbau und technische Teile"},"content":{"rendered":"\t\t<div data-elementor-type=\"product-post\" data-elementor-id=\"28682\" class=\"elementor elementor-28682 elementor-5546\" data-elementor-post-type=\"product\">\n\t\t\t\t<div class=\"elementor-element elementor-element-5b12b5fb e-flex e-con-boxed e-con e-parent\" data-id=\"5b12b5fb\" data-element_type=\"container\" data-e-type=\"container\" data-settings=\"{&quot;jet_parallax_layout_list&quot;:[]}\">\n\t\t\t\t\t<div class=\"e-con-inner\">\n\t\t\t\t<div class=\"elementor-element elementor-element-18024dba elementor-widget elementor-widget-text-editor\" data-id=\"18024dba\" data-element_type=\"widget\" data-e-type=\"widget\" data-widget_type=\"text-editor.default\">\n\t\t\t\t<div class=\"elementor-widget-container\">\n\t\t\t\t\t\t\t\t\t<p><span style=\"color: #233c76;\">Das schnellh\u00e4rtende Polyurethan-Gie\u00dfharz Axson F160 ist die Referenz f\u00fcr Fachleute, die Schnelligkeit und hohe Flie\u00dff\u00e4higkeit f\u00fcr pr\u00e4zise, langlebige und leicht zu bearbeitende Gussteile suchen.<\/span><\/p><p><span style=\"color: #233c76;\">Extrem vielseitig und einfach zu handhaben, eignet es sich sowohl f\u00fcr das Gie\u00dfen und Rotationsgie\u00dfen von Figuren, Modellen, Kleinmodellen und Prototypen als auch f\u00fcr die Herstellung von technischen Teilen, Skulpturen, Dekorationsgegenst\u00e4nden und Industriekomponenten.<\/span><\/p><p><span style=\"color: #233c76;\">Seine geringe Viskosit\u00e4t gew\u00e4hrleistet ein fl\u00fcssiges und homogenes F\u00fcllen selbst komplexester Formen, mit der M\u00f6glichkeit, G\u00fcsse bis zu 40 mm Dicke zu realisieren, wenn es gef\u00fcllt ist.<\/span><\/p><p><span style=\"color: #233c76;\">F\u00fcr spezifische Anwendungen kann es mit Aluminiumpulver verst\u00e4rkt werden, um die W\u00e4rmeleitf\u00e4higkeit zu verbessern, oder mit einem mineralischen F\u00fcllstoff, um die Exothermie zu begrenzen und ein stabiles und langlebiges Material zu erhalten.<\/span><\/p><p><span style=\"color: #233c76;\">Einfach zu mischen, zu gie\u00dfen und zu entformen, bietet das Axson F160 eine glatte und lackierfertige Oberfl\u00e4che f\u00fcr ein professionelles Ergebnis bei jeder Anwendung.<\/span><\/p>\t\t\t\t\t\t\t\t<\/div>\n\t\t\t\t<\/div>\n\t\t\t\t\t<\/div>\n\t\t\t\t<\/div>\n\t\t<div class=\"elementor-element elementor-element-ddcc1ec e-flex e-con-boxed e-con e-parent\" data-id=\"ddcc1ec\" data-element_type=\"container\" data-e-type=\"container\" data-settings=\"{&quot;jet_parallax_layout_list&quot;:[],&quot;background_background&quot;:&quot;classic&quot;}\">\n\t\t\t\t\t<div class=\"e-con-inner\">\n\t\t<div class=\"elementor-element elementor-element-4f2b7b9 e-grid e-con-boxed e-con e-child\" data-id=\"4f2b7b9\" data-element_type=\"container\" data-e-type=\"container\" data-settings=\"{&quot;jet_parallax_layout_list&quot;:[]}\">\n\t\t\t\t\t<div class=\"e-con-inner\">\n\t\t\t\t<div class=\"elementor-element elementor-element-46ae49a elementor-widget elementor-widget-heading\" data-id=\"46ae49a\" data-element_type=\"widget\" data-e-type=\"widget\" data-widget_type=\"heading.default\">\n\t\t\t\t<div class=\"elementor-widget-container\">\n\t\t\t\t\t<h3 class=\"elementor-heading-title elementor-size-xl\">Merkmale :<\/h3>\t\t\t\t<\/div>\n\t\t\t\t<\/div>\n\t\t\t\t\t<\/div>\n\t\t\t\t<\/div>\n\t\t\t\t\t<\/div>\n\t\t\t\t<\/div>\n\t\t<div class=\"elementor-element elementor-element-3d9bec8 e-flex e-con-boxed e-con e-parent\" data-id=\"3d9bec8\" data-element_type=\"container\" data-e-type=\"container\" data-settings=\"{&quot;jet_parallax_layout_list&quot;:[]}\">\n\t\t\t\t\t<div class=\"e-con-inner\">\n\t\t\t\t<div class=\"elementor-element elementor-element-8d95970 elementor-widget elementor-widget-jet-table\" data-id=\"8d95970\" data-element_type=\"widget\" data-e-type=\"widget\" data-widget_type=\"jet-table.default\">\n\t\t\t\t<div class=\"elementor-widget-container\">\n\t\t\t\t\t<div class=\"elementor-jet-table jet-elements\">\n\t\t<div class=\"jet-table-wrapper\">\n\t\t\t<table class=\"jet-table jet-table--fa5-compat\">\n\t\t\t\t<thead class=\"jet-table__head\"><tr class=\"jet-table__head-row\"><th class=\"jet-table__cell elementor-repeater-item-4dd828e jet-table__head-cell\" colspan=\"1\" scope=\"col\"><div class=\"jet-table__cell-inner\"><div class=\"jet-table__cell-content\"><\/div><\/div><\/th><th class=\"jet-table__cell elementor-repeater-item-0844650 jet-table__head-cell\" colspan=\"1\" scope=\"col\"><div class=\"jet-table__cell-inner\"><div class=\"jet-table__cell-content\"><div class=\"jet-table__cell-text\">F160<\/div><\/div><\/div><\/th><th class=\"jet-table__cell elementor-repeater-item-7de7a47 jet-table__head-cell\" scope=\"col\"><div class=\"jet-table__cell-inner\"><div class=\"jet-table__cell-content\"><div class=\"jet-table__cell-text\">F31<\/div><\/div><\/div><\/th><th class=\"jet-table__cell elementor-repeater-item-f650ae9 jet-table__head-cell\" scope=\"col\"><div class=\"jet-table__cell-inner\"><div class=\"jet-table__cell-content\"><div class=\"jet-table__cell-text\">F23<\/div><\/div><\/div><\/th><\/tr><\/thead>\n\t\t\t\t\t\t\t\t<tbody class=\"jet-table__body\"><tr class=\"jet-table__body-row elementor-repeater-item-2e603ab\"><td class=\"jet-table__cell elementor-repeater-item-b52a39c jet-table__body-cell\"><div class=\"jet-table__cell-inner\"><div class=\"jet-table__cell-content\"><div class=\"jet-table__cell-text\">Anwendungen\n\n<\/div><\/div><\/div><\/td><td class=\"jet-table__cell elementor-repeater-item-ce0b3aa jet-table__body-cell\"><div class=\"jet-table__cell-inner\"><div class=\"jet-table__cell-content\"><div class=\"jet-table__cell-text\">Herstellung von Negativen, Formen, Modellen und Kleinmodellen.\nHerstellung von Thermoformmodellen. \n<\/div><\/div><\/div><\/td><td class=\"jet-table__cell elementor-repeater-item-664d923 jet-table__body-cell\"><div class=\"jet-table__cell-inner\"><div class=\"jet-table__cell-content\"><div class=\"jet-table__cell-text\">Herstellung von Prototypen und Kleinmodellen.<\/div><\/div><\/div><\/td><td class=\"jet-table__cell elementor-repeater-item-5debc9f jet-table__body-cell\"><div class=\"jet-table__cell-inner\"><div class=\"jet-table__cell-content\"><div class=\"jet-table__cell-text\">Herstellung von Urmodellen und Kernen.\nHerstellung von Negativen und mittelgro\u00dfen Gussteilen.\n<\/div><\/div><\/div><\/td><\/tr><tr class=\"jet-table__body-row elementor-repeater-item-61bc699\"><td class=\"jet-table__cell elementor-repeater-item-507ae22 jet-table__body-cell\"><div class=\"jet-table__cell-inner\"><div class=\"jet-table__cell-content\"><div class=\"jet-table__cell-text\">\n\n\n\n<\/div><\/div><\/div><\/td><\/tr><tr class=\"jet-table__body-row elementor-repeater-item-1195aae\"><td class=\"jet-table__cell elementor-repeater-item-3b70f13 jet-table__body-cell\"><div class=\"jet-table__cell-inner\"><div class=\"jet-table__cell-content\"><div class=\"jet-table__cell-text\">Merkmale\n\n<\/div><\/div><\/div><\/td><td class=\"jet-table__cell elementor-repeater-item-a4c2e51 jet-table__body-cell\"><div class=\"jet-table__cell-inner\"><div class=\"jet-table__cell-content\"><div class=\"jet-table__cell-text\">Sehr schnelle Entformung.\nEinfach zu verwendendes Mischungsverh\u00e4ltnis (1:1 nach Gewicht).\nGeringe Aggressivit\u00e4t gegen\u00fcber Silikonformen.\nUndurchsichtig auch in d\u00fcnnen Schichten.\nGute Lackierbarkeit.\n<\/div><\/div><\/div><\/td><td class=\"jet-table__cell elementor-repeater-item-d4bf729 jet-table__body-cell\"><div class=\"jet-table__cell-inner\"><div class=\"jet-table__cell-content\"><div class=\"jet-table__cell-text\">Sehr schnelle Entformung.\nEinfach zu verwendendes Mischungsverh\u00e4ltnis (1:1 nach Gewicht).\nGeringe Aggressivit\u00e4t gegen\u00fcber Silikonformen.\nUndurchsichtig auch in d\u00fcnnen Schichten\nGute Anstreichbarkeit.\n<\/div><\/div><\/div><\/td><td class=\"jet-table__cell elementor-repeater-item-ace8169 jet-table__body-cell\"><div class=\"jet-table__cell-inner\"><div class=\"jet-table__cell-content\"><div class=\"jet-table__cell-text\">Schnelle Entformung.\nFast geruchlos.\nLeicht von Hand zu mischen und sehr gute Flie\u00dff\u00e4higkeit.\nGeringe Schrumpfung.\nGute Haftung an Holzwerkstoffen.\nSehr gute mechanische Bearbeitbarkeit (Fr\u00e4sen\/Bohren).\n<\/div><\/div><\/div><\/td><\/tr><tr class=\"jet-table__body-row elementor-repeater-item-1564504\"><td class=\"jet-table__cell elementor-repeater-item-54c47d4 jet-table__body-cell\"><div class=\"jet-table__cell-inner\"><div class=\"jet-table__cell-content\"><div class=\"jet-table__cell-text\">\n\n\n\n\n<\/div><\/div><\/div><\/td><\/tr><tr class=\"jet-table__body-row elementor-repeater-item-622a52f\"><td class=\"jet-table__cell elementor-repeater-item-afff2fe jet-table__body-cell\"><div class=\"jet-table__cell-inner\"><div class=\"jet-table__cell-content\"><div class=\"jet-table__cell-text\">Mischungsverh\u00e4ltnis nach Gewicht\n<\/div><\/div><\/div><\/td><td class=\"jet-table__cell elementor-repeater-item-70b12f0 jet-table__body-cell\"><div class=\"jet-table__cell-inner\"><div class=\"jet-table__cell-content\"><div class=\"jet-table__cell-text\">100:100<\/div><\/div><\/div><\/td><td class=\"jet-table__cell elementor-repeater-item-fe4f03a jet-table__body-cell\"><div class=\"jet-table__cell-inner\"><div class=\"jet-table__cell-content\"><div class=\"jet-table__cell-text\">100:100<\/div><\/div><\/div><\/td><td class=\"jet-table__cell elementor-repeater-item-ca55f08 jet-table__body-cell\"><div class=\"jet-table__cell-inner\"><div class=\"jet-table__cell-content\"><div class=\"jet-table__cell-text\">100:20<\/div><\/div><\/div><\/td><\/tr><tr class=\"jet-table__body-row elementor-repeater-item-a1a3276\"><td class=\"jet-table__cell elementor-repeater-item-c17cc42 jet-table__body-cell\"><div class=\"jet-table__cell-inner\"><div class=\"jet-table__cell-content\"><div class=\"jet-table__cell-text\">\n\n\n\n\n<\/div><\/div><\/div><\/td><\/tr><tr class=\"jet-table__body-row elementor-repeater-item-5d1f7cf\"><td class=\"jet-table__cell elementor-repeater-item-6b8f0a2 jet-table__body-cell\"><div class=\"jet-table__cell-inner\"><div class=\"jet-table__cell-content\"><div class=\"jet-table__cell-text\">Farbe A+B<\/div><\/div><\/div><\/td><td class=\"jet-table__cell elementor-repeater-item-01ee701 jet-table__body-cell\"><div class=\"jet-table__cell-inner\"><div class=\"jet-table__cell-content\"><div class=\"jet-table__cell-text\">Beige <\/div><\/div><\/div><\/td><td class=\"jet-table__cell elementor-repeater-item-21e39a9 jet-table__body-cell\"><div class=\"jet-table__cell-inner\"><div class=\"jet-table__cell-content\"><div class=\"jet-table__cell-text\">Beige<\/div><\/div><\/div><\/td><td class=\"jet-table__cell elementor-repeater-item-265dd20 jet-table__body-cell\"><div class=\"jet-table__cell-inner\"><div class=\"jet-table__cell-content\"><div class=\"jet-table__cell-text\">Wei\u00df<\/div><\/div><\/div><\/td><\/tr><tr class=\"jet-table__body-row elementor-repeater-item-59d1287\"><td class=\"jet-table__cell elementor-repeater-item-1094cbd jet-table__body-cell\"><div class=\"jet-table__cell-inner\"><div class=\"jet-table__cell-content\"><div class=\"jet-table__cell-text\">\n\n\n\n\n<\/div><\/div><\/div><\/td><\/tr><tr class=\"jet-table__body-row elementor-repeater-item-31b715a\"><td class=\"jet-table__cell elementor-repeater-item-68477a7 jet-table__body-cell\"><div class=\"jet-table__cell-inner\"><div class=\"jet-table__cell-content\"><div class=\"jet-table__cell-text\">Viskosit\u00e4t (mPa\u00b7s)<\/div><\/div><\/div><\/td><td class=\"jet-table__cell elementor-repeater-item-9e920b8 jet-table__body-cell\"><div class=\"jet-table__cell-inner\"><div class=\"jet-table__cell-content\"><div class=\"jet-table__cell-text\">80<\/div><\/div><\/div><\/td><td class=\"jet-table__cell elementor-repeater-item-3708878 jet-table__body-cell\"><div class=\"jet-table__cell-inner\"><div class=\"jet-table__cell-content\"><div class=\"jet-table__cell-text\">40<\/div><\/div><\/div><\/td><td class=\"jet-table__cell elementor-repeater-item-ceb9bec jet-table__body-cell\"><div class=\"jet-table__cell-inner\"><div class=\"jet-table__cell-content\"><div class=\"jet-table__cell-text\">1500<\/div><\/div><\/div><\/td><\/tr><tr class=\"jet-table__body-row elementor-repeater-item-19d11ca\"><td class=\"jet-table__cell elementor-repeater-item-0154261 jet-table__body-cell\"><div class=\"jet-table__cell-inner\"><div class=\"jet-table__cell-content\"><div class=\"jet-table__cell-text\">\n\n\n\n\n<\/div><\/div><\/div><\/td><\/tr><tr class=\"jet-table__body-row elementor-repeater-item-64b9e61\"><td class=\"jet-table__cell elementor-repeater-item-b378d8b jet-table__body-cell\"><div class=\"jet-table__cell-inner\"><div class=\"jet-table__cell-content\"><div class=\"jet-table__cell-text\">Dichte<\/div><\/div><\/div><\/td><td class=\"jet-table__cell elementor-repeater-item-bf9e7ac jet-table__body-cell\"><div class=\"jet-table__cell-inner\"><div class=\"jet-table__cell-content\"><div class=\"jet-table__cell-text\">1.05<\/div><\/div><\/div><\/td><td class=\"jet-table__cell elementor-repeater-item-503d041 jet-table__body-cell\"><div class=\"jet-table__cell-inner\"><div class=\"jet-table__cell-content\"><div class=\"jet-table__cell-text\">1.0<\/div><\/div><\/div><\/td><td class=\"jet-table__cell elementor-repeater-item-d002a0d jet-table__body-cell\"><div class=\"jet-table__cell-inner\"><div class=\"jet-table__cell-content\"><div class=\"jet-table__cell-text\">1.7<\/div><\/div><\/div><\/td><\/tr><tr class=\"jet-table__body-row elementor-repeater-item-525bdec\"><td class=\"jet-table__cell elementor-repeater-item-019ace2 jet-table__body-cell\"><div class=\"jet-table__cell-inner\"><div class=\"jet-table__cell-content\"><div class=\"jet-table__cell-text\">\n\n\n\n\n<\/div><\/div><\/div><\/td><\/tr><tr class=\"jet-table__body-row elementor-repeater-item-8afcaad\"><td class=\"jet-table__cell elementor-repeater-item-bd18442 jet-table__body-cell\"><div class=\"jet-table__cell-inner\"><div class=\"jet-table__cell-content\"><div class=\"jet-table__cell-text\">Topfzeit bei 25\u00b0C auf 200 g<\/div><\/div><\/div><\/td><td class=\"jet-table__cell elementor-repeater-item-ee1dcb8 jet-table__body-cell\"><div class=\"jet-table__cell-inner\"><div class=\"jet-table__cell-content\"><div class=\"jet-table__cell-text\">2&#8217;10&#8221; bis 2&#8217;30&#8221;<\/div><\/div><\/div><\/td><td class=\"jet-table__cell elementor-repeater-item-e9dc33d jet-table__body-cell\"><div class=\"jet-table__cell-inner\"><div class=\"jet-table__cell-content\"><div class=\"jet-table__cell-text\">1&#8217;50&#8221; bis 2&#8221;<\/div><\/div><\/div><\/td><td class=\"jet-table__cell elementor-repeater-item-73f39c4 jet-table__body-cell\"><div class=\"jet-table__cell-inner\"><div class=\"jet-table__cell-content\"><div class=\"jet-table__cell-text\">7&#8242; bis 8&#8242;<\/div><\/div><\/div><\/td><\/tr><tr class=\"jet-table__body-row elementor-repeater-item-defc213\"><td class=\"jet-table__cell elementor-repeater-item-363475d jet-table__body-cell\"><div class=\"jet-table__cell-inner\"><div class=\"jet-table__cell-content\"><div class=\"jet-table__cell-text\">\n\n\n\n\n<\/div><\/div><\/div><\/td><\/tr><tr class=\"jet-table__body-row elementor-repeater-item-ae65c25\"><td class=\"jet-table__cell elementor-repeater-item-f0c6951 jet-table__body-cell\"><div class=\"jet-table__cell-inner\"><div class=\"jet-table__cell-content\"><div class=\"jet-table__cell-text\">H\u00e4rte D1<\/div><\/div><\/div><\/td><td class=\"jet-table__cell elementor-repeater-item-b72bee5 jet-table__body-cell\"><div class=\"jet-table__cell-inner\"><div class=\"jet-table__cell-content\"><div class=\"jet-table__cell-text\">72<\/div><\/div><\/div><\/td><td class=\"jet-table__cell elementor-repeater-item-baff3f8 jet-table__body-cell\"><div class=\"jet-table__cell-inner\"><div class=\"jet-table__cell-content\"><div class=\"jet-table__cell-text\">73<\/div><\/div><\/div><\/td><td class=\"jet-table__cell elementor-repeater-item-c34e3de jet-table__body-cell\"><div class=\"jet-table__cell-inner\"><div class=\"jet-table__cell-content\"><div class=\"jet-table__cell-text\">80<\/div><\/div><\/div><\/td><\/tr><tr class=\"jet-table__body-row elementor-repeater-item-ac07548\"><td class=\"jet-table__cell elementor-repeater-item-76ff5dd jet-table__body-cell\"><div class=\"jet-table__cell-inner\"><div class=\"jet-table__cell-content\"><div class=\"jet-table__cell-text\">\n\n\n\n\n<\/div><\/div><\/div><\/td><\/tr><tr class=\"jet-table__body-row elementor-repeater-item-f8a3970\"><td class=\"jet-table__cell elementor-repeater-item-629632b jet-table__body-cell\"><div class=\"jet-table__cell-inner\"><div class=\"jet-table__cell-content\"><div class=\"jet-table__cell-text\">Gie\u00dfdicke <\/div><\/div><\/div><\/td><td class=\"jet-table__cell elementor-repeater-item-8c1ccfa jet-table__body-cell\"><div class=\"jet-table__cell-inner\"><div class=\"jet-table__cell-content\"><div class=\"jet-table__cell-text\">5 mm\nMaximal 40 mm bei F\u00fcllung\n<\/div><\/div><\/div><\/td><td class=\"jet-table__cell elementor-repeater-item-fb4f8e5 jet-table__body-cell\"><div class=\"jet-table__cell-inner\"><div class=\"jet-table__cell-content\"><div class=\"jet-table__cell-text\">5 mm<\/div><\/div><\/div><\/td><td class=\"jet-table__cell elementor-repeater-item-9e7d8ba jet-table__body-cell\"><div class=\"jet-table__cell-inner\"><div class=\"jet-table__cell-content\"><div class=\"jet-table__cell-text\">Maximal 50 mm<\/div><\/div><\/div><\/td><\/tr><tr class=\"jet-table__body-row elementor-repeater-item-f043c65\"><td class=\"jet-table__cell elementor-repeater-item-8dcf5d8 jet-table__body-cell\"><div class=\"jet-table__cell-inner\"><div class=\"jet-table__cell-content\"><div class=\"jet-table__cell-text\">\n\n\n\n\n<\/div><\/div><\/div><\/td><\/tr><tr class=\"jet-table__body-row elementor-repeater-item-622f220\"><td class=\"jet-table__cell elementor-repeater-item-1f4a0dc jet-table__body-cell\"><div class=\"jet-table__cell-inner\"><div class=\"jet-table__cell-content\"><div class=\"jet-table__cell-text\">Entformungszeit bei 25\u00b0C<\/div><\/div><\/div><\/td><td class=\"jet-table__cell elementor-repeater-item-3fc2008 jet-table__body-cell\"><div class=\"jet-table__cell-inner\"><div class=\"jet-table__cell-content\"><div class=\"jet-table__cell-text\">30 Min. f\u00fcr 10 mm\n20 Min. f\u00fcr 40 mm gef\u00fcllt\n<\/div><\/div><\/div><\/td><td class=\"jet-table__cell elementor-repeater-item-6e4d949 jet-table__body-cell\"><div class=\"jet-table__cell-inner\"><div class=\"jet-table__cell-content\"><div class=\"jet-table__cell-text\">20 Min. <\/div><\/div><\/div><\/td><td class=\"jet-table__cell elementor-repeater-item-dd9f671 jet-table__body-cell\"><div class=\"jet-table__cell-inner\"><div class=\"jet-table__cell-content\"><div class=\"jet-table__cell-text\">120 Min.<\/div><\/div><\/div><\/td><\/tr><tr class=\"jet-table__body-row elementor-repeater-item-40b0a15\"><td class=\"jet-table__cell elementor-repeater-item-aca2085 jet-table__body-cell\"><div class=\"jet-table__cell-inner\"><div class=\"jet-table__cell-content\"><div class=\"jet-table__cell-text\">\n\n\n\n\n<\/div><\/div><\/div><\/td><\/tr><tr class=\"jet-table__body-row elementor-repeater-item-b847021\"><td class=\"jet-table__cell elementor-repeater-item-cc27f75 jet-table__body-cell\"><div class=\"jet-table__cell-inner\"><div class=\"jet-table__cell-content\"><div class=\"jet-table__cell-text\">Erhaltung<\/div><\/div><\/div><\/td><td class=\"jet-table__cell elementor-repeater-item-3cf5a89 jet-table__body-cell\"><div class=\"jet-table__cell-inner\"><div class=\"jet-table__cell-content\"><div class=\"jet-table__cell-text\">12 Monate in der Originalverpackung zwischen 15 und 25\u00b0C<\/div><\/div><\/div><\/td><td class=\"jet-table__cell elementor-repeater-item-90f47cc jet-table__body-cell\"><div class=\"jet-table__cell-inner\"><div class=\"jet-table__cell-content\"><div class=\"jet-table__cell-text\">12 Monate in der Originalverpackung zwischen 15 und 25\u00b0C<\/div><\/div><\/div><\/td><td class=\"jet-table__cell elementor-repeater-item-b0906c3 jet-table__body-cell\"><div class=\"jet-table__cell-inner\"><div class=\"jet-table__cell-content\"><div class=\"jet-table__cell-text\">9 Monate in der Originalverpackung zwischen 15 und 25\u00b0C<\/div><\/div><\/div><\/td><\/tr><\/tbody>\n\t\t\t<\/table>\n\t\t<\/div>\n\n\t\t<\/div>\t\t\t\t<\/div>\n\t\t\t\t<\/div>\n\t\t\t\t\t<\/div>\n\t\t\t\t<\/div>\n\t\t<div class=\"elementor-element elementor-element-a9ffa94 e-flex e-con-boxed e-con e-parent\" data-id=\"a9ffa94\" data-element_type=\"container\" data-e-type=\"container\" data-settings=\"{&quot;jet_parallax_layout_list&quot;:[],&quot;background_background&quot;:&quot;classic&quot;}\">\n\t\t\t\t\t<div class=\"e-con-inner\">\n\t\t<div class=\"elementor-element elementor-element-ae1f979 e-grid e-con-boxed e-con e-child\" data-id=\"ae1f979\" data-element_type=\"container\" data-e-type=\"container\" data-settings=\"{&quot;jet_parallax_layout_list&quot;:[]}\">\n\t\t\t\t\t<div class=\"e-con-inner\">\n\t\t\t\t<div class=\"elementor-element elementor-element-573f182 elementor-widget elementor-widget-heading\" data-id=\"573f182\" data-element_type=\"widget\" data-e-type=\"widget\" data-widget_type=\"heading.default\">\n\t\t\t\t<div class=\"elementor-widget-container\">\n\t\t\t\t\t<h3 class=\"elementor-heading-title elementor-size-xl\">Vorteile<\/h3>\t\t\t\t<\/div>\n\t\t\t\t<\/div>\n\t\t\t\t<div class=\"elementor-element elementor-element-c229deb elementor-widget elementor-widget-text-editor\" data-id=\"c229deb\" data-element_type=\"widget\" data-e-type=\"widget\" data-widget_type=\"text-editor.default\">\n\t\t\t\t<div class=\"elementor-widget-container\">\n\t\t\t\t\t\t\t\t\t<p>Superschnelle Entformung<\/p><p>Au\u00dfergew\u00f6hnliche Flie\u00dff\u00e4higkeit<\/p><p>Hohe Best\u00e4ndigkeit und Temperaturbest\u00e4ndigkeit nach Temperung<\/p><p>Einfaches und pr\u00e4zises Mischen<\/p><p>Leicht bearbeitbar<\/p><p>Vielseitig und zuverl\u00e4ssig<\/p>\t\t\t\t\t\t\t\t<\/div>\n\t\t\t\t<\/div>\n\t\t\t\t\t<\/div>\n\t\t\t\t<\/div>\n\t\t\t\t\t<\/div>\n\t\t\t\t<\/div>\n\t\t<div class=\"elementor-element elementor-element-6857f98 e-flex e-con-boxed e-con e-parent\" data-id=\"6857f98\" data-element_type=\"container\" data-e-type=\"container\" data-settings=\"{&quot;jet_parallax_layout_list&quot;:[],&quot;background_background&quot;:&quot;classic&quot;}\">\n\t\t\t\t\t<div class=\"e-con-inner\">\n\t\t<div class=\"elementor-element elementor-element-b848786 e-grid e-con-boxed e-con e-child\" data-id=\"b848786\" data-element_type=\"container\" data-e-type=\"container\" data-settings=\"{&quot;jet_parallax_layout_list&quot;:[]}\">\n\t\t\t\t\t<div class=\"e-con-inner\">\n\t\t\t\t<div class=\"elementor-element elementor-element-55c889a elementor-widget elementor-widget-heading\" data-id=\"55c889a\" data-element_type=\"widget\" data-e-type=\"widget\" data-widget_type=\"heading.default\">\n\t\t\t\t<div class=\"elementor-widget-container\">\n\t\t\t\t\t<h3 class=\"elementor-heading-title elementor-size-xl\">Umsetzung<\/h3>\t\t\t\t<\/div>\n\t\t\t\t<\/div>\n\t\t\t\t<div class=\"elementor-element elementor-element-85757bf elementor-widget elementor-widget-text-editor\" data-id=\"85757bf\" data-element_type=\"widget\" data-e-type=\"widget\" data-widget_type=\"text-editor.default\">\n\t\t\t\t<div class=\"elementor-widget-container\">\n\t\t\t\t\t\t\t\t\t<p><strong>1. Vorbereitung<\/strong><\/p><p>Stellen Sie sicher, dass die Anwendungsbedingungen und die Oberfl\u00e4chen der Form trocken sind.<\/p><p><strong>2. Mischungsverh\u00e4ltnis<\/strong><\/p><p>Die beiden Komponenten separat sch\u00fctteln und dann zu gleichen Teilen 100A : 100B nach Gewicht mischen.<\/p><p><strong>3. F\u00fcllen oder Pigmentieren<\/strong><\/p><p>Das Harz mit Polyurethan-Pigmenten oder <a href=\"https:\/\/www.finres-sa.com\/de\/produkt\/universalpigment\/\">Universalpigmenten <\/a> einf\u00e4rben und <a href=\"https:\/\/www.finres-sa.com\/de\/produkt\/ultra-fine-mica-pulver-9gr-natuerliches-pigment-fuer-harz-seife-farbe\/\">Glimmerpulver<\/a> f\u00fcr einen metallischen Oberfl\u00e4cheneffekt hinzuf\u00fcgen. Mineral- oder Aluminiumpulver verwenden, um die Exothermie zu reduzieren und die W\u00e4rmeleitf\u00e4higkeit zu verbessern. <\/p><p><strong>4. Nachbearbeitung <\/strong>\u2013 Oberfl\u00e4che leicht zu lackieren, schleifen und bearbeiten f\u00fcr ein professionelles Ergebnis.<\/p><p><strong>5. Sicherheit <\/strong>\u2013 In einem gut bel\u00fcfteten Bereich arbeiten und Handschuhe, Schutzbrille und Schutzkleidung tragen.<\/p>\t\t\t\t\t\t\t\t<\/div>\n\t\t\t\t<\/div>\n\t\t\t\t\t<\/div>\n\t\t\t\t<\/div>\n\t\t\t\t\t<\/div>\n\t\t\t\t<\/div>\n\t\t\t\t<\/div>\n\t\t","protected":false},"excerpt":{"rendered":"<p><span style=\"color: #ffffff;\">Polyurethan-Gie\u00dfharz mit 2 Min. 30 Sek. Topfzeit, ideal f\u00fcr den Figurenformenbau, den Prototypenbau, das Thermoformen und die Herstellung pr\u00e4ziser technischer Teile.<\/span><\/p>\n","protected":false},"featured_media":28684,"template":"","meta":[],"product_brand":[],"product_cat":[1729,937,1807],"product_tag":[900,899,903,971,901,943,922],"class_list":{"0":"post-28682","1":"product","2":"type-product","3":"status-publish","4":"has-post-thumbnail","6":"product_cat-fast-cast-2-de","7":"product_cat-polyurethaan-de","8":"product_cat-sonderangebote","9":"product_tag-cast-de","10":"product_tag-gieten-de","11":"product_tag-kunst-de","12":"product_tag-on-sale-de","13":"product_tag-prototyp","14":"product_tag-set","15":"product_tag-stijf-de","17":"first","18":"instock","19":"sale","20":"taxable","21":"shipping-taxable","22":"purchasable","23":"product-type-variable"},"_links":{"self":[{"href":"https:\/\/www.finres-sa.com\/de\/wp-json\/wp\/v2\/product\/28682","targetHints":{"allow":["GET"]}}],"collection":[{"href":"https:\/\/www.finres-sa.com\/de\/wp-json\/wp\/v2\/product"}],"about":[{"href":"https:\/\/www.finres-sa.com\/de\/wp-json\/wp\/v2\/types\/product"}],"version-history":[{"count":1,"href":"https:\/\/www.finres-sa.com\/de\/wp-json\/wp\/v2\/product\/28682\/revisions"}],"predecessor-version":[{"id":37447,"href":"https:\/\/www.finres-sa.com\/de\/wp-json\/wp\/v2\/product\/28682\/revisions\/37447"}],"wp:featuredmedia":[{"embeddable":true,"href":"https:\/\/www.finres-sa.com\/de\/wp-json\/wp\/v2\/media\/28684"}],"wp:attachment":[{"href":"https:\/\/www.finres-sa.com\/de\/wp-json\/wp\/v2\/media?parent=28682"}],"wp:term":[{"taxonomy":"product_brand","embeddable":true,"href":"https:\/\/www.finres-sa.com\/de\/wp-json\/wp\/v2\/product_brand?post=28682"},{"taxonomy":"product_cat","embeddable":true,"href":"https:\/\/www.finres-sa.com\/de\/wp-json\/wp\/v2\/product_cat?post=28682"},{"taxonomy":"product_tag","embeddable":true,"href":"https:\/\/www.finres-sa.com\/de\/wp-json\/wp\/v2\/product_tag?post=28682"}],"curies":[{"name":"wp","href":"https:\/\/api.w.org\/{rel}","templated":true}]}}