{"id":28733,"date":"2023-06-26T18:14:11","date_gmt":"2023-06-26T16:14:11","guid":{"rendered":"https:\/\/www.finres-sa.com\/product\/mehrzweck-epoxidgrundierung-1010-1014\/"},"modified":"2026-03-13T14:53:50","modified_gmt":"2026-03-13T13:53:50","slug":"mehrzweck-epoxidgrundierung-1010-1014","status":"publish","type":"product","link":"https:\/\/www.finres-sa.com\/de\/produkt\/mehrzweck-epoxidgrundierung-1010-1014\/","title":{"rendered":"EPOXY-GRUNDIERUNG VIELSEITIG &#8211; 1010\/1014"},"content":{"rendered":"<p>RESOLCOAT 1010 ist ein einzigartiges wasserbasiertes Epoxysystem. Es kann in einer Vielzahl von Anwendungen eingesetzt werden, wie z.B. als Grundierung, Lack, Bindemittel f\u00fcr M\u00f6rtel und selbstnivellierend, in so unterschiedlichen Bereichen wie Schiffbau oder Bauwesen. Abgesehen von hydrophoben Untergr\u00fcnden ist das RESOLCOAT 1010-System mit den meisten por\u00f6sen Untergr\u00fcnden wie Holz, Beton, Zement, Stein, Terrakotta, Metall usw. kompatibel.  <\/p>\n<p>Sehr stark mit Wasser verd\u00fcnnbar, kann seine Viskosit\u00e4t extrem niedrig sein und es zu einem Harz der Wahl f\u00fcr die Impr\u00e4gnierung machen. So kann es als hochwertige Grundierung bei der Vorbereitung von Holz im Schiffbau sowie als H\u00e4rter f\u00fcr altes Holz verwendet werden, das im Bauwesen und bei der Restaurierung von Holzarbeiten den Ver\u00e4nderungen der Zeit ausgesetzt war. <\/p>\n<p>Wenig oder nicht verd\u00fcnnt wird es zu einem transparenten Lack, der sehr abriebfest ist und eine hohe Verarbeitungsqualit\u00e4t aufweist. Es hebt die Farbe von Holz und anderen por\u00f6sen Materialien wie Terrakotta hervor. Dar\u00fcber hinaus macht die nat\u00fcrliche Mikroporosit\u00e4t des Systems 1010 gegen\u00fcber Wasserdampf es zu einer idealen Grundierung f\u00fcr Holz, Beton und andere Materialien, die atmen m\u00fcssen.  <\/p>\n<p>Das System 1010 ist in zwei Glanzvarianten erh\u00e4ltlich. Der H\u00e4rter 1014 ergibt ein gl\u00e4nzendes Finish, w\u00e4hrend der 1016 ein mattes Finish ergibt. <\/p>\n<p><strong>Vorteile des Produkts<\/strong><\/p>\n<p>Das System 1010 enth\u00e4lt keine L\u00f6sungsmittel und ist daher sicherer als l\u00f6sungsmittelhaltige Produkte in Bezug auf Gesundheit und Umwelt. Die Reinigung von Material und Werkzeugen erfolgt selbstverst\u00e4ndlich mit Wasser. <\/p>\n<p><strong>Informationen  <\/strong><\/p>\n<p>Mischungsdichte 1,1<\/p>\n<p>Gelzeit auf 70 ml, 4 cm bei 23 \u00b0C 1 h<\/p>\n<p><strong>Technisches Datenblatt <\/strong>https:\/\/www.resoltech.com\/fr\/produits\/epoxy\/1010-detail.html<\/p>\n","protected":false},"excerpt":{"rendered":"<p>RESOLCOAT 1010 ist ein einzigartiges wasserbasiertes Epoxysystem. Es kann in einer Vielzahl von Anwendungen eingesetzt werden, wie z.B. als Grundierung, Lack, Bindemittel f\u00fcr M\u00f6rtel und selbstnivellierend, in so unterschiedlichen Bereichen wie Schiffbau oder Bauwesen. Abgesehen von hydrophoben Untergr\u00fcnden ist das RESOLCOAT 1010-System mit den meisten por\u00f6sen Untergr\u00fcnden wie Holz, Beton, Zement, Stein, Terrakotta, Metall usw. kompatibel.  <\/p>\n","protected":false},"featured_media":16684,"template":"","meta":[],"product_brand":[],"product_cat":[1751,964],"product_tag":[965,1191,966,967,944,943,922,930,928],"class_list":{"0":"post-28733","1":"product","2":"type-product","3":"status-publish","4":"has-post-thumbnail","6":"product_cat-epoxidgrundierung","7":"product_cat-epoxy-de","8":"product_tag-epoxy-de","9":"product_tag-holz","10":"product_tag-marine-de","11":"product_tag-reparatur","12":"product_tag-schichtung","13":"product_tag-set","14":"product_tag-stijf-de","15":"product_tag-transparent-de","16":"product_tag-waterbestendig-de","18":"first","19":"instock","20":"taxable","21":"shipping-taxable","22":"purchasable","23":"product-type-variable"},"_links":{"self":[{"href":"https:\/\/www.finres-sa.com\/de\/wp-json\/wp\/v2\/product\/28733","targetHints":{"allow":["GET"]}}],"collection":[{"href":"https:\/\/www.finres-sa.com\/de\/wp-json\/wp\/v2\/product"}],"about":[{"href":"https:\/\/www.finres-sa.com\/de\/wp-json\/wp\/v2\/types\/product"}],"version-history":[{"count":0,"href":"https:\/\/www.finres-sa.com\/de\/wp-json\/wp\/v2\/product\/28733\/revisions"}],"wp:featuredmedia":[{"embeddable":true,"href":"https:\/\/www.finres-sa.com\/de\/wp-json\/wp\/v2\/media\/16684"}],"wp:attachment":[{"href":"https:\/\/www.finres-sa.com\/de\/wp-json\/wp\/v2\/media?parent=28733"}],"wp:term":[{"taxonomy":"product_brand","embeddable":true,"href":"https:\/\/www.finres-sa.com\/de\/wp-json\/wp\/v2\/product_brand?post=28733"},{"taxonomy":"product_cat","embeddable":true,"href":"https:\/\/www.finres-sa.com\/de\/wp-json\/wp\/v2\/product_cat?post=28733"},{"taxonomy":"product_tag","embeddable":true,"href":"https:\/\/www.finres-sa.com\/de\/wp-json\/wp\/v2\/product_tag?post=28733"}],"curies":[{"name":"wp","href":"https:\/\/api.w.org\/{rel}","templated":true}]}}