{"id":28940,"date":"2024-02-21T14:42:29","date_gmt":"2024-02-21T13:42:29","guid":{"rendered":"https:\/\/www.finres-sa.com\/product\/jesmonite-flex-metal-gelcoat\/"},"modified":"2025-12-15T12:02:31","modified_gmt":"2025-12-15T11:02:31","slug":"jesmonite-flex-metal-gelcoat","status":"publish","type":"product","link":"https:\/\/www.finres-sa.com\/de\/produkt\/jesmonite-flex-metal-gelcoat\/","title":{"rendered":"JESMONITE\u00ae Flex Metal Gelcoat"},"content":{"rendered":"\t\t<div data-elementor-type=\"product-post\" data-elementor-id=\"28940\" class=\"elementor elementor-28940 elementor-12812\" data-elementor-post-type=\"product\">\n\t\t\t\t<div class=\"elementor-element elementor-element-1670a25 e-flex e-con-boxed e-con e-parent\" data-id=\"1670a25\" data-element_type=\"container\" data-e-type=\"container\" data-settings=\"{&quot;jet_parallax_layout_list&quot;:[]}\">\n\t\t\t\t\t<div class=\"e-con-inner\">\n\t\t\t\t<div class=\"elementor-element elementor-element-8204851 elementor-widget elementor-widget-text-editor\" data-id=\"8204851\" data-element_type=\"widget\" data-e-type=\"widget\" data-widget_type=\"text-editor.default\">\n\t\t\t\t<div class=\"elementor-widget-container\">\n\t\t\t\t\t\t\t\t\t<p><span style=\"color: #233c76;\">Jesmonite\u00ae AC730 Flex Metal Gel Coat ist ein Zement-basiertes Komposit, das mit einem Acrylpolymer modifiziert und dem echtes Metallpulver zugesetzt wurde.<\/span><\/p><p><span style=\"color: #233c76;\">Dieses ausgekl\u00fcgelte System wird verwendet, wenn der beeindruckende Effekt von Metall imitiert werden soll.<\/span><\/p><p><span style=\"color: #233c76;\">Es eignet sich f\u00fcr die Herstellung von Dekorationsgegenst\u00e4nden, Zierteilen, architektonischen Formteilen, Verkleidungen und vielem mehr.<\/span><\/p><p><span style=\"color: #233c76;\">Das Kit besteht aus einer wasserbasierten Acrylfl\u00fcssigkeit und einer Pulverbasis, die in einem spezifischen Verh\u00e4ltnis je nach gew\u00e4hlter Oberfl\u00e4che kombiniert werden.<\/span><\/p><p><span style=\"color: #233c76;\">Der Flex Metal Gel Coat ist so konzipiert, dass er als erste Schicht auf den Boden einer Form aufgetragen wird. Anschlie\u00dfend muss er mit Jesmonite AC 730 oder AC 830, gegossen oder mit Glasfaserverst\u00e4rkung, bedeckt werden.<\/span><\/p><p><span style=\"color: #233c76;\">Die Gel Coats sind in 4 Ausf\u00fchrungen erh\u00e4ltlich: Bronze, Kupfer, Silberbronze und Messing.<\/span><\/p><p><span style=\"color: #233c76;\">Der Metal Filler ist in 3 Farben erh\u00e4ltlich: Kupfer, Bronze und Messing.<\/span><\/p><p><span style=\"color: #233c76;\">Einer der Hauptvorteile des Metal Fillers ist seine F\u00e4higkeit, das Aussehen und die Eigenschaften von massivem Metall zu simulieren, ohne die Einschr\u00e4nkungen traditioneller Metallbearbeitungsmethoden.<\/span><\/p><p><span style=\"color: #233c76;\">Metallpulver wird auch von K\u00fcnstlern, Designern und Amateuren gesch\u00e4tzt, da es eine kosteng\u00fcnstige Alternative zu traditionellen Methoden bietet und die Erstellung komplexer und detaillierter Muster erm\u00f6glicht, die mit massivem Metall schwer zu erreichen w\u00e4ren.<\/span><\/p><p><span style=\"color: #233c76;\">Der Metal Filler bildet nach dem Mischen mit Harz eine homogene Mischung, die in verschiedenen 3D-Druck- und Gie\u00dfverfahren verwendet werden kann, um funktionale Prototypen, komplexen Schmuck oder industrielle Komponenten herzustellen.<\/span><\/p><p><span style=\"color: #233c76;\">Die Wahl eines spezifischen Metallpulvers h\u00e4ngt von den gew\u00fcnschten Eigenschaften und Anwendungen ab, wie z.B. Leitf\u00e4higkeit, Korrosionsbest\u00e4ndigkeit, Hitzebest\u00e4ndigkeit oder mechanische Festigkeit.<\/span><\/p><p><span style=\"color: #233c76;\">Die erhaltenen Objekte weisen den Glanz von Metall auf und m\u00fcssen durch Polieren oder andere Veredelungstechniken behandelt werden, um den gew\u00fcnschten Glanz zu erzielen.<\/span><\/p><p><span style=\"color: #233c76;\">Hinweis: Der Metalleffekt wird mit einem transparenten Harz beeindruckender sein als mit einem wei\u00dfen Acrylharz.<\/span><\/p>\t\t\t\t\t\t\t\t<\/div>\n\t\t\t\t<\/div>\n\t\t\t\t\t<\/div>\n\t\t\t\t<\/div>\n\t\t<div class=\"elementor-element elementor-element-a4e4624 e-flex e-con-boxed e-con e-parent\" data-id=\"a4e4624\" data-element_type=\"container\" data-e-type=\"container\" data-settings=\"{&quot;jet_parallax_layout_list&quot;:[],&quot;background_background&quot;:&quot;classic&quot;}\">\n\t\t\t\t\t<div class=\"e-con-inner\">\n\t\t<div class=\"elementor-element elementor-element-5b659de e-grid e-con-boxed e-con e-child\" data-id=\"5b659de\" data-element_type=\"container\" data-e-type=\"container\" data-settings=\"{&quot;jet_parallax_layout_list&quot;:[]}\">\n\t\t\t\t\t<div class=\"e-con-inner\">\n\t\t\t\t<div class=\"elementor-element elementor-element-fe5a100 elementor-widget elementor-widget-heading\" data-id=\"fe5a100\" data-element_type=\"widget\" data-e-type=\"widget\" data-widget_type=\"heading.default\">\n\t\t\t\t<div class=\"elementor-widget-container\">\n\t\t\t\t\t<h2 class=\"elementor-heading-title elementor-size-xl\">Merkmale<\/h2>\t\t\t\t<\/div>\n\t\t\t\t<\/div>\n\t\t\t\t<div class=\"elementor-element elementor-element-8d83525 elementor-widget elementor-widget-heading\" data-id=\"8d83525\" data-element_type=\"widget\" data-e-type=\"widget\" data-widget_type=\"heading.default\">\n\t\t\t\t<div class=\"elementor-widget-container\">\n\t\t\t\t\t<h2 class=\"elementor-heading-title elementor-size-xl\">Vorteile<\/h2>\t\t\t\t<\/div>\n\t\t\t\t<\/div>\n\t\t\t\t\t<\/div>\n\t\t\t\t<\/div>\n\t\t<div class=\"elementor-element elementor-element-897eabf e-grid e-con-boxed e-con e-child\" data-id=\"897eabf\" data-element_type=\"container\" data-e-type=\"container\" data-settings=\"{&quot;jet_parallax_layout_list&quot;:[]}\">\n\t\t\t\t\t<div class=\"e-con-inner\">\n\t\t\t\t<div class=\"elementor-element elementor-element-eefd8dd elementor-widget elementor-widget-text-editor\" data-id=\"eefd8dd\" data-element_type=\"widget\" data-e-type=\"widget\" data-widget_type=\"text-editor.default\">\n\t\t\t\t<div class=\"elementor-widget-container\">\n\t\t\t\t\t\t\t\t\t<p>Mischungsverh\u00e4ltnis nach Gewicht:<\/p><ul><li>Flex Metal Bronze 5,5 : 1 <\/li><li>Flex Metal Messing 5,5 : 1<\/li><li>Flex Metal Kupfer 7 : 1<\/li><\/ul><p>Brandverhalten: B-s1-d0<\/p><p>Witterungsbest\u00e4ndigkeit\/Haltbarkeit ETAG 034: 25 Jahre<\/p><p>Dimensionsstabilit\u00e4t: S = 0,83; E = 1,28<\/p><p>Wasseraufnahme\/Porosit\u00e4t: 2,26 %<\/p><p>Frost-Tau-Best\u00e4ndigkeit: 300 Zyklen<\/p><p>Lagerung: bei einer konstanten Temperatur zwischen 5 und 25\u00b0C<\/p>\t\t\t\t\t\t\t\t<\/div>\n\t\t\t\t<\/div>\n\t\t\t\t<div class=\"elementor-element elementor-element-1a4274f elementor-widget elementor-widget-text-editor\" data-id=\"1a4274f\" data-element_type=\"widget\" data-e-type=\"widget\" data-widget_type=\"text-editor.default\">\n\t\t\t\t<div class=\"elementor-widget-container\">\n\t\t\t\t\t\t\t\t\t<p>4 echte Metalloberfl\u00e4chen<\/p><p>L\u00f6sungsmittel- und VOC-frei<\/p><p>Schnell h\u00e4rtend<\/p><p>Metalloptik und -haptik<\/p><p>Innen- und Au\u00dfenbereich<\/p><p>Bemerkenswerte Eigenschaften<\/p>\t\t\t\t\t\t\t\t<\/div>\n\t\t\t\t<\/div>\n\t\t\t\t\t<\/div>\n\t\t\t\t<\/div>\n\t\t\t\t\t<\/div>\n\t\t\t\t<\/div>\n\t\t<div class=\"elementor-element elementor-element-fa33b4b e-flex e-con-boxed e-con e-parent\" data-id=\"fa33b4b\" data-element_type=\"container\" data-e-type=\"container\" data-settings=\"{&quot;jet_parallax_layout_list&quot;:[],&quot;background_background&quot;:&quot;classic&quot;}\">\n\t\t\t\t\t<div class=\"e-con-inner\">\n\t\t\t\t<div class=\"elementor-element elementor-element-554fcc2 elementor-widget elementor-widget-heading\" data-id=\"554fcc2\" data-element_type=\"widget\" data-e-type=\"widget\" data-widget_type=\"heading.default\">\n\t\t\t\t<div class=\"elementor-widget-container\">\n\t\t\t\t\t<h2 class=\"elementor-heading-title elementor-size-xl\">Umsetzung<\/h2>\t\t\t\t<\/div>\n\t\t\t\t<\/div>\n\t\t\t\t<div class=\"elementor-element elementor-element-8d42744 elementor-widget elementor-widget-text-editor\" data-id=\"8d42744\" data-element_type=\"widget\" data-e-type=\"widget\" data-widget_type=\"text-editor.default\">\n\t\t\t\t<div class=\"elementor-widget-container\">\n\t\t\t\t\t\t\t\t\t<p>MISCHEN<\/p><p>Befolgen Sie das empfohlene Verh\u00e4ltnis je nach gew\u00e4hlter Metalloberfl\u00e4che.<\/p><p>Wiegen und mischen Sie die Pulverbasis gr\u00fcndlich in ihrem fl\u00fcssigen H\u00e4rter.<\/p><p>Die Mischung sollte fl\u00fcssig, klumpenfrei und von dicker, aber leicht mit dem Pinsel aufzutragender Konsistenz sein, um eine Schicht von 1 bis 2 mm Dicke zu bilden.<\/p><p>Es ist sehr wichtig, die Mischung w\u00e4hrend des Auftragens st\u00e4ndig zu r\u00fchren, um ein Absetzen der im Produkt enthaltenen Schwermetallpulver zu vermeiden.<\/p><p>ANWENDUNG<\/p><p>Wenn die Mischung homogen ist, tragen Sie eine d\u00fcnne Schicht von 1-2 mm auf den Boden der Form auf. Wenn der Gel Coat zu h\u00e4rten beginnt, machen Sie eine weitere Mischung mit AC 730 und f\u00fcllen Sie den Rest der Form. <\/p><p>FASERVERST\u00c4RKUNG<\/p><p>Um starke und widerstandsf\u00e4hige Platten zu erstellen, verst\u00e4rken Sie AC 730 mit Glasverst\u00e4rkungen wie dem <strong><a href=\"https:\/\/www.finres-sa.com\/de\/produkt\/jesmonite-quadriaxiale-faser\/\">quadriaxialen Jesmonite-Gewebe<\/a>.<\/strong> <\/p><p>Bei der Verwendung einer Faserverst\u00e4rkung auf dem Gelcoat tragen Sie nacheinander mit einem Pinsel eine Schicht der Jesmonite AC 730-Mischung, ein Fasergewebe, eine zweite Schicht derselben Mischung, eine zweite Faserschicht, eine dritte Schicht der Mischung, ein drittes Fasergewebe und schlie\u00dflich eine letzte Schicht der Mischung auf, um das Fasernetz zu verdecken.<\/p><p>HINWEIS<\/p><p>Flex Metal Gel Coats funktionieren am besten mit Silikonkautschukformen, es ist aber auch m\u00f6glich, Polyurethan-Gussmassen mit einem geeigneten Trennwachs zu verwenden. Starres GFK, Holz- oder Gipsformen sind zu vermeiden. <\/p><p>TROCKNUNG<\/p><p>Je nach Gr\u00f6\u00dfe und Komplexit\u00e4t der Platte sollte diese dann 2 bis 3 Stunden in der Form trocknen.<\/p><p>W\u00e4hrend der gesamten Trocknungszeit sollten die Objekte in einer warmen, aber nicht zu trockenen Umgebung gelagert werden.<\/p><p>Sie sollten auf Regalen platziert werden, um eine optimale Luftzirkulation zu erm\u00f6glichen, und so gelagert werden, dass sich die Platten unter ihrem eigenen Gewicht nicht bewegen oder verbiegen k\u00f6nnen.<\/p><p>POLIEREN<\/p><p>Nach dem Entformen muss die Oberfl\u00e4che des Flex Metal Gel Coat Jesmonite poliert werden, um den Glanz der Metallpulver zum Vorschein zu bringen.<\/p><p>Es ist wichtig, den Abguss mindestens 24 Stunden trocknen zu lassen, bevor mit dem Polieren begonnen wird.<\/p>\t\t\t\t\t\t\t\t<\/div>\n\t\t\t\t<\/div>\n\t\t\t\t\t<\/div>\n\t\t\t\t<\/div>\n\t\t<div class=\"elementor-element elementor-element-82be526 e-flex e-con-boxed e-con e-parent\" data-id=\"82be526\" data-element_type=\"container\" data-e-type=\"container\" data-settings=\"{&quot;jet_parallax_layout_list&quot;:[],&quot;background_background&quot;:&quot;classic&quot;}\">\n\t\t\t\t\t<div class=\"e-con-inner\">\n\t\t\t\t<div class=\"elementor-element elementor-element-e06eff5 elementor-widget elementor-widget-heading\" data-id=\"e06eff5\" data-element_type=\"widget\" data-e-type=\"widget\" data-widget_type=\"heading.default\">\n\t\t\t\t<div class=\"elementor-widget-container\">\n\t\t\t\t\t<h2 class=\"elementor-heading-title elementor-size-xl\">Links<\/h2>\t\t\t\t<\/div>\n\t\t\t\t<\/div>\n\t\t\t\t<div class=\"elementor-element elementor-element-53eb6c6 elementor-widget elementor-widget-text-editor\" data-id=\"53eb6c6\" data-element_type=\"widget\" data-e-type=\"widget\" data-widget_type=\"text-editor.default\">\n\t\t\t\t<div class=\"elementor-widget-container\">\n\t\t\t\t\t\t\t\t\t<p><span style=\"color: #233c76;\"><a style=\"color: #233c76;\" href=\"https:\/\/www.youtube.com\/watch?list=TLGGn1xnnqljuCUwMjAyMjAyNA&amp;time_continue=126&amp;v=1JCGvfYekmE&amp;embeds_referring_euri=https%3A%2F%2Fjesmonitemy.com%2F&amp;embeds_referring_origin=https%3A%2F%2Fjesmonitemy.com&amp;source_ve_path=Mjg2NjY&amp;feature=emb_logo\" target=\"_blank\" rel=\"noopener\">Video Flex Metal Small Cast <\/a><\/span><\/p><p><span style=\"color: #233c76;\"><a style=\"color: #233c76;\" href=\"https:\/\/www.youtube.com\/watch?list=TLGGZl4YlpZ4TPYwMjAyMjAyNA&amp;time_continue=42&amp;v=jEhXOI-t3Ok&amp;embeds_referring_euri=https%3A%2F%2Fjesmonitemy.com%2F&amp;embeds_referring_origin=https%3A%2F%2Fjesmonitemy.com&amp;source_ve_path=Mjg2NjY&amp;feature=emb_logo\" target=\"_blank\" rel=\"noopener\">Video Flex Metal Panel <\/a><\/span><\/p><p><span style=\"color: #233c76;\"><a style=\"color: #233c76;\" href=\"https:\/\/www.youtube.com\/watch?list=TLGGrfKtuMWovTowMjAyMjAyNA&amp;time_continue=64&amp;v=dveBNBYql54&amp;embeds_referring_euri=https%3A%2F%2Fjesmonitemy.com%2F&amp;embeds_referring_origin=https%3A%2F%2Fjesmonitemy.com&amp;source_ve_path=Mjg2NjY&amp;feature=emb_logo\" target=\"_blank\" rel=\"noopener\">Video Flex Metal Polishing Process <\/a><\/span><\/p>\t\t\t\t\t\t\t\t<\/div>\n\t\t\t\t<\/div>\n\t\t\t\t\t<\/div>\n\t\t\t\t<\/div>\n\t\t\t\t<\/div>\n\t\t","protected":false},"excerpt":{"rendered":"<p><span style=\"color: #ffffff;\">Jesmonite\u00ae AC730 Flex Metal Gel Coat ist ein innovatives System, das geformten Materialien ein metallisches Finish verleiht.<\/span><\/p>\n<p><span style=\"color: #ffffff;\">Es ist in 4 Ausf\u00fchrungen erh\u00e4ltlich: Bronze, Kupfer, Silberbronze, Messing und muss in Verbindung mit Jesmonite AC 730 verwendet werden.<\/span><\/p>\n","protected":false},"featured_media":28942,"template":"","meta":[],"product_brand":[],"product_cat":[1781,919],"product_tag":[],"class_list":{"0":"post-28940","1":"product","2":"type-product","3":"status-publish","4":"has-post-thumbnail","6":"product_cat-flex-metal-gelcoat-de","7":"product_cat-jesmonite-de","9":"first","10":"instock","11":"taxable","12":"shipping-taxable","13":"purchasable","14":"product-type-variable"},"_links":{"self":[{"href":"https:\/\/www.finres-sa.com\/de\/wp-json\/wp\/v2\/product\/28940","targetHints":{"allow":["GET"]}}],"collection":[{"href":"https:\/\/www.finres-sa.com\/de\/wp-json\/wp\/v2\/product"}],"about":[{"href":"https:\/\/www.finres-sa.com\/de\/wp-json\/wp\/v2\/types\/product"}],"version-history":[{"count":0,"href":"https:\/\/www.finres-sa.com\/de\/wp-json\/wp\/v2\/product\/28940\/revisions"}],"wp:featuredmedia":[{"embeddable":true,"href":"https:\/\/www.finres-sa.com\/de\/wp-json\/wp\/v2\/media\/28942"}],"wp:attachment":[{"href":"https:\/\/www.finres-sa.com\/de\/wp-json\/wp\/v2\/media?parent=28940"}],"wp:term":[{"taxonomy":"product_brand","embeddable":true,"href":"https:\/\/www.finres-sa.com\/de\/wp-json\/wp\/v2\/product_brand?post=28940"},{"taxonomy":"product_cat","embeddable":true,"href":"https:\/\/www.finres-sa.com\/de\/wp-json\/wp\/v2\/product_cat?post=28940"},{"taxonomy":"product_tag","embeddable":true,"href":"https:\/\/www.finres-sa.com\/de\/wp-json\/wp\/v2\/product_tag?post=28940"}],"curies":[{"name":"wp","href":"https:\/\/api.w.org\/{rel}","templated":true}]}}