{"id":29456,"date":"2025-08-13T10:11:11","date_gmt":"2025-08-13T08:11:11","guid":{"rendered":"https:\/\/www.finres-sa.com\/product\/slastic-hochleistungsflexible-beschichtung-flammhemmende-loesung-fuer-professionelle-dekorationen\/"},"modified":"2026-04-02T13:40:15","modified_gmt":"2026-04-02T11:40:15","slug":"slastic-hochleistungsflexible-beschichtung-flammhemmende-loesung-fuer-professionelle-dekorationen","status":"publish","type":"product","link":"https:\/\/www.finres-sa.com\/de\/produkt\/slastic-hochleistungsflexible-beschichtung-flammhemmende-loesung-fuer-professionelle-dekorationen\/","title":{"rendered":"SLASTIC \u2013 Flexible Hochleistungsbeschichtung \u2013 Brandschutzl\u00f6sung f\u00fcr professionelle Dekoration"},"content":{"rendered":"\t\t<div data-elementor-type=\"product-post\" data-elementor-id=\"29456\" class=\"elementor elementor-29456 elementor-29407\" data-elementor-post-type=\"product\">\n\t\t\t\t<div class=\"elementor-element elementor-element-5821f44 e-flex e-con-boxed e-con e-parent\" data-id=\"5821f44\" data-element_type=\"container\" data-e-type=\"container\" data-settings=\"{&quot;jet_parallax_layout_list&quot;:[]}\">\n\t\t\t\t\t<div class=\"e-con-inner\">\n\t\t\t\t<div class=\"elementor-element elementor-element-3e403b9 elementor-widget elementor-widget-text-editor\" data-id=\"3e403b9\" data-element_type=\"widget\" data-e-type=\"widget\" data-widget_type=\"text-editor.default\">\n\t\t\t\t<div class=\"elementor-widget-container\">\n\t\t\t\t\t\t\t\t\t<p><span style=\"color: #233c76;\">Slastic ist eine wasserl\u00f6sliche Acrylbeschichtung, als gebrauchsfertige Paste formuliert und bekannt f\u00fcr seine hohe Elastizit\u00e4t, Flexibilit\u00e4t und vielseitige Anwendbarkeit.<\/span><\/p><p><span style=\"color: #233c76;\">Entwickelt, um zerbrechliche Materialien zu verst\u00e4rken, zu versteifen und zu sch\u00fctzen, wobei ihre urspr\u00fcngliche Flexibilit\u00e4t erhalten bleibt, etabliert es sich als Referenzl\u00f6sung in der Welt der Szenografie, Eventdekoration und des professionellen B\u00fchnenbildes.<\/span><\/p><p><span style=\"color: #233c76;\">Wird zum Schutz und zur Flexibilisierung von Dekorelementen in Theatern, Konzerts\u00e4len, Opernh\u00e4usern, TV-Studios, Wanderb\u00fchnen, Paraden, Festivals oder Vergn\u00fcgungsparks verwendet, bietet Slastic eine ausgezeichnete Langzeitbest\u00e4ndigkeit.<\/span><\/p><p><span style=\"color: #233c76;\">Vielseitig einsetzbar, kann diese Beschichtung auch dienen als:<\/span><\/p><ul><li><span style=\"color: #233c76;\">Klebstoff zur Reparatur von zerbrochenen Materialien,<\/span><\/li><li><span style=\"color: #233c76;\">Bindemittel zur Faserverst\u00e4rkung (Glas, Baumwolle usw.),<\/span><\/li><li><span style=\"color: #233c76;\">oder als technischer Klebstoff f\u00fcr eine Vielzahl von Untergr\u00fcnden (Papier, Karton, Schaumstoff, Zellkunststoffe\u2026).<\/span><\/li><\/ul><p><span style=\"color: #233c76;\">Anwendungstipp: F\u00fcr stabile Verbindungen wird empfohlen, die Verbindungsstellen mit Slastic-getr\u00e4nkten Glasfaser- oder Baumwollb\u00e4ndern zu verst\u00e4rken.<\/span><\/p><p><span style=\"color: #233c76;\">Schlie\u00dflich ist Slastic im Bereich professioneller Dekorationen weithin f\u00fcr seine Brandschutzklassifizierung M1 anerkannt, was es zu einer idealen L\u00f6sung macht, um den Sicherheitsanforderungen in \u00f6ffentlich zug\u00e4nglichen Bereichen (ERP) gerecht zu werden.<\/span><\/p>\t\t\t\t\t\t\t\t<\/div>\n\t\t\t\t<\/div>\n\t\t\t\t\t<\/div>\n\t\t\t\t<\/div>\n\t\t<div class=\"elementor-element elementor-element-0ff4ec0 e-flex e-con-boxed e-con e-parent\" data-id=\"0ff4ec0\" data-element_type=\"container\" data-e-type=\"container\" data-settings=\"{&quot;jet_parallax_layout_list&quot;:[],&quot;background_background&quot;:&quot;classic&quot;}\">\n\t\t\t\t\t<div class=\"e-con-inner\">\n\t\t<div class=\"elementor-element elementor-element-a7f5a6b e-grid e-con-boxed e-con e-child\" data-id=\"a7f5a6b\" data-element_type=\"container\" data-e-type=\"container\" data-settings=\"{&quot;jet_parallax_layout_list&quot;:[]}\">\n\t\t\t\t\t<div class=\"e-con-inner\">\n\t\t\t\t<div class=\"elementor-element elementor-element-9db33b4 elementor-widget elementor-widget-heading\" data-id=\"9db33b4\" data-element_type=\"widget\" data-e-type=\"widget\" data-widget_type=\"heading.default\">\n\t\t\t\t<div class=\"elementor-widget-container\">\n\t\t\t\t\t<h2 class=\"elementor-heading-title elementor-size-xl\">Merkmale<\/h2>\t\t\t\t<\/div>\n\t\t\t\t<\/div>\n\t\t\t\t<div class=\"elementor-element elementor-element-ee99774 elementor-widget elementor-widget-heading\" data-id=\"ee99774\" data-element_type=\"widget\" data-e-type=\"widget\" data-widget_type=\"heading.default\">\n\t\t\t\t<div class=\"elementor-widget-container\">\n\t\t\t\t\t<h2 class=\"elementor-heading-title elementor-size-xl\">Vorteile<\/h2>\t\t\t\t<\/div>\n\t\t\t\t<\/div>\n\t\t\t\t<div class=\"elementor-element elementor-element-b78fea3 elementor-widget elementor-widget-text-editor\" data-id=\"b78fea3\" data-element_type=\"widget\" data-e-type=\"widget\" data-widget_type=\"text-editor.default\">\n\t\t\t\t<div class=\"elementor-widget-container\">\n\t\t\t\t\t\t\t\t\t<p>Farbe: wei\u00df\/ schwarz\/transluzent<\/p><p>Verbrauch: 200 bis 400 g\/m\u00b2<\/p><p>Grifffest: 1 Stunde bei 20 \u00b0C und 60 % relativer Luftfeuchtigkeit<\/p><p>Bruchdehnung 100 %<\/p><p>Anwendung: Rolle\/Pinsel\/Spachtel\/Airless-Pistole<\/p><p>Flammhemmend: Brandschutzklasse M-1<\/p><p>Wasserdicht und sehr wasser- und feuchtigkeitsbest\u00e4ndig<\/p>\t\t\t\t\t\t\t\t<\/div>\n\t\t\t\t<\/div>\n\t\t\t\t<div class=\"elementor-element elementor-element-695c64f elementor-widget elementor-widget-text-editor\" data-id=\"695c64f\" data-element_type=\"widget\" data-e-type=\"widget\" data-widget_type=\"text-editor.default\">\n\t\t\t\t<div class=\"elementor-widget-container\">\n\t\t\t\t\t\t\t\t\t<p>UV-stabil<\/p><p>Hohe Flexibilit\u00e4t<\/p><p>Vielseitig<\/p><p>Temperaturbest\u00e4ndigkeit<\/p><p>Dauerhafte Geschmeidigkeit<\/p><p>Wasserdicht<\/p>\t\t\t\t\t\t\t\t<\/div>\n\t\t\t\t<\/div>\n\t\t\t\t\t<\/div>\n\t\t\t\t<\/div>\n\t\t\t\t\t<\/div>\n\t\t\t\t<\/div>\n\t\t<div class=\"elementor-element elementor-element-a32eca7 e-flex e-con-boxed e-con e-parent\" data-id=\"a32eca7\" data-element_type=\"container\" data-e-type=\"container\" data-settings=\"{&quot;jet_parallax_layout_list&quot;:[],&quot;background_background&quot;:&quot;classic&quot;}\">\n\t\t\t\t\t<div class=\"e-con-inner\">\n\t\t\t\t<div class=\"elementor-element elementor-element-104f6c8 elementor-widget elementor-widget-heading\" data-id=\"104f6c8\" data-element_type=\"widget\" data-e-type=\"widget\" data-widget_type=\"heading.default\">\n\t\t\t\t<div class=\"elementor-widget-container\">\n\t\t\t\t\t<h2 class=\"elementor-heading-title elementor-size-xl\">Umsetzung<\/h2>\t\t\t\t<\/div>\n\t\t\t\t<\/div>\n\t\t\t\t<div class=\"elementor-element elementor-element-ae9e2e3 elementor-widget elementor-widget-text-editor\" data-id=\"ae9e2e3\" data-element_type=\"widget\" data-e-type=\"widget\" data-widget_type=\"text-editor.default\">\n\t\t\t\t<div class=\"elementor-widget-container\">\n\t\t\t\t\t\t\t\t\t<p>Die Paste ist gebrauchsfertig.<\/p><p>Die Spachtelmasse auf saubere, trockene und fettfreie Oberfl\u00e4chen auftragen.<\/p><p>Anwendung mit Pinsel, Rolle, Spachtel, Rakel oder Airless-Pistole, direkt auf die zu behandelnden Materialien, die trocken und zuvor gereinigt und entstaubt wurden.<\/p><p>Pinsel: Nicht verd\u00fcnnen.<\/p><p>Rolle: 0 bis 5 % Wasser hinzuf\u00fcgen, je nach verwendetem Rollentyp.<\/p><p>Airless-Pistole: 0 bis 5 % Wasser hinzuf\u00fcgen. D\u00fcse: 0,023 bis 0,035 \u201e\u201c. D\u00fcsenspitzendruck: 180 bis 200 kg\/cm\u00b2  <\/p><p>Reinigung der Werkzeuge direkt nach Gebrauch mit Wasser.<\/p><p>Grifffest nach 1 Stunde, Anwendung der Dekoration nach 48 Stunden.<\/p><p>Mit flie\u00dfendem Wasser reinigen, vorzugsweise warm. Wenn das Produkt bereits trocken ist, Aceton verwenden. <\/p>\t\t\t\t\t\t\t\t<\/div>\n\t\t\t\t<\/div>\n\t\t\t\t\t<\/div>\n\t\t\t\t<\/div>\n\t\t\t\t<\/div>\n\t\t","protected":false},"excerpt":{"rendered":"<p><span style=\"color: #ffffff;\">Flexible und flammhemmende Spachtelmasse, speziell entwickelt, um alle Arten leichter Untergr\u00fcnde dauerhaft zu festigen und zu sch\u00fctzen:<\/span><\/p>\n<p><span style=\"color: #ffffff;\">Leinwand, Papier, Karton, Kraftpapier, Styropor, Sch\u00e4ume oder Zellkunststoffe. Ideal f\u00fcr die Herstellung professioneller Dekorationen. <\/span><\/p>\n<p><span style=\"color: #ffffff;\"><strong>Brandschutzklasse M1 <\/strong><\/span><\/p>\n","protected":false},"featured_media":29411,"template":"","meta":[],"product_brand":[],"product_cat":[896,1000],"product_tag":[],"class_list":{"0":"post-29456","1":"product","2":"type-product","3":"status-publish","4":"has-post-thumbnail","6":"product_cat-gietvormen-en-siliconen-de","7":"product_cat-neuheiten","9":"first","10":"instock","11":"taxable","12":"shipping-taxable","13":"purchasable","14":"product-type-variable"},"_links":{"self":[{"href":"https:\/\/www.finres-sa.com\/de\/wp-json\/wp\/v2\/product\/29456","targetHints":{"allow":["GET"]}}],"collection":[{"href":"https:\/\/www.finres-sa.com\/de\/wp-json\/wp\/v2\/product"}],"about":[{"href":"https:\/\/www.finres-sa.com\/de\/wp-json\/wp\/v2\/types\/product"}],"version-history":[{"count":1,"href":"https:\/\/www.finres-sa.com\/de\/wp-json\/wp\/v2\/product\/29456\/revisions"}],"predecessor-version":[{"id":36246,"href":"https:\/\/www.finres-sa.com\/de\/wp-json\/wp\/v2\/product\/29456\/revisions\/36246"}],"wp:featuredmedia":[{"embeddable":true,"href":"https:\/\/www.finres-sa.com\/de\/wp-json\/wp\/v2\/media\/29411"}],"wp:attachment":[{"href":"https:\/\/www.finres-sa.com\/de\/wp-json\/wp\/v2\/media?parent=29456"}],"wp:term":[{"taxonomy":"product_brand","embeddable":true,"href":"https:\/\/www.finres-sa.com\/de\/wp-json\/wp\/v2\/product_brand?post=29456"},{"taxonomy":"product_cat","embeddable":true,"href":"https:\/\/www.finres-sa.com\/de\/wp-json\/wp\/v2\/product_cat?post=29456"},{"taxonomy":"product_tag","embeddable":true,"href":"https:\/\/www.finres-sa.com\/de\/wp-json\/wp\/v2\/product_tag?post=29456"}],"curies":[{"name":"wp","href":"https:\/\/api.w.org\/{rel}","templated":true}]}}