{"id":29582,"date":"2025-08-18T13:49:20","date_gmt":"2025-08-18T11:49:20","guid":{"rendered":"https:\/\/www.finres-sa.com\/product\/sc258-zweikomponenten-epoxidharzpaste-ultraleicht-schnellhaertend-hochleistung-ideal-fuer-skulpturen-modellbau-restaurierung-und-professionelle-reparaturen\/"},"modified":"2026-04-07T15:25:42","modified_gmt":"2026-04-07T13:25:42","slug":"sc258-zweikomponenten-epoxidharzpaste-ultraleicht-schnellhaertend-hochleistung-ideal-fuer-skulpturen-modellbau-restaurierung-und-professionelle-reparaturen","status":"publish","type":"product","link":"https:\/\/www.finres-sa.com\/de\/produkt\/sc258-zweikomponenten-epoxidharzpaste-ultraleicht-schnellhaertend-hochleistung-ideal-fuer-skulpturen-modellbau-restaurierung-und-professionelle-reparaturen\/","title":{"rendered":"SC258 Zweikomponenten-Epoxidharzpaste \u2013 Ultraleicht, schnell trocknend, hochleistungsf\u00e4hig \u2013 Ideal f\u00fcr Skulpturen, Modellbau, Restaurierung und professionelle Reparaturen."},"content":{"rendered":"\t\t<div data-elementor-type=\"product-post\" data-elementor-id=\"29582\" class=\"elementor elementor-29582 elementor-29532\" data-elementor-post-type=\"product\">\n\t\t\t\t<div class=\"elementor-element elementor-element-394e503 e-flex e-con-boxed e-con e-parent\" data-id=\"394e503\" data-element_type=\"container\" data-e-type=\"container\" data-settings=\"{&quot;jet_parallax_layout_list&quot;:[]}\">\n\t\t\t\t\t<div class=\"e-con-inner\">\n\t\t\t\t<div class=\"elementor-element elementor-element-df9babd elementor-widget elementor-widget-text-editor\" data-id=\"df9babd\" data-element_type=\"widget\" data-e-type=\"widget\" data-widget_type=\"text-editor.default\">\n\t\t\t\t<div class=\"elementor-widget-container\">\n\t\t\t\t\t\t\t\t\t<p><span style=\"color: #233c76;\">Das<strong> SC258 Epoxidharz<\/strong>-System ist eine <strong>Zweikomponenten-Epoxidharzpaste<\/strong>, speziell formuliert f\u00fcr pr\u00e4zises <strong>Modellieren, Restaurieren und Reparieren<\/strong>.<\/span><\/p><p><span style=\"color: #233c76;\">Ultraleicht und extrem widerstandsf\u00e4hig, ist sie ideal zum Erstellen, Modellieren oder Restaurieren komplexer Volumen, vom Miniaturmodellbau bis hin zu lebensgro\u00dfen Reproduktionen.<\/span><\/p><p><span style=\"color: #233c76;\">Dank ihrer formbaren Textur l\u00e4sst sich diese Paste <strong>leicht von Hand oder mit Werkzeugen verarbeiten<\/strong>, mit der M\u00f6glichkeit, sie <strong>mit Wasser und Alkohol zu gl\u00e4tten<\/strong>, f\u00fcr ein glattes und professionelles Finish.<\/span><\/p><p><span style=\"color: #233c76;\">Ihre ausgezeichnete Haftung erm\u00f6glicht eine feste Verbindung mit einer Vielzahl von Untergr\u00fcnden: <strong>Holz, Gips, Polyurethan, Polystyrol, Metall, Verbundplatten, Harze, Hartschaumstoffe<\/strong>.<\/span><\/p><p><span style=\"color: #233c76;\">Nach dem Aush\u00e4rten bietet die SC258 Epoxidharzpaste eine hohe H\u00e4rte (Shore D 60) und hohe Best\u00e4ndigkeit, w\u00e4hrend sie leicht zu bearbeiten bleibt: Schleifen, Lackieren und Bohren lassen sich problemlos durchf\u00fchren, sowohl f\u00fcr kreative Projekte als auch f\u00fcr technische Anwendungen.<\/span><\/p><p><span style=\"color: #233c76;\">Ein wahrer Verb\u00fcndeter f\u00fcr <strong>K\u00fcnstler<\/strong>, <strong>Restauratoren<\/strong>, <strong>Dekorateure<\/strong>, <strong>Prototypenentwickler<\/strong> und <strong>Bildhauer<\/strong>, vereint diese Modellier-Epoxidpaste Vielseitigkeit, Leistung und Zuverl\u00e4ssigkeit und liefert bei jeder Anwendung ein makelloses und dauerhaftes Ergebnis.<\/span><\/p>\t\t\t\t\t\t\t\t<\/div>\n\t\t\t\t<\/div>\n\t\t\t\t\t<\/div>\n\t\t\t\t<\/div>\n\t\t<div class=\"elementor-element elementor-element-380759f e-flex e-con-boxed e-con e-parent\" data-id=\"380759f\" data-element_type=\"container\" data-e-type=\"container\" data-settings=\"{&quot;jet_parallax_layout_list&quot;:[],&quot;background_background&quot;:&quot;classic&quot;}\">\n\t\t\t\t\t<div class=\"e-con-inner\">\n\t\t<div class=\"elementor-element elementor-element-8d808cf e-grid e-con-boxed e-con e-child\" data-id=\"8d808cf\" data-element_type=\"container\" data-e-type=\"container\" data-settings=\"{&quot;jet_parallax_layout_list&quot;:[]}\">\n\t\t\t\t\t<div class=\"e-con-inner\">\n\t\t\t\t<div class=\"elementor-element elementor-element-6b0cba7 elementor-widget elementor-widget-heading\" data-id=\"6b0cba7\" data-element_type=\"widget\" data-e-type=\"widget\" data-widget_type=\"heading.default\">\n\t\t\t\t<div class=\"elementor-widget-container\">\n\t\t\t\t\t<h2 class=\"elementor-heading-title elementor-size-xl\">Merkmale<\/h2>\t\t\t\t<\/div>\n\t\t\t\t<\/div>\n\t\t\t\t<div class=\"elementor-element elementor-element-6d6f4b9 elementor-widget elementor-widget-heading\" data-id=\"6d6f4b9\" data-element_type=\"widget\" data-e-type=\"widget\" data-widget_type=\"heading.default\">\n\t\t\t\t<div class=\"elementor-widget-container\">\n\t\t\t\t\t<h2 class=\"elementor-heading-title elementor-size-xl\">Anwendungen<\/h2>\t\t\t\t<\/div>\n\t\t\t\t<\/div>\n\t\t\t\t<div class=\"elementor-element elementor-element-eb241ab elementor-widget elementor-widget-text-editor\" data-id=\"eb241ab\" data-element_type=\"widget\" data-e-type=\"widget\" data-widget_type=\"text-editor.default\">\n\t\t\t\t<div class=\"elementor-widget-container\">\n\t\t\t\t\t\t\t\t\t<p>Mischungsverh\u00e4ltnis nach Gewicht oder Volumen: 100A : 100B<\/p><p>Farbe nach dem Mischen (A+B): Braun<\/p><p>Shore-H\u00e4rte D: 60<\/p><p>Maximale Schichtdicke: 40 mm<\/p><p>Dichte bei 25\u00b0C (g\/cm\u00b3): &lt; 0,48<\/p><p>Topfzeit bei 25\u00b0C: 30 &#8211; 65 Minuten<\/p><p>Aush\u00e4rtung vor Bearbeitung: 12 bis 18 Stunden<\/p><p>Vollst\u00e4ndige Aush\u00e4rtung bei 23\u00b0C: 48 Stunden<\/p><p>Au\u00dfergew\u00f6hnliche Haftung auf Holz, PU, Polystyrol, Platten, Harz, Hartschaum usw.<\/p><p>Lagerung: 12 Monate zwischen 18\u00b0C und 25\u00b0C in der Originalverpackung<\/p><p>Verf\u00fcgbare Verpackungen: A+B-Kits zu 200g\/1kg\/2kg\/10kg<\/p>\t\t\t\t\t\t\t\t<\/div>\n\t\t\t\t<\/div>\n\t\t\t\t<div class=\"elementor-element elementor-element-ddbfb17 elementor-widget elementor-widget-text-editor\" data-id=\"ddbfb17\" data-element_type=\"widget\" data-e-type=\"widget\" data-widget_type=\"text-editor.default\">\n\t\t\t\t<div class=\"elementor-widget-container\">\n\t\t\t\t\t\t\t\t\t<p><strong>Restaurierung<\/strong> von Gipsformen, Leisten, Ornamenten, Basreliefs, Gesimsen und Skulpturen.<\/p><p><strong>Herstellung<\/strong> von leichten und widerstandsf\u00e4higen Teilen: Architekturelementen, geschnitzten Dekorationen, dekorativen Accessoires.<\/p><p><strong>Prototypenbau<\/strong> und hochpr\u00e4ziser Modellbau.<\/p><p><strong>Korrektur, Spachteln und Gl\u00e4tten<\/strong> von 3D-gedruckten Teilen.<\/p><p><strong>Montage und Verklebung<\/strong> von Teilen aus Verbundwerkstoffen, Holz oder Metall.<\/p><p>Herstellung eines schnellen <strong>Reparaturspachtels<\/strong> f\u00fcr Restauratoren und Holzhandwerker (alte Rahmen, antike M\u00f6bel, Chassis usw.).<\/p>\t\t\t\t\t\t\t\t<\/div>\n\t\t\t\t<\/div>\n\t\t\t\t\t<\/div>\n\t\t\t\t<\/div>\n\t\t\t\t\t<\/div>\n\t\t\t\t<\/div>\n\t\t<div class=\"elementor-element elementor-element-e5ef2c6 e-flex e-con-boxed e-con e-parent\" data-id=\"e5ef2c6\" data-element_type=\"container\" data-e-type=\"container\" data-settings=\"{&quot;jet_parallax_layout_list&quot;:[],&quot;background_background&quot;:&quot;classic&quot;}\">\n\t\t\t\t\t<div class=\"e-con-inner\">\n\t\t\t\t<div class=\"elementor-element elementor-element-3c9b580 elementor-widget elementor-widget-heading\" data-id=\"3c9b580\" data-element_type=\"widget\" data-e-type=\"widget\" data-widget_type=\"heading.default\">\n\t\t\t\t<div class=\"elementor-widget-container\">\n\t\t\t\t\t<h2 class=\"elementor-heading-title elementor-size-xl\">Umsetzung<\/h2>\t\t\t\t<\/div>\n\t\t\t\t<\/div>\n\t\t\t\t<div class=\"elementor-element elementor-element-baea5ec elementor-widget elementor-widget-text-editor\" data-id=\"baea5ec\" data-element_type=\"widget\" data-e-type=\"widget\" data-widget_type=\"text-editor.default\">\n\t\t\t\t<div class=\"elementor-widget-container\">\n\t\t\t\t\t\t\t\t\t<ol><li><strong>Zubereitung der Mischung<\/strong><\/li><\/ol><p> Mischen Sie Harz (A) und H\u00e4rter (B) zu gleichen Teilen nach Gewicht oder Volumen: Verh\u00e4ltnis 100A : 100B.  <\/p><p> Tragen Sie unbedingt Handschuhe, vorzugsweise aus Nitril.<\/p><p> Mischen Sie Harz und H\u00e4rter manuell bis zu 500 g; dar\u00fcber hinaus einen Mischer verwenden.<\/p><ol start=\"2\"><li><strong> Anwendung<\/strong><\/li><\/ol><p> Ideale Temperatur (Harz, Untergrund, Werkzeuge): 18 bis 25 \u00b0C.<\/p><p> Maximale Schichtdicke pro Auftrag: 40 mm.<\/p><p> Auf glatten Untergr\u00fcnden vor dem Auftragen der Endschicht eine d\u00fcnne Schicht Paste mit einem Spachtel (Haftschicht) auftragen. <\/p><ol start=\"3\"><li><strong> Verarbeitungszeit und Aush\u00e4rtung<\/strong><\/li><\/ol><p> Topfzeit: 65 Minuten bei 25 \u00b0C.<\/p><p> Bearbeitung m\u00f6glich nach 12 bis 18 Std.<\/p><p> Vollst\u00e4ndige Aush\u00e4rtung in 48 Std.<\/p><p> Gl\u00e4tten mit Alkohol oder Wasser f\u00fcr ein besseres Finish.<\/p><ol start=\"4\"><li><strong> Reinigung<\/strong><\/li><\/ol><p> Reinigen Sie die Werkzeuge sofort mit Wasser vor dem Aush\u00e4rten.<\/p>\t\t\t\t\t\t\t\t<\/div>\n\t\t\t\t<\/div>\n\t\t\t\t\t<\/div>\n\t\t\t\t<\/div>\n\t\t\t\t<\/div>\n\t\t","protected":false},"excerpt":{"rendered":"<p><span style=\"color: #ffffff;\">Ultraleichte, schnellh\u00e4rtende Zweikomponenten-Epoxidharzpaste, ideal f\u00fcr Modellierung, Skulpturen, Konstruktion und diverse Reparaturen. Haftet perfekt auf Holz, Gips, Metall, Polystyrol, PU und Verbundwerkstoffen. <\/span><\/p>\n","protected":false},"featured_media":29546,"template":"","meta":[],"product_brand":[],"product_cat":[1682,964,1000,1665],"product_tag":[],"class_list":{"0":"post-29582","1":"product","2":"type-product","3":"status-publish","4":"has-post-thumbnail","6":"product_cat-epoxidharzkleber","7":"product_cat-epoxy-de","8":"product_cat-neuheiten","9":"product_cat-schnelles-reparatur-und-beschichtungsset","11":"first","12":"instock","13":"taxable","14":"shipping-taxable","15":"purchasable","16":"product-type-variable"},"_links":{"self":[{"href":"https:\/\/www.finres-sa.com\/de\/wp-json\/wp\/v2\/product\/29582","targetHints":{"allow":["GET"]}}],"collection":[{"href":"https:\/\/www.finres-sa.com\/de\/wp-json\/wp\/v2\/product"}],"about":[{"href":"https:\/\/www.finres-sa.com\/de\/wp-json\/wp\/v2\/types\/product"}],"version-history":[{"count":1,"href":"https:\/\/www.finres-sa.com\/de\/wp-json\/wp\/v2\/product\/29582\/revisions"}],"predecessor-version":[{"id":37202,"href":"https:\/\/www.finres-sa.com\/de\/wp-json\/wp\/v2\/product\/29582\/revisions\/37202"}],"wp:featuredmedia":[{"embeddable":true,"href":"https:\/\/www.finres-sa.com\/de\/wp-json\/wp\/v2\/media\/29546"}],"wp:attachment":[{"href":"https:\/\/www.finres-sa.com\/de\/wp-json\/wp\/v2\/media?parent=29582"}],"wp:term":[{"taxonomy":"product_brand","embeddable":true,"href":"https:\/\/www.finres-sa.com\/de\/wp-json\/wp\/v2\/product_brand?post=29582"},{"taxonomy":"product_cat","embeddable":true,"href":"https:\/\/www.finres-sa.com\/de\/wp-json\/wp\/v2\/product_cat?post=29582"},{"taxonomy":"product_tag","embeddable":true,"href":"https:\/\/www.finres-sa.com\/de\/wp-json\/wp\/v2\/product_tag?post=29582"}],"curies":[{"name":"wp","href":"https:\/\/api.w.org\/{rel}","templated":true}]}}