{"id":29936,"date":"2024-02-16T10:16:25","date_gmt":"2024-02-16T09:16:25","guid":{"rendered":"https:\/\/www.finres-sa.com\/product\/jesmonite-ac-metal-filler\/"},"modified":"2025-12-15T13:06:37","modified_gmt":"2025-12-15T12:06:37","slug":"jesmonite-ac-metal-filler","status":"publish","type":"product","link":"https:\/\/www.finres-sa.com\/de\/produkt\/jesmonite-ac-metal-filler\/","title":{"rendered":"JESMONITE\u00ae AC Metal Filler"},"content":{"rendered":"\t\t<div data-elementor-type=\"product-post\" data-elementor-id=\"29936\" class=\"elementor elementor-29936 elementor-12472\" data-elementor-post-type=\"product\">\n\t\t\t\t<div class=\"elementor-element elementor-element-71c6147 e-flex e-con-boxed e-con e-parent\" data-id=\"71c6147\" data-element_type=\"container\" data-e-type=\"container\" data-settings=\"{&quot;jet_parallax_layout_list&quot;:[]}\">\n\t\t\t\t\t<div class=\"e-con-inner\">\n\t\t\t\t<div class=\"elementor-element elementor-element-d9891b4 elementor-widget elementor-widget-text-editor\" data-id=\"d9891b4\" data-element_type=\"widget\" data-e-type=\"widget\" data-widget_type=\"text-editor.default\">\n\t\t\t\t<div class=\"elementor-widget-container\">\n\t\t\t\t\t\t\t\t\t<p><span style=\"color: #233c76;\">Der Metal Filler ist ein Metallpulver, das aus fein gemahlenen Metallpartikeln besteht.<\/span><\/p><p><span style=\"color: #233c76;\">Es dient als grundlegendes Material in verschiedenen industriellen Prozessen, Fertigungstechniken und aufkommenden Technologien.<\/span><\/p><p><span style=\"color: #233c76;\">Der Metal Filler ist in 3 Farben erh\u00e4ltlich: Kupfer, Bronze und Messing.<\/span><\/p><p><span style=\"color: #233c76;\">Einer der Hauptvorteile des Metal Fillers ist seine F\u00e4higkeit, das Aussehen und die Eigenschaften von massivem Metall zu simulieren, ohne die Einschr\u00e4nkungen traditioneller Metallbearbeitungsmethoden.<\/span><\/p><p><span style=\"color: #233c76;\">Metallpulver wird auch von K\u00fcnstlern, Designern und Amateuren gesch\u00e4tzt, da es eine kosteng\u00fcnstige Alternative zu traditionellen Methoden bietet und die Erstellung komplexer und detaillierter Muster erm\u00f6glicht, die mit massivem Metall schwer zu erreichen w\u00e4ren.<\/span><\/p><p><span style=\"color: #233c76;\">Der Metal Filler bildet nach dem Mischen mit Harz eine homogene Mischung, die in verschiedenen 3D-Druck- und Gie\u00dfverfahren verwendet werden kann, um funktionale Prototypen, komplexen Schmuck oder industrielle Komponenten herzustellen.<\/span><\/p><p><span style=\"color: #233c76;\">Die Wahl eines spezifischen Metallpulvers h\u00e4ngt von den gew\u00fcnschten Eigenschaften und Anwendungen ab, wie z.B. Leitf\u00e4higkeit, Korrosionsbest\u00e4ndigkeit, Hitzebest\u00e4ndigkeit oder mechanische Festigkeit.<\/span><\/p><p><span style=\"color: #233c76;\">Die erhaltenen Objekte weisen den Glanz von Metall auf und m\u00fcssen durch Polieren oder andere Veredelungstechniken behandelt werden, um den gew\u00fcnschten Glanz zu erzielen.<\/span><\/p><p> <\/p><p><span style=\"color: #233c76;\">Hinweis: Der Metalleffekt wird mit einem transparenten Harz beeindruckender sein als mit einem wei\u00dfen Acrylharz.<\/span><\/p>\t\t\t\t\t\t\t\t<\/div>\n\t\t\t\t<\/div>\n\t\t\t\t\t<\/div>\n\t\t\t\t<\/div>\n\t\t<div class=\"elementor-element elementor-element-306cefc e-flex e-con-boxed e-con e-parent\" data-id=\"306cefc\" data-element_type=\"container\" data-e-type=\"container\" data-settings=\"{&quot;jet_parallax_layout_list&quot;:[],&quot;background_background&quot;:&quot;classic&quot;}\">\n\t\t\t\t\t<div class=\"e-con-inner\">\n\t\t<div class=\"elementor-element elementor-element-c555859 e-grid e-con-boxed e-con e-child\" data-id=\"c555859\" data-element_type=\"container\" data-e-type=\"container\" data-settings=\"{&quot;jet_parallax_layout_list&quot;:[]}\">\n\t\t\t\t\t<div class=\"e-con-inner\">\n\t\t\t\t<div class=\"elementor-element elementor-element-2aa33fb elementor-widget elementor-widget-heading\" data-id=\"2aa33fb\" data-element_type=\"widget\" data-e-type=\"widget\" data-widget_type=\"heading.default\">\n\t\t\t\t<div class=\"elementor-widget-container\">\n\t\t\t\t\t<h2 class=\"elementor-heading-title elementor-size-xl\">Merkmale<\/h2>\t\t\t\t<\/div>\n\t\t\t\t<\/div>\n\t\t\t\t<div class=\"elementor-element elementor-element-12a667f elementor-widget elementor-widget-heading\" data-id=\"12a667f\" data-element_type=\"widget\" data-e-type=\"widget\" data-widget_type=\"heading.default\">\n\t\t\t\t<div class=\"elementor-widget-container\">\n\t\t\t\t\t<h2 class=\"elementor-heading-title elementor-size-xl\">Vorteile<\/h2>\t\t\t\t<\/div>\n\t\t\t\t<\/div>\n\t\t\t\t\t<\/div>\n\t\t\t\t<\/div>\n\t\t<div class=\"elementor-element elementor-element-a3fc5d3 e-grid e-con-boxed e-con e-child\" data-id=\"a3fc5d3\" data-element_type=\"container\" data-e-type=\"container\" data-settings=\"{&quot;jet_parallax_layout_list&quot;:[]}\">\n\t\t\t\t\t<div class=\"e-con-inner\">\n\t\t\t\t<div class=\"elementor-element elementor-element-fd64c89 elementor-widget elementor-widget-text-editor\" data-id=\"fd64c89\" data-element_type=\"widget\" data-e-type=\"widget\" data-widget_type=\"text-editor.default\">\n\t\t\t\t<div class=\"elementor-widget-container\">\n\t\t\t\t\t\t\t\t\t<p style=\"margin: 0cm; margin-bottom: .0001pt;\">3 Metalloberfl\u00e4chen: Bronze, Kupfer, Messing<\/p><p style=\"margin: 0cm; margin-bottom: .0001pt;\">Verpackung: 1 oder 5 kg<\/p><p style=\"margin: 0cm; margin-bottom: .0001pt;\">Mischungsverh\u00e4ltnis: variabel je nach Harztyp<\/p><p style=\"margin: 0cm; margin-bottom: .0001pt;\">Lagerung: in der Originalverpackung, vor Feuchtigkeit gesch\u00fctzt<\/p>\t\t\t\t\t\t\t\t<\/div>\n\t\t\t\t<\/div>\n\t\t\t\t<div class=\"elementor-element elementor-element-fa7be74 elementor-widget elementor-widget-text-editor\" data-id=\"fa7be74\" data-element_type=\"widget\" data-e-type=\"widget\" data-widget_type=\"text-editor.default\">\n\t\t\t\t<div class=\"elementor-widget-container\">\n\t\t\t\t\t\t\t\t\t<p style=\"margin: 0cm; margin-bottom: .0001pt;\"><span style=\"color: #1f4e79;\">Metalloptik<\/span><\/p><p style=\"margin: 0cm; margin-bottom: .0001pt;\"><span style=\"color: #1f4e79;\">Metalleigenschaften <\/span><\/p><p style=\"margin: 0cm; margin-bottom: .0001pt;\"><span style=\"color: #1f4e79;\">Wirtschaftlicher als Massivmetall<\/span><\/p><p style=\"margin: 0cm; margin-bottom: .0001pt;\"><span style=\"color: #1f4e79;\">Leichte Formbarkeit<\/span><\/p>\t\t\t\t\t\t\t\t<\/div>\n\t\t\t\t<\/div>\n\t\t\t\t\t<\/div>\n\t\t\t\t<\/div>\n\t\t\t\t\t<\/div>\n\t\t\t\t<\/div>\n\t\t<div class=\"elementor-element elementor-element-58aec8a e-flex e-con-boxed e-con e-parent\" data-id=\"58aec8a\" data-element_type=\"container\" data-e-type=\"container\" data-settings=\"{&quot;jet_parallax_layout_list&quot;:[],&quot;background_background&quot;:&quot;classic&quot;}\">\n\t\t\t\t\t<div class=\"e-con-inner\">\n\t\t\t\t<div class=\"elementor-element elementor-element-30e7533 elementor-widget elementor-widget-heading\" data-id=\"30e7533\" data-element_type=\"widget\" data-e-type=\"widget\" data-widget_type=\"heading.default\">\n\t\t\t\t<div class=\"elementor-widget-container\">\n\t\t\t\t\t<h2 class=\"elementor-heading-title elementor-size-xl\">Umsetzung<\/h2>\t\t\t\t<\/div>\n\t\t\t\t<\/div>\n\t\t\t\t<div class=\"elementor-element elementor-element-a4db4f9 elementor-widget elementor-widget-text-editor\" data-id=\"a4db4f9\" data-element_type=\"widget\" data-e-type=\"widget\" data-widget_type=\"text-editor.default\">\n\t\t\t\t<div class=\"elementor-widget-container\">\n\t\t\t\t\t\t\t\t\t<p><span style=\"color: #233c76;\">Die vom Hersteller empfohlene Menge je nach Harzart hinzuf\u00fcgen.<\/span><\/p><p><span style=\"color: #233c76;\"><a style=\"color: #233c76;\" href=\"https:\/\/www.finres-sa.com\/de\/produkt\/jesmonite-ac100-kit\/\">JESMONITE AC100<\/a><\/span><\/p><p><span style=\"color: #233c76;\">Mischungsverh\u00e4ltnis 1:2 (100 g Fl\u00fcssigkeit auf 200 g Pulver)<\/span><\/p><p><span style=\"color: #233c76;\"> + 80 %-100 % Metal Filler (zwischen 280 g und 350 g Metal Filler auf 350 g Jesmonite A+B)<\/span><\/p><p><span style=\"color: #233c76;\"><a style=\"color: #233c76;\" href=\"https:\/\/www.finres-sa.com\/de\/produkt\/schnellhaertendes-pu-giessharz-2min30-axson-f160-kit\/\">F160 PU SCHNELLH\u00c4RTENDES GIESSHARZ<\/a><\/span><\/p><p><span style=\"color: #233c76;\">Mischungsverh\u00e4ltnis 1:1 (100 g Komp. A auf 100 g Komp. B)<\/span><\/p><p><span style=\"color: #233c76;\"> + 150 % Metal Filler (300 g Metal Filler auf 200 g F160 A+B)<\/span><\/p><p><span style=\"color: #233c76;\"><a style=\"color: #233c76;\" href=\"https:\/\/www.finres-sa.com\/de\/produkt\/epoxy-crystal-clear-kit-wwa-wwb\/\">WWA TRANSPARENTES EPOXY-GIESSHARZ<\/a><\/span><\/p><p><span style=\"color: #233c76;\">Mischungsverh\u00e4ltnis 1:0,4 (100 g Komp. A auf 40 g Komp. B)<\/span><\/p><p><span style=\"color: #233c76;\"> + 100 % Metal Filler (140 g Metal Filler auf 140 g WWA A+B)<\/span><\/p><p><span style=\"color: #233c76;\">Wenn das gew\u00e4hlte Harz keine vollst\u00e4ndige Transparenz bietet, kann es ratsam sein, den Boden der Form vor dem Bef\u00fcllen mit Harz + Metal Filler leicht mit reinem Metal Filler zu bestreuen; diese Methode verleiht dem Endprodukt mehr Glanz.<\/span><\/p><p><span style=\"color: #233c76;\">Beim Entformen beh\u00e4lt das Werkst\u00fcck die Metallfarbe, weist aber noch ein mattes Finish auf. Um den charakteristischen Metallglanz zu erzielen, muss die Oberfl\u00e4che durch Polieren oder andere Veredelungstechniken behandelt werden. <\/span><\/p><p><span style=\"color: #233c76;\">Hinweis: Die Dichte des Metalls (+\/- 1,8) ist deutlich h\u00f6her als die von Harzen (+\/- 1,1), was dazu f\u00fchrt, dass das Pulver dazu neigt, sich am Boden der Form abzusetzen.<\/span><\/p><p>Hinweis 2: Die oben angegebenen Verh\u00e4ltnisse sind die maximalen Mengen an F\u00fcllstoffzugabe, die vom Harz toleriert werden; eine geringere Menge kann durchaus in Betracht gezogen werden.<\/p>\t\t\t\t\t\t\t\t<\/div>\n\t\t\t\t<\/div>\n\t\t\t\t\t<\/div>\n\t\t\t\t<\/div>\n\t\t<div class=\"elementor-element elementor-element-c0a58b8 e-flex e-con-boxed e-con e-parent\" data-id=\"c0a58b8\" data-element_type=\"container\" data-e-type=\"container\" data-settings=\"{&quot;jet_parallax_layout_list&quot;:[],&quot;background_background&quot;:&quot;classic&quot;}\">\n\t\t\t\t\t<div class=\"e-con-inner\">\n\t\t\t\t<div class=\"elementor-element elementor-element-538363c elementor-widget elementor-widget-heading\" data-id=\"538363c\" data-element_type=\"widget\" data-e-type=\"widget\" data-widget_type=\"heading.default\">\n\t\t\t\t<div class=\"elementor-widget-container\">\n\t\t\t\t\t<h2 class=\"elementor-heading-title elementor-size-xl\">Sicherheit<\/h2>\t\t\t\t<\/div>\n\t\t\t\t<\/div>\n\t\t\t\t<div class=\"elementor-element elementor-element-0834093 elementor-widget elementor-widget-text-editor\" data-id=\"0834093\" data-element_type=\"widget\" data-e-type=\"widget\" data-widget_type=\"text-editor.default\">\n\t\t\t\t<div class=\"elementor-widget-container\">\n\t\t\t\t\t\t\t\t\t<p>Bei normaler \u201eVerwendung und in seiner Originalform hat das Produkt keine\u201c negativen Auswirkungen auf die Gesundheit. <\/p>\t\t\t\t\t\t\t\t<\/div>\n\t\t\t\t<\/div>\n\t\t\t\t\t<\/div>\n\t\t\t\t<\/div>\n\t\t\t\t<\/div>\n\t\t","protected":false},"excerpt":{"rendered":"<p>AC 100 Metal Filler ist ein echtes Metallpulver, das 3 verschiedene Oberfl\u00e4chen bietet: Bronze, Kupfer, Messing.<\/p>\n<p>Dieses Metallpulver l\u00e4sst sich \u201eleicht in Acrylharz sowie in\u201c andere Kunstharze integrieren.<br \/>\nNeben dem beeindruckenden Metalleffekt verbessert das metallinfundierte Harz die physikalischen und mechanischen Eigenschaften des Endprodukts erheblich.<\/p>\n<p>Diese L\u00f6sung ist ideal f\u00fcr Anwendungen, bei denen sowohl die \u00c4sthetik als auch die Leistung von Metall vereint werden sollen.<\/p>\n","protected":false},"featured_media":29940,"template":"","meta":[],"product_brand":[],"product_cat":[919,921],"product_tag":[1792,1794,1793,1791,1790,1789],"class_list":{"0":"post-29936","1":"product","2":"type-product","3":"status-publish","4":"has-post-thumbnail","6":"product_cat-jesmonite-de","7":"product_cat-pigmenten-und-zusatzstoffen","8":"product_tag-bronze-de","9":"product_tag-kupfer","10":"product_tag-messing-de","11":"product_tag-metallharz","12":"product_tag-metalloberflache","13":"product_tag-metallpulver","15":"first","16":"instock","17":"taxable","18":"shipping-taxable","19":"purchasable","20":"product-type-variable"},"_links":{"self":[{"href":"https:\/\/www.finres-sa.com\/de\/wp-json\/wp\/v2\/product\/29936","targetHints":{"allow":["GET"]}}],"collection":[{"href":"https:\/\/www.finres-sa.com\/de\/wp-json\/wp\/v2\/product"}],"about":[{"href":"https:\/\/www.finres-sa.com\/de\/wp-json\/wp\/v2\/types\/product"}],"version-history":[{"count":0,"href":"https:\/\/www.finres-sa.com\/de\/wp-json\/wp\/v2\/product\/29936\/revisions"}],"wp:featuredmedia":[{"embeddable":true,"href":"https:\/\/www.finres-sa.com\/de\/wp-json\/wp\/v2\/media\/29940"}],"wp:attachment":[{"href":"https:\/\/www.finres-sa.com\/de\/wp-json\/wp\/v2\/media?parent=29936"}],"wp:term":[{"taxonomy":"product_brand","embeddable":true,"href":"https:\/\/www.finres-sa.com\/de\/wp-json\/wp\/v2\/product_brand?post=29936"},{"taxonomy":"product_cat","embeddable":true,"href":"https:\/\/www.finres-sa.com\/de\/wp-json\/wp\/v2\/product_cat?post=29936"},{"taxonomy":"product_tag","embeddable":true,"href":"https:\/\/www.finres-sa.com\/de\/wp-json\/wp\/v2\/product_tag?post=29936"}],"curies":[{"name":"wp","href":"https:\/\/api.w.org\/{rel}","templated":true}]}}