{"id":30473,"date":"2023-06-26T18:16:48","date_gmt":"2023-06-26T16:16:48","guid":{"rendered":"https:\/\/www.finres-sa.com\/product\/resimac-101-metallreparaturpaste-kit\/"},"modified":"2026-03-16T16:38:15","modified_gmt":"2026-03-16T15:38:15","slug":"resimac-101-metallreparaturpaste-kit","status":"publish","type":"product","link":"https:\/\/www.finres-sa.com\/de\/produkt\/resimac-101-metallreparaturpaste-kit\/","title":{"rendered":"RESIMAC 101 \u2013 Metallreparaturpaste (KIT)"},"content":{"rendered":"\t\t<div data-elementor-type=\"product-post\" data-elementor-id=\"30473\" class=\"elementor elementor-30473 elementor-5687\" data-elementor-post-type=\"product\">\n\t\t\t\t<div class=\"elementor-element elementor-element-6e26497 e-flex e-con-boxed e-con e-parent\" data-id=\"6e26497\" data-element_type=\"container\" data-e-type=\"container\" data-settings=\"{&quot;jet_parallax_layout_list&quot;:[]}\">\n\t\t\t\t\t<div class=\"e-con-inner\">\n\t\t\t\t<div class=\"elementor-element elementor-element-8e501b4 elementor-widget elementor-widget-text-editor\" data-id=\"8e501b4\" data-element_type=\"widget\" data-e-type=\"widget\" data-widget_type=\"text-editor.default\">\n\t\t\t\t<div class=\"elementor-widget-container\">\n\t\t\t\t\t\t\t\t\t<p>Die Resimac 101 Reparaturpaste ist eine l\u00f6semittelfreie Zweikomponenten-Epoxid-Metallreparaturmasse.<\/p><p>Dieses Produkt wurde f\u00fcr den Einsatz auf einer Vielzahl von Metalloberfl\u00e4chen entwickelt. Es eignet sich f\u00fcr Notfallreparaturen oder im Rahmen der geplanten Wartung von Ger\u00e4ten wie verschlissenen oder besch\u00e4digten Pumpenwellen, gerissenen Pumpen- oder Ventilgeh\u00e4usen, verkratzten Hydraulikzylindern, verschlissenen Lagergeh\u00e4usen, besch\u00e4digten Flanschen, undichten Tankdichtungen, verschlissenen Keilnuten und gerissenen Motorbl\u00f6cken. Das Material kann auch als Spaltf\u00fcllklebstoff verwendet werden.  <\/p><p><strong>Erhaltung<\/strong><\/p><p>5 Jahre bei unge\u00f6ffnetem Produkt und Lagerung unter normalen trockenen Bedingungen (15-30\u00b0C)<\/p><p><strong>Technisches Datenblatt<\/strong><\/p><p><a href=\"https:\/\/www.resimacsolutions.com\/uploads\/4\/5\/0\/7\/45072315\/101_metpaste_tds.rv3.12022019.pdf\" target=\"_blank\" rel=\"noopener\">https:\/\/www.resimacsolutions.com\/uploads\/4\/5\/0\/7\/45072315\/101_metpaste_tds.rv3.12022019.pdf<\/a><\/p><p><strong>Produktspezifikationen<\/strong><\/p><p><a href=\"https:\/\/www.resimacsolutions.com\/uploads\/4\/5\/0\/7\/45072315\/101_ps.rv3.13052019.pdf\" target=\"_blank\" rel=\"noopener\">https:\/\/www.resimacsolutions.com\/uploads\/4\/5\/0\/7\/45072315\/101_ps.rv3.13052019.pdf<\/a><\/p><p><strong>Leitfaden f\u00fcr die Anwendung<\/strong><\/p><p><a href=\"https:\/\/www.resimacsolutions.com\/uploads\/4\/5\/0\/7\/45072315\/101_qag.rv2.10052019.pdf\" target=\"_blank\" rel=\"noopener\">https:\/\/www.resimacsolutions.com\/uploads\/4\/5\/0\/7\/45072315\/101_qag.rv2.10052019.pdf<\/a><\/p>\t\t\t\t\t\t\t\t<\/div>\n\t\t\t\t<\/div>\n\t\t\t\t\t<\/div>\n\t\t\t\t<\/div>\n\t\t\t\t<\/div>\n\t\t","protected":false},"excerpt":{"rendered":"<p>Die Resimac 101 Reparaturpaste ist eine l\u00f6semittelfreie Zweikomponenten-Epoxid-Metallreparaturmasse.<\/p>\n","protected":false},"featured_media":30474,"template":"","meta":[],"product_brand":[],"product_cat":[964,1665],"product_tag":[1130,1131,967],"class_list":{"0":"post-30473","1":"product","2":"type-product","3":"status-publish","4":"has-post-thumbnail","6":"product_cat-epoxy-de","7":"product_cat-schnelles-reparatur-und-beschichtungsset","8":"product_tag-industrie-de","9":"product_tag-metall","10":"product_tag-reparatur","12":"first","13":"instock","14":"taxable","15":"shipping-taxable","16":"purchasable","17":"product-type-variable"},"_links":{"self":[{"href":"https:\/\/www.finres-sa.com\/de\/wp-json\/wp\/v2\/product\/30473","targetHints":{"allow":["GET"]}}],"collection":[{"href":"https:\/\/www.finres-sa.com\/de\/wp-json\/wp\/v2\/product"}],"about":[{"href":"https:\/\/www.finres-sa.com\/de\/wp-json\/wp\/v2\/types\/product"}],"version-history":[{"count":1,"href":"https:\/\/www.finres-sa.com\/de\/wp-json\/wp\/v2\/product\/30473\/revisions"}],"predecessor-version":[{"id":34595,"href":"https:\/\/www.finres-sa.com\/de\/wp-json\/wp\/v2\/product\/30473\/revisions\/34595"}],"wp:featuredmedia":[{"embeddable":true,"href":"https:\/\/www.finres-sa.com\/de\/wp-json\/wp\/v2\/media\/30474"}],"wp:attachment":[{"href":"https:\/\/www.finres-sa.com\/de\/wp-json\/wp\/v2\/media?parent=30473"}],"wp:term":[{"taxonomy":"product_brand","embeddable":true,"href":"https:\/\/www.finres-sa.com\/de\/wp-json\/wp\/v2\/product_brand?post=30473"},{"taxonomy":"product_cat","embeddable":true,"href":"https:\/\/www.finres-sa.com\/de\/wp-json\/wp\/v2\/product_cat?post=30473"},{"taxonomy":"product_tag","embeddable":true,"href":"https:\/\/www.finres-sa.com\/de\/wp-json\/wp\/v2\/product_tag?post=30473"}],"curies":[{"name":"wp","href":"https:\/\/api.w.org\/{rel}","templated":true}]}}