{"id":30533,"date":"2023-06-26T18:19:08","date_gmt":"2023-06-26T16:19:08","guid":{"rendered":"https:\/\/www.finres-sa.com\/product\/ton-225\/"},"modified":"2026-03-16T16:27:40","modified_gmt":"2026-03-16T15:27:40","slug":"ton-225","status":"publish","type":"product","link":"https:\/\/www.finres-sa.com\/de\/produkt\/ton-225\/","title":{"rendered":"Witgert Ton Nr. 111 Wei\u00df \u2013 Professioneller Keramikton"},"content":{"rendered":"\t\t<div data-elementor-type=\"product-post\" data-elementor-id=\"30533\" class=\"elementor elementor-30533 elementor-5878\" data-elementor-post-type=\"product\">\n\t\t\t\t<div class=\"elementor-element elementor-element-69122c7a e-flex e-con-boxed e-con e-parent\" data-id=\"69122c7a\" data-element_type=\"container\" data-e-type=\"container\" data-settings=\"{&quot;jet_parallax_layout_list&quot;:[]}\">\n\t\t\t\t\t<div class=\"e-con-inner\">\n\t\t\t\t<div class=\"elementor-element elementor-element-42fd6c62 elementor-widget elementor-widget-text-editor\" data-id=\"42fd6c62\" data-element_type=\"widget\" data-e-type=\"widget\" data-widget_type=\"text-editor.default\">\n\t\t\t\t<div class=\"elementor-widget-container\">\n\t\t\t\t\t\t\t\t\t<p>Der wei\u00dfe Witgert Ton Nr. 111 ist eine hochwertige Keramikmasse aus der professionellen Witgert-Linie, bekannt f\u00fcr seine mineralische Best\u00e4ndigkeit, seine Formulierungsqualit\u00e4t und seine Brennstabilit\u00e4t.<\/p><p>Seine sorgf\u00e4ltig entwickelte Zusammensetzung verleiht ihm eine sch\u00f6ne Plastizit\u00e4t, eine sehr feine Gl\u00e4ttung und eine pr\u00e4zise Wiedergabe von Mikrodetails.<\/p><p>Dank einer homogenen Korngr\u00f6\u00dfe und kontrollierten Feuchtigkeit garantiert der Witgert Ton Nr. 111 eine fl\u00fcssige Formgebung, einen progressiven Spannungsaufbau beim Drehen und eine sehr stabile Reaktion bei Bildhauer- oder Modellierarbeiten.<\/p><p>Nach dem Brand hebt sein cremewei\u00dfer Farbton Engoben sowie transparente oder farbige Glasuren hervor.<\/p><p>Sein breiter Brennbereich (1000\u20131300 \u00b0C) bietet gro\u00dfe Flexibilit\u00e4t in den Produktionszyklen, geeignet sowohl f\u00fcr traditionelle Werkst\u00e4tten als auch f\u00fcr semi-industrielle Umgebungen.<\/p><p>Dieser Ton wird besonders Keramikern empfohlen, die eine zuverl\u00e4ssige, gleichm\u00e4\u00dfige und leistungsstarke Masse f\u00fcr feine, dekorative oder Gebrauchsgegenst\u00e4nde suchen.<\/p><p style=\"margin: 0cm; margin-bottom: .0001pt;\"> <\/p>\t\t\t\t\t\t\t\t<\/div>\n\t\t\t\t<\/div>\n\t\t\t\t\t<\/div>\n\t\t\t\t<\/div>\n\t\t<div class=\"elementor-element elementor-element-e106e15 e-flex e-con-boxed e-con e-parent\" data-id=\"e106e15\" data-element_type=\"container\" data-e-type=\"container\" data-settings=\"{&quot;jet_parallax_layout_list&quot;:[],&quot;background_background&quot;:&quot;classic&quot;}\">\n\t\t\t\t\t<div class=\"e-con-inner\">\n\t\t\t\t<div class=\"elementor-element elementor-element-6035ae8 elementor-widget elementor-widget-heading\" data-id=\"6035ae8\" data-element_type=\"widget\" data-e-type=\"widget\" data-widget_type=\"heading.default\">\n\t\t\t\t<div class=\"elementor-widget-container\">\n\t\t\t\t\t<h2 class=\"elementor-heading-title elementor-size-xl\">Technische Eigenschaften<\/h2>\t\t\t\t<\/div>\n\t\t\t\t<\/div>\n\t\t\t\t<div class=\"elementor-element elementor-element-8153920 elementor-widget elementor-widget-text-editor\" data-id=\"8153920\" data-element_type=\"widget\" data-e-type=\"widget\" data-widget_type=\"text-editor.default\">\n\t\t\t\t<div class=\"elementor-widget-container\">\n\t\t\t\t\t\t\t\t\t<p>Beschaffenheit: halbfeuchter wei\u00dfer Ton<\/p><p>Typ: wei\u00dfe Steinzeugmasse<\/p><p>Farbe nach dem Brand: wei\u00df<\/p><p>Struktur: feine und homogene Korngr\u00f6\u00dfe<\/p><p>Trocknung: an der Luft oder Brennen bis 1300 \u00b0C<\/p><p>Schamotte: ohne Schamotte<\/p><p>Biegefestigkeit trocken: 6,3 N\/mm\u00b2<\/p><p>Lagerung: lichtgesch\u00fctzt<\/p><p>Verpackung: 10 kg \/ 5&#215;10 kg \/ Palette mit 100&#215;10 kg<\/p>\t\t\t\t\t\t\t\t<\/div>\n\t\t\t\t<\/div>\n\t\t\t\t\t<\/div>\n\t\t\t\t<\/div>\n\t\t<div class=\"elementor-element elementor-element-ab1dc95 e-flex e-con-boxed e-con e-parent\" data-id=\"ab1dc95\" data-element_type=\"container\" data-e-type=\"container\" data-settings=\"{&quot;jet_parallax_layout_list&quot;:[],&quot;background_background&quot;:&quot;classic&quot;}\">\n\t\t\t\t\t<div class=\"e-con-inner\">\n\t\t\t\t<div class=\"elementor-element elementor-element-60c2ff3 elementor-widget elementor-widget-heading\" data-id=\"60c2ff3\" data-element_type=\"widget\" data-e-type=\"widget\" data-widget_type=\"heading.default\">\n\t\t\t\t<div class=\"elementor-widget-container\">\n\t\t\t\t\t<h2 class=\"elementor-heading-title elementor-size-xl\">Produktvorteile<\/h2>\t\t\t\t<\/div>\n\t\t\t\t<\/div>\n\t\t\t\t<div class=\"elementor-element elementor-element-99ea74a elementor-widget elementor-widget-text-editor\" data-id=\"99ea74a\" data-element_type=\"widget\" data-e-type=\"widget\" data-widget_type=\"text-editor.default\">\n\t\t\t\t<div class=\"elementor-widget-container\">\n\t\t\t\t\t\t\t\t\t<p>Ultra-glatte Oberfl\u00e4che (feiner Ton)<\/p><p>Pr\u00e4zise Keramikdetails<\/p><p>Kontrollierte Tonschrumpfung<\/p><p>Sehr gute Drehbarkeit<\/p><p>Geeignet f\u00fcr Modellieren \/ Bildhauerei<\/p><p>Hervorragendes Ergebnis bei Engoben \/ Glasuren<\/p>\t\t\t\t\t\t\t\t<\/div>\n\t\t\t\t<\/div>\n\t\t\t\t\t<\/div>\n\t\t\t\t<\/div>\n\t\t\t\t<\/div>\n\t\t","protected":false},"excerpt":{"rendered":"<p>Hochreiner Wei\u00dfton mit bemerkenswerter Plastizit\u00e4t. Der Witgert Nr. 111 ist ideal zum Drehen, Modellieren und zur Herstellung von Werkst\u00fccken, die eine pr\u00e4zise kontrollierte Schwindung erfordern. <\/p>\n<p>&nbsp;<\/p>\n<p>&nbsp;<\/p>\n","protected":false},"featured_media":30534,"template":"","meta":[],"product_brand":[],"product_cat":[896,1795,1807],"product_tag":[925,897,899,903,969],"class_list":{"0":"post-30533","1":"product","2":"type-product","3":"status-publish","4":"has-post-thumbnail","6":"product_cat-gietvormen-en-siliconen-de","7":"product_cat-modellieren","8":"product_cat-sonderangebote","9":"product_tag-beeld-de","10":"product_tag-decoratie-de","11":"product_tag-gieten-de","12":"product_tag-kunst-de","13":"product_tag-weich","15":"first","16":"instock","17":"taxable","18":"shipping-taxable","19":"purchasable","20":"product-type-variable"},"_links":{"self":[{"href":"https:\/\/www.finres-sa.com\/de\/wp-json\/wp\/v2\/product\/30533","targetHints":{"allow":["GET"]}}],"collection":[{"href":"https:\/\/www.finres-sa.com\/de\/wp-json\/wp\/v2\/product"}],"about":[{"href":"https:\/\/www.finres-sa.com\/de\/wp-json\/wp\/v2\/types\/product"}],"version-history":[{"count":2,"href":"https:\/\/www.finres-sa.com\/de\/wp-json\/wp\/v2\/product\/30533\/revisions"}],"predecessor-version":[{"id":37295,"href":"https:\/\/www.finres-sa.com\/de\/wp-json\/wp\/v2\/product\/30533\/revisions\/37295"}],"wp:featuredmedia":[{"embeddable":true,"href":"https:\/\/www.finres-sa.com\/de\/wp-json\/wp\/v2\/media\/30534"}],"wp:attachment":[{"href":"https:\/\/www.finres-sa.com\/de\/wp-json\/wp\/v2\/media?parent=30533"}],"wp:term":[{"taxonomy":"product_brand","embeddable":true,"href":"https:\/\/www.finres-sa.com\/de\/wp-json\/wp\/v2\/product_brand?post=30533"},{"taxonomy":"product_cat","embeddable":true,"href":"https:\/\/www.finres-sa.com\/de\/wp-json\/wp\/v2\/product_cat?post=30533"},{"taxonomy":"product_tag","embeddable":true,"href":"https:\/\/www.finres-sa.com\/de\/wp-json\/wp\/v2\/product_tag?post=30533"}],"curies":[{"name":"wp","href":"https:\/\/api.w.org\/{rel}","templated":true}]}}