{"id":33028,"date":"2025-11-17T16:18:17","date_gmt":"2025-11-17T15:18:17","guid":{"rendered":"https:\/\/www.finres-sa.com\/product\/eco-transparentes-epoxydharz-1010c-1014c-1016c-hochbestaendiger-uv-schutz\/"},"modified":"2026-03-30T16:48:32","modified_gmt":"2026-03-30T14:48:32","slug":"eco-transparentes-epoxydharz-1010c-1014c-1016c-hochbestaendiger-uv-schutz","status":"publish","type":"product","link":"https:\/\/www.finres-sa.com\/de\/produkt\/eco-transparentes-epoxydharz-1010c-1014c-1016c-hochbestaendiger-uv-schutz\/","title":{"rendered":"ECO Transparentes Epoxidharz 1010C \u2013 UV-best\u00e4ndiger Epoxid-Primer &amp; Klarbeschichtung"},"content":{"rendered":"\t\t<div data-elementor-type=\"product-post\" data-elementor-id=\"33028\" class=\"elementor elementor-33028 elementor-32418\" data-elementor-post-type=\"product\">\n\t\t\t\t<div class=\"elementor-element elementor-element-7e37c36 e-flex e-con-boxed e-con e-parent\" data-id=\"7e37c36\" data-element_type=\"container\" data-e-type=\"container\" data-settings=\"{&quot;jet_parallax_layout_list&quot;:[]}\">\n\t\t\t\t\t<div class=\"e-con-inner\">\n\t\t\t\t<div class=\"elementor-element elementor-element-61029c9 elementor-widget elementor-widget-text-editor\" data-id=\"61029c9\" data-element_type=\"widget\" data-e-type=\"widget\" data-widget_type=\"text-editor.default\">\n\t\t\t\t<div class=\"elementor-widget-container\">\n\t\t\t\t\t\t\t\t\t<p data-pm-slice=\"1 1 []\">Das Epoxidharz 1010C-1014C\/1016C ist eine ECO-L\u00f6sung der n\u00e4chsten Generation, entwickelt, um den aktuellen Anforderungen von Baufachleuten, der Schifffahrtsindustrie, des Verbundwerkstoffsektors und anspruchsvollen technischen Anwendungen gerecht zu werden.<br>Seine fortschrittliche, l\u00f6semittel- und BPA-freie Formulierung reduziert Emissionen und verbessert die Anwendungssicherheit, w\u00e4hrend exzellente mechanische und chemische Leistungen erhalten bleiben.<\/p><p>Dieses wasserverd\u00fcnnbare System bietet exzellente Flie\u00dff\u00e4higkeit, kristallklare Transparenz und \u00fcberragende Abriebfestigkeit. Dank seines Mischungsverh\u00e4ltnisses (1:1) ist es einfach zu handhaben und kann stark verd\u00fcnnt werden, um sich jedem Verarbeitungsbedarf anzupassen. Diese M\u00f6glichkeit optimiert die Verarbeitbarkeit, die Impr\u00e4gnierung des Materials und die Gleichm\u00e4\u00dfigkeit des Films, insbesondere auf por\u00f6sen Untergr\u00fcnden oder komplexen Oberfl\u00e4chen.  <\/p><p>So kann das 1010C-1014C als hochwertige Grundierung bei der Holzvorbereitung im Schiffbau, im Bauwesen, bei der Restaurierung von Holzverkleidungen oder als H\u00e4rter f\u00fcr altes, witterungsgesch\u00e4digtes Holz verwendet werden. <\/p><p>Dank seiner Vielseitigkeit sch\u00fctzt und veredelt das Epoxidharz 1010C-1014C\/1016C eine breite Palette von Untergr\u00fcnden: Massivholz oder Holzwerkstoffe, Roh- oder Sichtbeton, Naturstein, Metall, Glas, Terrakotta oder Verbundwerkstoffe. Es eignet sich besonders f\u00fcr Renovierungsprojekte, bei denen Multi-Substrat-Kompatibilit\u00e4t und Dimensionsstabilit\u00e4t sowohl im privaten als auch im industriellen Umfeld unerl\u00e4sslich sind. <\/p><p>Nach dem Aush\u00e4rten gibt das Harz keine fl\u00fcchtigen Substanzen mehr ab und zeigt keine Migrationsph\u00e4nomene, was eine perfekte Kompatibilit\u00e4t f\u00fcr Innenanwendungen gew\u00e4hrleistet. Diese chemische Stabilit\u00e4t, verbunden mit einer guten Best\u00e4ndigkeit gegen Feuchtigkeit und g\u00e4ngige Mittel, bietet echte Sicherheit bei der Inbetriebnahme behandelter Oberfl\u00e4chen, selbst in stark beanspruchten Bereichen. <\/p><p>Ideal f\u00fcr Impr\u00e4gnierungs-, Schutz- und Veredelungsanwendungen, bietet das Epoxidharz 1010C-1014C\/1016C eine angenehme Verarbeitungszeit f\u00fcr eine progressive Aush\u00e4rtung. Das Ergebnis ist homogen, schrumpffrei und garantiert hochwertige, langlebige Oberfl\u00e4chen, die sowohl technischen als auch \u00e4sthetischen Anforderungen gerecht werden. <\/p>\t\t\t\t\t\t\t\t<\/div>\n\t\t\t\t<\/div>\n\t\t\t\t\t<\/div>\n\t\t\t\t<\/div>\n\t\t<div class=\"elementor-element elementor-element-8313a83 e-flex e-con-boxed e-con e-parent\" data-id=\"8313a83\" data-element_type=\"container\" data-e-type=\"container\" data-settings=\"{&quot;jet_parallax_layout_list&quot;:[],&quot;background_background&quot;:&quot;classic&quot;}\">\n\t\t\t\t\t<div class=\"e-con-inner\">\n\t\t<div class=\"elementor-element elementor-element-1aae439 e-grid e-con-boxed e-con e-child\" data-id=\"1aae439\" data-element_type=\"container\" data-e-type=\"container\" data-settings=\"{&quot;jet_parallax_layout_list&quot;:[]}\">\n\t\t\t\t\t<div class=\"e-con-inner\">\n\t\t<div class=\"elementor-element elementor-element-fe562c2 e-con-full e-flex e-con e-child\" data-id=\"fe562c2\" data-element_type=\"container\" data-e-type=\"container\" data-settings=\"{&quot;jet_parallax_layout_list&quot;:[]}\">\n\t\t\t\t<div class=\"elementor-element elementor-element-33b2fe4 elementor-widget elementor-widget-heading\" data-id=\"33b2fe4\" data-element_type=\"widget\" data-e-type=\"widget\" data-widget_type=\"heading.default\">\n\t\t\t\t<div class=\"elementor-widget-container\">\n\t\t\t\t\t<h2 class=\"elementor-heading-title elementor-size-large\">Produktvorteile<\/h2>\t\t\t\t<\/div>\n\t\t\t\t<\/div>\n\t\t\t\t<div class=\"elementor-element elementor-element-4d9151a elementor-widget elementor-widget-text-editor\" data-id=\"4d9151a\" data-element_type=\"widget\" data-e-type=\"widget\" data-widget_type=\"text-editor.default\">\n\t\t\t\t<div class=\"elementor-widget-container\">\n\t\t\t\t\t\t\t\t\t<ul data-pm-slice=\"3 3 []\"><li><p>Integrierter UV-Filter<\/p><\/li><li><p>L\u00f6semittel- und Bisphenol-frei<\/p><\/li><li><p>Matte oder gl\u00e4nzende Oberfl\u00e4che<\/p><\/li><li><p>Niedrige Viskosit\u00e4t erleichtert die Impr\u00e4gnierung<\/p><\/li><li><p>Kontrollierte Wasserdampfdurchl\u00e4ssigkeit<\/p><\/li><li><p>Exzellente mechanische und chemische Best\u00e4ndigkeit<\/p><\/li><li><p>Geeignet als Grundierung f\u00fcr Bodenbel\u00e4ge<\/p><\/li><\/ul>\t\t\t\t\t\t\t\t<\/div>\n\t\t\t\t<\/div>\n\t\t\t\t<\/div>\n\t\t<div class=\"elementor-element elementor-element-38940e1 e-con-full e-flex e-con e-child\" data-id=\"38940e1\" data-element_type=\"container\" data-e-type=\"container\" data-settings=\"{&quot;jet_parallax_layout_list&quot;:[]}\">\n\t\t\t\t<div class=\"elementor-element elementor-element-f0a1029 elementor-widget elementor-widget-heading\" data-id=\"f0a1029\" data-element_type=\"widget\" data-e-type=\"widget\" data-widget_type=\"heading.default\">\n\t\t\t\t<div class=\"elementor-widget-container\">\n\t\t\t\t\t<h2 class=\"elementor-heading-title elementor-size-large\">Anwendung<\/h2>\t\t\t\t<\/div>\n\t\t\t\t<\/div>\n\t\t\t\t<div class=\"elementor-element elementor-element-d418df0 elementor-widget elementor-widget-text-editor\" data-id=\"d418df0\" data-element_type=\"widget\" data-e-type=\"widget\" data-widget_type=\"text-editor.default\">\n\t\t\t\t<div class=\"elementor-widget-container\">\n\t\t\t\t\t\t\t\t\t<ul data-pm-slice=\"3 3 []\"><li><p>Restaurierung und Schutz von Holzverkleidungen<\/p><\/li><li><p>Bauwesen und \u00f6ffentliche Arbeiten<\/p><\/li><li><p>Bootsbau, maritime Strukturen und Schifffahrt<\/p><\/li><li><p>Kreative Hobbys und Designprojekte<\/p><\/li><li><p>Innenausbau, Arbeitsplatten, dekorative Hintergr\u00fcnde<\/p><\/li><li><p>Au\u00dfenanwendungen<\/p><\/li><li><p>Metalluntergr\u00fcnde, Garagen, technische Bereiche<\/p><\/li><li><p>Industrielle oder dekorative Harzb\u00f6den<\/p><\/li><li><p>Abriebgef\u00e4hrdete Harzoberfl\u00e4chen<\/p><\/li><li><p>Verklebung und Verbundmontage<\/p><\/li><\/ul>\t\t\t\t\t\t\t\t<\/div>\n\t\t\t\t<\/div>\n\t\t\t\t<\/div>\n\t\t\t\t\t<\/div>\n\t\t\t\t<\/div>\n\t\t\t\t\t<\/div>\n\t\t\t\t<\/div>\n\t\t<div class=\"elementor-element elementor-element-201b54f e-flex e-con-boxed e-con e-parent\" data-id=\"201b54f\" data-element_type=\"container\" data-e-type=\"container\" data-settings=\"{&quot;jet_parallax_layout_list&quot;:[],&quot;background_background&quot;:&quot;classic&quot;}\">\n\t\t\t\t\t<div class=\"e-con-inner\">\n\t\t\t\t<div class=\"elementor-element elementor-element-a8b6cc0 elementor-widget elementor-widget-heading\" data-id=\"a8b6cc0\" data-element_type=\"widget\" data-e-type=\"widget\" data-widget_type=\"heading.default\">\n\t\t\t\t<div class=\"elementor-widget-container\">\n\t\t\t\t\t<h2 class=\"elementor-heading-title elementor-size-large\">Anwendungsbeschreibung<\/h2>\t\t\t\t<\/div>\n\t\t\t\t<\/div>\n\t\t\t\t<div class=\"elementor-element elementor-element-d86e903 elementor-widget elementor-widget-heading\" data-id=\"d86e903\" data-element_type=\"widget\" data-e-type=\"widget\" data-widget_type=\"heading.default\">\n\t\t\t\t<div class=\"elementor-widget-container\">\n\t\t\t\t\t<h3 class=\"elementor-heading-title elementor-size-medium\">Empfohlene Anwendungsbedingungen<\/h3>\t\t\t\t<\/div>\n\t\t\t\t<\/div>\n\t\t\t\t<div class=\"elementor-element elementor-element-910980c elementor-widget elementor-widget-text-editor\" data-id=\"910980c\" data-element_type=\"widget\" data-e-type=\"widget\" data-widget_type=\"text-editor.default\">\n\t\t\t\t<div class=\"elementor-widget-container\">\n\t\t\t\t\t\t\t\t\t<ul data-pm-slice=\"3 3 []\"><li><p>Ideale Temperatur: 18 bis 25 \u00b0C<\/p><\/li><li><p>Luftfeuchtigkeit &lt; 70 %<\/p><\/li><li><p>Je w\u00e4rmer die Umgebung, desto schneller polymerisiert es.<\/p><\/li><li><p>Verwenden Sie den H\u00e4rter 1016 nicht f\u00fcr die erste Schicht.<\/p><\/li><\/ul>\t\t\t\t\t\t\t\t<\/div>\n\t\t\t\t<\/div>\n\t\t\t\t<div class=\"elementor-element elementor-element-6cc5f3c elementor-widget elementor-widget-heading\" data-id=\"6cc5f3c\" data-element_type=\"widget\" data-e-type=\"widget\" data-widget_type=\"heading.default\">\n\t\t\t\t<div class=\"elementor-widget-container\">\n\t\t\t\t\t<h3 class=\"elementor-heading-title elementor-size-medium\">Mischungsverh\u00e4ltnis<\/h3>\t\t\t\t<\/div>\n\t\t\t\t<\/div>\n\t\t\t\t<div class=\"elementor-element elementor-element-2aa5cd4 elementor-widget elementor-widget-text-editor\" data-id=\"2aa5cd4\" data-element_type=\"widget\" data-e-type=\"widget\" data-widget_type=\"text-editor.default\">\n\t\t\t\t<div class=\"elementor-widget-container\">\n\t\t\t\t\t\t\t\t\t<ul data-pm-slice=\"3 1 []\"><li><p>Harz 1010 + H\u00e4rter 1014: 100 A \/ 100 B<\/p><\/li><li><p>Harz 1010 + H\u00e4rter 1016: 100 A \/ 150 B<br>Dieses Mischungsverh\u00e4ltnis muss eingehalten werden, um die mechanischen und chemischen Eigenschaften zu gew\u00e4hrleisten. Mischen Sie von Hand oder mit einem mechanischen R\u00fchrger\u00e4t. <\/p><\/li><\/ul>\t\t\t\t\t\t\t\t<\/div>\n\t\t\t\t<\/div>\n\t\t\t\t\t<\/div>\n\t\t\t\t<\/div>\n\t\t<div class=\"elementor-element elementor-element-d2a0727 e-flex e-con-boxed e-con e-parent\" data-id=\"d2a0727\" data-element_type=\"container\" data-e-type=\"container\" data-settings=\"{&quot;jet_parallax_layout_list&quot;:[],&quot;background_background&quot;:&quot;classic&quot;}\">\n\t\t\t\t\t<div class=\"e-con-inner\">\n\t\t\t\t<div class=\"elementor-element elementor-element-f243fcd elementor-widget elementor-widget-heading\" data-id=\"f243fcd\" data-element_type=\"widget\" data-e-type=\"widget\" data-widget_type=\"heading.default\">\n\t\t\t\t<div class=\"elementor-widget-container\">\n\t\t\t\t\t<h2 class=\"elementor-heading-title elementor-size-large\">Anwendungssysteme\n\n<\/h2>\t\t\t\t<\/div>\n\t\t\t\t<\/div>\n\t\t\t\t<div class=\"elementor-element elementor-element-7bba653 elementor-widget elementor-widget-heading\" data-id=\"7bba653\" data-element_type=\"widget\" data-e-type=\"widget\" data-widget_type=\"heading.default\">\n\t\t\t\t<div class=\"elementor-widget-container\">\n\t\t\t\t\t<h3 class=\"elementor-heading-title elementor-size-medium\">Grundierung<\/h3>\t\t\t\t<\/div>\n\t\t\t\t<\/div>\n\t\t\t\t<div class=\"elementor-element elementor-element-8207d20 elementor-widget elementor-widget-text-editor\" data-id=\"8207d20\" data-element_type=\"widget\" data-e-type=\"widget\" data-widget_type=\"text-editor.default\">\n\t\t\t\t<div class=\"elementor-widget-container\">\n\t\t\t\t\t\t\t\t\t<p data-pm-slice=\"1 1 []\">1 Volumen Harz 1010 + 1 Volumen H\u00e4rter 1014 + 1 Volumen Wasser<br>Rollen- oder Pinselauftrag, ideal zur Untergrundvorbereitung. Das 1010-1014 bleibt bei zu dicken Schichten wei\u00df, es ist kein Gie\u00dfharz. <\/p>\t\t\t\t\t\t\t\t<\/div>\n\t\t\t\t<\/div>\n\t\t\t\t<div class=\"elementor-element elementor-element-f1c627b elementor-widget elementor-widget-heading\" data-id=\"f1c627b\" data-element_type=\"widget\" data-e-type=\"widget\" data-widget_type=\"heading.default\">\n\t\t\t\t<div class=\"elementor-widget-container\">\n\t\t\t\t\t<h3 class=\"elementor-heading-title elementor-size-medium\">Lack und Finish<\/h3>\t\t\t\t<\/div>\n\t\t\t\t<\/div>\n\t\t\t\t<div class=\"elementor-element elementor-element-0daa510 elementor-widget elementor-widget-text-editor\" data-id=\"0daa510\" data-element_type=\"widget\" data-e-type=\"widget\" data-widget_type=\"text-editor.default\">\n\t\t\t\t<div class=\"elementor-widget-container\">\n\t\t\t\t\t\t\t\t\t<ul data-pm-slice=\"3 3 []\"><li><p>Gl\u00e4nzend: 1 Volumen Harz + 1 Volumen H\u00e4rter 1014 + 1 Volumen Wasser<\/p><\/li><li><p>Matt: 2 Volumen Harz + 3 Volumen H\u00e4rter 1016 + 2 Volumen Wasser<\/p><\/li><\/ul>\t\t\t\t\t\t\t\t<\/div>\n\t\t\t\t<\/div>\n\t\t\t\t<div class=\"elementor-element elementor-element-098ad9f elementor-widget elementor-widget-heading\" data-id=\"098ad9f\" data-element_type=\"widget\" data-e-type=\"widget\" data-widget_type=\"heading.default\">\n\t\t\t\t<div class=\"elementor-widget-container\">\n\t\t\t\t\t<h3 class=\"elementor-heading-title elementor-size-medium\">M\u00f6rtel und Selbstverlaufsmassen<\/h3>\t\t\t\t<\/div>\n\t\t\t\t<\/div>\n\t\t\t\t<div class=\"elementor-element elementor-element-7bbdb3f elementor-widget elementor-widget-text-editor\" data-id=\"7bbdb3f\" data-element_type=\"widget\" data-e-type=\"widget\" data-widget_type=\"text-editor.default\">\n\t\t\t\t<div class=\"elementor-widget-container\">\n\t\t\t\t\t\t\t\t\t<p data-pm-slice=\"1 1 []\">Mischen Sie 10 bis 20 % des Systems 1010-1014 mit Sand oder anderen mineralischen F\u00fcllstoffen.<br>Zum Gl\u00e4tten das Werkzeug anfeuchten; die Reinigung erfolgt vor dem Aush\u00e4rten mit Wasser.<\/p>\t\t\t\t\t\t\t\t<\/div>\n\t\t\t\t<\/div>\n\t\t\t\t\t<\/div>\n\t\t\t\t<\/div>\n\t\t<div class=\"elementor-element elementor-element-019a916 e-flex e-con-boxed e-con e-parent\" data-id=\"019a916\" data-element_type=\"container\" data-e-type=\"container\" data-settings=\"{&quot;jet_parallax_layout_list&quot;:[],&quot;background_background&quot;:&quot;classic&quot;}\">\n\t\t\t\t\t<div class=\"e-con-inner\">\n\t\t<div class=\"elementor-element elementor-element-0741f8a e-grid e-con-full e-con e-child\" data-id=\"0741f8a\" data-element_type=\"container\" data-e-type=\"container\" data-settings=\"{&quot;jet_parallax_layout_list&quot;:[]}\">\n\t\t\t\t<div class=\"elementor-element elementor-element-6911095 elementor-widget elementor-widget-heading\" data-id=\"6911095\" data-element_type=\"widget\" data-e-type=\"widget\" data-widget_type=\"heading.default\">\n\t\t\t\t<div class=\"elementor-widget-container\">\n\t\t\t\t\t<h2 class=\"elementor-heading-title elementor-size-large\">Technische Eigenschaften<\/h2>\t\t\t\t<\/div>\n\t\t\t\t<\/div>\n\t\t\t\t<div class=\"elementor-element elementor-element-c715b7c elementor-widget elementor-widget-heading\" data-id=\"c715b7c\" data-element_type=\"widget\" data-e-type=\"widget\" data-widget_type=\"heading.default\">\n\t\t\t\t<div class=\"elementor-widget-container\">\n\t\t\t\t\t<h2 class=\"elementor-heading-title elementor-size-large\">Schutz f\u00fcr Epoxidharz\n\n<\/h2>\t\t\t\t<\/div>\n\t\t\t\t<\/div>\n\t\t\t\t<div class=\"elementor-element elementor-element-a843e28 elementor-widget elementor-widget-text-editor\" data-id=\"a843e28\" data-element_type=\"widget\" data-e-type=\"widget\" data-widget_type=\"text-editor.default\">\n\t\t\t\t<div class=\"elementor-widget-container\">\n\t\t\t\t\t\t\t\t\t<ul data-pm-slice=\"3 3 []\"><li><p>Mischungsverh\u00e4ltnis (Volumen\/Gewicht): 1:1<\/p><\/li><li><p>Dichte bei 23 \u00b0C: 1,1 g\/cm\u00b3<\/p><\/li><li><p>Farbe: wei\u00df, wird beim Trocknen transparent<\/p><\/li><li><p>Theoretischer Verbrauch: 100\u2013150 g\/m\u00b2<\/p><\/li><li><p>Trockenzeit (grifffest bei 25 \u00b0C): 45 Min.<\/p><\/li><li><p>\u00dcberstreichbar: nach 6 Std.<\/p><\/li><li><p>Vollst\u00e4ndige Vernetzung: 24 bis 48 Std.<\/p><\/li><li><p>Kompatibilit\u00e4t: Holz, Beton, Zement, Metall, Glas, Stein, Terrakotta<\/p><\/li><\/ul>\t\t\t\t\t\t\t\t<\/div>\n\t\t\t\t<\/div>\n\t\t\t\t<div class=\"elementor-element elementor-element-cbe97ba elementor-widget elementor-widget-text-editor\" data-id=\"cbe97ba\" data-element_type=\"widget\" data-e-type=\"widget\" data-widget_type=\"text-editor.default\">\n\t\t\t\t<div class=\"elementor-widget-container\">\n\t\t\t\t\t\t\t\t\t<p data-pm-slice=\"1 1 []\">Ob Sie Epoxidharz zum Vergn\u00fcgen, f\u00fcr Einschl\u00fcsse, Laminierungen oder andere spezifischere Arbeiten verwenden, der pers\u00f6nliche Schutz ist unerl\u00e4sslich.<\/p><p>Unabh\u00e4ngig von Ihrer Erfahrung ist es selbst bei einem guten Harz unerl\u00e4sslich, Nitrilhandschuhe und eine Maske mit ABEK1-Filtern zu tragen und Hautkontakt zu vermeiden, insbesondere bei der Verwendung st\u00e4rker l\u00f6semittelhaltiger Systeme oder w\u00e4hrend der Mischphase.<\/p><p>Diese Schutzausr\u00fcstung erm\u00f6glicht sicheres Arbeiten, sei es in der Werkstatt oder mit den Produkten, die in unserem Online-Shop erh\u00e4ltlich sind.<\/p>\t\t\t\t\t\t\t\t<\/div>\n\t\t\t\t<\/div>\n\t\t\t\t<\/div>\n\t\t\t\t\t<\/div>\n\t\t\t\t<\/div>\n\t\t\t\t<\/div>\n\t\t","protected":false},"excerpt":{"rendered":"<p data-pm-slice=\"1 1 []\">Transparentes Mehrzweck-Epoxidharz: ideal f\u00fcr die Impr\u00e4gnierung und Versiegelung verschiedenster Untergr\u00fcnde (Holz, Beton, Stein, Terrakotta, Metall, Zement, Acrylharz usw.). Das Epoxy 1010C-1014C von Resoltech bietet ein transparentes, langlebiges und widerstandsf\u00e4higes Finish, perfekt f\u00fcr Handwerker, Industrie und Hersteller von Verbundwerkstoffen. <\/p>\n","protected":false},"featured_media":34903,"template":"","meta":[],"product_brand":[],"product_cat":[1746,1748,964,985],"product_tag":[],"class_list":{"0":"post-33028","1":"product","2":"type-product","3":"status-publish","4":"has-post-thumbnail","6":"product_cat-epoxidharz-eco","7":"product_cat-epoxidharz-lack","8":"product_cat-epoxy-de","9":"product_cat-nicht-klassifiziert","11":"first","12":"instock","13":"taxable","14":"shipping-taxable","15":"purchasable","16":"product-type-variable"},"_links":{"self":[{"href":"https:\/\/www.finres-sa.com\/de\/wp-json\/wp\/v2\/product\/33028","targetHints":{"allow":["GET"]}}],"collection":[{"href":"https:\/\/www.finres-sa.com\/de\/wp-json\/wp\/v2\/product"}],"about":[{"href":"https:\/\/www.finres-sa.com\/de\/wp-json\/wp\/v2\/types\/product"}],"version-history":[{"count":8,"href":"https:\/\/www.finres-sa.com\/de\/wp-json\/wp\/v2\/product\/33028\/revisions"}],"predecessor-version":[{"id":37811,"href":"https:\/\/www.finres-sa.com\/de\/wp-json\/wp\/v2\/product\/33028\/revisions\/37811"}],"wp:featuredmedia":[{"embeddable":true,"href":"https:\/\/www.finres-sa.com\/de\/wp-json\/wp\/v2\/media\/34903"}],"wp:attachment":[{"href":"https:\/\/www.finres-sa.com\/de\/wp-json\/wp\/v2\/media?parent=33028"}],"wp:term":[{"taxonomy":"product_brand","embeddable":true,"href":"https:\/\/www.finres-sa.com\/de\/wp-json\/wp\/v2\/product_brand?post=33028"},{"taxonomy":"product_cat","embeddable":true,"href":"https:\/\/www.finres-sa.com\/de\/wp-json\/wp\/v2\/product_cat?post=33028"},{"taxonomy":"product_tag","embeddable":true,"href":"https:\/\/www.finres-sa.com\/de\/wp-json\/wp\/v2\/product_tag?post=33028"}],"curies":[{"name":"wp","href":"https:\/\/api.w.org\/{rel}","templated":true}]}}