{"id":33071,"date":"2025-10-28T13:39:49","date_gmt":"2025-10-28T12:39:49","guid":{"rendered":"https:\/\/www.finres-sa.com\/product\/pigment-glow-in-the-dark-langanhaltendes-phosphoreszierendes-pulver-fuer-harz-farben-und-lacke\/"},"modified":"2026-02-13T09:58:05","modified_gmt":"2026-02-13T08:58:05","slug":"pigment-glow-in-the-dark-langanhaltendes-phosphoreszierendes-pulver-fuer-harz-farben-und-lacke","status":"publish","type":"product","link":"https:\/\/www.finres-sa.com\/de\/produkt\/pigment-glow-in-the-dark-langanhaltendes-phosphoreszierendes-pulver-fuer-harz-farben-und-lacke\/","title":{"rendered":"Pigment Glow in the Dark &#8211; Langanhaltendes phosphoreszierendes Pulver f\u00fcr Harz, Farben und Lacke"},"content":{"rendered":"\t\t<div data-elementor-type=\"product-post\" data-elementor-id=\"33071\" class=\"elementor elementor-33071 elementor-31957\" data-elementor-post-type=\"product\">\n\t\t\t\t<div class=\"elementor-element elementor-element-0148140 e-flex e-con-boxed e-con e-parent\" data-id=\"0148140\" data-element_type=\"container\" data-e-type=\"container\" data-settings=\"{&quot;jet_parallax_layout_list&quot;:[]}\">\n\t\t\t\t\t<div class=\"e-con-inner\">\n\t\t\t\t<div class=\"elementor-element elementor-element-bb2aed6 elementor-widget elementor-widget-text-editor\" data-id=\"bb2aed6\" data-element_type=\"widget\" data-e-type=\"widget\" data-widget_type=\"text-editor.default\">\n\t\t\t\t<div class=\"elementor-widget-container\">\n\t\t\t\t\t\t\t\t\t<p>Das langlebige Leuchtpigment wird durch nat\u00fcrliches Licht aufgeladen und bietet einen starken und lang anhaltenden Nachleuchteffekt.<\/p><p>Es ist ideal zum Gie\u00dfen, Dekorieren, Beschriften und f\u00fcr kreative Hobbys und l\u00e4sst sich leicht mit verschiedenen Harzen und Bindemitteln mischen, sowohl mit transparenten als auch mit farbigen.<\/p><p>Bei der Verwendung mit Epoxy, PU oder Polyester wird empfohlen, Tests durchzuf\u00fchren, um das richtige Verh\u00e4ltnis zwischen den Produkten zu bestimmen und um zu vermeiden, dass die Konsistenz des Bindemittels ver\u00e4ndert wird.<\/p><p>Verpackung: 10 gr.<\/p>\t\t\t\t\t\t\t\t<\/div>\n\t\t\t\t<\/div>\n\t\t\t\t\t<\/div>\n\t\t\t\t<\/div>\n\t\t\t\t<\/div>\n\t\t","protected":false},"excerpt":{"rendered":"<p style=\"margin: 0cm; margin-bottom: .0001pt;\"><span style=\"font-size: 11pt; font-family: Calibri, sans-serif; color: #ffffff;\">Hochintensives phosphoreszierendes Pulver mit lang anhaltendem Lichteffekt f\u00fcr Harze, Farben, Lacke und Verbundstoffe.<\/span><\/p>\n","protected":false},"featured_media":31965,"template":"","meta":[],"product_brand":[],"product_cat":[1628,1000,1627,921,1773],"product_tag":[],"class_list":{"0":"post-33071","1":"product","2":"type-product","3":"status-publish","4":"has-post-thumbnail","6":"product_cat-naturliche-pigmente","7":"product_cat-neuheiten","8":"product_cat-pigmente-und-fullstoffe","9":"product_cat-pigmenten-und-zusatzstoffen","10":"product_cat-reslin-de","12":"first","13":"instock","14":"taxable","15":"shipping-taxable","16":"purchasable","17":"product-type-simple"},"_links":{"self":[{"href":"https:\/\/www.finres-sa.com\/de\/wp-json\/wp\/v2\/product\/33071","targetHints":{"allow":["GET"]}}],"collection":[{"href":"https:\/\/www.finres-sa.com\/de\/wp-json\/wp\/v2\/product"}],"about":[{"href":"https:\/\/www.finres-sa.com\/de\/wp-json\/wp\/v2\/types\/product"}],"version-history":[{"count":1,"href":"https:\/\/www.finres-sa.com\/de\/wp-json\/wp\/v2\/product\/33071\/revisions"}],"predecessor-version":[{"id":34884,"href":"https:\/\/www.finres-sa.com\/de\/wp-json\/wp\/v2\/product\/33071\/revisions\/34884"}],"wp:featuredmedia":[{"embeddable":true,"href":"https:\/\/www.finres-sa.com\/de\/wp-json\/wp\/v2\/media\/31965"}],"wp:attachment":[{"href":"https:\/\/www.finres-sa.com\/de\/wp-json\/wp\/v2\/media?parent=33071"}],"wp:term":[{"taxonomy":"product_brand","embeddable":true,"href":"https:\/\/www.finres-sa.com\/de\/wp-json\/wp\/v2\/product_brand?post=33071"},{"taxonomy":"product_cat","embeddable":true,"href":"https:\/\/www.finres-sa.com\/de\/wp-json\/wp\/v2\/product_cat?post=33071"},{"taxonomy":"product_tag","embeddable":true,"href":"https:\/\/www.finres-sa.com\/de\/wp-json\/wp\/v2\/product_tag?post=33071"}],"curies":[{"name":"wp","href":"https:\/\/api.w.org\/{rel}","templated":true}]}}