{"id":34296,"date":"2025-12-15T15:15:31","date_gmt":"2025-12-15T14:15:31","guid":{"rendered":"https:\/\/www.finres-sa.com\/product\/pva-trennmittel-polyvinylalkohol-fuer-polyester-epoxidharze\/"},"modified":"2026-03-16T15:43:23","modified_gmt":"2026-03-16T14:43:23","slug":"pva-trennmittel-polyvinylalkohol-fuer-polyester-epoxidharze","status":"publish","type":"product","link":"https:\/\/www.finres-sa.com\/de\/produkt\/pva-trennmittel-polyvinylalkohol-fuer-polyester-epoxidharze\/","title":{"rendered":"PVA-Trennmittel \u2013 Polyvinylalkohol f\u00fcr Polyester- &amp; Epoxidharze"},"content":{"rendered":"\t\t<div data-elementor-type=\"product-post\" data-elementor-id=\"34296\" class=\"elementor elementor-34296 elementor-34263\" data-elementor-post-type=\"product\">\n\t\t\t\t<div class=\"elementor-element elementor-element-68ad798 e-flex e-con-boxed e-con e-parent\" data-id=\"68ad798\" data-element_type=\"container\" data-e-type=\"container\" data-settings=\"{&quot;jet_parallax_layout_list&quot;:[]}\">\n\t\t\t\t\t<div class=\"e-con-inner\">\n\t\t\t\t<div class=\"elementor-element elementor-element-246073e elementor-widget elementor-widget-text-editor\" data-id=\"246073e\" data-element_type=\"widget\" data-e-type=\"widget\" data-widget_type=\"text-editor.default\">\n\t\t\t\t<div class=\"elementor-widget-container\">\n\t\t\t\t\t\t\t\t\t<p>Hochleistungs-Trennmittel, dessen Polyvinylalkohol-Formulierung einen gleichm\u00e4\u00dfigen Film bildet, der das Anhaften von Epoxid-, Polyester- und Vinylesterharzen verhindert.<\/p><p>Besonders wirksam bei neuen Formen in Kombination mit einem Trennwachs, erleichtert es das Einlaufen und sichert die ersten Anwendungszyklen.<\/p><p>PVA bildet eine homogene Barriere, die ein sauberes, schnelles und besch\u00e4digungsfreies Entformen der Teile gew\u00e4hrleistet.<\/p><p>Ideal f\u00fcr Formenbau, Laminierung, Gelcoat-Anwendung und die Herstellung hochpr\u00e4ziser Verbundteile.<\/p><p>Ein unverzichtbares Produkt f\u00fcr technische Formen sowie f\u00fcr Automobil-, Nautik-, Industrie- oder Kunstteile.<\/p>\t\t\t\t\t\t\t\t<\/div>\n\t\t\t\t<\/div>\n\t\t\t\t\t<\/div>\n\t\t\t\t<\/div>\n\t\t<div class=\"elementor-element elementor-element-a5cbfab e-flex e-con-boxed e-con e-parent\" data-id=\"a5cbfab\" data-element_type=\"container\" data-e-type=\"container\" data-settings=\"{&quot;jet_parallax_layout_list&quot;:[],&quot;background_background&quot;:&quot;classic&quot;}\">\n\t\t\t\t\t<div class=\"e-con-inner\">\n\t\t<div class=\"elementor-element elementor-element-5224825 e-grid e-con-boxed e-con e-child\" data-id=\"5224825\" data-element_type=\"container\" data-e-type=\"container\" data-settings=\"{&quot;jet_parallax_layout_list&quot;:[]}\">\n\t\t\t\t\t<div class=\"e-con-inner\">\n\t\t\t\t<div class=\"elementor-element elementor-element-1bc6e1d elementor-widget elementor-widget-heading\" data-id=\"1bc6e1d\" data-element_type=\"widget\" data-e-type=\"widget\" data-widget_type=\"heading.default\">\n\t\t\t\t<div class=\"elementor-widget-container\">\n\t\t\t\t\t<h2 class=\"elementor-heading-title elementor-size-xl\">Merkmale<\/h2>\t\t\t\t<\/div>\n\t\t\t\t<\/div>\n\t\t\t\t<div class=\"elementor-element elementor-element-0889e28 elementor-widget elementor-widget-heading\" data-id=\"0889e28\" data-element_type=\"widget\" data-e-type=\"widget\" data-widget_type=\"heading.default\">\n\t\t\t\t<div class=\"elementor-widget-container\">\n\t\t\t\t\t<h2 class=\"elementor-heading-title elementor-size-xl\">Vorteile<\/h2>\t\t\t\t<\/div>\n\t\t\t\t<\/div>\n\t\t\t\t<div class=\"elementor-element elementor-element-359b4e4 elementor-widget elementor-widget-text-editor\" data-id=\"359b4e4\" data-element_type=\"widget\" data-e-type=\"widget\" data-widget_type=\"text-editor.default\">\n\t\t\t\t<div class=\"elementor-widget-container\">\n\t\t\t\t\t\t\t\t\t<p>Aussehen: gr\u00fcne Fl\u00fcssigkeit<\/p><p>Oberfl\u00e4che: gl\u00e4nzend<\/p><p>Dichte (g\/cm\u00b3): 1<\/p><p>Anwendung: Spr\u00fch-\/Pinsel-\/Schwammauftrag<\/p><p>Trocknungszeit: 15 bis 45 Min.<\/p><p>Flammpunkt: 76 \u00b0F (24 \u00b0C)<\/p><p>Reinigung: mit warmem Wasser<\/p><p>Sicherheit: In gut bel\u00fcfteten Bereichen verwenden.<\/p><p>Lagerung: Im Originalgebinde k\u00fchl, frostfrei, fern von Hitze, offenen Flammen und Funken lagern.<\/p>\t\t\t\t\t\t\t\t<\/div>\n\t\t\t\t<\/div>\n\t\t\t\t<div class=\"elementor-element elementor-element-33dbe81 elementor-widget elementor-widget-text-editor\" data-id=\"33dbe81\" data-element_type=\"widget\" data-e-type=\"widget\" data-widget_type=\"text-editor.default\">\n\t\t\t\t<div class=\"elementor-widget-container\">\n\t\t\t\t\t\t\t\t\t<p>\u2605 Hoher Harzgehalt<\/p><p>\u2605 Gute Hitze- und Chemikalienbest\u00e4ndigkeit<\/p><p>\u2605 Spr\u00fch- oder Pinselauftrag<\/p><p>\u2605 Get\u00f6nte Farbe zur leichteren Anwendung<\/p>\t\t\t\t\t\t\t\t<\/div>\n\t\t\t\t<\/div>\n\t\t\t\t\t<\/div>\n\t\t\t\t<\/div>\n\t\t\t\t\t<\/div>\n\t\t\t\t<\/div>\n\t\t<div class=\"elementor-element elementor-element-09bd91c e-flex e-con-boxed e-con e-parent\" data-id=\"09bd91c\" data-element_type=\"container\" data-e-type=\"container\" data-settings=\"{&quot;jet_parallax_layout_list&quot;:[],&quot;background_background&quot;:&quot;classic&quot;}\">\n\t\t\t\t\t<div class=\"e-con-inner\">\n\t\t<div class=\"elementor-element elementor-element-eed4547 e-grid e-con-boxed e-con e-child\" data-id=\"eed4547\" data-element_type=\"container\" data-e-type=\"container\" data-settings=\"{&quot;jet_parallax_layout_list&quot;:[]}\">\n\t\t\t\t\t<div class=\"e-con-inner\">\n\t\t\t\t<div class=\"elementor-element elementor-element-a62e908 elementor-widget elementor-widget-heading\" data-id=\"a62e908\" data-element_type=\"widget\" data-e-type=\"widget\" data-widget_type=\"heading.default\">\n\t\t\t\t<div class=\"elementor-widget-container\">\n\t\t\t\t\t<h2 class=\"elementor-heading-title elementor-size-xl\">Hinweis<\/h2>\t\t\t\t<\/div>\n\t\t\t\t<\/div>\n\t\t\t\t<div class=\"elementor-element elementor-element-b1f51a0 elementor-widget elementor-widget-text-editor\" data-id=\"b1f51a0\" data-element_type=\"widget\" data-e-type=\"widget\" data-widget_type=\"text-editor.default\">\n\t\t\t\t<div class=\"elementor-widget-container\">\n\t\t\t\t\t\t\t\t\t<p>Por\u00f6se Formen oder Substrate (Holz\/Gips) sollten zuerst mit einem dicken Wachs versiegelt werden.<\/p><p>Lassen Sie Versiegelungen oder Wachsschichten ausreichend trocknen, bevor Sie den PVA-Film auftragen. Reinigen Sie die Spritzpistole oder andere Ger\u00e4te nach Gebrauch mit Wasser. <\/p>\t\t\t\t\t\t\t\t<\/div>\n\t\t\t\t<\/div>\n\t\t\t\t\t<\/div>\n\t\t\t\t<\/div>\n\t\t\t\t\t<\/div>\n\t\t\t\t<\/div>\n\t\t\t\t<\/div>\n\t\t","protected":false},"excerpt":{"rendered":"<p>Trennmittel auf Polyvinylalkohol (PVA)-Basis, entwickelt, um das Entformen von Polyester-, Vinylester- und Epoxidharzen zu erleichtern. Bildet einen gleichm\u00e4\u00dfigen Film, der ein sauberes und r\u00fcckstandsfreies Entformen erm\u00f6glicht. <\/p>\n","protected":false},"featured_media":34293,"template":"","meta":[],"product_brand":[],"product_cat":[1161],"product_tag":[],"class_list":{"0":"post-34296","1":"product","2":"type-product","3":"status-publish","4":"has-post-thumbnail","6":"product_cat-trennmittel","8":"first","9":"instock","10":"taxable","11":"shipping-taxable","12":"purchasable","13":"product-type-variable"},"_links":{"self":[{"href":"https:\/\/www.finres-sa.com\/de\/wp-json\/wp\/v2\/product\/34296","targetHints":{"allow":["GET"]}}],"collection":[{"href":"https:\/\/www.finres-sa.com\/de\/wp-json\/wp\/v2\/product"}],"about":[{"href":"https:\/\/www.finres-sa.com\/de\/wp-json\/wp\/v2\/types\/product"}],"version-history":[{"count":1,"href":"https:\/\/www.finres-sa.com\/de\/wp-json\/wp\/v2\/product\/34296\/revisions"}],"predecessor-version":[{"id":37191,"href":"https:\/\/www.finres-sa.com\/de\/wp-json\/wp\/v2\/product\/34296\/revisions\/37191"}],"wp:featuredmedia":[{"embeddable":true,"href":"https:\/\/www.finres-sa.com\/de\/wp-json\/wp\/v2\/media\/34293"}],"wp:attachment":[{"href":"https:\/\/www.finres-sa.com\/de\/wp-json\/wp\/v2\/media?parent=34296"}],"wp:term":[{"taxonomy":"product_brand","embeddable":true,"href":"https:\/\/www.finres-sa.com\/de\/wp-json\/wp\/v2\/product_brand?post=34296"},{"taxonomy":"product_cat","embeddable":true,"href":"https:\/\/www.finres-sa.com\/de\/wp-json\/wp\/v2\/product_cat?post=34296"},{"taxonomy":"product_tag","embeddable":true,"href":"https:\/\/www.finres-sa.com\/de\/wp-json\/wp\/v2\/product_tag?post=34296"}],"curies":[{"name":"wp","href":"https:\/\/api.w.org\/{rel}","templated":true}]}}