{"id":35138,"date":"2026-01-12T16:21:09","date_gmt":"2026-01-12T15:21:09","guid":{"rendered":"https:\/\/www.finres-sa.com\/?post_type=product&#038;p=35138"},"modified":"2026-04-13T16:42:01","modified_gmt":"2026-04-13T14:42:01","slug":"expansiver-polyurethanschaum-professioneller-pu-schaum-zum-formen-fullen-und-isolieren","status":"publish","type":"product","link":"https:\/\/www.finres-sa.com\/de\/produkt\/expansiver-polyurethanschaum-professioneller-pu-schaum-zum-formen-fullen-und-isolieren\/","title":{"rendered":"Polyurethan-Schaum Expansiv \u2013 Professioneller PU-Schaum f\u00fcr Formenbau, F\u00fcllen und D\u00e4mmung"},"content":{"rendered":"\t\t<div data-elementor-type=\"product-post\" data-elementor-id=\"35138\" class=\"elementor elementor-35138 elementor-35005\" data-elementor-post-type=\"product\">\n\t\t\t\t<div class=\"elementor-element elementor-element-17b6cc1 e-flex e-con-boxed e-con e-parent\" data-id=\"17b6cc1\" data-element_type=\"container\" data-e-type=\"container\" data-settings=\"{&quot;jet_parallax_layout_list&quot;:[]}\">\n\t\t\t\t\t<div class=\"e-con-inner\">\n\t\t\t\t<div class=\"elementor-element elementor-element-6b46f1c elementor-widget elementor-widget-text-editor\" data-id=\"6b46f1c\" data-element_type=\"widget\" data-e-type=\"widget\" data-widget_type=\"text-editor.default\">\n\t\t\t\t<div class=\"elementor-widget-container\">\n\t\t\t\t\t\t\t\t\t<p data-pm-slice=\"1 1 []\">PUR-Sch\u00e4ume sind FCKW-freie, zweikomponentige Hartsch\u00e4ume mit geschlossenen Zellen, die f\u00fcr technische und strukturelle Anwendungen entwickelt wurden. Sie bieten gute W\u00e4rme- und Schalld\u00e4mmung, sowohl im Innen- als auch im Au\u00dfenbereich. <\/p><p>Diese Sch\u00e4ume wurden f\u00fcr Montage, Verf\u00fcllung, D\u00e4mmung und bestimmte Strukturklebstoff-Anwendungen entwickelt und bieten kontrollierte Expansion, ausgezeichnete Formstabilit\u00e4t und homogene Dichte \u2013 ideal f\u00fcr die Herstellung fester, leichter und pr\u00e4zise definierter Volumina.<\/p><p>Sie weisen eine starke Haftung auf zahlreichen Untergr\u00fcnden (Holz, Metall, Stein usw.) auf und lassen sich einfach verarbeiten, auch im handwerklichen oder professionellen Einsatz.<\/p><p>Nach der Aush\u00e4rtung bietet der Schaum hohe Steifigkeit und ausgezeichnete mechanische Festigkeit, geeignet f\u00fcr die Herstellung von Kernen, Verst\u00e4rkungen, Prototypen und technischen Bauteilen. Er ist zudem best\u00e4ndig gegen Wasser, Meerwasser, Kohlenwasserstoffe und bestimmte verd\u00fcnnte Chemikalien. <\/p>\t\t\t\t\t\t\t\t<\/div>\n\t\t\t\t<\/div>\n\t\t\t\t\t<\/div>\n\t\t\t\t<\/div>\n\t\t<div class=\"elementor-element elementor-element-6b9cd57 e-flex e-con-boxed e-con e-parent\" data-id=\"6b9cd57\" data-element_type=\"container\" data-e-type=\"container\" data-settings=\"{&quot;jet_parallax_layout_list&quot;:[],&quot;background_background&quot;:&quot;classic&quot;}\">\n\t\t\t\t\t<div class=\"e-con-inner\">\n\t\t<div class=\"elementor-element elementor-element-e0bffb9 e-grid e-con-boxed e-con e-child\" data-id=\"e0bffb9\" data-element_type=\"container\" data-e-type=\"container\" data-settings=\"{&quot;jet_parallax_layout_list&quot;:[]}\">\n\t\t\t\t\t<div class=\"e-con-inner\">\n\t\t\t\t<div class=\"elementor-element elementor-element-cd7c728 elementor-widget elementor-widget-heading\" data-id=\"cd7c728\" data-element_type=\"widget\" data-e-type=\"widget\" data-widget_type=\"heading.default\">\n\t\t\t\t<div class=\"elementor-widget-container\">\n\t\t\t\t\t<h3 class=\"elementor-heading-title elementor-size-large\">Verwendung als Klebstoff und D\u00e4mmung<\/h3>\t\t\t\t<\/div>\n\t\t\t\t<\/div>\n\t\t\t\t<div class=\"elementor-element elementor-element-3074983 elementor-widget elementor-widget-text-editor\" data-id=\"3074983\" data-element_type=\"widget\" data-e-type=\"widget\" data-widget_type=\"text-editor.default\">\n\t\t\t\t<div class=\"elementor-widget-container\">\n\t\t\t\t\t\t\t\t\t<p data-pm-slice=\"1 1 []\">PUR-Sch\u00e4ume k\u00f6nnen f\u00fcr Klebeanwendungen eingesetzt werden, insbesondere f\u00fcr die Verbindung leichter Materialien oder die Stabilisierung von Elementen. Ihre kontrollierte Expansion erm\u00f6glicht eine effektive Fixierung und gleicht gleichzeitig Unebenheiten der Untergr\u00fcnde aus. <\/p><p>Ihre geschlossenzellige Struktur garantiert gute D\u00e4mmung, wodurch W\u00e4rmeverluste begrenzt und Schall\u00fcbertragungen reduziert werden.<\/p>\t\t\t\t\t\t\t\t<\/div>\n\t\t\t\t<\/div>\n\t\t\t\t\t<\/div>\n\t\t\t\t<\/div>\n\t\t\t\t\t<\/div>\n\t\t\t\t<\/div>\n\t\t<div class=\"elementor-element elementor-element-0d303e4 e-flex e-con-boxed e-con e-parent\" data-id=\"0d303e4\" data-element_type=\"container\" data-e-type=\"container\" data-settings=\"{&quot;jet_parallax_layout_list&quot;:[],&quot;background_background&quot;:&quot;classic&quot;}\">\n\t\t\t\t\t<div class=\"e-con-inner\">\n\t\t<div class=\"elementor-element elementor-element-4726847 e-grid e-con-boxed e-con e-child\" data-id=\"4726847\" data-element_type=\"container\" data-e-type=\"container\" data-settings=\"{&quot;jet_parallax_layout_list&quot;:[]}\">\n\t\t\t\t\t<div class=\"e-con-inner\">\n\t\t\t\t<div class=\"elementor-element elementor-element-6146c28 elementor-widget elementor-widget-heading\" data-id=\"6146c28\" data-element_type=\"widget\" data-e-type=\"widget\" data-widget_type=\"heading.default\">\n\t\t\t\t<div class=\"elementor-widget-container\">\n\t\t\t\t\t<h3 class=\"elementor-heading-title elementor-size-large\">Anwendung und Verarbeitung<\/h3>\t\t\t\t<\/div>\n\t\t\t\t<\/div>\n\t\t\t\t<div class=\"elementor-element elementor-element-dfd838f elementor-widget elementor-widget-heading\" data-id=\"dfd838f\" data-element_type=\"widget\" data-e-type=\"widget\" data-widget_type=\"heading.default\">\n\t\t\t\t<div class=\"elementor-widget-container\">\n\t\t\t\t\t<h2 class=\"elementor-heading-title elementor-size-medium\">Vorbereitung und Temperatur<\/h2>\t\t\t\t<\/div>\n\t\t\t\t<\/div>\n\t\t\t\t<div class=\"elementor-element elementor-element-7afe3fc elementor-widget elementor-widget-text-editor\" data-id=\"7afe3fc\" data-element_type=\"widget\" data-e-type=\"widget\" data-widget_type=\"text-editor.default\">\n\t\t\t\t<div class=\"elementor-widget-container\">\n\t\t\t\t\t\t\t\t\t<p data-pm-slice=\"1 1 [\"orderedList\",{\"start\":1,\"type\":null},\"listItem\",{}]\">Komponenten A und B vor Gebrauch sorgf\u00e4ltig umr\u00fchren. Mindesttemperatur von 18 \u00b0C (idealerweise 20\u201325 \u00b0C) einhalten, um eine optimale Reaktion zu gew\u00e4hrleisten. <\/p>\t\t\t\t\t\t\t\t<\/div>\n\t\t\t\t<\/div>\n\t\t\t\t<div class=\"elementor-element elementor-element-c1537a1 elementor-widget elementor-widget-heading\" data-id=\"c1537a1\" data-element_type=\"widget\" data-e-type=\"widget\" data-widget_type=\"heading.default\">\n\t\t\t\t<div class=\"elementor-widget-container\">\n\t\t\t\t\t<h2 class=\"elementor-heading-title elementor-size-medium\">Dosierung und Mischen<\/h2>\t\t\t\t<\/div>\n\t\t\t\t<\/div>\n\t\t\t\t<div class=\"elementor-element elementor-element-d414712 elementor-widget elementor-widget-text-editor\" data-id=\"d414712\" data-element_type=\"widget\" data-e-type=\"widget\" data-widget_type=\"text-editor.default\">\n\t\t\t\t<div class=\"elementor-widget-container\">\n\t\t\t\t\t\t\t\t\t<p data-pm-slice=\"1 1 [\"orderedList\",{\"start\":1,\"type\":null},\"listItem\",{}]\">Komponente A pr\u00e4zise abwiegen, Komponente B gem\u00e4\u00df angegebenem Verh\u00e4ltnis hinzuf\u00fcgen und sofort bis zur Homogenit\u00e4t mischen. Unzureichendes Mischen kann Expansion und Enddichte beeintr\u00e4chtigen. <\/p>\t\t\t\t\t\t\t\t<\/div>\n\t\t\t\t<\/div>\n\t\t\t\t<div class=\"elementor-element elementor-element-ce909ca elementor-widget elementor-widget-heading\" data-id=\"ce909ca\" data-element_type=\"widget\" data-e-type=\"widget\" data-widget_type=\"heading.default\">\n\t\t\t\t<div class=\"elementor-widget-container\">\n\t\t\t\t\t<h2 class=\"elementor-heading-title elementor-size-medium\">Anwendung<\/h2>\t\t\t\t<\/div>\n\t\t\t\t<\/div>\n\t\t\t\t<div class=\"elementor-element elementor-element-34cfbab elementor-widget elementor-widget-text-editor\" data-id=\"34cfbab\" data-element_type=\"widget\" data-e-type=\"widget\" data-widget_type=\"text-editor.default\">\n\t\t\t\t<div class=\"elementor-widget-container\">\n\t\t\t\t\t\t\t\t\t<p data-pm-slice=\"1 1 [\"orderedList\",{\"start\":1,\"type\":null},\"listItem\",{}]\">Die Mischung z\u00fcgig in den vorgesehenen Bereich oder die Form gie\u00dfen, nicht \u00fcberf\u00fcllen (Expansion erfolgt).<br>Anwendung durch Gie\u00dfen wird empfohlen, die Pistole ist f\u00fcr diese Schaumart weniger geeignet.<br>Je nach Fall erm\u00f6glicht die Verwendung einer Schalung oder eines geeigneten Tr\u00e4gers eine bessere Kontrolle der Endform.<\/p>\t\t\t\t\t\t\t\t<\/div>\n\t\t\t\t<\/div>\n\t\t\t\t<div class=\"elementor-element elementor-element-c6d8177 elementor-widget elementor-widget-heading\" data-id=\"c6d8177\" data-element_type=\"widget\" data-e-type=\"widget\" data-widget_type=\"heading.default\">\n\t\t\t\t<div class=\"elementor-widget-container\">\n\t\t\t\t\t<h2 class=\"elementor-heading-title elementor-size-medium\">Reaktion und Finish<\/h2>\t\t\t\t<\/div>\n\t\t\t\t<\/div>\n\t\t\t\t<div class=\"elementor-element elementor-element-fb19db8 elementor-widget elementor-widget-text-editor\" data-id=\"fb19db8\" data-element_type=\"widget\" data-e-type=\"widget\" data-widget_type=\"text-editor.default\">\n\t\t\t\t<div class=\"elementor-widget-container\">\n\t\t\t\t\t\t\t\t\t<p data-pm-slice=\"1 1 [\"orderedList\",{\"start\":1,\"type\":null},\"listItem\",{}]\">Die angegebenen Reaktionszeiten einhalten. Nach vollst\u00e4ndiger Aush\u00e4rtung kann der Schaum geschnitten, geschliffen oder lackiert werden. <\/p>\t\t\t\t\t\t\t\t<\/div>\n\t\t\t\t<\/div>\n\t\t\t\t\t<\/div>\n\t\t\t\t<\/div>\n\t\t\t\t\t<\/div>\n\t\t\t\t<\/div>\n\t\t<div class=\"elementor-element elementor-element-6595d0f e-flex e-con-boxed e-con e-parent\" data-id=\"6595d0f\" data-element_type=\"container\" data-e-type=\"container\" data-settings=\"{&quot;jet_parallax_layout_list&quot;:[]}\">\n\t\t\t\t\t<div class=\"e-con-inner\">\n\t\t\t\t<div class=\"elementor-element elementor-element-a624f0e elementor-widget elementor-widget-heading\" data-id=\"a624f0e\" data-element_type=\"widget\" data-e-type=\"widget\" data-widget_type=\"heading.default\">\n\t\t\t\t<div class=\"elementor-widget-container\">\n\t\t\t\t\t<h3 class=\"elementor-heading-title elementor-size-large\">Technische Eigenschaften<\/h3>\t\t\t\t<\/div>\n\t\t\t\t<\/div>\n\t\t\t\t<div class=\"elementor-element elementor-element-daee235 elementor-widget elementor-widget-text-editor\" data-id=\"daee235\" data-element_type=\"widget\" data-e-type=\"widget\" data-widget_type=\"text-editor.default\">\n\t\t\t\t<div class=\"elementor-widget-container\">\n\t\t\t\t\t\t\t\t\t<p data-pm-slice=\"1 1 []\">Die verschiedenen Referenzen (HR, H75, H101, H200) decken eine breite Palette von Anwendungen ab: D\u00e4mmung, Auftrieb, Verf\u00fcllung, Prototyping, technische Bauteile und Struktureins\u00e4tze.<\/p><p>Sie weisen Dichten zwischen 40 und 200 kg\/m\u00b3 auf, mit einem Anteil geschlossener Zellen von \u00fcber 90 %, was mechanische Leistungen garantiert, die f\u00fcr jede Anwendung geeignet sind. Mischverh\u00e4ltnisse, Expansionskoeffizienten und Reaktionszeiten variieren je nach Referenz und erm\u00f6glichen eine pr\u00e4zise Anpassung an die Projektanforderungen. <\/p><p>F\u00fcr weitere Informationen die vollst\u00e4ndigen technischen Daten einsehen oder das detaillierte Produktdatenblatt herunterladen.<\/p>\t\t\t\t\t\t\t\t<\/div>\n\t\t\t\t<\/div>\n\t\t\t\t<div class=\"elementor-element elementor-element-7de038e elementor-widget elementor-widget-text-editor\" data-id=\"7de038e\" data-element_type=\"widget\" data-e-type=\"widget\" data-widget_type=\"text-editor.default\">\n\t\t\t\t<div class=\"elementor-widget-container\">\n\t\t\t\t\t\t\t\t\t<table data-pm-slice=\"1 1 []\"><colgroup><col><col><col><col><col><\/colgroup><tbody><tr><th colspan=\"1\" rowspan=\"1\"><p> <\/p><\/th><th colspan=\"1\" rowspan=\"1\"><p>HR<\/p><\/th><th colspan=\"1\" rowspan=\"1\"><p>H75<\/p><\/th><th colspan=\"1\" rowspan=\"1\"><p>H101<\/p><\/th><th colspan=\"1\" rowspan=\"1\"><p>H200<\/p><\/th><\/tr><tr><td colspan=\"1\" rowspan=\"1\"><p>Anwendungsbereiche<\/p><\/td><td colspan=\"1\" rowspan=\"1\"><ul><li><p>D\u00e4mmung gegen K\u00e4lte und Hitze.<\/p><\/li><li><p>Schwimmk\u00f6rper f\u00fcr Boote.<\/p><\/li><li><p>Verf\u00fcllung von Bojen und Rettungswesten.<\/p><\/li><li><p>Reduzierung der Schall\u00fcbertragung.<\/p><\/li><\/ul><\/td><td colspan=\"1\" rowspan=\"1\"><ul><li><p>Verf\u00fcllung von Hohlr\u00e4umen oder Formen (Boote, Reliefvolumen usw.).<\/p><\/li><li><p>Gie\u00dfen von Figuren und Modellen.<\/p><\/li><li><p>Holzimitation m\u00f6glich<\/p><\/li><\/ul><\/td><td colspan=\"1\" rowspan=\"1\"><ul><li><p>Starre Formteile.<\/p><\/li><li><p>Technische Prototypen.<\/p><\/li><li><p>CNC-fr\u00e4sbare Modelle.<\/p><\/li><li><p>Orthop\u00e4dische Eins\u00e4tze.<\/p><\/li><\/ul><\/td><td colspan=\"1\" rowspan=\"1\"><ul><li><p>Orthop\u00e4dische Formen und Einlagen.<\/p><\/li><li><p>Starre Griffe und Handgriffe.<\/p><\/li><li><p>Belastbare Verf\u00fcllung.<\/p><\/li><li><p>Struktureins\u00e4tze f\u00fcr Verbundwerkstoffe.<\/p><\/li><\/ul><\/td><\/tr><tr><td colspan=\"1\" rowspan=\"1\"><p>Dichte (kg\/m\u00b3)<\/p><\/td><td colspan=\"1\" rowspan=\"1\"><p>40<\/p><\/td><td colspan=\"1\" rowspan=\"1\"><p>75<\/p><\/td><td colspan=\"1\" rowspan=\"1\"><p>100<\/p><\/td><td colspan=\"1\" rowspan=\"1\"><p>200<\/p><\/td><\/tr><tr><td colspan=\"1\" rowspan=\"1\"><p>Gewichtsverh\u00e4ltnis<\/p><\/td><td colspan=\"1\" rowspan=\"1\"><p>100 A : 120 B<\/p><\/td><td colspan=\"1\" rowspan=\"1\"><p>100 A : 145 B<\/p><\/td><td colspan=\"1\" rowspan=\"1\"><p>100 A : 115 B<\/p><\/td><td colspan=\"1\" rowspan=\"1\"><p>100 A : 100 B<\/p><\/td><\/tr><tr><td colspan=\"1\" rowspan=\"1\"><p>Expansionskoeffizient<\/p><\/td><td colspan=\"1\" rowspan=\"1\"><p>1:25<\/p><\/td><td colspan=\"1\" rowspan=\"1\"><p>1:13<\/p><\/td><td colspan=\"1\" rowspan=\"1\"><p>1:8 bis 1:10<\/p><\/td><td colspan=\"1\" rowspan=\"1\"><p>1:5<\/p><\/td><\/tr><tr><td colspan=\"1\" rowspan=\"1\"><p>Druckfestigkeit (N\/mm\u00b2)<\/p><\/td><td colspan=\"1\" rowspan=\"1\"><p>0.27<\/p><\/td><td colspan=\"1\" rowspan=\"1\"><p>nicht spezifiziert<\/p><\/td><td colspan=\"1\" rowspan=\"1\"><p>1.0<\/p><\/td><td colspan=\"1\" rowspan=\"1\"><p>Zwischen 1,5 und 2<\/p><\/td><\/tr><tr><td colspan=\"1\" rowspan=\"1\"><p>Startzeit bei 20 \u00b0C<\/p><\/td><td colspan=\"1\" rowspan=\"1\"><p>ca. 50 Sekunden<\/p><\/td><td colspan=\"1\" rowspan=\"1\"><p>60 Sekunden<\/p><\/td><td colspan=\"1\" rowspan=\"1\"><p>35 Sekunden<\/p><\/td><td colspan=\"1\" rowspan=\"1\"><p>65 Sekunden<\/p><\/td><\/tr><tr><td colspan=\"1\" rowspan=\"1\"><p>Expansionszeit bei 20 \u00b0C<\/p><\/td><td colspan=\"1\" rowspan=\"1\"><p>ca. 60 Sekunden<\/p><\/td><td colspan=\"1\" rowspan=\"1\"><p>\u2014<\/p><\/td><td colspan=\"1\" rowspan=\"1\"><p>130 Sekunden<\/p><\/td><td colspan=\"1\" rowspan=\"1\"><p>\u2014<\/p><\/td><\/tr><tr><td colspan=\"1\" rowspan=\"1\"><p>Aush\u00e4rtezeit bei 20 \u00b0C<\/p><\/td><td colspan=\"1\" rowspan=\"1\"><p>ca. 540 Sekunden<\/p><\/td><td colspan=\"1\" rowspan=\"1\"><p>\u2014<\/p><\/td><td colspan=\"1\" rowspan=\"1\"><p>150 Sekunden<\/p><\/td><td colspan=\"1\" rowspan=\"1\"><p>\u2014<\/p><\/td><\/tr><tr><td colspan=\"1\" rowspan=\"1\"><p>Geschlossene Zellen (% Vol.)<\/p><\/td><td colspan=\"1\" rowspan=\"1\"><p>&gt;90<\/p><\/td><td colspan=\"1\" rowspan=\"1\"><p>&gt;90<\/p><\/td><td colspan=\"1\" rowspan=\"1\"><p>&gt;90<\/p><\/td><td colspan=\"1\" rowspan=\"1\"><p>&gt;90<\/p><\/td><\/tr><tr><td colspan=\"1\" rowspan=\"1\"><p>Farbe<\/p><\/td><td colspan=\"1\" rowspan=\"1\"><p>Gelblich<\/p><\/td><td colspan=\"1\" rowspan=\"1\"><p>Gelblich<\/p><\/td><td colspan=\"1\" rowspan=\"1\"><p>Gelblich<\/p><\/td><td colspan=\"1\" rowspan=\"1\"><p>Gelblich<\/p><\/td><\/tr><tr><td colspan=\"1\" rowspan=\"1\"><p>Speicherplatz<\/p><\/td><td colspan=\"1\" rowspan=\"1\"><p>Zwischen 10\u00b0 und 25 \u00b0C<\/p><\/td><td colspan=\"1\" rowspan=\"1\"><p>Zwischen 10\u00b0 und 25 \u00b0C<\/p><\/td><td colspan=\"1\" rowspan=\"1\"><p>Zwischen 10\u00b0 und 25 \u00b0C<\/p><\/td><td colspan=\"1\" rowspan=\"1\"><p>Zwischen 10\u00b0 und 25 \u00b0C<\/p><\/td><\/tr><\/tbody><\/table>\t\t\t\t\t\t\t\t<\/div>\n\t\t\t\t<\/div>\n\t\t<div class=\"elementor-element elementor-element-4cfd26f e-con-full e-flex e-con e-child\" data-id=\"4cfd26f\" data-element_type=\"container\" data-e-type=\"container\" data-settings=\"{&quot;jet_parallax_layout_list&quot;:[],&quot;background_background&quot;:&quot;classic&quot;}\">\n\t\t<div class=\"elementor-element elementor-element-b58259e e-grid e-con-boxed e-con e-child\" data-id=\"b58259e\" data-element_type=\"container\" data-e-type=\"container\" data-settings=\"{&quot;jet_parallax_layout_list&quot;:[]}\">\n\t\t\t\t\t<div class=\"e-con-inner\">\n\t\t\t\t<div class=\"elementor-element elementor-element-a4ed975 elementor-widget elementor-widget-heading\" data-id=\"a4ed975\" data-element_type=\"widget\" data-e-type=\"widget\" data-widget_type=\"heading.default\">\n\t\t\t\t<div class=\"elementor-widget-container\">\n\t\t\t\t\t<h3 class=\"elementor-heading-title elementor-size-large\">Service und zus\u00e4tzliche Informationen<\/h3>\t\t\t\t<\/div>\n\t\t\t\t<\/div>\n\t\t\t\t<div class=\"elementor-element elementor-element-45764d6 elementor-widget elementor-widget-text-editor\" data-id=\"45764d6\" data-element_type=\"widget\" data-e-type=\"widget\" data-widget_type=\"text-editor.default\">\n\t\t\t\t<div class=\"elementor-widget-container\">\n\t\t\t\t\t\t\t\t\t<p data-pm-slice=\"1 1 []\">Unser Service unterst\u00fctzt Sie bei der Auswahl des f\u00fcr Ihre Anwendung geeigneten Schaums, ob f\u00fcr professionellen oder handwerklichen Einsatz. Wir helfen Ihnen, die Referenzen nach Leistung, Verwendung und Preis zu vergleichen. <\/p>\t\t\t\t\t\t\t\t<\/div>\n\t\t\t\t<\/div>\n\t\t\t\t\t<\/div>\n\t\t\t\t<\/div>\n\t\t\t\t<\/div>\n\t\t\t\t\t<\/div>\n\t\t\t\t<\/div>\n\t\t\t\t<section class=\"elementor-section elementor-top-section elementor-element elementor-element-6521d68 elementor-section-boxed elementor-section-height-default elementor-section-height-default\" data-id=\"6521d68\" data-element_type=\"section\" data-e-type=\"section\" data-settings=\"{&quot;jet_parallax_layout_list&quot;:[]}\">\n\t\t\t\t\t\t<div class=\"elementor-container elementor-column-gap-default\">\n\t\t\t\t\t<div class=\"elementor-column elementor-col-100 elementor-top-column elementor-element elementor-element-2b66f09 elementor-invisible\" data-id=\"2b66f09\" data-element_type=\"column\" data-e-type=\"column\" data-settings=\"{&quot;animation&quot;:&quot;fadeInUp&quot;}\">\n\t\t\t<div class=\"elementor-widget-wrap elementor-element-populated\">\n\t\t\t\t\t\t<div class=\"elementor-element elementor-element-29fa270 elementor-invisible elementor-widget elementor-widget-heading\" data-id=\"29fa270\" data-element_type=\"widget\" data-e-type=\"widget\" data-settings=\"{&quot;_animation&quot;:&quot;fadeInLeft&quot;}\" data-widget_type=\"heading.default\">\n\t\t\t\t<div class=\"elementor-widget-container\">\n\t\t\t\t\t<h2 class=\"elementor-heading-title elementor-size-default\">FAQ \u2013 H\u00e4ufig gestellte Fragen<\/h2>\t\t\t\t<\/div>\n\t\t\t\t<\/div>\n\t\t\t\t<div class=\"elementor-element elementor-element-c9bf683 elementor-widget-divider--view-line elementor-widget elementor-widget-divider\" data-id=\"c9bf683\" data-element_type=\"widget\" data-e-type=\"widget\" data-widget_type=\"divider.default\">\n\t\t\t\t<div class=\"elementor-widget-container\">\n\t\t\t\t\t\t\t<div class=\"elementor-divider\">\n\t\t\t<span class=\"elementor-divider-separator\">\n\t\t\t\t\t\t<\/span>\n\t\t<\/div>\n\t\t\t\t\t\t<\/div>\n\t\t\t\t<\/div>\n\t\t\t\t<div class=\"elementor-element elementor-element-35d7d13 elementor-widget elementor-widget-accordion\" data-id=\"35d7d13\" data-element_type=\"widget\" data-e-type=\"widget\" data-widget_type=\"accordion.default\">\n\t\t\t\t<div class=\"elementor-widget-container\">\n\t\t\t\t\t\t\t<div class=\"elementor-accordion\">\n\t\t\t\t\t\t\t<div class=\"elementor-accordion-item\">\n\t\t\t\t\t<div id=\"elementor-tab-title-5641\" class=\"elementor-tab-title\" data-tab=\"1\" role=\"button\" aria-controls=\"elementor-tab-content-5641\" aria-expanded=\"false\">\n\t\t\t\t\t\t\t\t\t\t\t\t<a class=\"elementor-accordion-title\" tabindex=\"0\">Kann man die Ausdehnung von Polyurethanschaum kontrollieren?<\/a>\n\t\t\t\t\t<\/div>\n\t\t\t\t\t<div id=\"elementor-tab-content-5641\" class=\"elementor-tab-content elementor-clearfix\" data-tab=\"1\" role=\"region\" aria-labelledby=\"elementor-tab-title-5641\"><p>Ja, die Ausdehnung h\u00e4ngt von der Mischung und der verwendeten Menge ab. Es wird empfohlen, das Volumen nicht vollst\u00e4ndig zu f\u00fcllen, da der Schaum nach der Anwendung weiter expandiert. <\/p>\n<\/div>\n\t\t\t\t<\/div>\n\t\t\t\t\t\t\t<div class=\"elementor-accordion-item\">\n\t\t\t\t\t<div id=\"elementor-tab-title-5642\" class=\"elementor-tab-title\" data-tab=\"2\" role=\"button\" aria-controls=\"elementor-tab-content-5642\" aria-expanded=\"false\">\n\t\t\t\t\t\t\t\t\t\t\t\t<a class=\"elementor-accordion-title\" tabindex=\"0\">Kann man Polyurethanschaum zum F\u00fcllen gro\u00dfer Volumina verwenden?<\/a>\n\t\t\t\t\t<\/div>\n\t\t\t\t\t<div id=\"elementor-tab-content-5642\" class=\"elementor-tab-content elementor-clearfix\" data-tab=\"2\" role=\"region\" aria-labelledby=\"elementor-tab-title-5642\"><p>Ja, aber es ist ratsam, in mehreren Schichten vorzugehen, um die Ausdehnung besser zu kontrollieren und Verformungen zu vermeiden.<\/p>\n<\/div>\n\t\t\t\t<\/div>\n\t\t\t\t\t\t\t<div class=\"elementor-accordion-item\">\n\t\t\t\t\t<div id=\"elementor-tab-title-5643\" class=\"elementor-tab-title\" data-tab=\"3\" role=\"button\" aria-controls=\"elementor-tab-content-5643\" aria-expanded=\"false\">\n\t\t\t\t\t\t\t\t\t\t\t\t<a class=\"elementor-accordion-title\" tabindex=\"0\">Haftet Polyurethanschaum auf allen Untergr\u00fcnden?<\/a>\n\t\t\t\t\t<\/div>\n\t\t\t\t\t<div id=\"elementor-tab-content-5643\" class=\"elementor-tab-content elementor-clearfix\" data-tab=\"3\" role=\"region\" aria-labelledby=\"elementor-tab-title-5643\"><p>Er haftet sehr gut auf den meisten Materialien wie Holz, Metall oder bestimmten Kunststoffen, vorausgesetzt, die Oberfl\u00e4che ist sauber und trocken.<\/p>\n<\/div>\n\t\t\t\t<\/div>\n\t\t\t\t\t\t\t<div class=\"elementor-accordion-item\">\n\t\t\t\t\t<div id=\"elementor-tab-title-5644\" class=\"elementor-tab-title\" data-tab=\"4\" role=\"button\" aria-controls=\"elementor-tab-content-5644\" aria-expanded=\"false\">\n\t\t\t\t\t\t\t\t\t\t\t\t<a class=\"elementor-accordion-title\" tabindex=\"0\">Kann man Polyurethanschaum nach dem Aush\u00e4rten schleifen oder schneiden?<\/a>\n\t\t\t\t\t<\/div>\n\t\t\t\t\t<div id=\"elementor-tab-content-5644\" class=\"elementor-tab-content elementor-clearfix\" data-tab=\"4\" role=\"region\" aria-labelledby=\"elementor-tab-title-5644\"><p>Ja, nach dem Aush\u00e4rten kann der Schaum je nach Bedarf geschnitten, geschliffen oder nachbearbeitet werden.<\/p>\n<\/div>\n\t\t\t\t<\/div>\n\t\t\t\t\t\t\t<div class=\"elementor-accordion-item\">\n\t\t\t\t\t<div id=\"elementor-tab-title-5645\" class=\"elementor-tab-title\" data-tab=\"5\" role=\"button\" aria-controls=\"elementor-tab-content-5645\" aria-expanded=\"false\">\n\t\t\t\t\t\t\t\t\t\t\t\t<a class=\"elementor-accordion-title\" tabindex=\"0\">Ist Polyurethanschaum dauerhaft best\u00e4ndig?<\/a>\n\t\t\t\t\t<\/div>\n\t\t\t\t\t<div id=\"elementor-tab-content-5645\" class=\"elementor-tab-content elementor-clearfix\" data-tab=\"5\" role=\"region\" aria-labelledby=\"elementor-tab-title-5645\"><p>Ja, nach dem Aush\u00e4rten ist Polyurethanschaum stabil und langlebig und beh\u00e4lt seine mechanischen Eigenschaften langfristig bei. Seine Farbe kann jedoch mit der Zeit vergilben. <\/p>\n<\/div>\n\t\t\t\t<\/div>\n\t\t\t\t\t\t\t\t\t\t<script type=\"application\/ld+json\">{\"@context\":\"https:\\\/\\\/schema.org\",\"@type\":\"FAQPage\",\"mainEntity\":[{\"@type\":\"Question\",\"name\":\"Kann man die Ausdehnung von Polyurethanschaum kontrollieren?\",\"acceptedAnswer\":{\"@type\":\"Answer\",\"text\":\"<p>Ja, die Ausdehnung h\\u00e4ngt von der Mischung und der verwendeten Menge ab. Es wird empfohlen, das Volumen nicht vollst\\u00e4ndig zu f\\u00fcllen, da der Schaum nach der Anwendung weiter expandiert. <\\\/p>\\n\"}},{\"@type\":\"Question\",\"name\":\"Kann man Polyurethanschaum zum F\\u00fcllen gro\\u00dfer Volumina verwenden?\",\"acceptedAnswer\":{\"@type\":\"Answer\",\"text\":\"<p>Ja, aber es ist ratsam, in mehreren Schichten vorzugehen, um die Ausdehnung besser zu kontrollieren und Verformungen zu vermeiden.<\\\/p>\\n\"}},{\"@type\":\"Question\",\"name\":\"Haftet Polyurethanschaum auf allen Untergr\\u00fcnden?\",\"acceptedAnswer\":{\"@type\":\"Answer\",\"text\":\"<p>Er haftet sehr gut auf den meisten Materialien wie Holz, Metall oder bestimmten Kunststoffen, vorausgesetzt, die Oberfl\\u00e4che ist sauber und trocken.<\\\/p>\\n\"}},{\"@type\":\"Question\",\"name\":\"Kann man Polyurethanschaum nach dem Aush\\u00e4rten schleifen oder schneiden?\",\"acceptedAnswer\":{\"@type\":\"Answer\",\"text\":\"<p>Ja, nach dem Aush\\u00e4rten kann der Schaum je nach Bedarf geschnitten, geschliffen oder nachbearbeitet werden.<\\\/p>\\n\"}},{\"@type\":\"Question\",\"name\":\"Ist Polyurethanschaum dauerhaft best\\u00e4ndig?\",\"acceptedAnswer\":{\"@type\":\"Answer\",\"text\":\"<p>Ja, nach dem Aush\\u00e4rten ist Polyurethanschaum stabil und langlebig und beh\\u00e4lt seine mechanischen Eigenschaften langfristig bei. Seine Farbe kann jedoch mit der Zeit vergilben. <\\\/p>\\n\"}}]}<\/script>\n\t\t\t\t\t<\/div>\n\t\t\t\t\t\t<\/div>\n\t\t\t\t<\/div>\n\t\t\t\t\t<\/div>\n\t\t<\/div>\n\t\t\t\t\t<\/div>\n\t\t<\/section>\n\t\t\t\t<\/div>\n\t\t","protected":false},"excerpt":{"rendered":"<p>Starrer Polyurethanschaum, entwickelt f\u00fcr pr\u00e4zises, schnelles und perfekt kontrolliertes F\u00fcllen.<\/p>\n","protected":false},"featured_media":35606,"template":"","meta":[],"product_brand":[],"product_cat":[1735,937],"product_tag":[],"class_list":{"0":"post-35138","1":"product","2":"type-product","3":"status-publish","4":"has-post-thumbnail","6":"product_cat-expansiver-polyurethanschaum","7":"product_cat-polyurethaan-de","9":"first","10":"instock","11":"taxable","12":"shipping-taxable","13":"purchasable","14":"product-type-variable"},"_links":{"self":[{"href":"https:\/\/www.finres-sa.com\/de\/wp-json\/wp\/v2\/product\/35138","targetHints":{"allow":["GET"]}}],"collection":[{"href":"https:\/\/www.finres-sa.com\/de\/wp-json\/wp\/v2\/product"}],"about":[{"href":"https:\/\/www.finres-sa.com\/de\/wp-json\/wp\/v2\/types\/product"}],"version-history":[{"count":7,"href":"https:\/\/www.finres-sa.com\/de\/wp-json\/wp\/v2\/product\/35138\/revisions"}],"predecessor-version":[{"id":38717,"href":"https:\/\/www.finres-sa.com\/de\/wp-json\/wp\/v2\/product\/35138\/revisions\/38717"}],"wp:featuredmedia":[{"embeddable":true,"href":"https:\/\/www.finres-sa.com\/de\/wp-json\/wp\/v2\/media\/35606"}],"wp:attachment":[{"href":"https:\/\/www.finres-sa.com\/de\/wp-json\/wp\/v2\/media?parent=35138"}],"wp:term":[{"taxonomy":"product_brand","embeddable":true,"href":"https:\/\/www.finres-sa.com\/de\/wp-json\/wp\/v2\/product_brand?post=35138"},{"taxonomy":"product_cat","embeddable":true,"href":"https:\/\/www.finres-sa.com\/de\/wp-json\/wp\/v2\/product_cat?post=35138"},{"taxonomy":"product_tag","embeddable":true,"href":"https:\/\/www.finres-sa.com\/de\/wp-json\/wp\/v2\/product_tag?post=35138"}],"curies":[{"name":"wp","href":"https:\/\/api.w.org\/{rel}","templated":true}]}}