{"id":36938,"date":"2026-03-03T11:29:41","date_gmt":"2026-03-03T10:29:41","guid":{"rendered":"https:\/\/www.finres-sa.com\/product\/stoneroxx-dekoratives-granitgranulat-fuer-harz-jesmonite\/"},"modified":"2026-04-24T15:42:25","modified_gmt":"2026-04-24T13:42:25","slug":"stoneroxx-dekoratives-granitgranulat-fuer-harz-jesmonite","status":"publish","type":"product","link":"https:\/\/www.finres-sa.com\/de\/produkt\/stoneroxx-dekoratives-granitgranulat-fuer-harz-jesmonite\/","title":{"rendered":"StoneRoxx\u00ae \u2013 Dekoratives Granitgranulat f\u00fcr Harz &amp; Jesmonite\u00ae"},"content":{"rendered":"\t\t<div data-elementor-type=\"product-post\" data-elementor-id=\"36938\" class=\"elementor elementor-36938 elementor-36824\" data-elementor-post-type=\"product\">\n\t\t\t\t<div class=\"elementor-element elementor-element-d5f2639 e-flex e-con-boxed e-con e-parent\" data-id=\"d5f2639\" data-element_type=\"container\" data-e-type=\"container\" data-settings=\"{&quot;jet_parallax_layout_list&quot;:[]}\">\n\t\t\t\t\t<div class=\"e-con-inner\">\n\t\t\t\t<div class=\"elementor-element elementor-element-844bb85 elementor-widget elementor-widget-text-editor\" data-id=\"844bb85\" data-element_type=\"widget\" data-e-type=\"widget\" data-widget_type=\"text-editor.default\">\n\t\t\t\t<div class=\"elementor-widget-container\">\n\t\t\t\t\t\t\t\t\t<p>StoneRoxx\u00ae ist ein nat\u00fcrliches, dekoratives Granitgranulat, das f\u00fcr Anwendungen in Harz, Jesmonite\u00ae und anderen dekorativen Verbundwerkstoffen entwickelt wurde. Integriert in Guss- oder Formmassen verleiht StoneRoxx\u00ae den Werkst\u00fccken Textur und Struktur, mit einem ausgewogenen und raffinierten mineralischen Finish. Seine kontrollierte Korngr\u00f6\u00dfe und nat\u00fcrliche Zusammensetzung machen es zu einem geeigneten Material f\u00fcr langlebige und zeitlose Kreationen.  <\/p>\t\t\t\t\t\t\t\t<\/div>\n\t\t\t\t<\/div>\n\t\t\t\t\t<\/div>\n\t\t\t\t<\/div>\n\t\t<div class=\"elementor-element elementor-element-571f32c e-flex e-con-boxed e-con e-parent\" data-id=\"571f32c\" data-element_type=\"container\" data-e-type=\"container\" data-settings=\"{&quot;jet_parallax_layout_list&quot;:[],&quot;background_background&quot;:&quot;classic&quot;}\">\n\t\t\t\t\t<div class=\"e-con-inner\">\n\t\t<div class=\"elementor-element elementor-element-9ab2122 e-grid e-con-boxed e-con e-child\" data-id=\"9ab2122\" data-element_type=\"container\" data-e-type=\"container\" data-settings=\"{&quot;jet_parallax_layout_list&quot;:[]}\">\n\t\t\t\t\t<div class=\"e-con-inner\">\n\t\t\t\t<div class=\"elementor-element elementor-element-c181fb2 elementor-widget elementor-widget-heading\" data-id=\"c181fb2\" data-element_type=\"widget\" data-e-type=\"widget\" data-widget_type=\"heading.default\">\n\t\t\t\t<div class=\"elementor-widget-container\">\n\t\t\t\t\t<h3 class=\"elementor-heading-title elementor-size-large\">Technische Eigenschaften<\/h3>\t\t\t\t<\/div>\n\t\t\t\t<\/div>\n\t\t\t\t<div class=\"elementor-element elementor-element-7189337 elementor-widget elementor-widget-text-editor\" data-id=\"7189337\" data-element_type=\"widget\" data-e-type=\"widget\" data-widget_type=\"text-editor.default\">\n\t\t\t\t<div class=\"elementor-widget-container\">\n\t\t\t\t\t\t\t\t\t<p>Typ: Nat\u00fcrliches Granitgranulat<\/p><p>Funktion: F\u00fcllstoff \/ dekorative Inklusion<\/p><p>Korngr\u00f6\u00dfe: XXS: 0,1 mm &#8211; 0,6 mm \/ XS: 0,5 mm \u2013 1 mm \/ S: 1 mm \u2013 2 mm<\/p><p>Kompatibilit\u00e4t: Harze, Jesmonite\u00ae, dekorative M\u00f6rtel<\/p><p>Farbe: 14 Farbt\u00f6ne<\/p><p>Empfohlene Einarbeitung: 10 bis 50 Gew.-% je nach gew\u00fcnschtem Effekt<\/p>\t\t\t\t\t\t\t\t<\/div>\n\t\t\t\t<\/div>\n\t\t\t\t\t<\/div>\n\t\t\t\t<\/div>\n\t\t\t\t\t<\/div>\n\t\t\t\t<\/div>\n\t\t\t\t<\/div>\n\t\t","protected":false},"excerpt":{"rendered":"<p>StoneRoxx\u00ae ist ein nat\u00fcrliches, dekoratives Granitgranulat, speziell ausgew\u00e4hlt, um Harz- und Jesmonite-Kreationen Textur, Relief und Charakter zu verleihen.<\/p>\n","protected":false},"featured_media":36957,"template":"","meta":[],"product_brand":[],"product_cat":[1000,1627,921],"product_tag":[],"class_list":{"0":"post-36938","1":"product","2":"type-product","3":"status-publish","4":"has-post-thumbnail","6":"product_cat-neuheiten","7":"product_cat-pigmente-und-fullstoffe","8":"product_cat-pigmenten-und-zusatzstoffen","10":"first","11":"instock","12":"taxable","13":"shipping-taxable","14":"purchasable","15":"product-type-variable"},"_links":{"self":[{"href":"https:\/\/www.finres-sa.com\/de\/wp-json\/wp\/v2\/product\/36938","targetHints":{"allow":["GET"]}}],"collection":[{"href":"https:\/\/www.finres-sa.com\/de\/wp-json\/wp\/v2\/product"}],"about":[{"href":"https:\/\/www.finres-sa.com\/de\/wp-json\/wp\/v2\/types\/product"}],"version-history":[{"count":1,"href":"https:\/\/www.finres-sa.com\/de\/wp-json\/wp\/v2\/product\/36938\/revisions"}],"predecessor-version":[{"id":39185,"href":"https:\/\/www.finres-sa.com\/de\/wp-json\/wp\/v2\/product\/36938\/revisions\/39185"}],"wp:featuredmedia":[{"embeddable":true,"href":"https:\/\/www.finres-sa.com\/de\/wp-json\/wp\/v2\/media\/36957"}],"wp:attachment":[{"href":"https:\/\/www.finres-sa.com\/de\/wp-json\/wp\/v2\/media?parent=36938"}],"wp:term":[{"taxonomy":"product_brand","embeddable":true,"href":"https:\/\/www.finres-sa.com\/de\/wp-json\/wp\/v2\/product_brand?post=36938"},{"taxonomy":"product_cat","embeddable":true,"href":"https:\/\/www.finres-sa.com\/de\/wp-json\/wp\/v2\/product_cat?post=36938"},{"taxonomy":"product_tag","embeddable":true,"href":"https:\/\/www.finres-sa.com\/de\/wp-json\/wp\/v2\/product_tag?post=36938"}],"curies":[{"name":"wp","href":"https:\/\/api.w.org\/{rel}","templated":true}]}}