{"id":37435,"date":"2023-06-26T18:15:06","date_gmt":"2023-06-26T16:15:06","guid":{"rendered":"https:\/\/www.finres-sa.com\/product\/crystal-clear-200-kit\/"},"modified":"2023-06-26T18:15:06","modified_gmt":"2023-06-26T16:15:06","slug":"crystal-clear-200-kit","status":"publish","type":"product","link":"https:\/\/www.finres-sa.com\/de\/produkt\/crystal-clear-200-kit\/","title":{"rendered":"CRYSTAL CLEAR 200 (KIT)"},"content":{"rendered":"<p><strong>CRYSTAL CLEAR 200 (&lt;8 cm) (KIT)<\/strong><\/p>\n<p>Polyurethan-Gie\u00dfsystem. Hochwertig transparent <\/p>\n<p><strong>Beschreibung<\/strong><\/p>\n<p>Crystal Clear\u2122 200 ist wasserklar und speziell f\u00fcr Anwendungen entwickelt, die Klarheit erfordern. Diese starren Urethan-Gie\u00dfharze unterscheiden sich nur in Verarbeitungs- und Entformungszeiten. Die niedrige Viskosit\u00e4t gew\u00e4hrleistet einfaches Mischen und Gie\u00dfen. Crystal Clear\u2122-Harze h\u00e4rten bei Raumtemperatur* mit vernachl\u00e4ssigbarer Schrumpfung aus.   <\/p>\n<p>Crystal Clear\u2122 200 ist f\u00fcr eine Gie\u00dfdicke von \u00bd&#8221; bis 3&#8243; bei einem maximalen Gie\u00dfgewicht von 16 Pfund (7,25 kg) vorgesehen. Gussteile \u00fcber 3&#8243; m\u00fcssen in Schichten gegossen werden.  <\/p>\n<p><strong>Technische Eigenschaften<\/strong><\/p>\n<p>Die Gussteile sind nach dem Aush\u00e4rten:<\/p>\n<p>UV-best\u00e4ndig<\/p>\n<p>Widerstandsf\u00e4hig<\/p>\n<p>Lebendige Farben und Farbeffekte werden durch Zugabe von Pigmentdispersionen erzielt.<\/p>\n<p><strong>Anwendungen umfassen:<\/strong><\/p>\n<p>Einkapselung<\/p>\n<p>Herstellung von Modellprototypen<\/p>\n<p>Linsen<\/p>\n<p>Skulpturreproduktionen<\/p>\n<p>Dekorative Gussteile<\/p>\n<p>Schmuck<\/p>\n<p>Modellprototypen<\/p>\n<p>Spezialeffekte<\/p>\n<p>Requisiten<\/p>\n<p><strong>Technisches Datenblatt:<\/strong><\/p>\n<p>https:\/\/www.smooth-on.com\/tb\/files\/CRYSTAL_CLEAR_200_TB.pdf<\/p>\n<p><strong>Video<\/strong><\/p>\n","protected":false},"excerpt":{"rendered":"<p>Polyurethan-Gie\u00dfsystem. Hochwertig transparent <\/p>\n<p>Crystal Clear\u2122 200 ist wasserklar und speziell f\u00fcr Anwendungen entwickelt, die Klarheit erfordern. Diese starren Urethan-Gie\u00dfharze unterscheiden sich nur in Verarbeitungs- und Entformungszeiten. Die niedrige Viskosit\u00e4t gew\u00e4hrleistet einfaches Mischen und Gie\u00dfen. Crystal Clear\u2122-Harze h\u00e4rten bei Raumtemperatur* mit vernachl\u00e4ssigbarer Schrumpfung aus.   <\/p>\n","protected":false},"featured_media":37436,"template":"","meta":[],"product_brand":[],"product_cat":[937],"product_tag":[925,900,899,903,901,975,968,943,974,922,1978,898,930],"class_list":{"0":"post-37435","1":"product","2":"type-product","3":"status-publish","4":"has-post-thumbnail","6":"product_cat-polyurethaan-de","7":"product_tag-beeld-de","8":"product_tag-cast-de","9":"product_tag-gieten-de","10":"product_tag-kunst-de","11":"product_tag-prototyp","12":"product_tag-schaum","13":"product_tag-schmuck","14":"product_tag-set","15":"product_tag-spezialeffekte","16":"product_tag-stijf-de","17":"product_tag-theater","18":"product_tag-toon-de","19":"product_tag-transparent-de","21":"first","22":"instock","23":"taxable","24":"shipping-taxable","25":"purchasable","26":"product-type-variable"},"_links":{"self":[{"href":"https:\/\/www.finres-sa.com\/de\/wp-json\/wp\/v2\/product\/37435","targetHints":{"allow":["GET"]}}],"collection":[{"href":"https:\/\/www.finres-sa.com\/de\/wp-json\/wp\/v2\/product"}],"about":[{"href":"https:\/\/www.finres-sa.com\/de\/wp-json\/wp\/v2\/types\/product"}],"version-history":[{"count":0,"href":"https:\/\/www.finres-sa.com\/de\/wp-json\/wp\/v2\/product\/37435\/revisions"}],"wp:featuredmedia":[{"embeddable":true,"href":"https:\/\/www.finres-sa.com\/de\/wp-json\/wp\/v2\/media\/37436"}],"wp:attachment":[{"href":"https:\/\/www.finres-sa.com\/de\/wp-json\/wp\/v2\/media?parent=37435"}],"wp:term":[{"taxonomy":"product_brand","embeddable":true,"href":"https:\/\/www.finres-sa.com\/de\/wp-json\/wp\/v2\/product_brand?post=37435"},{"taxonomy":"product_cat","embeddable":true,"href":"https:\/\/www.finres-sa.com\/de\/wp-json\/wp\/v2\/product_cat?post=37435"},{"taxonomy":"product_tag","embeddable":true,"href":"https:\/\/www.finres-sa.com\/de\/wp-json\/wp\/v2\/product_tag?post=37435"}],"curies":[{"name":"wp","href":"https:\/\/api.w.org\/{rel}","templated":true}]}}