{"id":39606,"date":"2026-04-30T13:42:38","date_gmt":"2026-04-30T11:42:38","guid":{"rendered":"https:\/\/www.finres-sa.com\/product\/transluzides-platin-giesssilikon-hohe-praezision-einfaches-entformen\/"},"modified":"2026-04-30T13:59:03","modified_gmt":"2026-04-30T11:59:03","slug":"transluzides-platin-giesssilikon-hohe-praezision-einfaches-entformen","status":"publish","type":"product","link":"https:\/\/www.finres-sa.com\/de\/produkt\/transluzides-platin-giesssilikon-hohe-praezision-einfaches-entformen\/","title":{"rendered":"Transluzides Platin-Gie\u00dfsilikon \u2013 Hohe Pr\u00e4zision &amp; einfaches Entformen"},"content":{"rendered":"\t\t<div data-elementor-type=\"product-post\" data-elementor-id=\"39606\" class=\"elementor elementor-39606 elementor-38063\" data-elementor-post-type=\"product\">\n\t\t\t\t<div class=\"elementor-element elementor-element-7ce6aa0 e-flex e-con-boxed e-con e-parent\" data-id=\"7ce6aa0\" data-element_type=\"container\" data-e-type=\"container\" data-settings=\"{&quot;jet_parallax_layout_list&quot;:[]}\">\n\t\t\t\t\t<div class=\"e-con-inner\">\n\t\t\t\t<div class=\"elementor-element elementor-element-cc6700c elementor-widget elementor-widget-text-editor\" data-id=\"cc6700c\" data-element_type=\"widget\" data-e-type=\"widget\" data-widget_type=\"text-editor.default\">\n\t\t\t\t<div class=\"elementor-widget-container\">\n\t\t\t\t\t\t\t\t\t<p style=\"margin: 0cm; margin-bottom: .0001pt;\">Die Gie\u00dfsilikone der PA-Reihe sind transluzide additionsvernetzende (Platin-)Silikone, bekannt f\u00fcr ihre sehr hohe Reproduktionsgenauigkeit, ihre geringe Schrumpfung und ihre ausgezeichnete Dimensionsstabilit\u00e4t.<\/p><p style=\"margin: 0cm; margin-bottom: .0001pt;\">Dank ihres Mischverh\u00e4ltnisses von 1:1 sind sie einfach zu handhaben und zeichnen sich durch ihre hohe Flie\u00dff\u00e4higkeit aus, was Blasenbildung reduziert, sowie durch ihre schnelle Aush\u00e4rtung bei Raumtemperatur.<\/p><p style=\"margin: 0cm; margin-bottom: .0001pt;\">Die Transluzenz unserer PA-Silikone bietet einen echten Vorteil beim Gie\u00dfen, da sie es erm\u00f6glicht, das Innere der Form zu sehen und die F\u00fcllung perfekt zu kontrollieren.<\/p><p style=\"margin: 0cm; margin-bottom: .0001pt;\">Im Vergleich zu herk\u00f6mmlichen Silikonen bieten Platin-Silikone \u00fcberlegene Leistungen, mit einer hohen chemischen Best\u00e4ndigkeit und optimaler Haltbarkeit, selbst bei wiederholten oder Serienproduktionen.<\/p><p style=\"margin: 0cm; margin-bottom: .0001pt;\">Geeignet f\u00fcr Silikonformen, RTV, Reproduktion von Teilen, technische und k\u00fcnstlerische Formen.<\/p><p style=\"margin: 0cm; margin-bottom: .0001pt;\">Seine hohe Best\u00e4ndigkeit gegen\u00fcber alkalischen Komponenten macht es besonders geeignet f\u00fcr Anwendungen mit Beton oder technischen Materialien.<\/p><p style=\"margin: 0cm; margin-bottom: .0001pt;\">Die Versionen Shore A 22 und 40 k\u00f6nnen mit einem Thixotropiermittel (THIXO) angedickt werden, um eine past\u00f6se Textur zu erhalten, ideal f\u00fcr die Spachtelanwendung auf vertikalen Fl\u00e4chen.<\/p>\t\t\t\t\t\t\t\t<\/div>\n\t\t\t\t<\/div>\n\t\t\t\t\t<\/div>\n\t\t\t\t<\/div>\n\t\t<div class=\"elementor-element elementor-element-f9b4f98 e-flex e-con-boxed e-con e-parent\" data-id=\"f9b4f98\" data-element_type=\"container\" data-e-type=\"container\" data-settings=\"{&quot;jet_parallax_layout_list&quot;:[],&quot;background_background&quot;:&quot;classic&quot;}\">\n\t\t\t\t\t<div class=\"e-con-inner\">\n\t\t<div class=\"elementor-element elementor-element-88516ba e-grid e-con-boxed e-con e-child\" data-id=\"88516ba\" data-element_type=\"container\" data-e-type=\"container\" data-settings=\"{&quot;jet_parallax_layout_list&quot;:[]}\">\n\t\t\t\t\t<div class=\"e-con-inner\">\n\t\t<div class=\"elementor-element elementor-element-4c419d8 e-con-full e-flex e-con e-child\" data-id=\"4c419d8\" data-element_type=\"container\" data-e-type=\"container\" data-settings=\"{&quot;jet_parallax_layout_list&quot;:[]}\">\n\t\t\t\t<div class=\"elementor-element elementor-element-5663442 elementor-widget elementor-widget-heading\" data-id=\"5663442\" data-element_type=\"widget\" data-e-type=\"widget\" data-widget_type=\"heading.default\">\n\t\t\t\t<div class=\"elementor-widget-container\">\n\t\t\t\t\t<h2 class=\"elementor-heading-title elementor-size-large\">Anwendungen <\/h2>\t\t\t\t<\/div>\n\t\t\t\t<\/div>\n\t\t\t\t<div class=\"elementor-element elementor-element-3c5f59a elementor-widget elementor-widget-text-editor\" data-id=\"3c5f59a\" data-element_type=\"widget\" data-e-type=\"widget\" data-widget_type=\"text-editor.default\">\n\t\t\t\t<div class=\"elementor-widget-container\">\n\t\t\t\t\t\t\t\t\t<ul><li>Gie\u00dfen und Formen von Gips oder Aqua-Harz<\/li><li>Formen von Kerzenbeh\u00e4ltern und Gie\u00dfen von Wachs<\/li><li>Formen von Harzen: Epoxid, Polyester, Polyurethan<\/li><li>Reproduktion von Teilen: technische Objekte, Prototypen, Klein- und Gro\u00dfserien<\/li><li>K\u00fcnstlerische Gestaltung: Skulpturen, Figuren, Dekorationsartikel<\/li><li>Betonguss (ausgezeichnete Best\u00e4ndigkeit gegen\u00fcber alkalischen Medien)<\/li><li>Formen von Kunststeinen und Dekorelementen<\/li><li>Modellbau und industrieller Prototypenbau<\/li><li>Herstellung von technischen und industriellen Formen<\/li><\/ul>\t\t\t\t\t\t\t\t<\/div>\n\t\t\t\t<\/div>\n\t\t\t\t<\/div>\n\t\t<div class=\"elementor-element elementor-element-b3dd046 e-con-full e-flex e-con e-child\" data-id=\"b3dd046\" data-element_type=\"container\" data-e-type=\"container\" data-settings=\"{&quot;jet_parallax_layout_list&quot;:[]}\">\n\t\t\t\t<div class=\"elementor-element elementor-element-9fd5b0d elementor-widget elementor-widget-heading\" data-id=\"9fd5b0d\" data-element_type=\"widget\" data-e-type=\"widget\" data-widget_type=\"heading.default\">\n\t\t\t\t<div class=\"elementor-widget-container\">\n\t\t\t\t\t<h2 class=\"elementor-heading-title elementor-size-large\">Vorteile <\/h2>\t\t\t\t<\/div>\n\t\t\t\t<\/div>\n\t\t\t\t<div class=\"elementor-element elementor-element-2ad0768 elementor-widget elementor-widget-text-editor\" data-id=\"2ad0768\" data-element_type=\"widget\" data-e-type=\"widget\" data-widget_type=\"text-editor.default\">\n\t\t\t\t<div class=\"elementor-widget-container\">\n\t\t\t\t\t\t\t\t\t<ul><li>Ungiftiges Silikon<\/li><li>Mischverh\u00e4ltnis 1:1<\/li><li>Sehr fl\u00fcssig \u2192 reduziert Blasen<\/li><li>Ultrapr\u00e4zise \u2192 detailgetreue Wiedergabe<\/li><li>Aush\u00e4rtezeit je nach Temperatur einstellbar (je w\u00e4rmer, desto schneller die Aush\u00e4rtung)<\/li><li>Widerstandsf\u00e4hig und langlebig (mehr als 100 Abg\u00fcsse)<\/li><li>Kompatibel mit Acrylharz, Gips, Beton, PU, Epoxid<\/li><\/ul>\t\t\t\t\t\t\t\t<\/div>\n\t\t\t\t<\/div>\n\t\t\t\t<\/div>\n\t\t\t\t\t<\/div>\n\t\t\t\t<\/div>\n\t\t\t\t\t<\/div>\n\t\t\t\t<\/div>\n\t\t<div class=\"elementor-element elementor-element-9371fea e-flex e-con-boxed e-con e-parent\" data-id=\"9371fea\" data-element_type=\"container\" data-e-type=\"container\" data-settings=\"{&quot;jet_parallax_layout_list&quot;:[],&quot;background_background&quot;:&quot;classic&quot;}\">\n\t\t\t\t\t<div class=\"e-con-inner\">\n\t\t\t\t<div class=\"elementor-element elementor-element-298d75f elementor-widget elementor-widget-heading\" data-id=\"298d75f\" data-element_type=\"widget\" data-e-type=\"widget\" data-widget_type=\"heading.default\">\n\t\t\t\t<div class=\"elementor-widget-container\">\n\t\t\t\t\t<h2 class=\"elementor-heading-title elementor-size-large\">Verarbeitung des transparenten Epoxidharzes 4000-4006 <\/h2>\t\t\t\t<\/div>\n\t\t\t\t<\/div>\n\t\t\t\t<div class=\"elementor-element elementor-element-5ad2d3a elementor-widget elementor-widget-heading\" data-id=\"5ad2d3a\" data-element_type=\"widget\" data-e-type=\"widget\" data-widget_type=\"heading.default\">\n\t\t\t\t<div class=\"elementor-widget-container\">\n\t\t\t\t\t<h3 class=\"elementor-heading-title elementor-size-medium\">1. Vorbereitung der Oberfl\u00e4che<\/h3>\t\t\t\t<\/div>\n\t\t\t\t<\/div>\n\t\t\t\t<div class=\"elementor-element elementor-element-3b70c65 elementor-widget elementor-widget-text-editor\" data-id=\"3b70c65\" data-element_type=\"widget\" data-e-type=\"widget\" data-widget_type=\"text-editor.default\">\n\t\t\t\t<div class=\"elementor-widget-container\">\n\t\t\t\t\t\t\t\t\t<p>Versiegeln Sie die Oberfl\u00e4che des Modells, wenn sie saugf\u00e4hig ist oder eine nat\u00fcrliche Porosit\u00e4t aufweist.<\/p><p>Wenn die zu reproduzierende Oberfl\u00e4che por\u00f6s ist (Holz, Gips, Keramik usw.), wird empfohlen, ein Versiegelungsmittel, ein <a href=\"https:\/\/www.finres-sa.com\/de\/produkt\/acmos-universal-entformungsspray\/\">Trennmittel<\/a> oder Wachs aufzutragen, um das Eindringen von Silikon und ein Anhaften am Modell zu verhindern.<\/p>\t\t\t\t\t\t\t\t<\/div>\n\t\t\t\t<\/div>\n\t\t\t\t<div class=\"elementor-element elementor-element-f115c5e elementor-widget elementor-widget-heading\" data-id=\"f115c5e\" data-element_type=\"widget\" data-e-type=\"widget\" data-widget_type=\"heading.default\">\n\t\t\t\t<div class=\"elementor-widget-container\">\n\t\t\t\t\t<h3 class=\"elementor-heading-title elementor-size-medium\">2. Verschalung <\/h3>\t\t\t\t<\/div>\n\t\t\t\t<\/div>\n\t\t\t\t<div class=\"elementor-element elementor-element-ada2760 elementor-widget elementor-widget-text-editor\" data-id=\"ada2760\" data-element_type=\"widget\" data-e-type=\"widget\" data-widget_type=\"text-editor.default\">\n\t\t\t\t<div class=\"elementor-widget-container\">\n\t\t\t\t\t\t\t\t\t<p>Erstellen Sie eine Verschalung um das zu reproduzierende Objekt und planen Sie eine Silikonschichtdicke von 3 bis 8 mm je nach H\u00e4rte ein.<\/p><ul><li>\u00dcberpr\u00fcfen Sie die Dichtheit der Verschalung, um ein Auslaufen zu verhindern.<\/li><li>Stellen Sie sicher, dass das Teil gut fixiert ist, damit es sich beim Gie\u00dfen nicht bewegt oder schwimmt.<\/li><\/ul>\t\t\t\t\t\t\t\t<\/div>\n\t\t\t\t<\/div>\n\t\t\t\t<div class=\"elementor-element elementor-element-8149118 elementor-widget elementor-widget-heading\" data-id=\"8149118\" data-element_type=\"widget\" data-e-type=\"widget\" data-widget_type=\"heading.default\">\n\t\t\t\t<div class=\"elementor-widget-container\">\n\t\t\t\t\t<h3 class=\"elementor-heading-title elementor-size-medium\">3. Mischungsverh\u00e4ltnis &amp; Mischen<\/h3>\t\t\t\t<\/div>\n\t\t\t\t<\/div>\n\t\t\t\t<div class=\"elementor-element elementor-element-586932b elementor-widget elementor-widget-text-editor\" data-id=\"586932b\" data-element_type=\"widget\" data-e-type=\"widget\" data-widget_type=\"text-editor.default\">\n\t\t\t\t<div class=\"elementor-widget-container\">\n\t\t\t\t\t\t\t\t\t<p>Wiegen Sie in einem sauberen und trockenen Beh\u00e4lter die erforderliche Menge an Silikon ab und berechnen Sie eine Zugabe von 1:1 Katalysator (z.B.: 100gr Basis + 100gr Katalysator).<\/p><ul><li>Mischen Sie die Komponenten sorgf\u00e4ltig, bis eine homogene L\u00f6sung entsteht.<\/li><li>Beim mechanischen Mischen arbeiten Sie 2 bis 3 Minuten lang bei niedriger Geschwindigkeit (300 bis 500 U\/min).<\/li><li>Halten Sie den Mischkopf eingetaucht, um die Einarbeitung von Luftblasen zu begrenzen.<\/li><\/ul>\t\t\t\t\t\t\t\t<\/div>\n\t\t\t\t<\/div>\n\t\t\t\t<div class=\"elementor-element elementor-element-9f487ca elementor-widget elementor-widget-heading\" data-id=\"9f487ca\" data-element_type=\"widget\" data-e-type=\"widget\" data-widget_type=\"heading.default\">\n\t\t\t\t<div class=\"elementor-widget-container\">\n\t\t\t\t\t<h3 class=\"elementor-heading-title elementor-size-medium\">4. Gie\u00dfen Sie das Silikon<\/h3>\t\t\t\t<\/div>\n\t\t\t\t<\/div>\n\t\t\t\t<div class=\"elementor-element elementor-element-dbc9992 elementor-widget elementor-widget-text-editor\" data-id=\"dbc9992\" data-element_type=\"widget\" data-e-type=\"widget\" data-widget_type=\"text-editor.default\">\n\t\t\t\t<div class=\"elementor-widget-container\">\n\t\t\t\t\t\t\t\t\t<p>Gie\u00dfen Sie das Silikon in einem d\u00fcnnen Strahl auf den tiefsten Punkt der Form.<\/p><p>Um Luftblasen zu reduzieren:<\/p><ul><li>tragen Sie eine erste Schicht mit einem Pinsel auf (Grundierungsschicht)<\/li><li>und f\u00fcllen Sie dann vollst\u00e4ndig auf.<\/li><\/ul>\t\t\t\t\t\t\t\t<\/div>\n\t\t\t\t<\/div>\n\t\t\t\t<div class=\"elementor-element elementor-element-7cdac48 elementor-widget elementor-widget-heading\" data-id=\"7cdac48\" data-element_type=\"widget\" data-e-type=\"widget\" data-widget_type=\"heading.default\">\n\t\t\t\t<div class=\"elementor-widget-container\">\n\t\t\t\t\t<h3 class=\"elementor-heading-title elementor-size-medium\">5. Aush\u00e4rtung <\/h3>\t\t\t\t<\/div>\n\t\t\t\t<\/div>\n\t\t\t\t<div class=\"elementor-element elementor-element-01a7ff4 elementor-widget elementor-widget-text-editor\" data-id=\"01a7ff4\" data-element_type=\"widget\" data-e-type=\"widget\" data-widget_type=\"text-editor.default\">\n\t\t\t\t<div class=\"elementor-widget-container\">\n\t\t\t\t\t\t\t\t\t<p style=\"margin: 0cm; margin-bottom: .0001pt;\">Lassen Sie es bei Raumtemperatur aush\u00e4rten.<\/p><p style=\"margin: 0cm; margin-bottom: .0001pt;\">Das Entformen kann in der Regel nach 6 Stunden erfolgen (je nach Umgebung).<\/p>\t\t\t\t\t\t\t\t<\/div>\n\t\t\t\t<\/div>\n\t\t\t\t<div class=\"elementor-element elementor-element-d48e8b5 elementor-widget elementor-widget-heading\" data-id=\"d48e8b5\" data-element_type=\"widget\" data-e-type=\"widget\" data-widget_type=\"heading.default\">\n\t\t\t\t<div class=\"elementor-widget-container\">\n\t\t\t\t\t<h3 class=\"elementor-heading-title elementor-size-medium\">6. Reinigung<\/h3>\t\t\t\t<\/div>\n\t\t\t\t<\/div>\n\t\t\t\t<div class=\"elementor-element elementor-element-c7b3b4e elementor-widget elementor-widget-text-editor\" data-id=\"c7b3b4e\" data-element_type=\"widget\" data-e-type=\"widget\" data-widget_type=\"text-editor.default\">\n\t\t\t\t<div class=\"elementor-widget-container\">\n\t\t\t\t\t\t\t\t\t<p style=\"margin: 0cm; margin-bottom: .0001pt;\">Reinigen Sie das Silikon nicht im fl\u00fcssigen Zustand.<\/p><p style=\"margin: 0cm; margin-bottom: .0001pt;\">Lassen Sie es aush\u00e4rten und entfernen Sie es dann mechanisch von den Werkzeugen.<\/p>\t\t\t\t\t\t\t\t<\/div>\n\t\t\t\t<\/div>\n\t\t\t\t\t<\/div>\n\t\t\t\t<\/div>\n\t\t<div class=\"elementor-element elementor-element-e018b6d e-flex e-con-boxed e-con e-parent\" data-id=\"e018b6d\" data-element_type=\"container\" data-e-type=\"container\" data-settings=\"{&quot;jet_parallax_layout_list&quot;:[],&quot;background_background&quot;:&quot;classic&quot;}\">\n\t\t\t\t\t<div class=\"e-con-inner\">\n\t\t<div class=\"elementor-element elementor-element-7540b66 e-grid e-con-boxed e-con e-child\" data-id=\"7540b66\" data-element_type=\"container\" data-e-type=\"container\" data-settings=\"{&quot;jet_parallax_layout_list&quot;:[]}\">\n\t\t\t\t\t<div class=\"e-con-inner\">\n\t\t<div class=\"elementor-element elementor-element-47654e6 e-con-full e-flex e-con e-child\" data-id=\"47654e6\" data-element_type=\"container\" data-e-type=\"container\" data-settings=\"{&quot;jet_parallax_layout_list&quot;:[]}\">\n\t\t\t\t<div class=\"elementor-element elementor-element-0a655ca elementor-widget elementor-widget-heading\" data-id=\"0a655ca\" data-element_type=\"widget\" data-e-type=\"widget\" data-widget_type=\"heading.default\">\n\t\t\t\t<div class=\"elementor-widget-container\">\n\t\t\t\t\t<h2 class=\"elementor-heading-title elementor-size-large\">Technische Eigenschaften<\/h2>\t\t\t\t<\/div>\n\t\t\t\t<\/div>\n\t\t\t\t<div class=\"elementor-element elementor-element-e6aa31d elementor-widget elementor-widget-text-editor\" data-id=\"e6aa31d\" data-element_type=\"widget\" data-e-type=\"widget\" data-widget_type=\"text-editor.default\">\n\t\t\t\t<div class=\"elementor-widget-container\">\n\t\t\t\t\t\t\t\t\t<p> <\/p><table><tbody><tr><td width=\"201\"><p> <\/p><\/td><td width=\"90\"><p><strong>PA 22<\/strong><\/p><\/td><td width=\"82\"><p><strong>PA 40<\/strong><\/p><\/td><\/tr><tr><td width=\"201\"><p><strong>Mischungsverh\u00e4ltnis<\/strong><\/p><\/td><td width=\"90\"><p>1:1<\/p><\/td><td width=\"82\"><p>1:1<\/p><\/td><\/tr><tr><td width=\"201\"><p><strong>Farbe<\/strong><\/p><\/td><td width=\"90\"><p>Transluzid<\/p><\/td><td width=\"82\"><p>Transluzid<\/p><\/td><\/tr><tr><td width=\"201\"><p><strong>H\u00e4rte (Shore A)<\/strong><\/p><\/td><td width=\"90\"><p>20<\/p><\/td><td width=\"82\"><p>40<\/p><\/td><\/tr><tr><td width=\"201\"><p><strong>Topfzeit bei 23 \u00b0C<\/strong><\/p><\/td><td width=\"90\"><p>30 Min.<\/p><\/td><td width=\"82\"><p>25 Min.<\/p><\/td><\/tr><tr><td width=\"201\"><p><strong>Entformung<\/strong><\/p><\/td><td width=\"90\"><p>4 Std.<\/p><\/td><td width=\"82\"><p>3 Std.<\/p><\/td><\/tr><tr><td width=\"201\"><p><strong>Dichte (g\/cm\u00b3)<\/strong><\/p><\/td><td width=\"90\"><p>1.10<\/p><\/td><td width=\"82\"><p>1.08<\/p><\/td><\/tr><tr><td width=\"201\"><p><strong>Viskosit\u00e4t (mPa\u00b7s)<\/strong><\/p><\/td><td width=\"90\"><p>12000<\/p><\/td><td width=\"82\"><p>12000<\/p><\/td><\/tr><tr><td width=\"201\"><p><strong>Lineare Schrumpfung (%)<\/strong><\/p><\/td><td width=\"90\"><p>&gt;0.1<\/p><\/td><td width=\"82\"><p>&gt;0.1<\/p><\/td><\/tr><tr><td width=\"201\"><p><strong>Dehnung (%)<\/strong><\/p><\/td><td width=\"90\"><p>400<\/p><\/td><td width=\"82\"><p>250<\/p><\/td><\/tr><tr><td width=\"201\"><p><strong>Erhaltung<\/strong><\/p><\/td><td width=\"90\"><p>12 Monate<\/p><\/td><td width=\"82\"><p>12 Monate<\/p><\/td><\/tr><\/tbody><\/table><p> <\/p>\t\t\t\t\t\t\t\t<\/div>\n\t\t\t\t<\/div>\n\t\t\t\t<\/div>\n\t\t\t\t\t<\/div>\n\t\t\t\t<\/div>\n\t\t\t\t\t<\/div>\n\t\t\t\t<\/div>\n\t\t<div class=\"elementor-element elementor-element-50ce907 e-flex e-con-boxed e-con e-parent\" data-id=\"50ce907\" data-element_type=\"container\" data-e-type=\"container\" data-settings=\"{&quot;jet_parallax_layout_list&quot;:[],&quot;background_background&quot;:&quot;classic&quot;}\">\n\t\t\t\t\t<div class=\"e-con-inner\">\n\t\t<div class=\"elementor-element elementor-element-8706e94 e-grid e-con-boxed e-con e-child\" data-id=\"8706e94\" data-element_type=\"container\" data-e-type=\"container\" data-settings=\"{&quot;jet_parallax_layout_list&quot;:[]}\">\n\t\t\t\t\t<div class=\"e-con-inner\">\n\t\t<div class=\"elementor-element elementor-element-e83d8d6 e-con-full e-flex e-con e-child\" data-id=\"e83d8d6\" data-element_type=\"container\" data-e-type=\"container\" data-settings=\"{&quot;jet_parallax_layout_list&quot;:[]}\">\n\t\t\t\t<div class=\"elementor-element elementor-element-fee5bcc elementor-widget elementor-widget-heading\" data-id=\"fee5bcc\" data-element_type=\"widget\" data-e-type=\"widget\" data-widget_type=\"heading.default\">\n\t\t\t\t<div class=\"elementor-widget-container\">\n\t\t\t\t\t<h2 class=\"elementor-heading-title elementor-size-large\">Zubeh\u00f6r<\/h2>\t\t\t\t<\/div>\n\t\t\t\t<\/div>\n\t\t\t\t<div class=\"elementor-element elementor-element-5d26e36 elementor-widget elementor-widget-text-editor\" data-id=\"5d26e36\" data-element_type=\"widget\" data-e-type=\"widget\" data-widget_type=\"text-editor.default\">\n\t\t\t\t<div class=\"elementor-widget-container\">\n\t\t\t\t\t\t\t\t\t<p><a href=\"https:\/\/www.finres-sa.com\/de\/produkt\/acmos-universal-entformungsspray\/\"><strong>Das Trennspray<\/strong><\/a> sorgt f\u00fcr ein schnelles und optimales Entformen.<\/p><p><a href=\"https:\/\/www.finres-sa.com\/de\/produkt\/nitril-handschuhe-100st\/\"><strong>Die Schutzhandschuhe <\/strong><\/a> aus Nitril bieten eine ausgezeichnete Best\u00e4ndigkeit gegen Chemikalien.<strong> <\/strong><\/p><p><a href=\"https:\/\/www.finres-sa.com\/de\/produkt\/zubehoer-paket\/\"><strong>Das Zubeh\u00f6rpaket<\/strong><\/a> enth\u00e4lt alles Notwendige, um Sie bei Ihren ersten Schritten zu begleiten. <\/p><p><a href=\"https:\/\/www.finres-sa.com\/de\/produkt\/flachpinsel-fuer-harz-laminierpinsel-fischschwanz\/\"><strong>Flachpinsel<\/strong><\/a> f\u00fcr Harz erm\u00f6glichen eine pr\u00e4zise Anwendung f\u00fcr die Grundierungsschichten.<\/p><p><a href=\"https:\/\/www.finres-sa.com\/de\/produkt\/jesmonite-mixer\/\"><strong>Der Jesmonite-Mischer<\/strong><\/a> reduziert effektiv Blasen und Klumpen.<\/p>\t\t\t\t\t\t\t\t<\/div>\n\t\t\t\t<\/div>\n\t\t\t\t<\/div>\n\t\t\t\t\t<\/div>\n\t\t\t\t<\/div>\n\t\t\t\t\t<\/div>\n\t\t\t\t<\/div>\n\t\t\t\t<\/div>\n\t\t","protected":false},"excerpt":{"rendered":"<p>Sehr fl\u00fcssiges Platin-Gie\u00dfsilikon, Mischverh\u00e4ltnis 1:1, blasenfrei, ideal zur Wiedergabe feinster Details.<\/p>\n","protected":false},"featured_media":39521,"template":"","meta":[],"product_brand":[],"product_cat":[1492,1000,1720,1807],"product_tag":[971],"class_list":{"0":"post-39606","1":"product","2":"type-product","3":"status-publish","4":"has-post-thumbnail","6":"product_cat-formsilikon","7":"product_cat-neuheiten","8":"product_cat-platin-additionsvernetzendes-silikon","9":"product_cat-sonderangebote","10":"product_tag-on-sale-de","12":"first","13":"instock","14":"sale","15":"taxable","16":"shipping-taxable","17":"purchasable","18":"product-type-variable"},"_links":{"self":[{"href":"https:\/\/www.finres-sa.com\/de\/wp-json\/wp\/v2\/product\/39606","targetHints":{"allow":["GET"]}}],"collection":[{"href":"https:\/\/www.finres-sa.com\/de\/wp-json\/wp\/v2\/product"}],"about":[{"href":"https:\/\/www.finres-sa.com\/de\/wp-json\/wp\/v2\/types\/product"}],"version-history":[{"count":1,"href":"https:\/\/www.finres-sa.com\/de\/wp-json\/wp\/v2\/product\/39606\/revisions"}],"predecessor-version":[{"id":39617,"href":"https:\/\/www.finres-sa.com\/de\/wp-json\/wp\/v2\/product\/39606\/revisions\/39617"}],"wp:featuredmedia":[{"embeddable":true,"href":"https:\/\/www.finres-sa.com\/de\/wp-json\/wp\/v2\/media\/39521"}],"wp:attachment":[{"href":"https:\/\/www.finres-sa.com\/de\/wp-json\/wp\/v2\/media?parent=39606"}],"wp:term":[{"taxonomy":"product_brand","embeddable":true,"href":"https:\/\/www.finres-sa.com\/de\/wp-json\/wp\/v2\/product_brand?post=39606"},{"taxonomy":"product_cat","embeddable":true,"href":"https:\/\/www.finres-sa.com\/de\/wp-json\/wp\/v2\/product_cat?post=39606"},{"taxonomy":"product_tag","embeddable":true,"href":"https:\/\/www.finres-sa.com\/de\/wp-json\/wp\/v2\/product_tag?post=39606"}],"curies":[{"name":"wp","href":"https:\/\/api.w.org\/{rel}","templated":true}]}}