{"id":17035,"date":"2024-06-14T10:02:54","date_gmt":"2024-06-14T08:02:54","guid":{"rendered":"https:\/\/www.finres-sa.com\/product\/sandpaper-for-sanding-blocks\/"},"modified":"2026-04-24T15:58:35","modified_gmt":"2026-04-24T13:58:35","slug":"sandpaper-for-sanding-blocks","status":"publish","type":"product","link":"https:\/\/www.finres-sa.com\/en\/product\/sandpaper-for-sanding-blocks\/","title":{"rendered":"SANDPAPER for Sanding Block"},"content":{"rendered":"\t\t<div data-elementor-type=\"product-post\" data-elementor-id=\"17035\" class=\"elementor elementor-17035 elementor-17013\" data-elementor-post-type=\"product\">\n\t\t\t\t<div class=\"elementor-element elementor-element-e3534a1 e-flex e-con-boxed e-con e-parent\" data-id=\"e3534a1\" data-element_type=\"container\" data-e-type=\"container\" data-settings=\"{&quot;jet_parallax_layout_list&quot;:[],&quot;background_background&quot;:&quot;classic&quot;}\">\n\t\t\t\t\t<div class=\"e-con-inner\">\n\t\t\t\t<div class=\"elementor-element elementor-element-a3b5a10 elementor-widget elementor-widget-heading\" data-id=\"a3b5a10\" data-element_type=\"widget\" data-e-type=\"widget\" data-widget_type=\"heading.default\">\n\t\t\t\t<div class=\"elementor-widget-container\">\n\t\t\t\t\t<h2 class=\"elementor-heading-title elementor-size-xl\">Features<\/h2>\t\t\t\t<\/div>\n\t\t\t\t<\/div>\n\t\t\t\t<div class=\"elementor-element elementor-element-7a34847 elementor-widget elementor-widget-text-editor\" data-id=\"7a34847\" data-element_type=\"widget\" data-e-type=\"widget\" data-widget_type=\"text-editor.default\">\n\t\t\t\t<div class=\"elementor-widget-container\">\n\t\t\t\t\t\t\t\t\t<p style=\"margin: 0cm; margin-bottom: .0001pt;\"><span style=\"font-size: 11.0pt; font-family: 'Calibri',sans-serif;\">Dimensions :<\/span> <span style=\"font-size: 11.0pt; font-family: 'Calibri',sans-serif;\">135x71cm, \u00d8 49 mm, \u00d8 73 mm, \u00d8 104 mm<\/span><\/p><p style=\"margin: 0cm; margin-bottom: .0001pt;\"><span style=\"font-size: 11.0pt; font-family: 'Calibri',sans-serif;\">2 grits: P80 high abrasion\/ P150 smoothing<\/span><\/p><p style=\"margin: 0cm; margin-bottom: .0001pt;\"><span style=\"font-size: 11.0pt; font-family: 'Calibri',sans-serif;\">Self-gripping Velcro system for quick change of abrasives.<\/span><\/p><p style=\"margin: 0cm; margin-bottom: .0001pt;\"><span style=\"font-size: 11.0pt; font-family: 'Calibri',sans-serif;\">Compatibility: disc for velcro sanding block.<\/span><\/p><p style=\"margin: 0cm; margin-bottom: .0001pt;\"><span style=\"font-size: 11.0pt; font-family: 'Calibri',sans-serif;\">Suitable for dry and wet sanding.<\/span><\/p>\t\t\t\t\t\t\t\t<\/div>\n\t\t\t\t<\/div>\n\t\t\t\t\t<\/div>\n\t\t\t\t<\/div>\n\t\t\t\t<\/div>\n\t\t","protected":false},"excerpt":{"rendered":"<p style=\"margin: 0cm; margin-bottom: .0001pt;\"><span style=\"font-size: 11pt; font-family: Calibri, sans-serif; color: #ffffff;\">Sanding paper for sanding blocks with velcro system.  <\/span><\/p>\n","protected":false},"featured_media":26246,"template":"","meta":[],"product_brand":[],"product_cat":[1630,406,1002,658],"product_tag":[],"class_list":{"0":"post-17035","1":"product","2":"type-product","3":"status-publish","4":"has-post-thumbnail","6":"product_cat-accessories","7":"product_cat-jesmonite-en","8":"product_cat-news","9":"product_cat-tools-and-accessories","11":"first","12":"instock","13":"taxable","14":"shipping-taxable","15":"purchasable","16":"product-type-variable"},"_links":{"self":[{"href":"https:\/\/www.finres-sa.com\/en\/wp-json\/wp\/v2\/product\/17035","targetHints":{"allow":["GET"]}}],"collection":[{"href":"https:\/\/www.finres-sa.com\/en\/wp-json\/wp\/v2\/product"}],"about":[{"href":"https:\/\/www.finres-sa.com\/en\/wp-json\/wp\/v2\/types\/product"}],"version-history":[{"count":1,"href":"https:\/\/www.finres-sa.com\/en\/wp-json\/wp\/v2\/product\/17035\/revisions"}],"predecessor-version":[{"id":39248,"href":"https:\/\/www.finres-sa.com\/en\/wp-json\/wp\/v2\/product\/17035\/revisions\/39248"}],"wp:featuredmedia":[{"embeddable":true,"href":"https:\/\/www.finres-sa.com\/en\/wp-json\/wp\/v2\/media\/26246"}],"wp:attachment":[{"href":"https:\/\/www.finres-sa.com\/en\/wp-json\/wp\/v2\/media?parent=17035"}],"wp:term":[{"taxonomy":"product_brand","embeddable":true,"href":"https:\/\/www.finres-sa.com\/en\/wp-json\/wp\/v2\/product_brand?post=17035"},{"taxonomy":"product_cat","embeddable":true,"href":"https:\/\/www.finres-sa.com\/en\/wp-json\/wp\/v2\/product_cat?post=17035"},{"taxonomy":"product_tag","embeddable":true,"href":"https:\/\/www.finres-sa.com\/en\/wp-json\/wp\/v2\/product_tag?post=17035"}],"curies":[{"name":"wp","href":"https:\/\/api.w.org\/{rel}","templated":true}]}}