{"id":23711,"date":"2023-06-02T16:41:22","date_gmt":"2023-06-02T14:41:22","guid":{"rendered":"https:\/\/www.finres-sa.com\/informativa-sulla-privacy\/"},"modified":"2025-03-30T17:51:14","modified_gmt":"2025-03-30T15:51:14","slug":"informativa-sulla-privacy","status":"publish","type":"page","link":"https:\/\/www.finres-sa.com\/it\/informativa-sulla-privacy\/","title":{"rendered":"Informativa sulla privacy"},"content":{"rendered":"\t\t<div data-elementor-type=\"wp-page\" data-elementor-id=\"23711\" class=\"elementor elementor-23711 elementor-3\" data-elementor-post-type=\"page\">\n\t\t\t\t<div class=\"elementor-element elementor-element-97c3939 e-flex e-con-boxed e-con e-parent\" data-id=\"97c3939\" data-element_type=\"container\" data-e-type=\"container\" data-settings=\"{&quot;background_background&quot;:&quot;classic&quot;,&quot;jet_parallax_layout_list&quot;:[]}\">\n\t\t\t\t\t<div class=\"e-con-inner\">\n\t\t\t\t<div class=\"elementor-element elementor-element-81975c1 elementor-icon-list--layout-inline elementor-list-item-link-full_width elementor-invisible elementor-widget elementor-widget-icon-list\" data-id=\"81975c1\" data-element_type=\"widget\" data-e-type=\"widget\" data-settings=\"{&quot;_animation&quot;:&quot;fadeInLeft&quot;}\" data-widget_type=\"icon-list.default\">\n\t\t\t\t<div class=\"elementor-widget-container\">\n\t\t\t\t\t\t\t<ul class=\"elementor-icon-list-items elementor-inline-items\">\n\t\t\t\t\t\t\t<li class=\"elementor-icon-list-item elementor-inline-item\">\n\t\t\t\t\t\t\t\t\t\t\t<a href=\"#\">\n\n\t\t\t\t\t\t\t\t\t\t\t\t<span class=\"elementor-icon-list-icon\">\n\t\t\t\t\t\t\t<i aria-hidden=\"true\" class=\" icon_tags_alt\"><\/i>\t\t\t\t\t\t<\/span>\n\t\t\t\t\t\t\t\t\t\t<span class=\"elementor-icon-list-text\">Finres<\/span>\n\t\t\t\t\t\t\t\t\t\t\t<\/a>\n\t\t\t\t\t\t\t\t\t<\/li>\n\t\t\t\t\t\t<\/ul>\n\t\t\t\t\t\t<\/div>\n\t\t\t\t<\/div>\n\t\t\t\t<div class=\"elementor-element elementor-element-0ef6443 elementor-invisible elementor-widget elementor-widget-heading\" data-id=\"0ef6443\" data-element_type=\"widget\" data-e-type=\"widget\" data-settings=\"{&quot;_animation&quot;:&quot;fadeInRight&quot;}\" data-widget_type=\"heading.default\">\n\t\t\t\t<div class=\"elementor-widget-container\">\n\t\t\t\t\t<h2 class=\"elementor-heading-title elementor-size-default\">Informativa sulla privacy<\/h2>\t\t\t\t<\/div>\n\t\t\t\t<\/div>\n\t\t\t\t\t<\/div>\n\t\t\t\t<\/div>\n\t\t<div class=\"elementor-element elementor-element-61f5e974 e-flex e-con-boxed e-con e-parent\" data-id=\"61f5e974\" data-element_type=\"container\" data-e-type=\"container\" data-settings=\"{&quot;jet_parallax_layout_list&quot;:[]}\">\n\t\t\t\t\t<div class=\"e-con-inner\">\n\t\t\t\t<div class=\"elementor-element elementor-element-19ed7320 elementor-widget elementor-widget-text-editor\" data-id=\"19ed7320\" data-element_type=\"widget\" data-e-type=\"widget\" data-widget_type=\"text-editor.default\">\n\t\t\t\t<div class=\"elementor-widget-container\">\n\t\t\t\t\t\t\t\t\t<p><strong>1. SCOPO E APPLICAZIONE.<\/strong><\/p>\n<p>Tutte le vendite, le consegne e i servizi di FINRES GROUP SA sono regolati dai presenti termini e condizioni generali, che il cliente dichiara espressamente di conoscere e accettare. Esse costituiscono parte integrante dell&#8217;offerta di FINRES GROUP SA e del contratto con il cliente. I termini e le condizioni generali del cliente possono essere invocati nei confronti di FINRES GROUP SA solo se questi li ha precedentemente accettati per iscritto. Qualsiasi deroga alle presenti condizioni generali di contratto deve essere scritta e firmata da FINRES GROUP SA. In caso contrario, tali deroghe non saranno opponibili a FINRES GROUP SA.    <\/p>\n<p><strong>2. PREZZO.<\/strong><\/p>\n<p>I prezzi dei beni e dei servizi venduti da FINRES GROUP SA sono indicati in euro, comprensivi di tutte le imposte (per i consumatori) ed esclusivi di IVA (per i clienti commerciali). Ove applicabile, i costi di consegna sono indicati separatamente, a seconda della scelta effettuata. <\/p>\n<p><strong>3. OFFERTE<\/strong><\/p>\n<p>(per i clienti commerciali). Le offerte di FINRES GROUP SA sono fatte senza impegno. FINRES GROUP SA pu\u00f2 essere considerata vincolata solo se ha accettato l&#8217;ordine per iscritto e se \u00e8 stato versato l&#8217;acconto (se applicabile) richiesto. In ogni caso, i prezzi contenuti nell&#8217;offerta non saranno pi\u00f9 validi se l&#8217;offerta non \u00e8 stata accettata dal cliente entro sette giorni dalla data indicata nell&#8217;offerta.<br>Le offerte di prodotti di FINRES GROUP SA sono valide fino ad esaurimento scorte o in base alla disponibilit\u00e0 del fornitore o del produttore. In caso di indisponibilit\u00e0 dei prodotti dopo l&#8217;inoltro dell&#8217;ordine da parte del cliente, FINRES GROUP SA informer\u00e0 il cliente nel pi\u00f9 breve tempo possibile, senza essere ritenuta responsabile a tale riguardo n\u00e9 essere tenuta a pagare alcun risarcimento.<br>Un aumento dei prezzi delle materie prime o di eventuali stipendi che si verifichino tra l&#8217;ordine e la sua esecuzione pu\u00f2 dare luogo a un riadeguamento dei prezzi indicati nell&#8217;offerta. Ove applicabile, i prezzi saranno rivisti in base alla formula di revisione dei prezzi riportata di seguito.<br>P = PO (0,2 + 0,4 s\/S + 0,4 i\/I)<br>P = prezzo base della fattura<br>PO = prezzo rivisto<br>s = salario dell&#8217;operaio specializzato basato sull&#8217;indice di Agoria al momento della fatturazione<br>S = salario dell&#8217;operaio specializzato basato sull&#8217;indice di Agoria al momento dell&#8217;esecuzione<br>i = prezzo di riferimento dei materiali al momento della consegna<br>I = prezzo dei materiali al momento dell&#8217;offerta<br>Le revisioni negative non possono essere prese in considerazione.     <\/p>\n<p><strong>4. MODIFICA.<\/strong><\/p>\n<p>FINRES GROUP SA deve essere informata per iscritto di eventuali modifiche che si verifichino dopo l&#8217;accettazione dell&#8217;ordine, al pi\u00f9 tardi entro sette giorni dall&#8217;ordine stesso, fermo restando che FINRES GROUP SA si riserva il diritto, in questo caso, di accettare o rifiutare tali modifiche e, se del caso, di modificare di conseguenza la propria offerta sulla base dei prezzi abituali. Il cliente dovr\u00e0 quindi confermare la nuova offerta entro il periodo di validit\u00e0 indicato nell&#8217;offerta stessa. <\/p>\n<p><strong>5. ANNUALIT\u00c0 (applicabile ai clienti professionali).<\/strong><\/p>\n<p>L&#8217;annullamento dell&#8217;ordine da parte del cliente deve essere effettuato tramite e-mail e raccomandata. In caso di annullamento dell&#8217;ordine da parte del cliente meno di venti giorni prima della consegna della merce e\/o dei servizi, il cliente \u00e8 tenuto a risarcire FINRES GROUP SA fino a un importo fisso del 50% del prezzo del contratto, oltre a rimborsare FINRES GROUP SA per tutti i costi sostenuti fino alla data dell&#8217;annullamento. <\/p>\n<p><strong>6. DIRITTO DI RECESSO (applicabile ai consumatori).<\/strong><\/p>\n<p>Se il cliente \u00e8 un consumatore che acquista beni o servizi da FINRES GROUP SA a distanza (via fax, e-mail, posta, ecc.), ha il diritto di comunicare a FINRES GROUP SA il proprio recesso dall&#8217;acquisto, gratuitamente e senza indicarne il motivo, entro 14 giorni di calendario dal giorno successivo alla consegna dei beni o alla conclusione del contratto di servizio.<br>I rimborsi saranno effettuati entro 30 giorni dal ricevimento della richiesta di recesso. I rimborsi saranno effettuati tramite bonifico sul conto bancario del cliente o tramite accredito sulla carta di credito del cliente.<br>I consumatori non hanno diritto di recesso nei casi stabiliti dalla legge, tra cui quando i beni sono fabbricati secondo le specifiche del consumatore o quando l&#8217;esecuzione del contratto di servizio \u00e8 iniziata prima della fine del periodo di recesso. <\/p>\n<p><strong>7. TEMPI DI CONSEGNA DEL PRODOTTO.<\/strong><\/p>\n<p>FINRES GROUP SA si impegna a fare il possibile per rispettare le scadenze annunciate al cliente per la consegna dei prodotti. Tuttavia, se non diversamente indicato, tali scadenze sono indicative e non costituiscono pertanto un impegno fermo da parte di FINRES GROUP SA. Di conseguenza, il cliente riconosce di non poter annullare l&#8217;ordine o rifiutare di accettare o pagare i prodotti o i servizi, n\u00e9 di poter richiedere alcun risarcimento in caso di ritardo nella consegna dei prodotti o dei servizi oggetto dell&#8217;ordine.  <\/p>\n<p><strong>8. CONSEGNA.<\/strong><\/p>\n<p>Le merci di FINRES GROUP SA sono consegnate EX-WORKS. Se vengono consegnati al di fuori dei locali della FINRES GROUP SA, si considerano accettati e ricevuti l\u00ec. La merce di FINRES GROUP SA \u00e8 sempre trasportata a rischio del cliente. Il trasferimento dei rischi relativi alla merce avviene nel momento in cui la merce viene resa disponibile presso le strutture di FINRES GROUP SA. A questo proposito, il cliente riconosce di essere informato della pericolosit\u00e0 di alcune merci.<br>Tutte le merci sono consegnate in conformit\u00e0 alle specifiche di fabbricazione e sotto garanzia di fabbricazione secondo le dimensioni, gli standard e le tolleranze valide in generale.<br>In assenza di una segnalazione contraddittoria entro 24 ore dal ricevimento della merce da parte del cliente, le bolle di consegna e\/o i documenti di trasporto di FINRES GROUP SA faranno fede tra le parti.    <\/p>\n<p><strong>9. RESTITUZIONE DELLA MERCE.<\/strong><\/p>\n<p>La merce pu\u00f2 essere ritirata solo se FINRES GROUP SA ha espressamente acconsentito per iscritto in anticipo. Se del caso, vengono ritirati alle condizioni stabilite da FINRES GROUP SA. Saranno presi in considerazione solo i beni non danneggiati, nella loro confezione originale e che sono stati utilizzati per almeno il 50% del periodo indicato. La merce restituita sar\u00e0 consegnata in porto franco al magazzino di FINRES GROUP SA dal cliente. Il trasporto \u00e8 a rischio dell&#8217;acquirente.    <\/p>\n<p><strong>10. GARANZIA.<\/strong><\/p>\n<p>I prodotti FINRES GROUP SA sono garantiti contro i difetti di materiali e lavorazione per un periodo di 3 mesi dalla data di consegna. La garanzia non si estende ai difetti o ai danni derivanti direttamente o indirettamente da un uso scorretto, da un immagazzinamento improprio, da un incidente verificatosi durante l&#8217;installazione, dall&#8217;uso di una forza insolita, da incidenti dovuti a negligenza, mancanza di supervisione o manutenzione o da qualsiasi altro comportamento non conforme alle istruzioni comunicate da FINRES GROUP SA. Non \u00e8 possibile richiedere alcun risarcimento economico a titolo di danni per qualsiasi motivo. In caso di difetto della merce consegnata da FINRES GROUP SA, la sua responsabilit\u00e0 \u00e8 limitata, in tutti i casi, alla sostituzione della merce consegnata.<br>Se FINRES GROUP SA non \u00e8 il produttore del prodotto venduto, l&#8217;acquirente beneficia anche della garanzia del produttore della merce, valida dalla data di consegna. Le condizioni che regolano questa garanzia saranno comunicate all&#8217;acquirente al momento della consegna.<br>Il periodo di garanzia e le condizioni relative alle applicazioni in loco sono specifiche per ogni applicazione e sono quindi indicate nell&#8217;offerta di FINRES GROUP SA.    <\/p>\n<p><strong>11. APPLICAZIONE IN LOCO.<\/strong><\/p>\n<p>Se i prodotti sono stati acquistati e consegnati prima dell&#8217;esecuzione dei lavori, il cliente garantisce che i prodotti sono stati conservati secondo le istruzioni contenute nella scheda prodotto inviata al cliente con l&#8217;offerta di FINRES GROUP SA.<br>Il cliente garantisce che il sito in cui FINRES GROUP SA deve lavorare \u00e8 stato preparato, \u00e8 normalmente accessibile e percorribile e soddisfa tutti gli standard di sicurezza applicabili. Il sito deve essere libero da edifici e\/o ostacoli. Il Cliente garantisce inoltre che le attrezzature necessarie, come elettricit\u00e0, acqua e aria compressa, siano disponibili sul luogo dei lavori a una distanza massima di 20 metri. Il costo di tali attrezzature e il loro utilizzo sono a carico del Cliente. Qualsiasi ritardo o danno derivante da ci\u00f2 \u00e8 di esclusiva responsabilit\u00e0 del cliente.<br>Il cliente riconosce che le condizioni climatiche, atmosferiche o meteorologiche sono fattori essenziali nel determinare la data di esecuzione dei lavori. FINRES GROUP SA e il cliente definiranno pertanto congiuntamente le date di esecuzione dei lavori, tenendo conto dei prodotti da applicare e dei potenziali fattori di influenza. Le suddette condizioni possono anche obbligare FINRES GROUP SA a sospendere i lavori in corso. In tal caso, le parti stabiliranno insieme la data in cui il lavoro potr\u00e0 essere ripreso, tenendo conto dei fattori di influenza di cui sopra. FINRES GROUP SA non pu\u00f2 essere ritenuta responsabile in caso di sospensione dei lavori a causa di condizioni climatiche, atmosferiche o meteorologiche. FINRES GROUP SA non sar\u00e0 in alcun caso tenuta a risarcire il cliente per tale sospensione.<br>Qualsiasi richiesta di modifica da parte del cliente nel corso del lavoro deve essere inviata per iscritto a FINRES GROUP SA, che si riserva il diritto di accettare di eseguire il lavoro aggiuntivo richiesto. Se del caso, il prezzo e il termine di consegna del lavoro aggiuntivo saranno stabiliti di comune accordo tra le parti e saranno oggetto di un accordo scritto tra le parti.          <\/p>\n<p><strong>12. RICEVIMENTO.<\/strong><\/p>\n<p>L&#8217;opera sar\u00e0 accettata dalla controparte non appena completata, nonostante le piccole imperfezioni che possono essere riparate entro un periodo di tempo ragionevole. Nel caso in cui la controparte non si presenti o non sia validamente rappresentata a tale accettazione, la cui data sar\u00e0 stata comunicata in anticipo da FINRES GROUP SA, l&#8217;accettazione sar\u00e0 considerata come ottenuta.<br>L&#8217;accettazione implica l&#8217;approvazione da parte del cliente del lavoro consegnatogli ed esclude qualsiasi ricorso da parte sua per difetti apparenti. <\/p>\n<p><strong>13. PASSIVO.<\/strong><\/p>\n<p>Il cliente si assume la piena responsabilit\u00e0 della scelta dei prodotti acquistati da FINRES GROUP SA. FINRES GROUP SA non pu\u00f2 essere ritenuta responsabile sulla base di qualsiasi consiglio che possa aver dato al cliente in merito alla scelta dei prodotti sulla base delle informazioni comunicate dal cliente. <br>Inoltre, nei limiti previsti dalla legge, FINRES GROUP SA non sar\u00e0 in alcun caso responsabile per qualsiasi danno, e in particolare per qualsiasi danno diretto, indiretto, incidentale, speciale o consequenziale causato al cliente e che non derivi direttamente e interamente dall&#8217;inadempimento da parte di FINRES GROUP SA di uno dei suoi obblighi contrattuali essenziali.<br>In ogni caso, ad eccezione del caso di frode o di qualsiasi altro caso che escluda una limitazione di responsabilit\u00e0 da parte di FINRES GROUP SA, nel caso in cui FINRES GROUP SA sia ritenuta responsabile, l&#8217;importo dei danni che possono essere dovuti al cliente non pu\u00f2 superare l&#8217;importo delle somme gi\u00e0 pagate dal cliente a FINRES GROUP SA in esecuzione del contratto o, se del caso, le somme che FINRES SA deve ricevere dalla sua assicurazione, per quanto riguarda la responsabilit\u00e0 del prodotto.<br>FINRES GROUP SA non sar\u00e0 mai responsabile delle conseguenze che possono derivare da un uso o da un&#8217;installazione dei prodotti da essa forniti non conforme alle regole del commercio, alle avvertenze tecniche, alle istruzioni e\/o alle raccomandazioni di FINRES GROUP SA o del produttore.<\/p>\n<p><strong>14. RECLAMI.<\/strong><\/p>\n<p>Per essere valido, qualsiasi reclamo deve pervenire a FINRES GROUP SA tramite lettera raccomandata entro 48 ore dalla consegna (fa fede il timbro postale), altrimenti si riterr\u00e0 che l&#8217;acquirente abbia accettato la merce o i servizi consegnati senza riserve.<br>Qualsiasi fattura contro la quale non sia stata presentata una lettera di protesta entro 10 giorni si riterr\u00e0 accettata. Le spedizioni per le quali il modulo d&#8217;ordine o la lettera di vettura sono stati firmati al momento del ricevimento della merce si considerano consegnate in conformit\u00e0 all&#8217;ordine del cliente. <\/p>\n<p><strong>15. PAGAMENTI.<\/strong><\/p>\n<p>Le fatture di FINRES GROUP NV sono pagabili in Kraainem, in contanti e alla data di scadenza stabilita. Se non diversamente specificato per iscritto da FINRES GROUP SA, tale data di scadenza sar\u00e0 in contanti. L&#8217;invio della fattura serve come convocazione per il pagamento dell&#8217;importo. Gli agenti di FINRES GROUP SA non sono autorizzati a riscuotere gli importi dovuti, a meno che non siano in possesso di una ricevuta debitamente firmata da FINRES GROUP SA. Si conviene espressamente che in caso di mancato pagamento in contanti o alla data di scadenza stabilita, le detrazioni eventualmente concesse saranno, a discrezione di FINRES GROUP SA, annullate e gli interessi di mora del 5% al mese, a partire dalla data di scadenza della fattura, saranno addebitati all&#8217;acquirente e aggiunti all&#8217;importo dovuto, senza che sia necessario un ulteriore avviso di mora. Ogni frazione di mese sar\u00e0 conteggiata come un mese intero. Si conviene inoltre irrevocabilmente che un semplice ritardo nel pagamento obbliga automaticamente il cliente a pagare un indennizzo pari al 10% dell&#8217;importo principale con un minimo di 125\u20ac, a titolo di risarcimento dei danni subiti da FINRES GROUP SA a causa del mancato adempimento dell&#8217;obbligazione principale (artt. 1150-1152 e 1129 del Codice Civile).      <\/p>\n<p><strong>16. RISERVA DI PROPRIET\u00c0.<\/strong><\/p>\n<p>Il trasferimento di propriet\u00e0 dei beni consegnati da FINRES GROUP SA \u00e8 sospeso fino al completo pagamento del prezzo. Per quanto riguarda il pagamento delle fatture di FINRES GROUP SA, il cliente non ha diritto a ricorrere alla compensazione o a qualsiasi altra eccezione per la sospensione del pagamento, come ad esempio l&#8217;eccezione per l&#8217;inadempimento di un obbligo. Al fine di garantire il pagamento delle fatture di FINRES GROUP SA, il cliente cede a FINRES GROUP SA, ove applicabile, tutti i crediti presenti e futuri, in particolare il credito del cliente nei confronti del proprio acquirente, senza tuttavia che tale cessione sia limitata a questo caso. Tutti i beni consegnati che sono oggetto del contratto rimarranno di propriet\u00e0 inalienabile di FINRES GROUP SA e non potranno essere gravati o ceduti in alcun modo, se non diversamente concordato.   <\/p>\n<p><strong>17. FORZA MAGGIORE.<\/strong><\/p>\n<p>In caso di forza maggiore, per cui si intendono scioperi, interruzioni del processo di produzione, mancata o ritardata consegna delle materie prime necessarie per la produzione e il trasporto della merce ordinata, condizioni climatiche, atmosferiche o meteorologiche o altre circostanze che, di conseguenza, impediscono a FINRES GROUP SA di adempiere ai propri obblighi per un periodo di tempo breve o lungo, FINRES GROUP SA ha il diritto, a sua discrezione, di prolungare il periodo di consegna per la durata della situazione di forza maggiore o di risolvere il contratto, nella misura in cui non \u00e8 ancora stato attuato.<\/p>\n<p><strong>18.TRATTAMENTO DEI DATI PERSONALI.<\/strong><\/p>\n<p>I dati personali comunicati a FINRES GROUP SA in relazione all&#8217;ordine saranno trattati in conformit\u00e0 alla legge applicabile dell&#8217;8 dicembre 1992 sulla protezione della privacy in relazione al trattamento dei dati personali. FINRES GROUP SA utilizzer\u00e0 i dati personali del cliente per l&#8217;esecuzione del contratto e per tenerlo informato sui suoi prodotti e servizi. Il cliente ha il diritto di consultare i propri dati personali in qualsiasi momento e di cancellarli o modificarli se non sono corretti.  <\/p>\n<p><strong>19. AUTONOMIA DELLE CLAUSOLE.<\/strong><\/p>\n<p>La nullit\u00e0, l&#8217;invalidit\u00e0 o la non vincolativit\u00e0, totale o parziale, di una disposizione delle presenti Condizioni Generali o di una clausola o parte di essa non comporter\u00e0 la nullit\u00e0, l&#8217;invalidit\u00e0 o la non vincolativit\u00e0 delle altre disposizioni, clausole o parti di clausole, n\u00e9 pregiudicher\u00e0 la validit\u00e0 e la vincolativit\u00e0 delle Condizioni Generali nella loro interezza.<\/p>\n<p><strong>20. RINUNCIA.<\/strong><\/p>\n<p>Il fatto che FINRES GROUP SA non si avvalga, in un momento o in un altro, di una delle disposizioni delle presenti condizioni generali non pu\u00f2 essere interpretato come una rinuncia da parte di FINRES GROUP SA al diritto di avvalersi di tale disposizione in un momento successivo.<\/p>\n<p><strong>21. DISPUTE.<\/strong><\/p>\n<p>I presenti termini e condizioni generali di contratto sono disciplinati dalla legge belga. In caso di controversia, saranno competenti esclusivamente i tribunali di Bruxelles, fatto salvo il diritto del consumatore di adire il tribunale del proprio distretto. <\/p>\t\t\t\t\t\t\t\t<\/div>\n\t\t\t\t<\/div>\n\t\t\t\t\t<\/div>\n\t\t\t\t<\/div>\n\t\t\t\t<\/div>\n\t\t","protected":false},"excerpt":{"rendered":"<p>Finres 1. SCOPO E APPLICAZIONE. Tutte le vendite, le consegne e i servizi di FINRES GROUP SA sono regolati dai presenti termini e condizioni generali, che il cliente dichiara espressamente di conoscere e accettare. Esse costituiscono parte integrante dell&#8217;offerta di FINRES GROUP SA e del contratto con il cliente. I termini e le condizioni generali [&hellip;]<\/p>\n","protected":false},"author":1,"featured_media":0,"parent":0,"menu_order":0,"comment_status":"closed","ping_status":"open","template":"","meta":{"footnotes":""},"class_list":["post-23711","page","type-page","status-publish","hentry"],"_links":{"self":[{"href":"https:\/\/www.finres-sa.com\/it\/wp-json\/wp\/v2\/pages\/23711","targetHints":{"allow":["GET"]}}],"collection":[{"href":"https:\/\/www.finres-sa.com\/it\/wp-json\/wp\/v2\/pages"}],"about":[{"href":"https:\/\/www.finres-sa.com\/it\/wp-json\/wp\/v2\/types\/page"}],"author":[{"embeddable":true,"href":"https:\/\/www.finres-sa.com\/it\/wp-json\/wp\/v2\/users\/1"}],"replies":[{"embeddable":true,"href":"https:\/\/www.finres-sa.com\/it\/wp-json\/wp\/v2\/comments?post=23711"}],"version-history":[{"count":0,"href":"https:\/\/www.finres-sa.com\/it\/wp-json\/wp\/v2\/pages\/23711\/revisions"}],"wp:attachment":[{"href":"https:\/\/www.finres-sa.com\/it\/wp-json\/wp\/v2\/media?parent=23711"}],"curies":[{"name":"wp","href":"https:\/\/api.w.org\/{rel}","templated":true}]}}