{"id":33357,"date":"2025-10-08T09:37:52","date_gmt":"2025-10-08T07:37:52","guid":{"rendered":"https:\/\/www.finres-sa.com\/informativa-sulla-privacy-2\/"},"modified":"2025-12-12T09:46:36","modified_gmt":"2025-12-12T08:46:36","slug":"informativa-sulla-privacy-2","status":"publish","type":"page","link":"https:\/\/www.finres-sa.com\/it\/informativa-sulla-privacy-2\/","title":{"rendered":"Informativa sulla privacy"},"content":{"rendered":"\t\t<div data-elementor-type=\"wp-page\" data-elementor-id=\"33357\" class=\"elementor elementor-33357 elementor-31636\" data-elementor-post-type=\"page\">\n\t\t\t\t<div class=\"elementor-element elementor-element-2d1278d e-flex e-con-boxed e-con e-parent\" data-id=\"2d1278d\" data-element_type=\"container\" data-e-type=\"container\" data-settings=\"{&quot;background_background&quot;:&quot;classic&quot;,&quot;jet_parallax_layout_list&quot;:[]}\">\n\t\t\t\t\t<div class=\"e-con-inner\">\n\t\t\t\t<div class=\"elementor-element elementor-element-cca6977 elementor-icon-list--layout-inline elementor-list-item-link-full_width elementor-invisible elementor-widget elementor-widget-icon-list\" data-id=\"cca6977\" data-element_type=\"widget\" data-e-type=\"widget\" data-settings=\"{&quot;_animation&quot;:&quot;fadeInLeft&quot;}\" data-widget_type=\"icon-list.default\">\n\t\t\t\t<div class=\"elementor-widget-container\">\n\t\t\t\t\t\t\t<ul class=\"elementor-icon-list-items elementor-inline-items\">\n\t\t\t\t\t\t\t<li class=\"elementor-icon-list-item elementor-inline-item\">\n\t\t\t\t\t\t\t\t\t\t\t<a href=\"#\">\n\n\t\t\t\t\t\t\t\t\t\t\t\t<span class=\"elementor-icon-list-icon\">\n\t\t\t\t\t\t\t<i aria-hidden=\"true\" class=\" icon_tags_alt\"><\/i>\t\t\t\t\t\t<\/span>\n\t\t\t\t\t\t\t\t\t\t<span class=\"elementor-icon-list-text\">Finres<\/span>\n\t\t\t\t\t\t\t\t\t\t\t<\/a>\n\t\t\t\t\t\t\t\t\t<\/li>\n\t\t\t\t\t\t<\/ul>\n\t\t\t\t\t\t<\/div>\n\t\t\t\t<\/div>\n\t\t\t\t<div class=\"elementor-element elementor-element-1a2bddf elementor-invisible elementor-widget elementor-widget-heading\" data-id=\"1a2bddf\" data-element_type=\"widget\" data-e-type=\"widget\" data-settings=\"{&quot;_animation&quot;:&quot;fadeInRight&quot;}\" data-widget_type=\"heading.default\">\n\t\t\t\t<div class=\"elementor-widget-container\">\n\t\t\t\t\t<h2 class=\"elementor-heading-title elementor-size-default\">Informativa sulla privacy<\/h2>\t\t\t\t<\/div>\n\t\t\t\t<\/div>\n\t\t\t\t\t<\/div>\n\t\t\t\t<\/div>\n\t\t<div class=\"elementor-element elementor-element-d76d83c e-flex e-con-boxed e-con e-parent\" data-id=\"d76d83c\" data-element_type=\"container\" data-e-type=\"container\" data-settings=\"{&quot;jet_parallax_layout_list&quot;:[]}\">\n\t\t\t\t\t<div class=\"e-con-inner\">\n\t\t\t\t<div class=\"elementor-element elementor-element-7c2c9c9 elementor-widget elementor-widget-text-editor\" data-id=\"7c2c9c9\" data-element_type=\"widget\" data-e-type=\"widget\" id=\"policy\" data-widget_type=\"text-editor.default\">\n\t\t\t\t<div class=\"elementor-widget-container\">\n\t\t\t\t\t\t\t\t\t<header><div class=\"header-wrapper\"><div><em>Data di entrata in vigore: 08-ottobre-2025<\/em><\/div><div><em>Aggiornato il: 08-ottobre-2025<\/em><\/div><div> <\/div><\/div><\/header><section><div class=\"section-wrapper\"><p>La presente informativa sulla privacy illustra le regole di https:\/\/www.finres-sa.com\/ in merito alla raccolta, all&#8217;uso, alla divulgazione e alla protezione dei dati personali che raccogliamo quando l&#8217;utente accede a https:\/\/www.finres-sa.com\/ (il &#8220;Servizio&#8221;).<\/p><p>La presente informativa sulla privacy illustra e descrive i diritti dell&#8217;utente in materia di privacy e le modalit\u00e0 di tutela previste dalle leggi vigenti in materia di protezione dei dati.<\/p><\/div><\/section><section><div class=\"section-wrapper\"><p>Utilizzando il nostro Servizio, acconsenti alla raccolta e all&#8217;utilizzo dei tuoi dati personali in conformit\u00e0 con la presente Informativa sulla privacy. Ti invitiamo a non accedere o utilizzare il nostro Servizio se non acconsenti alla raccolta e all&#8217;utilizzo dei tuoi dati come descritto nella presente Informativa sulla privacy. <\/p><p>Questa politica di riservatezza \u00e8 stata creata con l&#8217;aiuto del <a href=\"https:\/\/cookie-script.com\/privacy-policy-generator\" target=\"_blank\" rel=\"noopener\">generatore di politiche di riservatezza CookieScript<\/a>.<\/p><\/div><\/section><section><div class=\"section-wrapper\"><h2>Quali informazioni raccogliamo, per quali scopi e su quale base giuridica?<\/h2><p>Le definizioni delle basi legali utilizzate di seguito sono le seguenti:<\/p><ul><li><b>Interesse legittimo:<\/b> interesse della Societ\u00e0 o di una terza parte, a condizione che non prevalgano i tuoi interessi o i tuoi diritti e libert\u00e0 fondamentali e che l&#8217;uso dei tuoi dati sia equilibrato rispetto ai tuoi diritti e libert\u00e0.<\/li><li><b>Esecuzione del contratto: il<\/b> trattamento dei tuoi dati personali <b>\u00e8<\/b> necessario per l&#8217;esecuzione di un contratto di cui sei parte o per adottare misure precontrattuali prima della stipula di tale contratto.<\/li><li><b>Obblighi legali: il<\/b> trattamento dei tuoi dati personali \u00e8 necessario per adempiere a un obbligo legale o regolamentare a cui siamo soggetti.<\/li><li><b>Consenso: una<\/b> manifestazione di volont\u00e0 libera, specifica, informata e inequivocabile con la quale esprimi il tuo consenso, mediante una dichiarazione o un chiaro atto positivo, al trattamento dei tuoi dati personali. Possiamo richiedere il tuo consenso quando non abbiamo altre basi legali per il trattamento dei tuoi dati. <\/li><\/ul><\/div><\/section><section><div class=\"section-wrapper\"><h3>Dati di utilizzo.<\/h3><p><b>Cosa raccogliamo:<\/b> informazioni sulle modalit\u00e0 di interazione degli utenti con il nostro sito web o la nostra applicazione, comprese le pagine visitate, il tempo trascorso sulle pagine, i percorsi dei clic e i dettagli del browser.<\/p><p><b>Obiettivo:<\/b> analizzare il comportamento degli utenti, ottimizzare le prestazioni e migliorare l&#8217;esperienza dell&#8217;utente.<\/p><p><b>Durata di conservazione:<\/b> 365 giorni<\/p><p><b>Base giuridica:<\/b> Consenso<\/p><\/div><\/section><section><div class=\"section-wrapper\"><h3>Dettagli di contatto.<\/h3><p><b>Cosa raccogliamo:<\/b><br>Indirizzo personale, Indirizzo commerciale, Indirizzo postale<br><b>Scopo:<\/b> fornire un servizio preciso e facilitare le comunicazioni relative all&#8217;account.<\/p><p><b>Durata di conservazione:<\/b> 720 giorni<\/p><p><b>Base giuridica:<\/b> Obbligo legale<\/p><\/div><\/section><section><div class=\"section-wrapper\"><h3>Accesso online e informazioni sul dispositivo.<\/h3><p><b>Cosa raccogliamo:<\/b><br>Indirizzo IP, Identificatori del dispositivo (ad es. indirizzo MAC, IMEI), Tipo e versione del browser, Sistema operativo<br><b>Scopo:<\/b> proteggere la nostra piattaforma, ottimizzare le prestazioni e comprendere l&#8217;utilizzo tecnico.<\/p><p><b>Durata di conservazione:<\/b> 365 giorni<\/p><p><b>Base giuridica:<\/b> Consenso<\/p><\/div><\/section><section><div class=\"section-wrapper\"><h3>Dati di comunicazione.<\/h3><p><b>Cosa raccogliamo:<\/b><br>Messaggi o richieste di assistenza clienti<br><b>Scopo:<\/b> fornire assistenza ai clienti e tenere un registro degli scambi.<\/p><p><b>Durata di conservazione:<\/b> 720 giorni<\/p><p><b>Base giuridica:<\/b> Interessi legittimi<\/p><\/div><\/section><section><div class=\"section-wrapper\"><h3>Consensi e documenti legali.<\/h3><p><b>Cosa raccogliamo:<\/b><br>Moduli di consenso<br><b>Finalit\u00e0:<\/b> soddisfare gli obblighi legali e normativi.<\/p><p><b>Durata di conservazione:<\/b> 365 giorni<\/p><p><b>Base giuridica:<\/b> Consenso<\/p><\/div><\/section><section><div class=\"section-wrapper\"><h2>Come otteniamo i tuoi dati personali.<\/h2><\/div><\/section><section><div class=\"section-wrapper\"><h3>Raccogliamo le informazioni che ci fornisci direttamente quando :<\/h3><ul><li>Compila un modulo<\/li><li>Utilizza i nostri servizi<\/li><li>Contattaci<\/li><\/ul><\/div><\/section><section><div class=\"section-wrapper\"><h3>Obbligo di fornire i dati personali :<\/h3><p>In alcuni casi, il conferimento dei dati personali \u00e8 un requisito legale o contrattuale, oppure \u00e8 necessario per concludere un contratto.<\/p><\/div><\/section><section><div class=\"section-wrapper\"><p>Non trasferiamo i dati personali a paesi terzi al di fuori dello Spazio Economico Europeo (SEE).<\/p><\/div><\/section><section><div class=\"section-wrapper\"><h2>Diritti delle persone interessate.<\/h2><\/div><\/section><section><div class=\"section-wrapper\"><h3>Hai i seguenti diritti relativi ai tuoi dati personali:<\/h3><ul><li><b>Diritto di accesso:<\/b> puoi richiedere una copia dei dati personali in nostro possesso.<\/li><li><b>Diritto di rettifica:<\/b> puoi chiederci di correggere qualsiasi informazione inaccurata o incompleta.<\/li><li><b>Diritto alla cancellazione (diritto all&#8217;oblio):<\/b> a determinate condizioni, puoi richiedere la cancellazione dei tuoi dati personali.<\/li><li><b>Diritto di limitare il trattamento:<\/b> puoi richiedere che il trattamento dei tuoi dati personali sia limitato in circostanze specifiche.<\/li><li><b>Diritto alla portabilit\u00e0 dei dati:<\/b> hai il diritto di ricevere i tuoi dati personali in un formato strutturato, comunemente utilizzato e leggibile da una macchina, e di trasferirli a un altro titolare del trattamento.<\/li><li><b>Diritto di opposizione:<\/b> in alcuni casi, puoi opporti al trattamento dei tuoi dati personali.<\/li><li><b>Diritto all&#8217;informazione:<\/b> hai il diritto di ricevere informazioni chiare, trasparenti e facilmente comprensibili su come trattiamo i tuoi dati personali.<\/li><\/ul><\/div><\/section><section><div class=\"section-wrapper\"><h3>Ritiro del consenso :<\/h3><p>Ai sensi dell&#8217;articolo 13, paragrafo 2, lettera c) del GDPR, hai il diritto di revocare il consenso al trattamento dei tuoi dati personali in qualsiasi momento. In qualit\u00e0 di visitatore di questo sito web, puoi facilmente modificare o revocare il tuo consenso direttamente tramite il banner di consenso presente sul sito web. Se lo desideri, puoi anche contattare il gestore del sito web utilizzando i dettagli di contatto forniti in questa informativa sulla privacy. Ti ricordiamo che la revoca del consenso non pregiudica la liceit\u00e0 di qualsiasi trattamento effettuato prima della revoca.   <\/p><p>Per esercitare questi diritti, contattaci all&#8217;indirizzo info@finres-sa.com.<\/p><p>Eserciteremo i tuoi diritti solo dopo aver ricevuto la tua richiesta scritta di esercitare un particolare diritto indicato di seguito e solo dopo aver confermato la validit\u00e0 della tua identit\u00e0.<\/p><p>Le tue richieste saranno soddisfatte, o il rifiuto di soddisfare le tue richieste sar\u00e0 notificato, specificando i motivi del rifiuto, entro un mese dalla data di presentazione della richiesta in conformit\u00e0 alle nostre regole interne e al GDPR. Questo periodo pu\u00f2 essere prorogato di altri due mesi se la richiesta riguarda un grande volume di dati personali o altre richieste che vengono esaminate contemporaneamente. Ti informeremo di tale proroga entro un mese dal ricevimento della richiesta, indicandoti i motivi del ritardo. Ti verr\u00e0 fornita una risposta nella forma da te scelta.   <\/p><p>Possiamo rifiutarci di soddisfare la tua richiesta se si applicano le eccezioni e\/o le limitazioni all&#8217;esercizio dei diritti degli interessati stabilite dal GDPR, e\/o se la tua richiesta \u00e8 manifestamente infondata o sproporzionata. Se rifiutiamo di soddisfare la tua richiesta, ti informeremo per iscritto dei motivi del nostro rifiuto. <\/p><\/div><\/section><section><div class=\"section-wrapper\"><h2>Diritto di presentare un reclamo a un&#8217;autorit\u00e0 di vigilanza<\/h2><p>Hai il diritto di presentare un reclamo all&#8217;autorit\u00e0 di controllo competente se ritieni che il trattamento dei tuoi dati personali violi i tuoi diritti e i tuoi legittimi interessi come previsto dalla normativa vigente. Puoi presentare il tuo reclamo secondo le procedure stabilite dall&#8217;Autorit\u00e0 per la protezione dei dati personali \/ Gegevensbeschermingsautoriteit del Regno del Belgio, disponibili al seguente indirizzo: https: <a href=\"https:\/\/www.autoriteprotectiondonnees.be\/citoyen\/l-autorite\/autres-autorites\" target=\"_blank\" rel=\"noopener\">\/\/www.autoriteprotectiondonnees.be\/citoyen\/l-autorite\/autres-autorites.<\/a> <\/p><p>Tieni presente che, sebbene nessun sistema tecnologico sia completamente sicuro, dobbiamo implementare misure di sicurezza adeguate per ridurre al minimo il rischio di accesso non autorizzato o di uso improprio dei tuoi dati personali.<\/p><\/div><\/section><section><div class=\"section-wrapper\"><h2>Sicurezza<\/h2><p>Tieni presente che, sebbene nessun sistema tecnologico sia completamente sicuro, dobbiamo implementare misure di sicurezza adeguate per ridurre al minimo il rischio di accesso non autorizzato o di uso improprio dei tuoi dati personali.<\/p><ul><li>Noi e i nostri fornitori di servizi terzi che potrebbero essere coinvolti nel trattamento dei dati personali per nostro conto (per gli scopi indicati di seguito) siamo contrattualmente tenuti a rispettare la riservatezza dei dati personali.<\/li><li>Implementiamo pratiche e procedure di sicurezza ragionevoli per proteggere la riservatezza e la sicurezza delle tue informazioni, incluse le informazioni personali non pubbliche. Proteggiamo le tue informazioni utilizzando ragionevoli misure fisiche, tecniche e amministrative, tra cui limitare l&#8217;accesso alle tue informazioni ai dipendenti che ne hanno bisogno. <\/li><\/ul><\/div><\/section><section><div class=\"section-wrapper\"><h2>Modifiche a questa politica<\/h2><p>La presente informativa sulla privacy viene regolarmente rivista e ci riserviamo il diritto di modificarla in qualsiasi momento in conformit\u00e0 con le leggi e le normative vigenti. Eventuali modifiche entreranno in vigore immediatamente dopo la pubblicazione sul nostro sito web. <\/p><p>Ti invitiamo a consultare periodicamente la presente informativa sulla privacy per essere informato di eventuali modifiche.<\/p><\/div><\/section><section><div class=\"section-wrapper\"><h2>Contattaci<\/h2><p>Per qualsiasi domanda, contattaci utilizzando uno dei seguenti metodi:<\/p><ul><li>Nome: Finres SA<\/li><li>Indirizzo: RUE J. VAN HOVE, 35 1950 KRAAINEM<\/li><li>E-mail: info@finres-sa.com<\/li><li>Sito web: https:\/\/www.finres-sa.com\/<\/li><li>Telefono: +32 2 720 23 56<\/li><\/ul><h2>Biscotti<\/h2><p><script type=\"text\/javascript\" charset=\"UTF-8\" data-cookiescriptreport=\"report\" src=\"\/\/report.cookie-script.com\/r\/f02b9de2d0427a21086245ce05b400b4.js\"><\/script><\/p><\/div><\/section>\t\t\t\t\t\t\t\t<\/div>\n\t\t\t\t<\/div>\n\t\t\t\t\t<\/div>\n\t\t\t\t<\/div>\n\t\t\t\t<\/div>\n\t\t","protected":false},"excerpt":{"rendered":"<p>Finres Data di entrata in vigore: 08-ottobre-2025Aggiornato il: 08-ottobre-2025 La presente informativa sulla privacy illustra le regole di https:\/\/www.finres-sa.com\/ in merito alla raccolta, all&#8217;uso, alla divulgazione e alla protezione dei dati personali che raccogliamo quando l&#8217;utente accede a https:\/\/www.finres-sa.com\/ (il &#8220;Servizio&#8221;). La presente informativa sulla privacy illustra e descrive i diritti dell&#8217;utente in materia di [&hellip;]<\/p>\n","protected":false},"author":1,"featured_media":0,"parent":0,"menu_order":0,"comment_status":"closed","ping_status":"closed","template":"","meta":{"footnotes":""},"class_list":["post-33357","page","type-page","status-publish","hentry"],"_links":{"self":[{"href":"https:\/\/www.finres-sa.com\/it\/wp-json\/wp\/v2\/pages\/33357","targetHints":{"allow":["GET"]}}],"collection":[{"href":"https:\/\/www.finres-sa.com\/it\/wp-json\/wp\/v2\/pages"}],"about":[{"href":"https:\/\/www.finres-sa.com\/it\/wp-json\/wp\/v2\/types\/page"}],"author":[{"embeddable":true,"href":"https:\/\/www.finres-sa.com\/it\/wp-json\/wp\/v2\/users\/1"}],"replies":[{"embeddable":true,"href":"https:\/\/www.finres-sa.com\/it\/wp-json\/wp\/v2\/comments?post=33357"}],"version-history":[{"count":0,"href":"https:\/\/www.finres-sa.com\/it\/wp-json\/wp\/v2\/pages\/33357\/revisions"}],"wp:attachment":[{"href":"https:\/\/www.finres-sa.com\/it\/wp-json\/wp\/v2\/media?parent=33357"}],"curies":[{"name":"wp","href":"https:\/\/api.w.org\/{rel}","templated":true}]}}