{"id":23792,"date":"2025-01-21T09:53:05","date_gmt":"2025-01-21T08:53:05","guid":{"rendered":"https:\/\/www.finres-sa.com\/product\/silicone-rtv-per-stampaggio-extra-morbido-feingosil-105\/"},"modified":"2026-03-19T14:29:36","modified_gmt":"2026-03-19T13:29:36","slug":"silicone-rtv-per-stampaggio-extra-morbido-feingosil-105","status":"publish","type":"product","link":"https:\/\/www.finres-sa.com\/it\/prodotto\/silicone-rtv-per-stampaggio-extra-morbido-feingosil-105\/","title":{"rendered":"Silicone per stampi RTV-2 FEINGOSIL 105 (Shore A 05) \u2013 Ideale per stampi molto morbidi e dettagliati"},"content":{"rendered":"\t\t<div data-elementor-type=\"product-post\" data-elementor-id=\"23792\" class=\"elementor elementor-23792 elementor-22099\" data-elementor-post-type=\"product\">\n\t\t\t\t<div class=\"elementor-element elementor-element-90e11fb e-flex e-con-boxed e-con e-parent\" data-id=\"90e11fb\" data-element_type=\"container\" data-e-type=\"container\" data-settings=\"{&quot;jet_parallax_layout_list&quot;:[]}\">\n\t\t\t\t\t<div class=\"e-con-inner\">\n\t\t\t\t<div class=\"elementor-element elementor-element-06034b9 elementor-widget elementor-widget-text-editor\" data-id=\"06034b9\" data-element_type=\"widget\" data-e-type=\"widget\" data-widget_type=\"text-editor.default\">\n\t\t\t\t<div class=\"elementor-widget-container\">\n\t\t\t\t\t\t\t\t\t<p data-pm-slice=\"1 1 []\">FEINGOSIL 105 \u00e8 una gomma siliconica bicomponente che indurisce per condensazione. Questo materiale di alta qualit\u00e0 offre un&#8217;eccellente precisione e una forte elasticit\u00e0, rendendolo una scelta ideale per la fabbricazione di stampi in silicone con forti sottosquadri.<\/p><p>La sua grande stabilit\u00e0 e flessibilit\u00e0 permettono uno smontaggio facile, anche su forme complesse. \u00c8 particolarmente adatto sia ai professionisti che ai privati con esigenza di riproduzione fedele in numerosi settori (artigianato, industria, prototipazione). <\/p><p>Questo silicone per stampaggio permette la colata di materiali come i prodotti a base di gesso, le cere, la pietra ricostruita, cos\u00ec come le resine poliestere, epossidiche o poliuretaniche, garantendo un&#8217;eccellente compatibilit\u00e0.<\/p>\t\t\t\t\t\t\t\t<\/div>\n\t\t\t\t<\/div>\n\t\t\t\t\t<\/div>\n\t\t\t\t<\/div>\n\t\t<div class=\"elementor-element elementor-element-6d8eb7f e-flex e-con-boxed e-con e-parent\" data-id=\"6d8eb7f\" data-element_type=\"container\" data-e-type=\"container\" data-settings=\"{&quot;jet_parallax_layout_list&quot;:[],&quot;background_background&quot;:&quot;classic&quot;}\">\n\t\t\t\t\t<div class=\"e-con-inner\">\n\t\t<div class=\"elementor-element elementor-element-ba79c32 e-grid e-con-boxed e-con e-child\" data-id=\"ba79c32\" data-element_type=\"container\" data-e-type=\"container\" data-settings=\"{&quot;jet_parallax_layout_list&quot;:[]}\">\n\t\t\t\t\t<div class=\"e-con-inner\">\n\t\t\t\t<div class=\"elementor-element elementor-element-4dd3353 elementor-widget elementor-widget-heading\" data-id=\"4dd3353\" data-element_type=\"widget\" data-e-type=\"widget\" data-widget_type=\"heading.default\">\n\t\t\t\t<div class=\"elementor-widget-container\">\n\t\t\t\t\t<h2 class=\"elementor-heading-title elementor-size-large\">Applicazioni consigliate<\/h2>\t\t\t\t<\/div>\n\t\t\t\t<\/div>\n\t\t\t\t\t<\/div>\n\t\t\t\t<\/div>\n\t\t<div class=\"elementor-element elementor-element-a4a562a e-grid e-con-boxed e-con e-child\" data-id=\"a4a562a\" data-element_type=\"container\" data-e-type=\"container\" data-settings=\"{&quot;jet_parallax_layout_list&quot;:[]}\">\n\t\t\t\t\t<div class=\"e-con-inner\">\n\t\t\t\t<div class=\"elementor-element elementor-element-ed388a0 elementor-widget elementor-widget-text-editor\" data-id=\"ed388a0\" data-element_type=\"widget\" data-e-type=\"widget\" data-widget_type=\"text-editor.default\">\n\t\t\t\t<div class=\"elementor-widget-container\">\n\t\t\t\t\t\t\t\t\t<ul data-pm-slice=\"3 3 []\"><li><p>Stampi molto flessibili per candele e contenitori<\/p><\/li><li><p>Stampaggio di pezzi complessi con forti sottosquadri<\/p><\/li><li><p>Stampi per resina, gesso, cemento, cera e sapone<\/p><\/li><li><p>Riproduzione di pezzi dettagliati (piccola e grande serie)<\/p><\/li><li><p>Fabbricazione di stampi per statuette, sculture e prototipi<\/p><\/li><li><p>Stampi flessibili per oggetti decorativi e tecnici<\/p><\/li><\/ul>\t\t\t\t\t\t\t\t<\/div>\n\t\t\t\t<\/div>\n\t\t\t\t\t<\/div>\n\t\t\t\t<\/div>\n\t\t\t\t\t<\/div>\n\t\t\t\t<\/div>\n\t\t<div class=\"elementor-element elementor-element-1e9d40d e-flex e-con-boxed e-con e-parent\" data-id=\"1e9d40d\" data-element_type=\"container\" data-e-type=\"container\" data-settings=\"{&quot;jet_parallax_layout_list&quot;:[],&quot;background_background&quot;:&quot;classic&quot;}\">\n\t\t\t\t\t<div class=\"e-con-inner\">\n\t\t<div class=\"elementor-element elementor-element-6826d5d e-grid e-con-boxed e-con e-child\" data-id=\"6826d5d\" data-element_type=\"container\" data-e-type=\"container\" data-settings=\"{&quot;jet_parallax_layout_list&quot;:[]}\">\n\t\t\t\t\t<div class=\"e-con-inner\">\n\t\t\t\t<div class=\"elementor-element elementor-element-a488c1a elementor-widget elementor-widget-heading\" data-id=\"a488c1a\" data-element_type=\"widget\" data-e-type=\"widget\" data-widget_type=\"heading.default\">\n\t\t\t\t<div class=\"elementor-widget-container\">\n\t\t\t\t\t<h2 class=\"elementor-heading-title elementor-size-large\">Realizzare uno stampo<\/h2>\t\t\t\t<\/div>\n\t\t\t\t<\/div>\n\t\t\t\t\t<\/div>\n\t\t\t\t<\/div>\n\t\t<div class=\"elementor-element elementor-element-c05520c e-grid e-con-full e-con e-child\" data-id=\"c05520c\" data-element_type=\"container\" data-e-type=\"container\" data-settings=\"{&quot;jet_parallax_layout_list&quot;:[]}\">\n\t\t\t\t<div class=\"elementor-element elementor-element-3e8f9e1 elementor-widget elementor-widget-heading\" data-id=\"3e8f9e1\" data-element_type=\"widget\" data-e-type=\"widget\" data-widget_type=\"heading.default\">\n\t\t\t\t<div class=\"elementor-widget-container\">\n\t\t\t\t\t<h3 class=\"elementor-heading-title elementor-size-medium\">1. Preparazione della superficie<\/h3>\t\t\t\t<\/div>\n\t\t\t\t<\/div>\n\t\t<div class=\"elementor-element elementor-element-30f75ff e-grid e-con-full e-con e-child\" data-id=\"30f75ff\" data-element_type=\"container\" data-e-type=\"container\" data-settings=\"{&quot;jet_parallax_layout_list&quot;:[]}\">\n\t\t\t\t<div class=\"elementor-element elementor-element-b103664 elementor-widget elementor-widget-text-editor\" data-id=\"b103664\" data-element_type=\"widget\" data-e-type=\"widget\" data-widget_type=\"text-editor.default\">\n\t\t\t\t<div class=\"elementor-widget-container\">\n\t\t\t\t\t\t\t\t\t<p data-pm-slice=\"1 1 []\">Se la superficie del modello da riprodurre \u00e8 porosa (legno\/gesso\/ceramica\/ecc), si consiglia di applicare uno strato di <a href=\"https:\/\/www.finres-sa.com\/it\/prodotto\/vernice-poliuretanica-g4\/\" target=\"_blank\" rel=\"noopener noreferrer\">vernice<\/a>, un <a href=\"https:\/\/www.finres-sa.com\/it\/categorie-produit\/agente-di-rilascio\/?jsf=epro-loop-builder&#038;tax=product_cat%3A1160\" target=\"_blank\" rel=\"noopener noreferrer\">agente distaccante<\/a> o una cera distaccante per evitare qualsiasi adesione. <\/p>\t\t\t\t\t\t\t\t<\/div>\n\t\t\t\t<\/div>\n\t\t\t\t<\/div>\n\t\t\t\t<\/div>\n\t\t<div class=\"elementor-element elementor-element-033c170 e-grid e-con-full e-con e-child\" data-id=\"033c170\" data-element_type=\"container\" data-e-type=\"container\" data-settings=\"{&quot;jet_parallax_layout_list&quot;:[]}\">\n\t\t\t\t<div class=\"elementor-element elementor-element-c8d6d0f elementor-widget elementor-widget-heading\" data-id=\"c8d6d0f\" data-element_type=\"widget\" data-e-type=\"widget\" data-widget_type=\"heading.default\">\n\t\t\t\t<div class=\"elementor-widget-container\">\n\t\t\t\t\t<h3 class=\"elementor-heading-title elementor-size-medium\">2. Cassaforma<\/h3>\t\t\t\t<\/div>\n\t\t\t\t<\/div>\n\t\t<div class=\"elementor-element elementor-element-5ff9ade e-grid e-con-full e-con e-child\" data-id=\"5ff9ade\" data-element_type=\"container\" data-e-type=\"container\" data-settings=\"{&quot;jet_parallax_layout_list&quot;:[]}\">\n\t\t\t\t<div class=\"elementor-element elementor-element-0584096 elementor-widget elementor-widget-text-editor\" data-id=\"0584096\" data-element_type=\"widget\" data-e-type=\"widget\" data-widget_type=\"text-editor.default\">\n\t\t\t\t<div class=\"elementor-widget-container\">\n\t\t\t\t\t\t\t\t\t<p data-pm-slice=\"1 1 []\">Realizza una cassaforma attorno all&#8217;oggetto da riprodurre e assicurati di lasciare uno spazio sufficiente per contenere il silicone (parete tra 4 e 10 mm di spessore).<\/p><p>Verifica attentamente la tenuta della cassaforma per evitare qualsiasi disastro.<\/p><p>Assicurati che l&#8217;oggetto sia saldamente fissato alla base per evitare che si sposti o galleggi durante il riempimento.<\/p>\t\t\t\t\t\t\t\t<\/div>\n\t\t\t\t<\/div>\n\t\t\t\t<\/div>\n\t\t\t\t<\/div>\n\t\t<div class=\"elementor-element elementor-element-ce7f4c6 e-grid e-con-full e-con e-child\" data-id=\"ce7f4c6\" data-element_type=\"container\" data-e-type=\"container\" data-settings=\"{&quot;jet_parallax_layout_list&quot;:[]}\">\n\t\t\t\t<div class=\"elementor-element elementor-element-daa4b7e elementor-widget elementor-widget-heading\" data-id=\"daa4b7e\" data-element_type=\"widget\" data-e-type=\"widget\" data-widget_type=\"heading.default\">\n\t\t\t\t<div class=\"elementor-widget-container\">\n\t\t\t\t\t<h3 class=\"elementor-heading-title elementor-size-medium\">3. Rapporto &amp; miscelazione<\/h3>\t\t\t\t<\/div>\n\t\t\t\t<\/div>\n\t\t<div class=\"elementor-element elementor-element-abe3e54 e-grid e-con-full e-con e-child\" data-id=\"abe3e54\" data-element_type=\"container\" data-e-type=\"container\" data-settings=\"{&quot;jet_parallax_layout_list&quot;:[]}\">\n\t\t\t\t<div class=\"elementor-element elementor-element-a3ec78e elementor-widget elementor-widget-text-editor\" data-id=\"a3ec78e\" data-element_type=\"widget\" data-e-type=\"widget\" data-widget_type=\"text-editor.default\">\n\t\t\t\t<div class=\"elementor-widget-container\">\n\t\t\t\t\t\t\t\t\t<p data-pm-slice=\"1 1 []\">In un contenitore pulito e asciutto, pesa la quantit\u00e0 di silicone necessaria e calcola un&#8217;aggiunta del 5% di catalizzatore (ad esempio: 100gr di silicone + 5gr di catalizzatore).<\/p><p>Utilizzando una spatola, mescola i due componenti fino a ottenere una pasta colorata OMOGENEA.<\/p><p>Con l&#8217;assistenza meccanica, mantieni una velocit\u00e0 bassa (da 300 a 500 giri al minuto) per 2 o 3 minuti e mantieni la testa del miscelatore nel silicone per limitare l&#8217;incorporazione di bolle d&#8217;aria. <\/p>\t\t\t\t\t\t\t\t<\/div>\n\t\t\t\t<\/div>\n\t\t\t\t<\/div>\n\t\t\t\t<\/div>\n\t\t<div class=\"elementor-element elementor-element-0dd4f5e e-grid e-con-full e-con e-child\" data-id=\"0dd4f5e\" data-element_type=\"container\" data-e-type=\"container\" data-settings=\"{&quot;jet_parallax_layout_list&quot;:[]}\">\n\t\t\t\t<div class=\"elementor-element elementor-element-19ecf2b elementor-widget elementor-widget-heading\" data-id=\"19ecf2b\" data-element_type=\"widget\" data-e-type=\"widget\" data-widget_type=\"heading.default\">\n\t\t\t\t<div class=\"elementor-widget-container\">\n\t\t\t\t\t<h3 class=\"elementor-heading-title elementor-size-medium\">4. Versare il silicone<\/h3>\t\t\t\t<\/div>\n\t\t\t\t<\/div>\n\t\t<div class=\"elementor-element elementor-element-342fb9d e-grid e-con-full e-con e-child\" data-id=\"342fb9d\" data-element_type=\"container\" data-e-type=\"container\" data-settings=\"{&quot;jet_parallax_layout_list&quot;:[]}\">\n\t\t\t\t<div class=\"elementor-element elementor-element-125457d elementor-widget elementor-widget-text-editor\" data-id=\"125457d\" data-element_type=\"widget\" data-e-type=\"widget\" data-widget_type=\"text-editor.default\">\n\t\t\t\t<div class=\"elementor-widget-container\">\n\t\t\t\t\t\t\t\t\t<p data-pm-slice=\"1 1 []\">Punta al punto pi\u00f9 basso e versa il silicone in una vena sottile.<\/p><p>Il primo strato pu\u00f2 essere applicato direttamente con un pennello, poi si pu\u00f2 riempire il resto dello stampo.<\/p>\t\t\t\t\t\t\t\t<\/div>\n\t\t\t\t<\/div>\n\t\t\t\t<\/div>\n\t\t\t\t<\/div>\n\t\t<div class=\"elementor-element elementor-element-940c5b4 e-grid e-con-full e-con e-child\" data-id=\"940c5b4\" data-element_type=\"container\" data-e-type=\"container\" data-settings=\"{&quot;jet_parallax_layout_list&quot;:[]}\">\n\t\t\t\t<div class=\"elementor-element elementor-element-d3b21fd elementor-widget elementor-widget-heading\" data-id=\"d3b21fd\" data-element_type=\"widget\" data-e-type=\"widget\" data-widget_type=\"heading.default\">\n\t\t\t\t<div class=\"elementor-widget-container\">\n\t\t\t\t\t<h3 class=\"elementor-heading-title elementor-size-medium\">5. Tempra<\/h3>\t\t\t\t<\/div>\n\t\t\t\t<\/div>\n\t\t<div class=\"elementor-element elementor-element-6d05a8e e-grid e-con-full e-con e-child\" data-id=\"6d05a8e\" data-element_type=\"container\" data-e-type=\"container\" data-settings=\"{&quot;jet_parallax_layout_list&quot;:[]}\">\n\t\t\t\t<div class=\"elementor-element elementor-element-b83e0a3 elementor-widget elementor-widget-text-editor\" data-id=\"b83e0a3\" data-element_type=\"widget\" data-e-type=\"widget\" data-widget_type=\"text-editor.default\">\n\t\t\t\t<div class=\"elementor-widget-container\">\n\t\t\t\t\t\t\t\t\t<p data-pm-slice=\"1 1 []\">Lascia indurire a temperatura ambiente.<br>Lo smontaggio \u00e8 possibile dopo 24 ore.<\/p><p>\u26a0\ufe0f Non spostare la cassaforma durante questa fase per garantire una buona stabilit\u00e0 dello stampo.<\/p><p>Per le resine (epossidica, poliestere, poliuretanica), si raccomanda un tempo di riposo di 48 h per ottimizzare la resistenza al calore e alle sollecitazioni chimiche.<\/p>\t\t\t\t\t\t\t\t<\/div>\n\t\t\t\t<\/div>\n\t\t\t\t<\/div>\n\t\t\t\t<\/div>\n\t\t<div class=\"elementor-element elementor-element-d03b44a e-grid e-con-full e-con e-child\" data-id=\"d03b44a\" data-element_type=\"container\" data-e-type=\"container\" data-settings=\"{&quot;jet_parallax_layout_list&quot;:[]}\">\n\t\t\t\t<div class=\"elementor-element elementor-element-e62de40 elementor-widget elementor-widget-heading\" data-id=\"e62de40\" data-element_type=\"widget\" data-e-type=\"widget\" data-widget_type=\"heading.default\">\n\t\t\t\t<div class=\"elementor-widget-container\">\n\t\t\t\t\t<h3 class=\"elementor-heading-title elementor-size-medium\">6. Pulizia<\/h3>\t\t\t\t<\/div>\n\t\t\t\t<\/div>\n\t\t<div class=\"elementor-element elementor-element-e9a9ecb e-grid e-con-full e-con e-child\" data-id=\"e9a9ecb\" data-element_type=\"container\" data-e-type=\"container\" data-settings=\"{&quot;jet_parallax_layout_list&quot;:[]}\">\n\t\t\t\t<div class=\"elementor-element elementor-element-5607b1a elementor-widget elementor-widget-text-editor\" data-id=\"5607b1a\" data-element_type=\"widget\" data-e-type=\"widget\" data-widget_type=\"text-editor.default\">\n\t\t\t\t<div class=\"elementor-widget-container\">\n\t\t\t\t\t\t\t\t\t<p>Non cercare di pulire il silicone liquido, lo staccherai dagli strumenti quando sar\u00e0 asciutto.<\/p>\t\t\t\t\t\t\t\t<\/div>\n\t\t\t\t<\/div>\n\t\t\t\t<\/div>\n\t\t\t\t<\/div>\n\t\t\t\t\t<\/div>\n\t\t\t\t<\/div>\n\t\t<div class=\"elementor-element elementor-element-a71fb63 e-flex e-con-boxed e-con e-parent\" data-id=\"a71fb63\" data-element_type=\"container\" data-e-type=\"container\" data-settings=\"{&quot;jet_parallax_layout_list&quot;:[],&quot;background_background&quot;:&quot;classic&quot;}\">\n\t\t\t\t\t<div class=\"e-con-inner\">\n\t\t<div class=\"elementor-element elementor-element-7ac6679 e-grid e-con-boxed e-con e-child\" data-id=\"7ac6679\" data-element_type=\"container\" data-e-type=\"container\" data-settings=\"{&quot;jet_parallax_layout_list&quot;:[]}\">\n\t\t\t\t\t<div class=\"e-con-inner\">\n\t\t\t\t<div class=\"elementor-element elementor-element-250cf3f elementor-widget elementor-widget-heading\" data-id=\"250cf3f\" data-element_type=\"widget\" data-e-type=\"widget\" data-widget_type=\"heading.default\">\n\t\t\t\t<div class=\"elementor-widget-container\">\n\t\t\t\t\t<h2 class=\"elementor-heading-title elementor-size-large\">Caratteristiche tecniche<\/h2>\t\t\t\t<\/div>\n\t\t\t\t<\/div>\n\t\t\t\t\t<\/div>\n\t\t\t\t<\/div>\n\t\t<div class=\"elementor-element elementor-element-a5938df e-grid e-con-boxed e-con e-child\" data-id=\"a5938df\" data-element_type=\"container\" data-e-type=\"container\" data-settings=\"{&quot;jet_parallax_layout_list&quot;:[]}\">\n\t\t\t\t\t<div class=\"e-con-inner\">\n\t\t\t\t<div class=\"elementor-element elementor-element-79db6df elementor-widget elementor-widget-text-editor\" data-id=\"79db6df\" data-element_type=\"widget\" data-e-type=\"widget\" data-widget_type=\"text-editor.default\">\n\t\t\t\t<div class=\"elementor-widget-container\">\n\t\t\t\t\t\t\t\t\t<ul data-pm-slice=\"3 3 []\"><li><p>Rapporto di miscelazione: 5% (es. 100gr di silicone + 5gr di catalizzatore E)<\/p><\/li><\/ul><ul><li><p>Aspetto: liquido viscoso<\/p><\/li><\/ul><ul><li><p>Durezza (Shore A): 05<\/p><\/li><\/ul><ul><li><p>Tempo di lavorazione a 23\u00b0C: 10\u2032 Catalyst Fast \/ 90&#8242; Catalyst Slow<\/p><\/li><\/ul><ul><li><p>Sformatura: 2 &#8211; 24h Catalyst Fast \/ minimo 24h Catalyst Slow<\/p><\/li><\/ul><ul><li><p>Viscosit\u00e0 (mPa.s): 25000<\/p><\/li><\/ul><ul><li><p>Densit\u00e0 (g\/cm\u00b3): 1,12<\/p><\/li><\/ul><ul><li><p>Colore non catalizzato: bianco<\/p><\/li><\/ul><ul><li><p>Allungamento (%): 700<\/p><\/li><\/ul><ul><li><p>Ritiro lineare (%): &lt; 0,7<\/p><\/li><\/ul><ul><li><p>Conservazione: 12 mesi nella confezione originale tra i 5\u00b0C e i 25\u00b0C.<\/p><\/li><\/ul><ul><li><p>Confezioni: vendute in kit (A+B): 1kg + 50 gr\/ 5 kg + 250 gr\/ 20 kg+1kg<\/p><p>Prodotto della gamma silicone di Feinchemica, riconosciuto per la loro affidabilit\u00e0 e il miglior servizio.<\/p><\/li><\/ul>\t\t\t\t\t\t\t\t<\/div>\n\t\t\t\t<\/div>\n\t\t\t\t\t<\/div>\n\t\t\t\t<\/div>\n\t\t\t\t\t<\/div>\n\t\t\t\t<\/div>\n\t\t<div class=\"elementor-element elementor-element-1540881 e-flex e-con-boxed e-con e-parent\" data-id=\"1540881\" data-element_type=\"container\" data-e-type=\"container\" data-settings=\"{&quot;jet_parallax_layout_list&quot;:[],&quot;background_background&quot;:&quot;classic&quot;}\">\n\t\t\t\t\t<div class=\"e-con-inner\">\n\t\t<div class=\"elementor-element elementor-element-23463ac e-grid e-con-boxed e-con e-child\" data-id=\"23463ac\" data-element_type=\"container\" data-e-type=\"container\" data-settings=\"{&quot;jet_parallax_layout_list&quot;:[]}\">\n\t\t\t\t\t<div class=\"e-con-inner\">\n\t\t\t\t<div class=\"elementor-element elementor-element-a4f5c0e elementor-widget elementor-widget-heading\" data-id=\"a4f5c0e\" data-element_type=\"widget\" data-e-type=\"widget\" data-widget_type=\"heading.default\">\n\t\t\t\t<div class=\"elementor-widget-container\">\n\t\t\t\t\t<h2 class=\"elementor-heading-title elementor-size-large\">Informazioni aggiuntive<\/h2>\t\t\t\t<\/div>\n\t\t\t\t<\/div>\n\t\t\t\t\t<\/div>\n\t\t\t\t<\/div>\n\t\t<div class=\"elementor-element elementor-element-6e28d3b e-grid e-con-boxed e-con e-child\" data-id=\"6e28d3b\" data-element_type=\"container\" data-e-type=\"container\" data-settings=\"{&quot;jet_parallax_layout_list&quot;:[]}\">\n\t\t\t\t\t<div class=\"e-con-inner\">\n\t\t\t\t<div class=\"elementor-element elementor-element-cd8ab00 elementor-widget elementor-widget-text-editor\" data-id=\"cd8ab00\" data-element_type=\"widget\" data-e-type=\"widget\" data-widget_type=\"text-editor.default\">\n\t\t\t\t<div class=\"elementor-widget-container\">\n\t\t\t\t\t\t\t\t\t<p data-pm-slice=\"1 1 []\">Per qualsiasi domanda sull&#8217;applicazione, la consegna, il prezzo o la compatibilit\u00e0 con la tua applicazione, consulta il nostro sito o contattaci per telefono.<br>Il nostro team ti accompagna nel tuo progetto e facilita la tua navigazione tra le nostre soluzioni.<\/p>\t\t\t\t\t\t\t\t<\/div>\n\t\t\t\t<\/div>\n\t\t\t\t\t<\/div>\n\t\t\t\t<\/div>\n\t\t\t\t\t<\/div>\n\t\t\t\t<\/div>\n\t\t<div class=\"elementor-element elementor-element-8195fe4 e-flex e-con-boxed e-con e-parent\" data-id=\"8195fe4\" data-element_type=\"container\" data-e-type=\"container\" data-settings=\"{&quot;jet_parallax_layout_list&quot;:[],&quot;background_background&quot;:&quot;classic&quot;}\">\n\t\t\t\t\t<div class=\"e-con-inner\">\n\t\t<div class=\"elementor-element elementor-element-7a824ae e-grid e-con-boxed e-con e-child\" data-id=\"7a824ae\" data-element_type=\"container\" data-e-type=\"container\" data-settings=\"{&quot;jet_parallax_layout_list&quot;:[]}\">\n\t\t\t\t\t<div class=\"e-con-inner\">\n\t\t\t\t<div class=\"elementor-element elementor-element-10fe85a elementor-widget elementor-widget-heading\" data-id=\"10fe85a\" data-element_type=\"widget\" data-e-type=\"widget\" data-widget_type=\"heading.default\">\n\t\t\t\t<div class=\"elementor-widget-container\">\n\t\t\t\t\t<h2 class=\"elementor-heading-title elementor-size-large\">Additivi<\/h2>\t\t\t\t<\/div>\n\t\t\t\t<\/div>\n\t\t\t\t\t<\/div>\n\t\t\t\t<\/div>\n\t\t<div class=\"elementor-element elementor-element-d286944 e-grid e-con-boxed e-con e-child\" data-id=\"d286944\" data-element_type=\"container\" data-e-type=\"container\" data-settings=\"{&quot;jet_parallax_layout_list&quot;:[]}\">\n\t\t\t\t\t<div class=\"e-con-inner\">\n\t\t\t\t<div class=\"elementor-element elementor-element-15b8b28 elementor-widget elementor-widget-text-editor\" data-id=\"15b8b28\" data-element_type=\"widget\" data-e-type=\"widget\" data-widget_type=\"text-editor.default\">\n\t\t\t\t<div class=\"elementor-widget-container\">\n\t\t\t\t\t\t\t\t\t<ul data-pm-slice=\"3 3 []\"><li><p><a href=\"https:\/\/www.finres-sa.com\/it\/prodotto\/feingosil-thixo-silicone-policondensato\/\">Tissotropico<\/a> (addensante): viene aggiunto alla miscela (A+B) per ottenere una texture pastosa per le applicazioni verticali. <\/p><\/li><\/ul><ul><li><p>Olio di silicone<\/p><\/li><li><p><a href=\"https:\/\/www.finres-sa.com\/it\/prodotto\/spray-sbloccante-universale-acmos\/\">Spray distaccante<\/a> assicura uno smontaggio rapido e ottimale. <\/p><\/li><li><p>Cera distaccante<\/p><\/li><\/ul>\t\t\t\t\t\t\t\t<\/div>\n\t\t\t\t<\/div>\n\t\t\t\t\t<\/div>\n\t\t\t\t<\/div>\n\t\t\t\t\t<\/div>\n\t\t\t\t<\/div>\n\t\t<div class=\"elementor-element elementor-element-a395735 e-flex e-con-boxed e-con e-parent\" data-id=\"a395735\" data-element_type=\"container\" data-e-type=\"container\" data-settings=\"{&quot;jet_parallax_layout_list&quot;:[],&quot;background_background&quot;:&quot;classic&quot;}\">\n\t\t\t\t\t<div class=\"e-con-inner\">\n\t\t<div class=\"elementor-element elementor-element-3ba8158 e-grid e-con-boxed e-con e-child\" data-id=\"3ba8158\" data-element_type=\"container\" data-e-type=\"container\" data-settings=\"{&quot;jet_parallax_layout_list&quot;:[]}\">\n\t\t\t\t\t<div class=\"e-con-inner\">\n\t\t\t\t<div class=\"elementor-element elementor-element-51386fa elementor-widget elementor-widget-heading\" data-id=\"51386fa\" data-element_type=\"widget\" data-e-type=\"widget\" data-widget_type=\"heading.default\">\n\t\t\t\t<div class=\"elementor-widget-container\">\n\t\t\t\t\t<h2 class=\"elementor-heading-title elementor-size-large\">Sicurezza<\/h2>\t\t\t\t<\/div>\n\t\t\t\t<\/div>\n\t\t\t\t\t<\/div>\n\t\t\t\t<\/div>\n\t\t<div class=\"elementor-element elementor-element-938d3b0 e-grid e-con-boxed e-con e-child\" data-id=\"938d3b0\" data-element_type=\"container\" data-e-type=\"container\" data-settings=\"{&quot;jet_parallax_layout_list&quot;:[]}\">\n\t\t\t\t\t<div class=\"e-con-inner\">\n\t\t\t\t<div class=\"elementor-element elementor-element-19d61c4 elementor-widget elementor-widget-text-editor\" data-id=\"19d61c4\" data-element_type=\"widget\" data-e-type=\"widget\" data-widget_type=\"text-editor.default\">\n\t\t\t\t<div class=\"elementor-widget-container\">\n\t\t\t\t\t\t\t\t\t<p data-pm-slice=\"1 1 []\">Indossa guanti protettivi e assicurati di lavorare in uno spazio ventilato.<\/p><p>Contatto con la pelle: lavare accuratamente con acqua e sapone. Rimuovi e lava gli indumenti contaminati. Consultare un medico in caso di eruzioni cutanee.  <\/p><p>Contatto con gli occhi: sciacqua accuratamente gli occhi con acqua corrente. Consulta un medico se l&#8217;irritazione persiste. <\/p>\t\t\t\t\t\t\t\t<\/div>\n\t\t\t\t<\/div>\n\t\t\t\t\t<\/div>\n\t\t\t\t<\/div>\n\t\t\t\t\t<\/div>\n\t\t\t\t<\/div>\n\t\t\t\t<\/div>\n\t\t","protected":false},"excerpt":{"rendered":"<p data-pm-slice=\"1 1 []\">FEINGOSIL 105 \u00e8 una gomma siliconica RTV-2 bicomponente che reticola per condensazione. La sua durezza Shore 05 \u00e8 ideale per lo stampaggio e la realizzazione di stampi morbidi e dettagliati con forti sottosquadri. <\/p>\n","protected":false},"featured_media":26125,"template":"","meta":[],"product_brand":[],"product_cat":[1723,1493],"product_tag":[],"class_list":{"0":"post-23792","1":"product","2":"type-product","3":"status-publish","4":"has-post-thumbnail","6":"product_cat-silicone-per-policondensazione","7":"product_cat-stampaggio-del-silicone","9":"first","10":"instock","11":"taxable","12":"shipping-taxable","13":"purchasable","14":"product-type-variable"},"_links":{"self":[{"href":"https:\/\/www.finres-sa.com\/it\/wp-json\/wp\/v2\/product\/23792","targetHints":{"allow":["GET"]}}],"collection":[{"href":"https:\/\/www.finres-sa.com\/it\/wp-json\/wp\/v2\/product"}],"about":[{"href":"https:\/\/www.finres-sa.com\/it\/wp-json\/wp\/v2\/types\/product"}],"version-history":[{"count":3,"href":"https:\/\/www.finres-sa.com\/it\/wp-json\/wp\/v2\/product\/23792\/revisions"}],"predecessor-version":[{"id":37683,"href":"https:\/\/www.finres-sa.com\/it\/wp-json\/wp\/v2\/product\/23792\/revisions\/37683"}],"wp:featuredmedia":[{"embeddable":true,"href":"https:\/\/www.finres-sa.com\/it\/wp-json\/wp\/v2\/media\/26125"}],"wp:attachment":[{"href":"https:\/\/www.finres-sa.com\/it\/wp-json\/wp\/v2\/media?parent=23792"}],"wp:term":[{"taxonomy":"product_brand","embeddable":true,"href":"https:\/\/www.finres-sa.com\/it\/wp-json\/wp\/v2\/product_brand?post=23792"},{"taxonomy":"product_cat","embeddable":true,"href":"https:\/\/www.finres-sa.com\/it\/wp-json\/wp\/v2\/product_cat?post=23792"},{"taxonomy":"product_tag","embeddable":true,"href":"https:\/\/www.finres-sa.com\/it\/wp-json\/wp\/v2\/product_tag?post=23792"}],"curies":[{"name":"wp","href":"https:\/\/api.w.org\/{rel}","templated":true}]}}