{"id":23846,"date":"2024-10-24T09:32:19","date_gmt":"2024-10-24T07:32:19","guid":{"rendered":"https:\/\/www.finres-sa.com\/product\/silicone-rtv-per-stampaggio-feingosil-120\/"},"modified":"2026-04-20T10:09:11","modified_gmt":"2026-04-20T08:09:11","slug":"silicone-rtv-per-stampaggio-feingosil-120","status":"publish","type":"product","link":"https:\/\/www.finres-sa.com\/it\/prodotto\/silicone-rtv-per-stampaggio-feingosil-120\/","title":{"rendered":"Silicone da Colata RTV2 Shore A 20 \u2013 Silicone per Stampi Resina, Gesso, Cera \u2013 FEINGOSIL 120 \u2013 2 Componenti"},"content":{"rendered":"\t\t<div data-elementor-type=\"product-post\" data-elementor-id=\"23846\" class=\"elementor elementor-23846 elementor-19580\" data-elementor-post-type=\"product\">\n\t\t\t\t<div class=\"elementor-element elementor-element-2f0229e e-flex e-con-boxed e-con e-parent\" data-id=\"2f0229e\" data-element_type=\"container\" data-e-type=\"container\" data-settings=\"{&quot;jet_parallax_layout_list&quot;:[]}\">\n\t\t\t\t\t<div class=\"e-con-inner\">\n\t\t\t\t<div class=\"elementor-element elementor-element-6791b06 elementor-widget elementor-widget-text-editor\" data-id=\"6791b06\" data-element_type=\"widget\" data-e-type=\"widget\" data-widget_type=\"text-editor.default\">\n\t\t\t\t<div class=\"elementor-widget-container\">\n\t\t\t\t\t\t\t\t\t<p data-pm-slice=\"1 1 []\">FEINGOSIL 120 \u00e8 una gomma siliconica RTV-2 bicomponente che reticola per condensazione. Questo silicone da colata \u00e8 progettato per la fabbricazione di stampi flessibili e precisi, capaci di riprodurre fedelmente la forma e la superficie dei pezzi da riprodurre. <\/p><p>Facile da usare, \u00e8 adatto sia ai professionisti che agli appassionati di fai-da-te o prototipazione. La sua applicazione \u00e8 semplice e permette di realizzare rapidamente stampi affidabili e precisi. <\/p><p>Grazie alla sua ottima resistenza allo strappo, questo silicone permette la fabbricazione di stampi durevoli adatti alla colata di un&#8217;ampia variet\u00e0 di materiali.<\/p><p>\u00c8 particolarmente apprezzato dagli utenti alla ricerca di un silicone performante per la realizzazione di stampi di oggetti con sottosquadri ridotti.<\/p><p>Uno stesso stampo pu\u00f2 essere utilizzato pi\u00f9 volte per produrre copie identiche. Questo silicone \u00e8 adatto in particolare alla riproduzione di pezzi tecnici, articoli dettagliati o elementi decorativi, inclusi alcuni pezzi in vetro. <\/p>\t\t\t\t\t\t\t\t<\/div>\n\t\t\t\t<\/div>\n\t\t\t\t\t<\/div>\n\t\t\t\t<\/div>\n\t\t<div class=\"elementor-element elementor-element-ecc0255 e-flex e-con-boxed e-con e-parent\" data-id=\"ecc0255\" data-element_type=\"container\" data-e-type=\"container\" data-settings=\"{&quot;jet_parallax_layout_list&quot;:[],&quot;background_background&quot;:&quot;classic&quot;}\">\n\t\t\t\t\t<div class=\"e-con-inner\">\n\t\t<div class=\"elementor-element elementor-element-a9e78b9 e-grid e-con-boxed e-con e-child\" data-id=\"a9e78b9\" data-element_type=\"container\" data-e-type=\"container\" data-settings=\"{&quot;jet_parallax_layout_list&quot;:[]}\">\n\t\t\t\t\t<div class=\"e-con-inner\">\n\t\t<div class=\"elementor-element elementor-element-f76ad45 e-con-full e-flex e-con e-child\" data-id=\"f76ad45\" data-element_type=\"container\" data-e-type=\"container\" data-settings=\"{&quot;jet_parallax_layout_list&quot;:[],&quot;background_background&quot;:&quot;classic&quot;}\">\n\t\t\t\t<div class=\"elementor-element elementor-element-88dd57c elementor-widget elementor-widget-heading\" data-id=\"88dd57c\" data-element_type=\"widget\" data-e-type=\"widget\" data-widget_type=\"heading.default\">\n\t\t\t\t<div class=\"elementor-widget-container\">\n\t\t\t\t\t<h2 class=\"elementor-heading-title elementor-size-large\">Applicazioni consigliate<\/h2>\t\t\t\t<\/div>\n\t\t\t\t<\/div>\n\t\t\t\t<div class=\"elementor-element elementor-element-a3042fb elementor-widget elementor-widget-text-editor\" data-id=\"a3042fb\" data-element_type=\"widget\" data-e-type=\"widget\" data-widget_type=\"text-editor.default\">\n\t\t\t\t<div class=\"elementor-widget-container\">\n\t\t\t\t\t\t\t\t\t<ul data-pm-slice=\"3 1 []\"><li><p>Stampi in silicone per resina epossidica e poliuretanica<\/p><\/li><li><p>Fabbricazione di stampi per gesso, cera o altri materiali<\/p><\/li><li><p>Colata di oggetti decorativi o pezzi tecnici<\/p><\/li><li><p>Progetti creativi e fai-da-te<\/p><\/li><li><p>Colla siliconica per riparare o assemblare stampi in silicone<\/p><\/li><\/ul><h2> <\/h2>\t\t\t\t\t\t\t\t<\/div>\n\t\t\t\t<\/div>\n\t\t\t\t<\/div>\n\t\t<div class=\"elementor-element elementor-element-1d1a28e e-con-full e-flex e-con e-child\" data-id=\"1d1a28e\" data-element_type=\"container\" data-e-type=\"container\" data-settings=\"{&quot;jet_parallax_layout_list&quot;:[],&quot;background_background&quot;:&quot;classic&quot;}\">\n\t\t\t\t<div class=\"elementor-element elementor-element-bbb30d8 elementor-widget elementor-widget-heading\" data-id=\"bbb30d8\" data-element_type=\"widget\" data-e-type=\"widget\" data-widget_type=\"heading.default\">\n\t\t\t\t<div class=\"elementor-widget-container\">\n\t\t\t\t\t<h2 class=\"elementor-heading-title elementor-size-large\">Vantaggi del prodotto<\/h2>\t\t\t\t<\/div>\n\t\t\t\t<\/div>\n\t\t\t\t<div class=\"elementor-element elementor-element-db3571a elementor-widget elementor-widget-text-editor\" data-id=\"db3571a\" data-element_type=\"widget\" data-e-type=\"widget\" data-widget_type=\"text-editor.default\">\n\t\t\t\t<div class=\"elementor-widget-container\">\n\t\t\t\t\t\t\t\t\t<ul data-pm-slice=\"3 3 []\"><li><p>Utilizzo semplice e applicazione rapida<\/p><\/li><li><p>Riproduzione precisa dei dettagli<\/p><\/li><li><p>Tre tempi di lavorazione disponibili<\/p><\/li><li><p>Eccellente resistenza allo strappo<\/p><\/li><li><p>Eccellente adesione su se stesso<\/p><\/li><li><p>Compatibile con numerosi materiali da colata<\/p><\/li><li><p>Compatibile con l&#8217;<a href=\"https:\/\/www.finres-sa.com\/it\/prodotto\/argilla-225\/\">argilla<\/a> e la <a href=\"https:\/\/www.finres-sa.com\/it\/prodotto\/plastilina-professionale-pasta-da-modellare-di-precisione-non-indurente-per-scultura-stampaggio-e-prototipazione\/\">plastilina<\/a><\/p><\/li><li><p>Imballaggio sicuro<\/p><\/li><\/ul>\t\t\t\t\t\t\t\t<\/div>\n\t\t\t\t<\/div>\n\t\t\t\t<\/div>\n\t\t\t\t\t<\/div>\n\t\t\t\t<\/div>\n\t\t\t\t\t<\/div>\n\t\t\t\t<\/div>\n\t\t<div class=\"elementor-element elementor-element-bdb078e e-flex e-con-boxed e-con e-parent\" data-id=\"bdb078e\" data-element_type=\"container\" data-e-type=\"container\" data-settings=\"{&quot;jet_parallax_layout_list&quot;:[],&quot;background_background&quot;:&quot;classic&quot;}\">\n\t\t\t\t\t<div class=\"e-con-inner\">\n\t\t<div class=\"elementor-element elementor-element-76a2fae e-grid e-con-boxed e-con e-child\" data-id=\"76a2fae\" data-element_type=\"container\" data-e-type=\"container\" data-settings=\"{&quot;jet_parallax_layout_list&quot;:[]}\">\n\t\t\t\t\t<div class=\"e-con-inner\">\n\t\t\t\t<div class=\"elementor-element elementor-element-c8f6220 elementor-widget elementor-widget-heading\" data-id=\"c8f6220\" data-element_type=\"widget\" data-e-type=\"widget\" data-widget_type=\"heading.default\">\n\t\t\t\t<div class=\"elementor-widget-container\">\n\t\t\t\t\t<h2 class=\"elementor-heading-title elementor-size-large\">Istruzioni di applicazione<\/h2>\t\t\t\t<\/div>\n\t\t\t\t<\/div>\n\t\t\t\t\t<\/div>\n\t\t\t\t<\/div>\n\t\t<div class=\"elementor-element elementor-element-083ceec e-grid e-con-boxed e-con e-child\" data-id=\"083ceec\" data-element_type=\"container\" data-e-type=\"container\" data-settings=\"{&quot;jet_parallax_layout_list&quot;:[]}\">\n\t\t\t\t\t<div class=\"e-con-inner\">\n\t\t\t\t<div class=\"elementor-element elementor-element-fe3c94a elementor-widget elementor-widget-text-editor\" data-id=\"fe3c94a\" data-element_type=\"widget\" data-e-type=\"widget\" data-widget_type=\"text-editor.default\">\n\t\t\t\t<div class=\"elementor-widget-container\">\n\t\t\t\t\t\t\t\t\t<p data-pm-slice=\"1 1 []\"><strong>1 Preparazione della superficie<\/strong><\/p><p>Applicare sempre un agente distaccante: strato di <a href=\"https:\/\/www.finres-sa.com\/it\/prodotto\/vernice-poliuretanica-g4\/\" target=\"_blank\" rel=\"noopener noreferrer\"><strong>vernice<\/strong><\/a>\/ <strong><a href=\"https:\/\/www.finres-sa.com\/it\/prodotto\/spray-sbloccante-universale-acmos\/\">agente distaccante spray<\/a>\/vaselina o sapone nero<\/strong> per evitare che il silicone si infiltri nei pori e aderisca all&#8217;oggetto.<\/p><p><strong>2. Cassaforma<\/strong><\/p><p>Realizza una cassaforma che circonda completamente l&#8217;oggetto lasciando uno spazio di 4-10 mm per contenere il silicone.<\/p><p>Per la realizzazione della cassaforma, si raccomanda l&#8217;uso di <a href=\"https:\/\/www.finres-sa.com\/it\/prodotto\/plastilina-professionale-pasta-da-modellare-di-precisione-non-indurente-per-scultura-stampaggio-e-prototipazione\/\">plastilina<\/a>, plexiglas, policarbonato, PVC o pannelli per cassaforma o del tipo b\u00e9tonflex, spesso utilizzati nella costruzione di stampi.<\/p><p>Assicurati della perfetta tenuta della cassaforma per evitare perdite.<\/p><p>Non dimenticare di fissare la base dell&#8217;oggetto da riprodurre per evitare che il silicone passi sotto e faccia galleggiare l&#8217;oggetto in superficie.<\/p><p><strong>3.miscelazione di silicone + catalizzatore<\/strong><\/p><p>In un contenitore pulito e asciutto, pesa la quantit\u00e0 di silicone necessaria e aggiungi il 5% di catalizzatore<br>(esempio: 100 g di silicone + 5 g di catalizzatore).<\/p><p>Mescola accuratamente i due componenti con una spatola fino ad ottenere un colore omogeneo.<\/p><p>In caso di miscelazione meccanica, lavora a bassa velocit\u00e0 (300-500 rpm) per 2-3 minuti, mantenendo la testa del miscelatore immersa per limitare l&#8217;incorporazione di bolle d&#8217;aria.<\/p><p><strong>4.versa il silicone<\/strong><\/p><p>Versa il silicone a filo sottile sul punto pi\u00f9 basso dello stampo.<\/p><p>\u00c8 anche possibile applicare un primo strato a pennello per coprire bene i dettagli, poi riempire il resto dello stampo secondo le esigenze dell&#8217;applicazione.<\/p><p><strong>5. polimerizzazione<\/strong><\/p><p>Lascia indurire il silicone a temperatura ambiente.<\/p><p>Lo sformo pu\u00f2 generalmente essere effettuato il giorno successivo.<\/p><p>Evita di spostare la cassaforma durante questa fase per evitare deformazioni dello stampo.<\/p><p><strong>6.Pulizia<\/strong><\/p><p>La pulizia degli strumenti pu\u00f2 essere effettuata una volta asciutto il silicone.<br>Il silicone indurito si rimuove generalmente manualmente dagli strumenti.<\/p>\t\t\t\t\t\t\t\t<\/div>\n\t\t\t\t<\/div>\n\t\t\t\t\t<\/div>\n\t\t\t\t<\/div>\n\t\t\t\t\t<\/div>\n\t\t\t\t<\/div>\n\t\t<div class=\"elementor-element elementor-element-9b315c2 e-flex e-con-boxed e-con e-parent\" data-id=\"9b315c2\" data-element_type=\"container\" data-e-type=\"container\" data-settings=\"{&quot;jet_parallax_layout_list&quot;:[],&quot;background_background&quot;:&quot;classic&quot;}\">\n\t\t\t\t\t<div class=\"e-con-inner\">\n\t\t<div class=\"elementor-element elementor-element-1dd6dcf e-grid e-con-boxed e-con e-child\" data-id=\"1dd6dcf\" data-element_type=\"container\" data-e-type=\"container\" data-settings=\"{&quot;jet_parallax_layout_list&quot;:[]}\">\n\t\t\t\t\t<div class=\"e-con-inner\">\n\t\t\t\t<div class=\"elementor-element elementor-element-e7d90cc elementor-widget elementor-widget-heading\" data-id=\"e7d90cc\" data-element_type=\"widget\" data-e-type=\"widget\" data-widget_type=\"heading.default\">\n\t\t\t\t<div class=\"elementor-widget-container\">\n\t\t\t\t\t<h2 class=\"elementor-heading-title elementor-size-large\">Caratteristiche tecniche<\/h2>\t\t\t\t<\/div>\n\t\t\t\t<\/div>\n\t\t\t\t\t<\/div>\n\t\t\t\t<\/div>\n\t\t<div class=\"elementor-element elementor-element-8dd4c4e e-grid e-con-boxed e-con e-child\" data-id=\"8dd4c4e\" data-element_type=\"container\" data-e-type=\"container\" data-settings=\"{&quot;jet_parallax_layout_list&quot;:[]}\">\n\t\t\t\t\t<div class=\"e-con-inner\">\n\t\t\t\t<div class=\"elementor-element elementor-element-eae5c10 elementor-widget elementor-widget-text-editor\" data-id=\"eae5c10\" data-element_type=\"widget\" data-e-type=\"widget\" data-widget_type=\"text-editor.default\">\n\t\t\t\t<div class=\"elementor-widget-container\">\n\t\t\t\t\t\t\t\t\t<ul data-pm-slice=\"3 5 []\"><li><p><strong>Tipo<\/strong>: silicone da colata RTV-2 a condensazione<\/p><\/li><li><p><strong>Rapporto di miscelazione<\/strong>: 5% di catalizzatore (es.: 100 g di silicone + 5 g di catalizzatore E)<\/p><\/li><li><p><strong>Aspetto<\/strong>: liquido viscoso<\/p><\/li><li><p><strong>Durezza (Shore A)<\/strong>: 20<\/p><\/li><li><p><strong>Tempo di vita in vaso a 23 \u00b0C<\/strong>:<\/p><ul><li><p>10 min con catalizzatore <strong>Fast<\/strong><\/p><\/li><li><p>30 min con catalizzatore <strong>Standard<\/strong><\/p><\/li><li><p>90 min con catalizzatore <strong>Slow<\/strong><\/p><\/li><\/ul><\/li><li><p><strong>Tempo di sformo<\/strong>:<\/p><ul><li><p>2 h con catalizzatore <strong>Fast<\/strong><\/p><\/li><li><p>6 h con catalizzatore <strong>Standard<\/strong><\/p><\/li><li><p>Minimo 24 h con catalizzatore <strong>Slow<\/strong><\/p><\/li><\/ul><\/li><li><p><strong>Viscosit\u00e0<\/strong>: 25.000 mPa\u00b7s<\/p><\/li><li><p><strong>Densit\u00e0<\/strong>: 1,14 g\/cm\u00b3<\/p><\/li><li><p><strong>Colore (non catalizzato)<\/strong>: bianco<\/p><\/li><li><p><strong>Colore con catalizzatore Fast\/Standard\/Slow<\/strong>: rosso\/malva\/blu<\/p><\/li><li><p><strong>Allungamento a rottura<\/strong>: 550%<\/p><\/li><li><p><strong>Ritiro lineare<\/strong>: &lt; 0,7%<\/p><\/li><li><p><strong>Conservazione<\/strong>: 12 mesi nella confezione originale, tra 5 \u00b0C e 25 \u00b0C<\/p><\/li><li><p><strong>Confezionamento<\/strong>: kit silicone + catalizzatore<\/p><ul><li><p>1 kg + 50 g<\/p><\/li><li><p>5 kg + 250 g<\/p><\/li><li><p>20 kg + 1 kg<\/p><\/li><\/ul><\/li><\/ul>\t\t\t\t\t\t\t\t<\/div>\n\t\t\t\t<\/div>\n\t\t\t\t\t<\/div>\n\t\t\t\t<\/div>\n\t\t\t\t\t<\/div>\n\t\t\t\t<\/div>\n\t\t<div class=\"elementor-element elementor-element-15dfb22 e-flex e-con-boxed e-con e-parent\" data-id=\"15dfb22\" data-element_type=\"container\" data-e-type=\"container\" data-settings=\"{&quot;jet_parallax_layout_list&quot;:[],&quot;background_background&quot;:&quot;classic&quot;}\">\n\t\t\t\t\t<div class=\"e-con-inner\">\n\t\t<div class=\"elementor-element elementor-element-992b6e2 e-grid e-con-boxed e-con e-child\" data-id=\"992b6e2\" data-element_type=\"container\" data-e-type=\"container\" data-settings=\"{&quot;jet_parallax_layout_list&quot;:[]}\">\n\t\t\t\t\t<div class=\"e-con-inner\">\n\t\t\t\t<div class=\"elementor-element elementor-element-6b00a28 elementor-widget elementor-widget-heading\" data-id=\"6b00a28\" data-element_type=\"widget\" data-e-type=\"widget\" data-widget_type=\"heading.default\">\n\t\t\t\t<div class=\"elementor-widget-container\">\n\t\t\t\t\t<h2 class=\"elementor-heading-title elementor-size-large\">Prodotti correlati<\/h2>\t\t\t\t<\/div>\n\t\t\t\t<\/div>\n\t\t\t\t<div class=\"elementor-element elementor-element-7244dfc elementor-widget elementor-widget-text-editor\" data-id=\"7244dfc\" data-element_type=\"widget\" data-e-type=\"widget\" data-widget_type=\"text-editor.default\">\n\t\t\t\t<div class=\"elementor-widget-container\">\n\t\t\t\t\t\t\t\t\t<ul data-pm-slice=\"3 3 []\"><li><p><a href=\"https:\/\/www.finres-sa.com\/it\/prodotto\/spray-sbloccante-universale-acmos\/\" target=\"_blank\" rel=\"noopener noreferrer\">Agente distaccante spray: <\/a>Facilita lo sformo e protegge la superficie dello stampo. Permette di evitare l&#8217;adesione del silicone su alcune superfici o materiali porosi. <\/p><\/li><li><p><a href=\"https:\/\/www.finres-sa.com\/it\/prodotto\/feingosil-thixo-silicone-policondensato\/\" target=\"_blank\" rel=\"noopener noreferrer\"><strong>Tissotropico<\/strong><\/a><strong>: <\/strong>Viene aggiunto alla miscela (A+B) per regolarne la texture. \u00c8 poi possibile applicare uno strato di silicone senza che scoli dalla superficie dello stampo. Rapporto di miscelazione: Aggiungere l&#8217;1-2% di tisso alla miscela A+B di silicone.  <\/p><\/li><li><p><a href=\"https:\/\/www.finres-sa.com\/it\/prodotto\/pigmento-universale\/\">Pigmento siliconico<\/a>: Permette di colorare la massa del silicone per facilitare l&#8217;identificazione degli stampi o per ottenere un risultato visivo specifico.<\/p><\/li><\/ul>\t\t\t\t\t\t\t\t<\/div>\n\t\t\t\t<\/div>\n\t\t\t\t\t<\/div>\n\t\t\t\t<\/div>\n\t\t\t\t\t<\/div>\n\t\t\t\t<\/div>\n\t\t<div class=\"elementor-element elementor-element-23ed659 e-flex e-con-boxed e-con e-parent\" data-id=\"23ed659\" data-element_type=\"container\" data-e-type=\"container\" data-settings=\"{&quot;jet_parallax_layout_list&quot;:[],&quot;background_background&quot;:&quot;classic&quot;}\">\n\t\t\t\t\t<div class=\"e-con-inner\">\n\t\t<div class=\"elementor-element elementor-element-10fb574 e-grid e-con-boxed e-con e-child\" data-id=\"10fb574\" data-element_type=\"container\" data-e-type=\"container\" data-settings=\"{&quot;jet_parallax_layout_list&quot;:[]}\">\n\t\t\t\t\t<div class=\"e-con-inner\">\n\t\t\t\t<div class=\"elementor-element elementor-element-40d970c elementor-widget elementor-widget-heading\" data-id=\"40d970c\" data-element_type=\"widget\" data-e-type=\"widget\" data-widget_type=\"heading.default\">\n\t\t\t\t<div class=\"elementor-widget-container\">\n\t\t\t\t\t<h2 class=\"elementor-heading-title elementor-size-large\">Sicurezza<\/h2>\t\t\t\t<\/div>\n\t\t\t\t<\/div>\n\t\t\t\t<div class=\"elementor-element elementor-element-cb2046e elementor-widget elementor-widget-text-editor\" data-id=\"cb2046e\" data-element_type=\"widget\" data-e-type=\"widget\" data-widget_type=\"text-editor.default\">\n\t\t\t\t<div class=\"elementor-widget-container\">\n\t\t\t\t\t\t\t\t\t<p data-pm-slice=\"1 1 []\">Lavora in uno spazio ben ventilato e indossa guanti protettivi. Evita il contatto prolungato con pelle e occhi. <\/p><p>Contatto con la pelle:<br>Lava accuratamente con acqua e sapone. Rimuovi e lava gli indumenti contaminati. Consulta un medico in caso di irritazione o eruzione cutanea.  <\/p><p>Contatto con gli occhi:<br>Risciacqua abbondantemente con acqua corrente per diversi minuti. Consulta un medico se l&#8217;irritazione persiste. <\/p><p>In caso di necessit\u00e0, consulta la scheda dati di sicurezza del prodotto per ottenere informazioni dettagliate sulla sua manipolazione e struttura chimica.<\/p><p>Queste raccomandazioni fanno parte delle buone pratiche per la manipolazione dei siliconi da colata.<\/p>\t\t\t\t\t\t\t\t<\/div>\n\t\t\t\t<\/div>\n\t\t\t\t\t<\/div>\n\t\t\t\t<\/div>\n\t\t\t\t\t<\/div>\n\t\t\t\t<\/div>\n\t\t\t\t<\/div>\n\t\t","protected":false},"excerpt":{"rendered":"<p data-pm-slice=\"1 1 []\">FEINGOSIL 120 \u00e8 un silicone da colata RTV-2 bicomponente a reticolazione per condensazione.<br \/>\nLa sua durezza Shore A 20 \u00e8 ideale per la realizzazione di stampi flessibili e precisi, adatti alla colata di resina, gesso o cera con sottosquadri ridotti.<\/p>\n","protected":false},"featured_media":26135,"template":"","meta":[],"product_brand":[],"product_cat":[1259,1813,1723,1493],"product_tag":[],"class_list":{"0":"post-23846","1":"product","2":"type-product","3":"status-publish","4":"has-post-thumbnail","6":"product_cat-notizie","7":"product_cat-promozioni","8":"product_cat-silicone-per-policondensazione","9":"product_cat-stampaggio-del-silicone","11":"first","12":"outofstock","13":"taxable","14":"shipping-taxable","15":"purchasable","16":"product-type-variable"},"_links":{"self":[{"href":"https:\/\/www.finres-sa.com\/it\/wp-json\/wp\/v2\/product\/23846","targetHints":{"allow":["GET"]}}],"collection":[{"href":"https:\/\/www.finres-sa.com\/it\/wp-json\/wp\/v2\/product"}],"about":[{"href":"https:\/\/www.finres-sa.com\/it\/wp-json\/wp\/v2\/types\/product"}],"version-history":[{"count":0,"href":"https:\/\/www.finres-sa.com\/it\/wp-json\/wp\/v2\/product\/23846\/revisions"}],"wp:featuredmedia":[{"embeddable":true,"href":"https:\/\/www.finres-sa.com\/it\/wp-json\/wp\/v2\/media\/26135"}],"wp:attachment":[{"href":"https:\/\/www.finres-sa.com\/it\/wp-json\/wp\/v2\/media?parent=23846"}],"wp:term":[{"taxonomy":"product_brand","embeddable":true,"href":"https:\/\/www.finres-sa.com\/it\/wp-json\/wp\/v2\/product_brand?post=23846"},{"taxonomy":"product_cat","embeddable":true,"href":"https:\/\/www.finres-sa.com\/it\/wp-json\/wp\/v2\/product_cat?post=23846"},{"taxonomy":"product_tag","embeddable":true,"href":"https:\/\/www.finres-sa.com\/it\/wp-json\/wp\/v2\/product_tag?post=23846"}],"curies":[{"name":"wp","href":"https:\/\/api.w.org\/{rel}","templated":true}]}}