{"id":23901,"date":"2024-06-14T10:02:54","date_gmt":"2024-06-14T08:02:54","guid":{"rendered":"https:\/\/www.finres-sa.com\/product\/carta-vetrata-per-il-blocco-di-levigatura\/"},"modified":"2025-12-15T11:58:23","modified_gmt":"2025-12-15T10:58:23","slug":"carta-vetrata-per-il-blocco-di-levigatura","status":"publish","type":"product","link":"https:\/\/www.finres-sa.com\/it\/prodotto\/carta-vetrata-per-il-blocco-di-levigatura\/","title":{"rendered":"CARTA ABRASIVA Per Blocco Di Levigatura"},"content":{"rendered":"\t\t<div data-elementor-type=\"product-post\" data-elementor-id=\"23901\" class=\"elementor elementor-23901 elementor-17013\" data-elementor-post-type=\"product\">\n\t\t\t\t<div class=\"elementor-element elementor-element-e3534a1 e-flex e-con-boxed e-con e-parent\" data-id=\"e3534a1\" data-element_type=\"container\" data-e-type=\"container\" data-settings=\"{&quot;jet_parallax_layout_list&quot;:[],&quot;background_background&quot;:&quot;classic&quot;}\">\n\t\t\t\t\t<div class=\"e-con-inner\">\n\t\t\t\t<div class=\"elementor-element elementor-element-a3b5a10 elementor-widget elementor-widget-heading\" data-id=\"a3b5a10\" data-element_type=\"widget\" data-e-type=\"widget\" data-widget_type=\"heading.default\">\n\t\t\t\t<div class=\"elementor-widget-container\">\n\t\t\t\t\t<h2 class=\"elementor-heading-title elementor-size-xl\">Caratteristiche<\/h2>\t\t\t\t<\/div>\n\t\t\t\t<\/div>\n\t\t\t\t<div class=\"elementor-element elementor-element-7a34847 elementor-widget elementor-widget-text-editor\" data-id=\"7a34847\" data-element_type=\"widget\" data-e-type=\"widget\" data-widget_type=\"text-editor.default\">\n\t\t\t\t<div class=\"elementor-widget-container\">\n\t\t\t\t\t\t\t\t\t<p style=\"margin: 0cm; margin-bottom: .0001pt;\"><span style=\"font-size: 11.0pt; font-family: 'Calibri',sans-serif;\">Dimensioni :<\/span> <span style=\"font-size: 11.0pt; font-family: 'Calibri',sans-serif;\">135x71cm, \u00d8 49 mm, \u00d8 73 mm, \u00d8 104 mm<\/span><\/p><p style=\"margin: 0cm; margin-bottom: .0001pt;\"><span style=\"font-size: 11.0pt; font-family: 'Calibri',sans-serif;\">2 grane: P80 ad alta abrasione\/ P150 levigante<\/span><\/p><p style=\"margin: 0cm; margin-bottom: .0001pt;\"><span style=\"font-size: 11.0pt; font-family: 'Calibri',sans-serif;\">Sistema a velcro autoagganciante per cambiare rapidamente gli abrasivi.<\/span><\/p><p style=\"margin: 0cm; margin-bottom: .0001pt;\"><span style=\"font-size: 11.0pt; font-family: 'Calibri',sans-serif;\">Compatibilit\u00e0: disco per blocco di levigatura in velcro.<\/span><\/p><p style=\"margin: 0cm; margin-bottom: .0001pt;\"><span style=\"font-size: 11.0pt; font-family: 'Calibri',sans-serif;\">Adatto alla levigatura a umido e a secco.<\/span><\/p>\t\t\t\t\t\t\t\t<\/div>\n\t\t\t\t<\/div>\n\t\t\t\t\t<\/div>\n\t\t\t\t<\/div>\n\t\t\t\t<\/div>\n\t\t","protected":false},"excerpt":{"rendered":"<p style=\"margin: 0cm; margin-bottom: .0001pt;\"><span style=\"font-size: 11pt; font-family: Calibri, sans-serif; color: #ffffff;\">Carta abrasiva per blocchi abrasivi con sistema a velcro.  <\/span><\/p>\n","protected":false},"featured_media":26248,"template":"","meta":[],"product_brand":[],"product_cat":[1632,1267,1259,1271],"product_tag":[],"class_list":{"0":"post-23901","1":"product","2":"type-product","3":"status-publish","4":"has-post-thumbnail","6":"product_cat-accessori","7":"product_cat-jesmonite-it","8":"product_cat-notizie","9":"product_cat-strumenti-e-accessori","11":"first","12":"instock","13":"taxable","14":"shipping-taxable","15":"purchasable","16":"product-type-variable"},"_links":{"self":[{"href":"https:\/\/www.finres-sa.com\/it\/wp-json\/wp\/v2\/product\/23901","targetHints":{"allow":["GET"]}}],"collection":[{"href":"https:\/\/www.finres-sa.com\/it\/wp-json\/wp\/v2\/product"}],"about":[{"href":"https:\/\/www.finres-sa.com\/it\/wp-json\/wp\/v2\/types\/product"}],"version-history":[{"count":0,"href":"https:\/\/www.finres-sa.com\/it\/wp-json\/wp\/v2\/product\/23901\/revisions"}],"wp:featuredmedia":[{"embeddable":true,"href":"https:\/\/www.finres-sa.com\/it\/wp-json\/wp\/v2\/media\/26248"}],"wp:attachment":[{"href":"https:\/\/www.finres-sa.com\/it\/wp-json\/wp\/v2\/media?parent=23901"}],"wp:term":[{"taxonomy":"product_brand","embeddable":true,"href":"https:\/\/www.finres-sa.com\/it\/wp-json\/wp\/v2\/product_brand?post=23901"},{"taxonomy":"product_cat","embeddable":true,"href":"https:\/\/www.finres-sa.com\/it\/wp-json\/wp\/v2\/product_cat?post=23901"},{"taxonomy":"product_tag","embeddable":true,"href":"https:\/\/www.finres-sa.com\/it\/wp-json\/wp\/v2\/product_tag?post=23901"}],"curies":[{"name":"wp","href":"https:\/\/api.w.org\/{rel}","templated":true}]}}