{"id":23925,"date":"2024-06-14T09:51:40","date_gmt":"2024-06-14T07:51:40","guid":{"rendered":"https:\/\/www.finres-sa.com\/product\/blocco-di-levigatura-manuale\/"},"modified":"2026-02-13T13:47:37","modified_gmt":"2026-02-13T12:47:37","slug":"blocco-di-levigatura-manuale","status":"publish","type":"product","link":"https:\/\/www.finres-sa.com\/it\/prodotto\/blocco-di-levigatura-manuale\/","title":{"rendered":"BLOCCO DI LEVIGATURA a mano"},"content":{"rendered":"\t\t<div data-elementor-type=\"product-post\" data-elementor-id=\"23925\" class=\"elementor elementor-23925 elementor-16988\" data-elementor-post-type=\"product\">\n\t\t\t\t<div class=\"elementor-element elementor-element-4261aa8 e-flex e-con-boxed e-con e-parent\" data-id=\"4261aa8\" data-element_type=\"container\" data-e-type=\"container\" data-settings=\"{&quot;jet_parallax_layout_list&quot;:[],&quot;background_background&quot;:&quot;classic&quot;}\">\n\t\t\t\t\t<div class=\"e-con-inner\">\n\t\t\t\t<div class=\"elementor-element elementor-element-5b7770e elementor-widget elementor-widget-heading\" data-id=\"5b7770e\" data-element_type=\"widget\" data-e-type=\"widget\" data-widget_type=\"heading.default\">\n\t\t\t\t<div class=\"elementor-widget-container\">\n\t\t\t\t\t<h2 class=\"elementor-heading-title elementor-size-xl\">Caratteristiche<\/h2>\t\t\t\t<\/div>\n\t\t\t\t<\/div>\n\t\t\t\t<div class=\"elementor-element elementor-element-5011c89 elementor-widget elementor-widget-text-editor\" data-id=\"5011c89\" data-element_type=\"widget\" data-e-type=\"widget\" data-widget_type=\"text-editor.default\">\n\t\t\t\t<div class=\"elementor-widget-container\">\n\t\t\t\t\t\t\t\t\t<p style=\"margin: 0cm; margin-bottom: .0001pt;\"><span style=\"font-size: 11.0pt; font-family: 'Calibri',sans-serif;\">4 misure: \u00d849mm, \u00d873mm, \u00d8104mm, 135x71mm<\/span><\/p><p style=\"margin: 0cm; margin-bottom: .0001pt;\"><span style=\"font-size: 11.0pt; font-family: 'Calibri',sans-serif;\">2 grane: P80 (alta abrasione) e P150 (levigante)<\/span><\/p><p style=\"margin: 0cm; margin-bottom: .0001pt;\"><span style=\"font-size: 11.0pt; font-family: 'Calibri',sans-serif;\">Venduto senza <a href=\"https:\/\/www.finres-sa.com\/it\/prodotto\/carta-vetrata-per-il-blocco-di-levigatura\/\"><b>carta abrasiva<\/b><\/a>  <\/span><\/p><p style=\"margin: 0cm; margin-bottom: .0001pt;\"><span style=\"font-size: 11.0pt; font-family: 'Calibri',sans-serif;\">Sistema a velcro per cambiare rapidamente gli abrasivi.<\/span><\/p>\t\t\t\t\t\t\t\t<\/div>\n\t\t\t\t<\/div>\n\t\t\t\t\t<\/div>\n\t\t\t\t<\/div>\n\t\t<div class=\"elementor-element elementor-element-c804c70 e-flex e-con-boxed e-con e-parent\" data-id=\"c804c70\" data-element_type=\"container\" data-e-type=\"container\" data-settings=\"{&quot;jet_parallax_layout_list&quot;:[],&quot;background_background&quot;:&quot;classic&quot;}\">\n\t\t\t\t\t<div class=\"e-con-inner\">\n\t\t\t\t<div class=\"elementor-element elementor-element-8ef506b elementor-widget elementor-widget-heading\" data-id=\"8ef506b\" data-element_type=\"widget\" data-e-type=\"widget\" data-widget_type=\"heading.default\">\n\t\t\t\t<div class=\"elementor-widget-container\">\n\t\t\t\t\t<h2 class=\"elementor-heading-title elementor-size-xl\">Vantaggi<\/h2>\t\t\t\t<\/div>\n\t\t\t\t<\/div>\n\t\t\t\t<div class=\"elementor-element elementor-element-8678798 elementor-widget elementor-widget-text-editor\" data-id=\"8678798\" data-element_type=\"widget\" data-e-type=\"widget\" data-widget_type=\"text-editor.default\">\n\t\t\t\t<div class=\"elementor-widget-container\">\n\t\t\t\t\t\t\t\t\t<p style=\"margin: 0cm; margin-bottom: .0001pt;\"><span style=\"font-size: 11.0pt; font-family: 'Calibri',sans-serif;\">Dimensioni: disponibile in diverse misure per soddisfare tutte le tue esigenze di levigatura.<\/span><\/p><p style=\"margin: 0cm; margin-bottom: .0001pt;\"><span style=\"font-size: 11.0pt; font-family: 'Calibri',sans-serif;\">Precisione: per una levigatura uniforme e precisa, anche nelle aree pi\u00f9 difficili da raggiungere.<\/span><\/p><p style=\"margin: 0cm; margin-bottom: .0001pt;\"><span style=\"font-size: 11.0pt; font-family: 'Calibri',sans-serif;\">Durata: progettato per resistere a un uso intensivo, garantendo una lunga durata del prodotto.<\/span><\/p><p style=\"margin: 0cm; margin-bottom: .0001pt;\"><span style=\"font-size: 11.0pt; font-family: 'Calibri',sans-serif;\">Compatibilit\u00e0: \u00e8 adatto per la levigatura a secco e a umido.<\/span><\/p><p style=\"margin: 0cm; margin-bottom: .0001pt;\"><span style=\"font-size: 11.0pt; font-family: 'Calibri',sans-serif;\">Comfort dell&#8217;utente: il design ergonomico riduce al minimo l&#8217;affaticamento della mano e ottimizza il comfort durante l&#8217;uso prolungato.<\/span><\/p>\t\t\t\t\t\t\t\t<\/div>\n\t\t\t\t<\/div>\n\t\t\t\t\t<\/div>\n\t\t\t\t<\/div>\n\t\t\t\t<\/div>\n\t\t","protected":false},"excerpt":{"rendered":"<p style=\"margin: 0cm; margin-bottom: .0001pt;\"><span style=\"font-size: 11pt; font-family: Calibri, sans-serif; color: #ffffff;\">Ergonomici e facili da usare, i blocchi di levigatura offrono una presa comoda per una precisione ottimale.<\/span><\/p>\n","protected":false},"featured_media":26325,"template":"","meta":[],"product_brand":[],"product_cat":[1632,1267,1259,1271],"product_tag":[],"class_list":{"0":"post-23925","1":"product","2":"type-product","3":"status-publish","4":"has-post-thumbnail","6":"product_cat-accessori","7":"product_cat-jesmonite-it","8":"product_cat-notizie","9":"product_cat-strumenti-e-accessori","11":"first","12":"instock","13":"taxable","14":"shipping-taxable","15":"purchasable","16":"product-type-variable"},"_links":{"self":[{"href":"https:\/\/www.finres-sa.com\/it\/wp-json\/wp\/v2\/product\/23925","targetHints":{"allow":["GET"]}}],"collection":[{"href":"https:\/\/www.finres-sa.com\/it\/wp-json\/wp\/v2\/product"}],"about":[{"href":"https:\/\/www.finres-sa.com\/it\/wp-json\/wp\/v2\/types\/product"}],"version-history":[{"count":1,"href":"https:\/\/www.finres-sa.com\/it\/wp-json\/wp\/v2\/product\/23925\/revisions"}],"predecessor-version":[{"id":36291,"href":"https:\/\/www.finres-sa.com\/it\/wp-json\/wp\/v2\/product\/23925\/revisions\/36291"}],"wp:featuredmedia":[{"embeddable":true,"href":"https:\/\/www.finres-sa.com\/it\/wp-json\/wp\/v2\/media\/26325"}],"wp:attachment":[{"href":"https:\/\/www.finres-sa.com\/it\/wp-json\/wp\/v2\/media?parent=23925"}],"wp:term":[{"taxonomy":"product_brand","embeddable":true,"href":"https:\/\/www.finres-sa.com\/it\/wp-json\/wp\/v2\/product_brand?post=23925"},{"taxonomy":"product_cat","embeddable":true,"href":"https:\/\/www.finres-sa.com\/it\/wp-json\/wp\/v2\/product_cat?post=23925"},{"taxonomy":"product_tag","embeddable":true,"href":"https:\/\/www.finres-sa.com\/it\/wp-json\/wp\/v2\/product_tag?post=23925"}],"curies":[{"name":"wp","href":"https:\/\/api.w.org\/{rel}","templated":true}]}}