{"id":23938,"date":"2024-06-07T11:17:21","date_gmt":"2024-06-07T09:17:21","guid":{"rendered":"https:\/\/www.finres-sa.com\/product\/scoperta-dellalginato-cavex\/"},"modified":"2026-03-16T16:09:21","modified_gmt":"2026-03-16T15:09:21","slug":"scoperta-dellalginato-cavex","status":"publish","type":"product","link":"https:\/\/www.finres-sa.com\/it\/prodotto\/scoperta-dellalginato-cavex\/","title":{"rendered":"CAVEX Alginate Scoperta"},"content":{"rendered":"\t\t<div data-elementor-type=\"product-post\" data-elementor-id=\"23938\" class=\"elementor elementor-23938 elementor-16793\" data-elementor-post-type=\"product\">\n\t\t\t\t<div class=\"elementor-element elementor-element-3a7cde32 e-flex e-con-boxed e-con e-parent\" data-id=\"3a7cde32\" data-element_type=\"container\" data-e-type=\"container\" data-settings=\"{&quot;jet_parallax_layout_list&quot;:[]}\">\n\t\t\t\t\t<div class=\"e-con-inner\">\n\t\t\t\t<div class=\"elementor-element elementor-element-10d221aa elementor-widget elementor-widget-text-editor\" data-id=\"10d221aa\" data-element_type=\"widget\" data-e-type=\"widget\" data-widget_type=\"text-editor.default\">\n\t\t\t\t<div class=\"elementor-widget-container\">\n\t\t\t\t\t\t\t\t\t<p data-pm-slice=\"1 1 []\"><span style=\"color: #233c74;\">Cavex CleverCast Premium Alginate si basa su una combinazione unica di ingredienti di altissima qualit\u00e0 per offrire un&#8217;eccellente riproduzione del corpo, di oggetti delicati o di materiali organici (frutta, piante, ecc.).<\/span><\/p><p><span style=\"color: #233c74;\">L&#8217;alginato per stampi \u00e8 un polimero idrofilo derivato da alghe marine essiccate e macinate.<\/span><\/p><p><span style=\"color: #233c74;\">Si presenta sotto forma di una polvere fine e grigia che si mescola con l&#8217;acqua. A contatto con l&#8217;acqua, l&#8217;alginato si addensa lentamente e si gelifica. La pasta risultante \u00e8 atossica, ipoallergenica e sicura da applicare direttamente sulla pelle.  <\/span><\/p><p><span style=\"color: #233c74;\">L&#8217;alginato \u00e8 facile da usare e, grazie al suo rapido tempo di lavorazione, pu\u00f2 essere utilizzato per creare uno stampo in pochi minuti, che si tratti della mano o del piede del tuo bambino, dell&#8217;impronta del tuo animale domestico o semplicemente di fragili oggetti di uso quotidiano.<\/span><\/p><p><span style=\"color: #233c74;\">Simile all&#8217;alginato rosa, l&#8217;alginato Cavex diventa verde a contatto con l&#8217;acqua e sprigiona un delizioso profumo di menta.<\/span><\/p><p><span style=\"color: #233c74;\">Affrettati, aggiungilo al carrello e provalo.<\/span><\/p>\t\t\t\t\t\t\t\t<\/div>\n\t\t\t\t<\/div>\n\t\t\t\t\t<\/div>\n\t\t\t\t<\/div>\n\t\t<div class=\"elementor-element elementor-element-2d17708 e-flex e-con-boxed e-con e-parent\" data-id=\"2d17708\" data-element_type=\"container\" data-e-type=\"container\" data-settings=\"{&quot;jet_parallax_layout_list&quot;:[],&quot;background_background&quot;:&quot;classic&quot;}\">\n\t\t\t\t\t<div class=\"e-con-inner\">\n\t\t\t\t<div class=\"elementor-element elementor-element-1730abd elementor-widget elementor-widget-heading\" data-id=\"1730abd\" data-element_type=\"widget\" data-e-type=\"widget\" data-widget_type=\"heading.default\">\n\t\t\t\t<div class=\"elementor-widget-container\">\n\t\t\t\t\t<h2 class=\"elementor-heading-title elementor-size-xl\">Caratteristiche tecniche<\/h2>\t\t\t\t<\/div>\n\t\t\t\t<\/div>\n\t\t\t\t<div class=\"elementor-element elementor-element-0fa58e6 elementor-widget elementor-widget-text-editor\" data-id=\"0fa58e6\" data-element_type=\"widget\" data-e-type=\"widget\" data-widget_type=\"text-editor.default\">\n\t\t\t\t<div class=\"elementor-widget-container\">\n\t\t\t\t\t\t\t\t\t<p data-pm-slice=\"1 1 []\">Disponibile in 2 tempi di regolazione: normale = 3\u2032 e lento = 7\u2032.  <strong>          <\/strong><\/p><p>Rapporto di miscelazione flessibile<\/p><p>Consistenza della crema<\/p><p>Precisione molto elevata<\/p><p>Pu\u00f2 essere applicato su tutte le parti del corpo<\/p><p>Compatibile con gesso e resina PU F23<\/p><p>Colore: grigio in polvere, verde a contatto con l&#8217;acqua.<\/p><p>Non tossico e anallergico<\/p>\t\t\t\t\t\t\t\t<\/div>\n\t\t\t\t<\/div>\n\t\t\t\t\t<\/div>\n\t\t\t\t<\/div>\n\t\t<div class=\"elementor-element elementor-element-7e9ea5e e-flex e-con-boxed e-con e-parent\" data-id=\"7e9ea5e\" data-element_type=\"container\" data-e-type=\"container\" data-settings=\"{&quot;jet_parallax_layout_list&quot;:[],&quot;background_background&quot;:&quot;classic&quot;}\">\n\t\t\t\t\t<div class=\"e-con-inner\">\n\t\t\t\t<div class=\"elementor-element elementor-element-6b096b2 elementor-widget elementor-widget-heading\" data-id=\"6b096b2\" data-element_type=\"widget\" data-e-type=\"widget\" data-widget_type=\"heading.default\">\n\t\t\t\t<div class=\"elementor-widget-container\">\n\t\t\t\t\t<h2 class=\"elementor-heading-title elementor-size-xl\">Miscelazione e applicazione<\/h2>\t\t\t\t<\/div>\n\t\t\t\t<\/div>\n\t\t\t\t<div class=\"elementor-element elementor-element-518d328 elementor-widget elementor-widget-text-editor\" data-id=\"518d328\" data-element_type=\"widget\" data-e-type=\"widget\" data-widget_type=\"text-editor.default\">\n\t\t\t\t<div class=\"elementor-widget-container\">\n\t\t\t\t\t\t\t\t\t<p><strong>1.Preparazione<\/strong><\/p><p>Prepara l&#8217;oggetto o la superficie da modellare, assicurandoti che sia pulita.<\/p><p>L&#8217;applicazione sulla pelle molto pelosa richiede una protezione, quindi ricopri le aree interessate con gelatina di petrolio per facilitarne la rimozione.<\/p><p><strong>2.rapporto di miscelazione<\/strong><\/p><p>Rapporto di miscelazione flessibile, prepara la quantit\u00e0 necessaria in base alle dimensioni dell&#8217;oggetto da modellare.<\/p><p>Piccole stampe: 1 parte di polvere per 1 o 2 parti di acqua<\/p><p>Stampe di grandi dimensioni: 1 parte di polvere per 3 o 4 parti di acqua<\/p><p><strong>3.miscelazione<\/strong><\/p><p>Misura la quantit\u00e0 d&#8217;acqua necessaria e versa 1\/3 della polvere.<\/p><p>Mescola bene il primo impasto prima di aggiungere i restanti 2\/3 della polvere. La miscelazione pu\u00f2 essere effettuata a mano o con uno strumento meccanico. Il tempo di miscelazione dipende dal metodo scelto, ma in ogni caso \u00e8 importante ottenere una soluzione priva di grumi. <\/p><p>Quando il composto \u00e8 perfettamente omogeneo, l&#8217;alginato \u00e8 pronto per essere utilizzato.<\/p><p>Il tempo di lavorazione dipender\u00e0 tanto dalla scelta dell&#8217;alginato quanto dalla temperatura dell&#8217;acqua: pi\u00f9 \u00e8 calda, pi\u00f9 velocemente si solidificher\u00e0.<\/p><p><strong>4.stampaggio<\/strong><\/p><p>Immergi l&#8217;oggetto da riprodurre per qualche minuto. Quando si solidifica, rimuovilo con attenzione. <\/p><p>L&#8217;alginato pu\u00f2 essere applicato in strati successivi sul viso o su qualsiasi superficie a tua scelta.<\/p><p>In questo caso, sar\u00e0 necessario realizzare un guscio di gesso per sostenerlo.<\/p><p>Per farlo, utilizza delle strisce di gesso, tagliate da te alla lunghezza desiderata.<\/p><p>Dopo averle inumidite, applicale direttamente sull&#8217;alginato gelificato e ripeti l&#8217;operazione fino a ottenere un guscio sufficientemente solido.<\/p><p><strong>5.Prise<\/strong><\/p><p>Lascia indurire l&#8217;alginato: il tempo di indurimento varia a seconda del tipo di alginato utilizzato, in genere \u00e8 compreso tra i 3 e i 5 minuti. Saprai che l&#8217;alginato si \u00e8 solidificato quando diventa solido ed elastico al tatto; a quel punto potrai rimuovere delicatamente l&#8217;oggetto o la parte del corpo dallo stampo. <\/p><p><strong>6.utilizzo dello stampo<\/strong><\/p><p>Utilizza lo stampo immediatamente o entro poche ore, poich\u00e9 l&#8217;acqua evaporer\u00e0 e lo stampo si restringer\u00e0 lentamente.<\/p><p>Pi\u00f9 lo stampo \u00e8 vicino a una fonte di calore, pi\u00f9 veloce sar\u00e0 l&#8217;evaporazione.<\/p><p>Le stampe possono essere realizzate in <a href=\"https:\/\/www.finres-sa.com\/it\/prodotto\/intonaco-per-modellare-calcast-100\/\" target=\"_blank\" rel=\"noopener noreferrer\">gesso da modellare<\/a>,<a href=\"https:\/\/www.finres-sa.com\/it\/prodotto\/intonaco-ceramico-g-super\/\" target=\"_blank\" rel=\"noopener noreferrer\"> gesso <\/a><a href=\"https:\/\/www.finres-sa.com\/it\/prodotto\/gesso-sintetico-g-350-20\/\" target=\"_blank\" rel=\"noopener noreferrer\">sintetico,<\/a> cera o con la nostra <a href=\"https:\/\/www.finres-sa.com\/it\/prodotto\/fast-cast-axson-f23-7-8min-kit\/\" target=\"_blank\" rel=\"noopener noreferrer\">resina poliuretanica F23.<\/a><\/p><p><strong>7 Sformatura<\/strong><\/p><p>Apri delicatamente lo stampo di alginato per rilasciare la prova.<\/p><p>Lo stampo non \u00e8 riutilizzabile.<\/p><p><strong>8.deposito<\/strong><\/p><p>Conservalo in un luogo asciutto per 3 anni.<\/p>\t\t\t\t\t\t\t\t<\/div>\n\t\t\t\t<\/div>\n\t\t\t\t\t<\/div>\n\t\t\t\t<\/div>\n\t\t\t\t<\/div>\n\t\t","protected":false},"excerpt":{"rendered":"<p data-pm-slice=\"1 1 []\"><span style=\"color: #ffffff;\">L&#8217;alginato per stampi \u00e8 un prodotto naturale adatto a tutte le impronte del corpo. Mescolata con acqua, questa polvere d&#8217;alga riproduce perfettamente i dettagli. Le prove possono poi essere stampate in gesso da modellare, gesso sintetico, cera o la nostra resina poliuretanica F23.<\/span><\/p>\n","protected":false},"featured_media":26337,"template":"","meta":[],"product_brand":[],"product_cat":[1259,1813,1243,1655],"product_tag":[],"class_list":{"0":"post-23938","1":"product","2":"type-product","3":"status-publish","4":"has-post-thumbnail","6":"product_cat-notizie","7":"product_cat-promozioni","8":"product_cat-stampaggio-e-silicone","9":"product_cat-stampaggio-su-pelle","11":"first","12":"instock","13":"taxable","14":"shipping-taxable","15":"purchasable","16":"product-type-variable"},"_links":{"self":[{"href":"https:\/\/www.finres-sa.com\/it\/wp-json\/wp\/v2\/product\/23938","targetHints":{"allow":["GET"]}}],"collection":[{"href":"https:\/\/www.finres-sa.com\/it\/wp-json\/wp\/v2\/product"}],"about":[{"href":"https:\/\/www.finres-sa.com\/it\/wp-json\/wp\/v2\/types\/product"}],"version-history":[{"count":2,"href":"https:\/\/www.finres-sa.com\/it\/wp-json\/wp\/v2\/product\/23938\/revisions"}],"predecessor-version":[{"id":37257,"href":"https:\/\/www.finres-sa.com\/it\/wp-json\/wp\/v2\/product\/23938\/revisions\/37257"}],"wp:featuredmedia":[{"embeddable":true,"href":"https:\/\/www.finres-sa.com\/it\/wp-json\/wp\/v2\/media\/26337"}],"wp:attachment":[{"href":"https:\/\/www.finres-sa.com\/it\/wp-json\/wp\/v2\/media?parent=23938"}],"wp:term":[{"taxonomy":"product_brand","embeddable":true,"href":"https:\/\/www.finres-sa.com\/it\/wp-json\/wp\/v2\/product_brand?post=23938"},{"taxonomy":"product_cat","embeddable":true,"href":"https:\/\/www.finres-sa.com\/it\/wp-json\/wp\/v2\/product_cat?post=23938"},{"taxonomy":"product_tag","embeddable":true,"href":"https:\/\/www.finres-sa.com\/it\/wp-json\/wp\/v2\/product_tag?post=23938"}],"curies":[{"name":"wp","href":"https:\/\/api.w.org\/{rel}","templated":true}]}}