{"id":23939,"date":"2024-03-25T14:47:23","date_gmt":"2024-03-25T13:47:23","guid":{"rendered":"https:\/\/www.finres-sa.com\/product\/as40-silicone-traslucido-per-poliaddizione\/"},"modified":"2026-03-16T16:16:46","modified_gmt":"2026-03-16T15:16:46","slug":"as40-silicone-traslucido-per-poliaddizione","status":"publish","type":"product","link":"https:\/\/www.finres-sa.com\/it\/prodotto\/as40-silicone-traslucido-per-poliaddizione\/","title":{"rendered":"AS40 SILICONE POLIADDIENTE TRANSLUCENTE &#8211; Alta resistenza, alta durezza, qualit\u00e0 superiore"},"content":{"rendered":"\t\t<div data-elementor-type=\"product-post\" data-elementor-id=\"23939\" class=\"elementor elementor-23939 elementor-13835\" data-elementor-post-type=\"product\">\n\t\t\t\t<div class=\"elementor-element elementor-element-14748913 e-flex e-con-boxed e-con e-parent\" data-id=\"14748913\" data-element_type=\"container\" data-e-type=\"container\" data-settings=\"{&quot;jet_parallax_layout_list&quot;:[]}\">\n\t\t\t\t\t<div class=\"e-con-inner\">\n\t\t\t\t<div class=\"elementor-element elementor-element-2cfcffd1 elementor-widget elementor-widget-text-editor\" data-id=\"2cfcffd1\" data-element_type=\"widget\" data-e-type=\"widget\" data-widget_type=\"text-editor.default\">\n\t\t\t\t<div class=\"elementor-widget-container\">\n\t\t\t\t\t\t\t\t\t<p><span style=\"color: #233c76;\">AS 40 \u00e8 una gomma siliconica traslucida polimerizzata per addizione. I sistemi di polimerizzazione per addizione sono di altissima qualit\u00e0. Offrono un&#8217;eccellente stabilit\u00e0 dimensionale, un basso ritiro e una resistenza chimica superiore.    <\/span><\/p><p><span style=\"color: #233c76;\">La scelta di un silicone a poliaddizione \u00e8 particolarmente consigliata quando \u00e8 necessario che lo stampo resista a un numero elevato di tirature.<\/span><\/p><p><span style=\"color: #233c76;\">La sua elevata resistenza meccanica lo rende particolarmente adatto alla produzione di stampi di qualit\u00e0 industriale.<\/span><\/p><p><span style=\"color: #233c76;\">La sua base non \u00e8 tossica e si mescola facilmente con il catalizzatore corrispondente in un rapporto di miscelazione di 1:1.<\/span><\/p><p><span style=\"color: #233c76;\">Questo silicone pu\u00f2 essere utilizzato per realizzare stampi per la colata di resina poliestere, epossidica, poliuretanica, gesso, cera, ecc. e metalli a basso punto di fusione.<\/span><\/p><p><span style=\"color: #233c76;\">La loro elevata resistenza ai costituenti alcalini li rende adatti anche alla gettata di calcestruzzo.<\/span><\/p><p><span style=\"color: #233c76;\">L&#8217;AS 40 indurisce a temperatura ambiente; pi\u00f9 alta \u00e8 la temperatura ambiente, pi\u00f9 velocemente si indurisce.<\/span><\/p><p><span style=\"color: #233c76;\">Tutti i nostri siliconi della gamma &#8220;AS&#8221; possono essere addensati aggiungendo il nostro poliaddizione di silicone THIXO. La texture in pasta ottenuta pu\u00f2 essere applicata su elementi verticali utilizzando una spatola. <\/span><\/p>\t\t\t\t\t\t\t\t<\/div>\n\t\t\t\t<\/div>\n\t\t\t\t\t<\/div>\n\t\t\t\t<\/div>\n\t\t<div class=\"elementor-element elementor-element-2a56220 e-flex e-con-boxed e-con e-parent\" data-id=\"2a56220\" data-element_type=\"container\" data-e-type=\"container\" data-settings=\"{&quot;jet_parallax_layout_list&quot;:[],&quot;background_background&quot;:&quot;classic&quot;}\">\n\t\t\t\t\t<div class=\"e-con-inner\">\n\t\t<div class=\"elementor-element elementor-element-a91ffea e-grid e-con-boxed e-con e-child\" data-id=\"a91ffea\" data-element_type=\"container\" data-e-type=\"container\" data-settings=\"{&quot;jet_parallax_layout_list&quot;:[]}\">\n\t\t\t\t\t<div class=\"e-con-inner\">\n\t\t\t\t<div class=\"elementor-element elementor-element-8e8aa81 elementor-widget elementor-widget-heading\" data-id=\"8e8aa81\" data-element_type=\"widget\" data-e-type=\"widget\" data-widget_type=\"heading.default\">\n\t\t\t\t<div class=\"elementor-widget-container\">\n\t\t\t\t\t<h2 class=\"elementor-heading-title elementor-size-xl\">Caratteristiche<\/h2>\t\t\t\t<\/div>\n\t\t\t\t<\/div>\n\t\t\t\t\t<\/div>\n\t\t\t\t<\/div>\n\t\t<div class=\"elementor-element elementor-element-16b8344 e-grid e-con-boxed e-con e-child\" data-id=\"16b8344\" data-element_type=\"container\" data-e-type=\"container\" data-settings=\"{&quot;jet_parallax_layout_list&quot;:[]}\">\n\t\t\t\t\t<div class=\"e-con-inner\">\n\t\t\t\t<div class=\"elementor-element elementor-element-1cc7556 elementor-widget elementor-widget-text-editor\" data-id=\"1cc7556\" data-element_type=\"widget\" data-e-type=\"widget\" data-widget_type=\"text-editor.default\">\n\t\t\t\t<div class=\"elementor-widget-container\">\n\t\t\t\t\t\t\t\t\t<p><span style=\"color: #233c76;\">Rapporto di miscelazione: 1:1<\/span><\/p><p><span style=\"color: #233c76;\">Durezza (shore A): 40<\/span><\/p><p><span style=\"color: #233c76;\">Colore: traslucido<\/span><\/p><p><span style=\"color: #233c76;\">Durata a 25\u00b0C: 25-30&#8242;.<\/span><\/p><p><span style=\"color: #233c76;\">Tempo di polimerizzazione: 4-6h<\/span><\/p><p><span style=\"color: #233c76;\">Viscosit\u00e0 (mPa.s): 8000 \u00b1 1000<\/span><\/p><p><span style=\"color: #233c76;\">Densit\u00e0 (g\/cm\u00b3): 1,06<\/span><\/p><p><span style=\"color: #233c76;\">Resistenza alla trazione (MPa): 7,5 \u00b1 0,5<\/span><\/p><p><span style=\"color: #233c76;\">Resistenza allo strappo (N\/mm): 28\u00b12<\/span><\/p><p><span style=\"color: #233c76;\">Elasticit\u00e0 (%): 450<\/span><\/p><p><span style=\"color: #233c76;\">Contrazione (%): &lt;0,1<\/span><\/p><p><span style=\"color: #233c76;\">Conservazione: Conservare in un luogo fresco, asciutto e ben ventilato.<\/span><\/p>\t\t\t\t\t\t\t\t<\/div>\n\t\t\t\t<\/div>\n\t\t\t\t\t<\/div>\n\t\t\t\t<\/div>\n\t\t\t\t\t<\/div>\n\t\t\t\t<\/div>\n\t\t<div class=\"elementor-element elementor-element-03e6be2 e-flex e-con-boxed e-con e-parent\" data-id=\"03e6be2\" data-element_type=\"container\" data-e-type=\"container\" data-settings=\"{&quot;jet_parallax_layout_list&quot;:[],&quot;background_background&quot;:&quot;classic&quot;}\">\n\t\t\t\t\t<div class=\"e-con-inner\">\n\t\t\t\t<div class=\"elementor-element elementor-element-f5de712 elementor-widget elementor-widget-heading\" data-id=\"f5de712\" data-element_type=\"widget\" data-e-type=\"widget\" data-widget_type=\"heading.default\">\n\t\t\t\t<div class=\"elementor-widget-container\">\n\t\t\t\t\t<h2 class=\"elementor-heading-title elementor-size-xl\">Implementazione<\/h2>\t\t\t\t<\/div>\n\t\t\t\t<\/div>\n\t\t\t\t<div class=\"elementor-element elementor-element-bc35409 elementor-widget elementor-widget-text-editor\" data-id=\"bc35409\" data-element_type=\"widget\" data-e-type=\"widget\" data-widget_type=\"text-editor.default\">\n\t\t\t\t<div class=\"elementor-widget-container\">\n\t\t\t\t\t\t\t\t\t<p><span style=\"color: #233c76;\">In un contenitore pulito e asciutto, pesa la quantit\u00e0 di silicone necessaria e calcola un&#8217;aggiunta di catalizzatore 1:1 (ad esempio: 100 g di base + 100 g di catalizzatore).<\/span><\/p><p><span style=\"color: #233c76;\">Utilizzando una spatola, mescola accuratamente i due componenti fino a ottenere una pasta omogenea. Utilizzando un mixer meccanico, mantieni una bassa velocit\u00e0 (da 300 a 500 giri al minuto) per 2 o 3 minuti e mantieni la testa del mixer nel silicone per limitare l&#8217;incorporazione di bolle d&#8217;aria. <\/span><\/p><p><span style=\"color: #233c76;\">Dopo aver controllato che la cassaforma sia a tenuta stagna, versa la miscela di silicone sul modello da riprodurre.<\/span><\/p><p><span style=\"color: #233c76;\">Punta al punto pi\u00f9 basso e versa il silicone in una vena sottile.<\/span><\/p><p><span style=\"color: #233c76;\">Il primo strato pu\u00f2 essere applicato direttamente con un pennello, poi si pu\u00f2 riempire il resto dello stampo.<\/span><\/p><p><span style=\"color: #233c76;\">La preparazione al vuoto \u00e8 possibile a una pressione di 0,85 bar per un massimo di 3&#8242;.<\/span><\/p><p><span style=\"color: #233c76;\">La sformatura pu\u00f2 avvenire dopo +\/- 6 ore di indurimento a temperatura ambiente. Pi\u00f9 tempo si aspetta prima di sformare, pi\u00f9 tempo avr\u00e0 avuto il silicone per raggiungere le sue propriet\u00e0 meccaniche ottimali. Nel caso di una colata di metallo a basso punto di fusione, si consiglia una post-cura.  <\/span><\/p>\t\t\t\t\t\t\t\t<\/div>\n\t\t\t\t<\/div>\n\t\t\t\t\t<\/div>\n\t\t\t\t<\/div>\n\t\t<div class=\"elementor-element elementor-element-df67aa1 e-flex e-con-boxed e-con e-parent\" data-id=\"df67aa1\" data-element_type=\"container\" data-e-type=\"container\" data-settings=\"{&quot;jet_parallax_layout_list&quot;:[],&quot;background_background&quot;:&quot;classic&quot;}\">\n\t\t\t\t\t<div class=\"e-con-inner\">\n\t\t\t\t<div class=\"elementor-element elementor-element-3bc781c elementor-widget elementor-widget-heading\" data-id=\"3bc781c\" data-element_type=\"widget\" data-e-type=\"widget\" data-widget_type=\"heading.default\">\n\t\t\t\t<div class=\"elementor-widget-container\">\n\t\t\t\t\t<h2 class=\"elementor-heading-title elementor-size-xl\">Sicurezza<\/h2>\t\t\t\t<\/div>\n\t\t\t\t<\/div>\n\t\t\t\t<div class=\"elementor-element elementor-element-6c588f1 elementor-widget elementor-widget-text-editor\" data-id=\"6c588f1\" data-element_type=\"widget\" data-e-type=\"widget\" data-widget_type=\"text-editor.default\">\n\t\t\t\t<div class=\"elementor-widget-container\">\n\t\t\t\t\t\t\t\t\t<p><span style=\"color: #233c76;\">Lava le mani e le altre aree esposte con acqua e sapone neutro prima di mangiare, bere o fumare e quando esci dall&#8217;area di lavoro.<\/span><\/p><p><span style=\"color: #233c76;\">Le schede di sicurezza sono disponibili su richiesta.<\/span><\/p>\t\t\t\t\t\t\t\t<\/div>\n\t\t\t\t<\/div>\n\t\t\t\t\t<\/div>\n\t\t\t\t<\/div>\n\t\t\t\t<\/div>\n\t\t","protected":false},"excerpt":{"rendered":"<p><span style=\"color: #ffffff;\">AS 40 \u00e8 una gomma siliconica ad indurimento per addizione. Questo elastomero traslucido di alta qualit\u00e0 offre un&#8217;eccellente fluidit\u00e0 e un&#8217;elevata precisione nella riproduzione dei dettagli. <\/span><\/p>\n<p><span style=\"color: #ffffff;\">Eccellente stabilit\u00e0 dimensionale, basso ritiro, facile miscelazione con un rapporto 1:1, rapido indurimento, eccezionale resistenza alla temperatura, all&#8217;invecchiamento e alla lacerazione.<\/span><\/p>\n","protected":false},"featured_media":23948,"template":"","meta":[],"product_brand":[],"product_cat":[1719,1493],"product_tag":[1246,1303,1286,1304,1306,1305,1284,1285,1247,1307],"class_list":{"0":"post-23939","1":"product","2":"type-product","3":"status-publish","4":"has-post-thumbnail","6":"product_cat-silicone-platino-poliaddizione","7":"product_cat-stampaggio-del-silicone","8":"product_tag-decorazione","9":"product_tag-ecologico","10":"product_tag-finezza","11":"product_tag-jesmonite-it","12":"product_tag-kit-it","13":"product_tag-mostra","14":"product_tag-rigido","15":"product_tag-scultura","16":"product_tag-stampaggio","17":"product_tag-stratificazione","19":"first","20":"instock","21":"taxable","22":"shipping-taxable","23":"purchasable","24":"product-type-variable"},"_links":{"self":[{"href":"https:\/\/www.finres-sa.com\/it\/wp-json\/wp\/v2\/product\/23939","targetHints":{"allow":["GET"]}}],"collection":[{"href":"https:\/\/www.finres-sa.com\/it\/wp-json\/wp\/v2\/product"}],"about":[{"href":"https:\/\/www.finres-sa.com\/it\/wp-json\/wp\/v2\/types\/product"}],"version-history":[{"count":1,"href":"https:\/\/www.finres-sa.com\/it\/wp-json\/wp\/v2\/product\/23939\/revisions"}],"predecessor-version":[{"id":36298,"href":"https:\/\/www.finres-sa.com\/it\/wp-json\/wp\/v2\/product\/23939\/revisions\/36298"}],"wp:featuredmedia":[{"embeddable":true,"href":"https:\/\/www.finres-sa.com\/it\/wp-json\/wp\/v2\/media\/23948"}],"wp:attachment":[{"href":"https:\/\/www.finres-sa.com\/it\/wp-json\/wp\/v2\/media?parent=23939"}],"wp:term":[{"taxonomy":"product_brand","embeddable":true,"href":"https:\/\/www.finres-sa.com\/it\/wp-json\/wp\/v2\/product_brand?post=23939"},{"taxonomy":"product_cat","embeddable":true,"href":"https:\/\/www.finres-sa.com\/it\/wp-json\/wp\/v2\/product_cat?post=23939"},{"taxonomy":"product_tag","embeddable":true,"href":"https:\/\/www.finres-sa.com\/it\/wp-json\/wp\/v2\/product_tag?post=23939"}],"curies":[{"name":"wp","href":"https:\/\/api.w.org\/{rel}","templated":true}]}}