{"id":23988,"date":"2024-03-22T10:30:36","date_gmt":"2024-03-22T09:30:36","guid":{"rendered":"https:\/\/www.finres-sa.com\/product\/glassroxx-metallico-150g\/"},"modified":"2026-03-19T15:17:28","modified_gmt":"2026-03-19T14:17:28","slug":"glassroxx-metallico-150g","status":"publish","type":"product","link":"https:\/\/www.finres-sa.com\/it\/prodotto\/glassroxx-metallico-150g\/","title":{"rendered":"GLASSROXX &#8211; Metallico 150g"},"content":{"rendered":"\t\t<div data-elementor-type=\"product-post\" data-elementor-id=\"23988\" class=\"elementor elementor-23988 elementor-13654\" data-elementor-post-type=\"product\">\n\t\t\t\t<div class=\"elementor-element elementor-element-38a9ba8 e-flex e-con-boxed e-con e-parent\" data-id=\"38a9ba8\" data-element_type=\"container\" data-e-type=\"container\" data-settings=\"{&quot;jet_parallax_layout_list&quot;:[]}\">\n\t\t\t\t\t<div class=\"e-con-inner\">\n\t\t\t\t<div class=\"elementor-element elementor-element-7453465 elementor-widget elementor-widget-text-editor\" data-id=\"7453465\" data-element_type=\"widget\" data-e-type=\"widget\" data-widget_type=\"text-editor.default\">\n\t\t\t\t<div class=\"elementor-widget-container\">\n\t\t\t\t\t\t\t\t\t<p><span style=\"color: #233c76;\">Le Glassroxx sono perle di vetro realizzate interamente con vetro riciclato. Colorate con pigmenti organici sostenibili a base d&#8217;acqua, aggiungono una dimensione accattivante anche ai progetti pi\u00f9 creativi. <\/span><\/p><p><span style=\"color: #233c76;\">Questo prodotto ha un ciclo di vita completamente circolare, offrendo un&#8217;ottima alternativa ai glitter meno ecologici.<\/span><\/p><p><span style=\"color: #233c76;\">Sia che vengano utilizzate nella creazione di gioielli, nella decorazione di interni, nella scultura o nell&#8217;arte della resina, le perle di vetro offrono infinite possibilit\u00e0 di sperimentazione e personalizzazione. La trasparenza e la rifrazione della luce creano un gioco dinamico di riflessi che aggiunge profondit\u00e0 e brillantezza all&#8217;opera finale. <\/span><\/p><p><span style=\"color: #233c76;\">Non solo belle! Oltre al loro fascino estetico, le perle di vetro infuse nella resina contribuiscono all&#8217;integrit\u00e0 strutturale del prodotto finito. In questo modo le tue creazioni diventano pi\u00f9 resistenti e durevoli.  <\/span><\/p>\t\t\t\t\t\t\t\t<\/div>\n\t\t\t\t<\/div>\n\t\t\t\t\t<\/div>\n\t\t\t\t<\/div>\n\t\t<div class=\"elementor-element elementor-element-e04864a e-flex e-con-boxed e-con e-parent\" data-id=\"e04864a\" data-element_type=\"container\" data-e-type=\"container\" data-settings=\"{&quot;jet_parallax_layout_list&quot;:[],&quot;background_background&quot;:&quot;classic&quot;}\">\n\t\t\t\t\t<div class=\"e-con-inner\">\n\t\t<div class=\"elementor-element elementor-element-9d2be33 e-grid e-con-boxed e-con e-child\" data-id=\"9d2be33\" data-element_type=\"container\" data-e-type=\"container\" data-settings=\"{&quot;jet_parallax_layout_list&quot;:[]}\">\n\t\t\t\t\t<div class=\"e-con-inner\">\n\t\t<div class=\"elementor-element elementor-element-a4f475a e-con-full e-flex e-con e-child\" data-id=\"a4f475a\" data-element_type=\"container\" data-e-type=\"container\" data-settings=\"{&quot;jet_parallax_layout_list&quot;:[]}\">\n\t\t\t\t<div class=\"elementor-element elementor-element-2237723 elementor-widget elementor-widget-heading\" data-id=\"2237723\" data-element_type=\"widget\" data-e-type=\"widget\" data-widget_type=\"heading.default\">\n\t\t\t\t<div class=\"elementor-widget-container\">\n\t\t\t\t\t<h2 class=\"elementor-heading-title elementor-size-large\">Caract\u00e9ristiques<\/h2>\t\t\t\t<\/div>\n\t\t\t\t<\/div>\n\t\t\t\t<div class=\"elementor-element elementor-element-8fabfc2 elementor-widget elementor-widget-text-editor\" data-id=\"8fabfc2\" data-element_type=\"widget\" data-e-type=\"widget\" data-widget_type=\"text-editor.default\">\n\t\t\t\t<div class=\"elementor-widget-container\">\n\t\t\t\t\t\t\t\t\t<p>10 coloris<\/p><p>Produit circulaire<\/p><p>Inoffensif pour la sant\u00e9<\/p><p>Non coupant<\/p><p>Compatible avec la\u00a0 jesmonite, les r\u00e9sines acryliques et \u00a0synth\u00e9tiques<\/p>\t\t\t\t\t\t\t\t<\/div>\n\t\t\t\t<\/div>\n\t\t\t\t<\/div>\n\t\t<div class=\"elementor-element elementor-element-1ba82ee e-con-full e-flex e-con e-child\" data-id=\"1ba82ee\" data-element_type=\"container\" data-e-type=\"container\" data-settings=\"{&quot;jet_parallax_layout_list&quot;:[]}\">\n\t\t\t\t<div class=\"elementor-element elementor-element-86cafff elementor-widget elementor-widget-heading\" data-id=\"86cafff\" data-element_type=\"widget\" data-e-type=\"widget\" data-widget_type=\"heading.default\">\n\t\t\t\t<div class=\"elementor-widget-container\">\n\t\t\t\t\t<h2 class=\"elementor-heading-title elementor-size-large\">Mise en oeuvre<\/h2>\t\t\t\t<\/div>\n\t\t\t\t<\/div>\n\t\t\t\t<div class=\"elementor-element elementor-element-d46cdf4 elementor-widget elementor-widget-text-editor\" data-id=\"d46cdf4\" data-element_type=\"widget\" data-e-type=\"widget\" data-widget_type=\"text-editor.default\">\n\t\t\t\t<div class=\"elementor-widget-container\">\n\t\t\t\t\t\t\t\t\t<p>Choisissez la r\u00e9sine adapt\u00e9e \u00e0 votre projet et suivez les recommandations du fabricant pour le\u00a0 ratio de m\u00e9lange avec son durcisseur.<\/p><p>Ajoutez\u00a0 les glassroxx dans la r\u00e9sine puis m\u00e9langez d\u00e9licatement afin de limiter l&#8217;incorporation de bulles d&#8217;air.<\/p><p>Versez le m\u00e9lange dans votre moule ou sur la surface de travail.<\/p><p>Laissez s\u00e9cher et durcir selon le temps recommand\u00e9.<\/p><p>D\u00e9moulez ou finalisez votre cr\u00e9ation selon vos pr\u00e9f\u00e9rences:<\/p><p>Employ\u00e9 avec de la \u00a0jesmonite, la surface devra \u00eatre ponc\u00e9e pour r\u00e9veler la pr\u00e9sence des glassroxx et l&#8217;utilisation d&#8217;une protection brillante rehaussera l&#8217;intensit\u00e9 de ses couleurs.<\/p><p>Nettoyage: Il est n\u00e9cessaire de pr\u00e9-laver vos accessoires\u00a0 dans un seau \u00e0 part\u00a0 afin d\u2019\u00e9viter d&#8217;obstruer vos canalisations.<\/p>\t\t\t\t\t\t\t\t<\/div>\n\t\t\t\t<\/div>\n\t\t\t\t<\/div>\n\t\t\t\t\t<\/div>\n\t\t\t\t<\/div>\n\t\t\t\t\t<\/div>\n\t\t\t\t<\/div>\n\t\t\t\t<\/div>\n\t\t","protected":false},"excerpt":{"rendered":"<p><span style=\"color: #ffffff;\">Le Glassroxx sono perle di vetro realizzate interamente in vetro riciclato, con un&#8217;ampia gamma di colori derivati da pigmenti organici sostenibili a base d&#8217;acqua.<\/span><\/p>\n<p><span style=\"color: #ffffff;\">L&#8217;aggiunta di perle di vetro alla resina crea una finitura bellissima e unica per una variet\u00e0 di progetti creativi, come gioielli, opere d&#8217;arte e altri oggetti decorativi.<\/span><\/p>\n","protected":false},"featured_media":24001,"template":"","meta":[],"product_brand":[],"product_cat":[1267,1259,1244,1613],"product_tag":[],"class_list":{"0":"post-23988","1":"product","2":"type-product","3":"status-publish","4":"has-post-thumbnail","6":"product_cat-jesmonite-it","7":"product_cat-notizie","8":"product_cat-pigmenti-e-additivi","9":"product_cat-pigmenti-e-riempitivi","11":"first","12":"instock","13":"taxable","14":"shipping-taxable","15":"purchasable","16":"product-type-variable"},"_links":{"self":[{"href":"https:\/\/www.finres-sa.com\/it\/wp-json\/wp\/v2\/product\/23988","targetHints":{"allow":["GET"]}}],"collection":[{"href":"https:\/\/www.finres-sa.com\/it\/wp-json\/wp\/v2\/product"}],"about":[{"href":"https:\/\/www.finres-sa.com\/it\/wp-json\/wp\/v2\/types\/product"}],"version-history":[{"count":2,"href":"https:\/\/www.finres-sa.com\/it\/wp-json\/wp\/v2\/product\/23988\/revisions"}],"predecessor-version":[{"id":37729,"href":"https:\/\/www.finres-sa.com\/it\/wp-json\/wp\/v2\/product\/23988\/revisions\/37729"}],"wp:featuredmedia":[{"embeddable":true,"href":"https:\/\/www.finres-sa.com\/it\/wp-json\/wp\/v2\/media\/24001"}],"wp:attachment":[{"href":"https:\/\/www.finres-sa.com\/it\/wp-json\/wp\/v2\/media?parent=23988"}],"wp:term":[{"taxonomy":"product_brand","embeddable":true,"href":"https:\/\/www.finres-sa.com\/it\/wp-json\/wp\/v2\/product_brand?post=23988"},{"taxonomy":"product_cat","embeddable":true,"href":"https:\/\/www.finres-sa.com\/it\/wp-json\/wp\/v2\/product_cat?post=23988"},{"taxonomy":"product_tag","embeddable":true,"href":"https:\/\/www.finres-sa.com\/it\/wp-json\/wp\/v2\/product_tag?post=23988"}],"curies":[{"name":"wp","href":"https:\/\/api.w.org\/{rel}","templated":true}]}}