{"id":24013,"date":"2024-02-16T10:16:25","date_gmt":"2024-02-16T09:16:25","guid":{"rendered":"https:\/\/www.finres-sa.com\/product\/stucco-per-metalli-ac\/"},"modified":"2025-12-15T13:06:38","modified_gmt":"2025-12-15T12:06:38","slug":"stucco-per-metalli-ac","status":"publish","type":"product","link":"https:\/\/www.finres-sa.com\/it\/prodotto\/stucco-per-metalli-ac\/","title":{"rendered":"JESMONITE\u00ae AC Metal Filler"},"content":{"rendered":"\t\t<div data-elementor-type=\"product-post\" data-elementor-id=\"24013\" class=\"elementor elementor-24013 elementor-12472\" data-elementor-post-type=\"product\">\n\t\t\t\t<div class=\"elementor-element elementor-element-71c6147 e-flex e-con-boxed e-con e-parent\" data-id=\"71c6147\" data-element_type=\"container\" data-e-type=\"container\" data-settings=\"{&quot;jet_parallax_layout_list&quot;:[]}\">\n\t\t\t\t\t<div class=\"e-con-inner\">\n\t\t\t\t<div class=\"elementor-element elementor-element-d9891b4 elementor-widget elementor-widget-text-editor\" data-id=\"d9891b4\" data-element_type=\"widget\" data-e-type=\"widget\" data-widget_type=\"text-editor.default\">\n\t\t\t\t<div class=\"elementor-widget-container\">\n\t\t\t\t\t\t\t\t\t<p><span style=\"color: #233c76;\">Il Metal Filler \u00e8 una polvere metallica composta da particelle metalliche finemente macinate.<\/span><\/p><p><span style=\"color: #233c76;\">Viene utilizzato come materiale fondamentale in diversi processi industriali, tecniche di produzione e tecnologie emergenti.<\/span><\/p><p><span style=\"color: #233c76;\">Il Metal Filler \u00e8 disponibile in una gamma di 3 colori: rame, bronzo e ottone.<\/span><\/p><p><span style=\"color: #233c76;\">Uno dei principali vantaggi del Metal Filler \u00e8 la sua capacit\u00e0 di simulare l&#8217;aspetto e le propriet\u00e0 del metallo solido senza i vincoli dei metodi tradizionali di lavorazione dei metalli.<\/span><\/p><p><span style=\"color: #233c76;\">La polvere di metallo \u00e8 apprezzata anche da artisti, designer e hobbisti per la sua capacit\u00e0 di offrire un&#8217;alternativa economica ai metodi tradizionali e per la sua capacit\u00e0 di consentire la creazione di modelli complessi e dettagliati che sarebbero difficili da realizzare con il metallo solido.<\/span><\/p><p><span style=\"color: #233c76;\">Il Metal Filler, mescolato con la resina, forma una miscela omogenea che pu\u00f2 essere utilizzata in una variet\u00e0 di processi di stampa e stampaggio 3D, consentendo la creazione di prototipi funzionali, gioielli complessi o componenti industriali.<\/span><\/p><p><span style=\"color: #233c76;\">La scelta di una polvere metallica specifica dipende dalle propriet\u00e0 e dalle applicazioni richieste, come la conduttivit\u00e0, la resistenza alla corrosione, la resistenza al calore o la forza meccanica.<\/span><\/p><p><span style=\"color: #233c76;\">Gli oggetti risultanti hanno la lucentezza del metallo e devono essere trattati con la lucidatura o altre tecniche di finitura per ottenere la lucentezza desiderata.<\/span><\/p><p> <\/p><p><span style=\"color: #233c76;\">Nota: l&#8217;effetto del metallo sar\u00e0 pi\u00f9 evidente se inizi con una resina trasparente piuttosto che con una resina acrilica bianca<\/span>.<\/p>\t\t\t\t\t\t\t\t<\/div>\n\t\t\t\t<\/div>\n\t\t\t\t\t<\/div>\n\t\t\t\t<\/div>\n\t\t<div class=\"elementor-element elementor-element-306cefc e-flex e-con-boxed e-con e-parent\" data-id=\"306cefc\" data-element_type=\"container\" data-e-type=\"container\" data-settings=\"{&quot;jet_parallax_layout_list&quot;:[],&quot;background_background&quot;:&quot;classic&quot;}\">\n\t\t\t\t\t<div class=\"e-con-inner\">\n\t\t<div class=\"elementor-element elementor-element-c555859 e-grid e-con-boxed e-con e-child\" data-id=\"c555859\" data-element_type=\"container\" data-e-type=\"container\" data-settings=\"{&quot;jet_parallax_layout_list&quot;:[]}\">\n\t\t\t\t\t<div class=\"e-con-inner\">\n\t\t\t\t<div class=\"elementor-element elementor-element-2aa33fb elementor-widget elementor-widget-heading\" data-id=\"2aa33fb\" data-element_type=\"widget\" data-e-type=\"widget\" data-widget_type=\"heading.default\">\n\t\t\t\t<div class=\"elementor-widget-container\">\n\t\t\t\t\t<h2 class=\"elementor-heading-title elementor-size-xl\">Caratteristiche<\/h2>\t\t\t\t<\/div>\n\t\t\t\t<\/div>\n\t\t\t\t<div class=\"elementor-element elementor-element-12a667f elementor-widget elementor-widget-heading\" data-id=\"12a667f\" data-element_type=\"widget\" data-e-type=\"widget\" data-widget_type=\"heading.default\">\n\t\t\t\t<div class=\"elementor-widget-container\">\n\t\t\t\t\t<h2 class=\"elementor-heading-title elementor-size-xl\">Vantaggi<\/h2>\t\t\t\t<\/div>\n\t\t\t\t<\/div>\n\t\t\t\t\t<\/div>\n\t\t\t\t<\/div>\n\t\t<div class=\"elementor-element elementor-element-a3fc5d3 e-grid e-con-boxed e-con e-child\" data-id=\"a3fc5d3\" data-element_type=\"container\" data-e-type=\"container\" data-settings=\"{&quot;jet_parallax_layout_list&quot;:[]}\">\n\t\t\t\t\t<div class=\"e-con-inner\">\n\t\t\t\t<div class=\"elementor-element elementor-element-fd64c89 elementor-widget elementor-widget-text-editor\" data-id=\"fd64c89\" data-element_type=\"widget\" data-e-type=\"widget\" data-widget_type=\"text-editor.default\">\n\t\t\t\t<div class=\"elementor-widget-container\">\n\t\t\t\t\t\t\t\t\t<p style=\"margin: 0cm; margin-bottom: .0001pt;\">3 finiture metalliche: bronzo, rame, ottone<\/p><p style=\"margin: 0cm; margin-bottom: .0001pt;\">Confezione: 1 o 5 kg<\/p><p style=\"margin: 0cm; margin-bottom: .0001pt;\">Rapporto: varia a seconda del tipo di resina<\/p><p style=\"margin: 0cm; margin-bottom: .0001pt;\">Conservazione: nella confezione originale in un luogo asciutto.<\/p>\t\t\t\t\t\t\t\t<\/div>\n\t\t\t\t<\/div>\n\t\t\t\t<div class=\"elementor-element elementor-element-fa7be74 elementor-widget elementor-widget-text-editor\" data-id=\"fa7be74\" data-element_type=\"widget\" data-e-type=\"widget\" data-widget_type=\"text-editor.default\">\n\t\t\t\t<div class=\"elementor-widget-container\">\n\t\t\t\t\t\t\t\t\t<p style=\"margin: 0cm; margin-bottom: .0001pt;\"><span style=\"color: #1f4e79;\">Aspetto del metallo<\/span><\/p><p style=\"margin: 0cm; margin-bottom: .0001pt;\"><span style=\"color: #1f4e79;\">Propriet\u00e0 del metallo  <\/span><\/p><p style=\"margin: 0cm; margin-bottom: .0001pt;\"><span style=\"color: #1f4e79;\">Pi\u00f9 economico del metallo pieno<\/span><\/p><p style=\"margin: 0cm; margin-bottom: .0001pt;\"><span style=\"color: #1f4e79;\">Facile da formattare<\/span><\/p>\t\t\t\t\t\t\t\t<\/div>\n\t\t\t\t<\/div>\n\t\t\t\t\t<\/div>\n\t\t\t\t<\/div>\n\t\t\t\t\t<\/div>\n\t\t\t\t<\/div>\n\t\t<div class=\"elementor-element elementor-element-58aec8a e-flex e-con-boxed e-con e-parent\" data-id=\"58aec8a\" data-element_type=\"container\" data-e-type=\"container\" data-settings=\"{&quot;jet_parallax_layout_list&quot;:[],&quot;background_background&quot;:&quot;classic&quot;}\">\n\t\t\t\t\t<div class=\"e-con-inner\">\n\t\t\t\t<div class=\"elementor-element elementor-element-30e7533 elementor-widget elementor-widget-heading\" data-id=\"30e7533\" data-element_type=\"widget\" data-e-type=\"widget\" data-widget_type=\"heading.default\">\n\t\t\t\t<div class=\"elementor-widget-container\">\n\t\t\t\t\t<h2 class=\"elementor-heading-title elementor-size-xl\">Implementazione<\/h2>\t\t\t\t<\/div>\n\t\t\t\t<\/div>\n\t\t\t\t<div class=\"elementor-element elementor-element-a4db4f9 elementor-widget elementor-widget-text-editor\" data-id=\"a4db4f9\" data-element_type=\"widget\" data-e-type=\"widget\" data-widget_type=\"text-editor.default\">\n\t\t\t\t<div class=\"elementor-widget-container\">\n\t\t\t\t\t\t\t\t\t<p><span style=\"color: #233c76;\">Aggiungi la quantit\u00e0 raccomandata dal produttore a seconda della natura della resina.<\/span><\/p><p><span style=\"color: #233c76;\"><a style=\"color: #233c76;\" href=\"https:\/\/www.finres-sa.com\/it\/prodotto\/kit-jesmonite-ac100\/\">GESMONITE AC100<\/a><\/span><\/p><p><span style=\"color: #233c76;\">Rapporto 1:2 (100 g di liquido per 200 g di polvere)<\/span><\/p><p><span style=\"color: #233c76;\">  + 80%-100% di Metal Filler (tra 280g e 350g di Metal Filler per 350g di jesmonite A+B)<\/span><\/p><p><span style=\"color: #233c76;\"><a style=\"color: #233c76;\" href=\"https:\/\/www.finres-sa.com\/it\/prodotto\/axson-f160-resina-di-rivestimento-pu-fast-set-2min30-kit\/\">F160 COMPOSTO PER COLATA A PRESA RAPIDA<\/a><\/span><\/p><p><span style=\"color: #233c76;\">Rapporto 1:1 (100 g di comp. A e 100 g di comp. B)<\/span><\/p><p><span style=\"color: #233c76;\">  + 150% in pi\u00f9 di Metal Filler (300 g di Metal Filler per 200 g di F160 A+B)<\/span><\/p><p><span style=\"color: #233c76;\"><a style=\"color: #233c76;\" href=\"https:\/\/www.finres-sa.com\/it\/prodotto\/kit-epossidico-cristallino-wwa-wwb\/\">COLATA EPOSSIDICA WWA TRASPARENTE<\/a><\/span><\/p><p><span style=\"color: #233c76;\">Rapporto 1:0,4 (100 g di composto A e 40 g di composto B)<\/span><\/p><p><span style=\"color: #233c76;\">  + 100% Metal Filler (140 g di Metal Filler per 140 g di WWA A+B)<\/span><\/p><p><span style=\"color: #233c76;\">Se la resina scelta non offre una trasparenza totale, pu\u00f2 essere una buona idea spolverare leggermente il fondo dello stampo con il solo Metal Filler prima di riempire con resina + Metal Filler. Questo metodo dar\u00e0 al pezzo finale una maggiore brillantezza.<\/span><\/p><p><span style=\"color: #233c76;\">Quando viene rimosso dallo stampo, il pezzo mantiene il suo colore metallico ma ha ancora una finitura opaca. Per ottenere la caratteristica lucentezza del metallo, la superficie deve essere trattata con la lucidatura o altre tecniche di finitura. <\/span><\/p><p><span style=\"color: #233c76;\">Nota: la densit\u00e0 del metallo (+\/-1,8) \u00e8 significativamente pi\u00f9 alta di quella delle resine (+\/- 1,1), il che significa che la polvere tende a scendere verso il fondo dello stampo.<\/span><\/p><p>Nota 2: i rapporti sopra indicati rappresentano le quantit\u00e0 massime di aggiunta di riempitivo tollerate dalla resina, anche se \u00e8 possibile considerare una quantit\u00e0 inferiore.<\/p>\t\t\t\t\t\t\t\t<\/div>\n\t\t\t\t<\/div>\n\t\t\t\t\t<\/div>\n\t\t\t\t<\/div>\n\t\t<div class=\"elementor-element elementor-element-c0a58b8 e-flex e-con-boxed e-con e-parent\" data-id=\"c0a58b8\" data-element_type=\"container\" data-e-type=\"container\" data-settings=\"{&quot;jet_parallax_layout_list&quot;:[],&quot;background_background&quot;:&quot;classic&quot;}\">\n\t\t\t\t\t<div class=\"e-con-inner\">\n\t\t\t\t<div class=\"elementor-element elementor-element-538363c elementor-widget elementor-widget-heading\" data-id=\"538363c\" data-element_type=\"widget\" data-e-type=\"widget\" data-widget_type=\"heading.default\">\n\t\t\t\t<div class=\"elementor-widget-container\">\n\t\t\t\t\t<h2 class=\"elementor-heading-title elementor-size-xl\">Sicurezza<\/h2>\t\t\t\t<\/div>\n\t\t\t\t<\/div>\n\t\t\t\t<div class=\"elementor-element elementor-element-0834093 elementor-widget elementor-widget-text-editor\" data-id=\"0834093\" data-element_type=\"widget\" data-e-type=\"widget\" data-widget_type=\"text-editor.default\">\n\t\t\t\t<div class=\"elementor-widget-container\">\n\t\t\t\t\t\t\t\t\t<p>In condizioni d&#8217;uso normali e nella sua forma originale, il prodotto non ha effetti negativi sulla salute.  <\/p>\t\t\t\t\t\t\t\t<\/div>\n\t\t\t\t<\/div>\n\t\t\t\t\t<\/div>\n\t\t\t\t<\/div>\n\t\t\t\t<\/div>\n\t\t","protected":false},"excerpt":{"rendered":"<p>AC 100 Metal Filler \u00e8 una vera e propria polvere metallica che offre 3 finiture distinte: bronzo, rame e ottone.<\/p>\n<p>Questa polvere metallica si fonde facilmente con la resina acrilica e altre resine sintetiche.<br \/>\nOltre a fornire l&#8217;effetto sorprendente del metallo, la resina impregnata di metallo migliora significativamente le propriet\u00e0 fisiche e meccaniche del prodotto finale.<\/p>\n<p>Questa soluzione \u00e8 ideale per le applicazioni in cui sono richiesti sia l&#8217;aspetto estetico che le prestazioni del metallo.<\/p>\n","protected":false},"featured_media":24016,"template":"","meta":[],"product_brand":[],"product_cat":[1267,1244],"product_tag":[1327,1325,1328,1324,1329,1326],"class_list":{"0":"post-24013","1":"product","2":"type-product","3":"status-publish","4":"has-post-thumbnail","6":"product_cat-jesmonite-it","7":"product_cat-pigmenti-e-additivi","8":"product_tag-bronzo","9":"product_tag-finitura-metallica","10":"product_tag-ottone","11":"product_tag-polvere-di-metallo","12":"product_tag-rame","13":"product_tag-resina-metallica","15":"first","16":"instock","17":"taxable","18":"shipping-taxable","19":"purchasable","20":"product-type-variable"},"_links":{"self":[{"href":"https:\/\/www.finres-sa.com\/it\/wp-json\/wp\/v2\/product\/24013","targetHints":{"allow":["GET"]}}],"collection":[{"href":"https:\/\/www.finres-sa.com\/it\/wp-json\/wp\/v2\/product"}],"about":[{"href":"https:\/\/www.finres-sa.com\/it\/wp-json\/wp\/v2\/types\/product"}],"version-history":[{"count":0,"href":"https:\/\/www.finres-sa.com\/it\/wp-json\/wp\/v2\/product\/24013\/revisions"}],"wp:featuredmedia":[{"embeddable":true,"href":"https:\/\/www.finres-sa.com\/it\/wp-json\/wp\/v2\/media\/24016"}],"wp:attachment":[{"href":"https:\/\/www.finres-sa.com\/it\/wp-json\/wp\/v2\/media?parent=24013"}],"wp:term":[{"taxonomy":"product_brand","embeddable":true,"href":"https:\/\/www.finres-sa.com\/it\/wp-json\/wp\/v2\/product_brand?post=24013"},{"taxonomy":"product_cat","embeddable":true,"href":"https:\/\/www.finres-sa.com\/it\/wp-json\/wp\/v2\/product_cat?post=24013"},{"taxonomy":"product_tag","embeddable":true,"href":"https:\/\/www.finres-sa.com\/it\/wp-json\/wp\/v2\/product_tag?post=24013"}],"curies":[{"name":"wp","href":"https:\/\/api.w.org\/{rel}","templated":true}]}}