{"id":24055,"date":"2024-02-15T13:57:11","date_gmt":"2024-02-15T12:57:11","guid":{"rendered":"https:\/\/www.finres-sa.com\/product\/striscia-di-intonaco\/"},"modified":"2026-03-16T16:21:29","modified_gmt":"2026-03-16T15:21:29","slug":"striscia-di-intonaco","status":"publish","type":"product","link":"https:\/\/www.finres-sa.com\/it\/prodotto\/striscia-di-intonaco\/","title":{"rendered":"STRISCIA DI INTONACO"},"content":{"rendered":"\t\t<div data-elementor-type=\"product-post\" data-elementor-id=\"24055\" class=\"elementor elementor-24055 elementor-12417\" data-elementor-post-type=\"product\">\n\t\t\t\t<div class=\"elementor-element elementor-element-47ba1b13 e-flex e-con-boxed e-con e-parent\" data-id=\"47ba1b13\" data-element_type=\"container\" data-e-type=\"container\" data-settings=\"{&quot;jet_parallax_layout_list&quot;:[]}\">\n\t\t\t\t\t<div class=\"e-con-inner\">\n\t\t\t\t<div class=\"elementor-element elementor-element-755920d0 elementor-widget elementor-widget-text-editor\" data-id=\"755920d0\" data-element_type=\"widget\" data-e-type=\"widget\" data-widget_type=\"text-editor.default\">\n\t\t\t\t<div class=\"elementor-widget-container\">\n\t\t\t\t\t\t\t\t\t<p>Il cartongesso \u00e8 un materiale versatile e ampiamente utilizzato per diverse applicazioni.<\/p><p>Realizzato con una striscia di garza o di tessuto impregnata di gesso di Parigi, questo materiale diventa rigido e resistente se esposto all&#8217;umidit\u00e0.<\/p><p>Nell&#8217;artigianato artistico, gli artisti e gli hobbisti le usano per scolpire e modellare, sfruttando la malleabilit\u00e0 della benda quando \u00e8 bagnata e la sua capacit\u00e0 di assumere una forma solida quando \u00e8 asciutta. Le bende di gesso sono quindi la scelta ideale per creare forme tridimensionali dettagliate e complesse a scopo artistico. <\/p><p>In ambito medico, le fasce di gesso sono comunemente utilizzate per creare gessi per sostenere e immobilizzare arti fratturati o feriti, fornendo una stabilit\u00e0 essenziale durante il processo di guarigione.<\/p><p>Una volta asciutta, l&#8217;opera pu\u00f2 essere dipinta e verniciata.<\/p><p> <\/p><p style=\"margin: 0cm; margin-bottom: .0001pt;\"> <\/p>\t\t\t\t\t\t\t\t<\/div>\n\t\t\t\t<\/div>\n\t\t\t\t\t<\/div>\n\t\t\t\t<\/div>\n\t\t<div class=\"elementor-element elementor-element-771989b e-flex e-con-boxed e-con e-parent\" data-id=\"771989b\" data-element_type=\"container\" data-e-type=\"container\" data-settings=\"{&quot;jet_parallax_layout_list&quot;:[],&quot;background_background&quot;:&quot;classic&quot;}\">\n\t\t\t\t\t<div class=\"e-con-inner\">\n\t\t<div class=\"elementor-element elementor-element-338acf0 e-grid e-con-boxed e-con e-child\" data-id=\"338acf0\" data-element_type=\"container\" data-e-type=\"container\" data-settings=\"{&quot;jet_parallax_layout_list&quot;:[]}\">\n\t\t\t\t\t<div class=\"e-con-inner\">\n\t\t\t\t<div class=\"elementor-element elementor-element-17ee62a elementor-widget elementor-widget-heading\" data-id=\"17ee62a\" data-element_type=\"widget\" data-e-type=\"widget\" data-widget_type=\"heading.default\">\n\t\t\t\t<div class=\"elementor-widget-container\">\n\t\t\t\t\t<h2 class=\"elementor-heading-title elementor-size-xl\">Caratteristiche<\/h2>\t\t\t\t<\/div>\n\t\t\t\t<\/div>\n\t\t\t\t<div class=\"elementor-element elementor-element-d4e975e elementor-widget elementor-widget-heading\" data-id=\"d4e975e\" data-element_type=\"widget\" data-e-type=\"widget\" data-widget_type=\"heading.default\">\n\t\t\t\t<div class=\"elementor-widget-container\">\n\t\t\t\t\t<h2 class=\"elementor-heading-title elementor-size-xl\">Applicazione<\/h2>\t\t\t\t<\/div>\n\t\t\t\t<\/div>\n\t\t\t\t\t<\/div>\n\t\t\t\t<\/div>\n\t\t<div class=\"elementor-element elementor-element-db7c283 e-grid e-con-boxed e-con e-child\" data-id=\"db7c283\" data-element_type=\"container\" data-e-type=\"container\" data-settings=\"{&quot;jet_parallax_layout_list&quot;:[]}\">\n\t\t\t\t\t<div class=\"e-con-inner\">\n\t\t\t\t<div class=\"elementor-element elementor-element-735f00f elementor-widget elementor-widget-text-editor\" data-id=\"735f00f\" data-element_type=\"widget\" data-e-type=\"widget\" data-widget_type=\"text-editor.default\">\n\t\t\t\t<div class=\"elementor-widget-container\">\n\t\t\t\t\t\t\t\t\t<p>Dimensioni: 10 cm x 2 metri<\/p><p>Tempo di lavoro: 2-8&#8242;.<\/p><p>Tempo di posa: 10-15&#8242;.<\/p><p>Consumo teorico: +\/- 3 strisce per un viso<\/p><p>Conservazione: in un contenitore ermetico al riparo dall&#8217;umidit\u00e0.<\/p>\t\t\t\t\t\t\t\t<\/div>\n\t\t\t\t<\/div>\n\t\t\t\t<div class=\"elementor-element elementor-element-4e0469c elementor-widget elementor-widget-text-editor\" data-id=\"4e0469c\" data-element_type=\"widget\" data-e-type=\"widget\" data-widget_type=\"text-editor.default\">\n\t\t\t\t<div class=\"elementor-widget-container\">\n\t\t\t\t\t\t\t\t\t<p>Pu\u00f2 essere applicato sulla pelle<\/p><p>Si adatta a tutte le forme<\/p><p>Soluzione conveniente<\/p><p>Buona riproduzione dei dettagli<\/p><p>Facilit\u00e0 d&#8217;uso<\/p><p>Striscia di gesso generosa<\/p>\t\t\t\t\t\t\t\t<\/div>\n\t\t\t\t<\/div>\n\t\t\t\t\t<\/div>\n\t\t\t\t<\/div>\n\t\t\t\t\t<\/div>\n\t\t\t\t<\/div>\n\t\t<div class=\"elementor-element elementor-element-e63985d e-flex e-con-boxed e-con e-parent\" data-id=\"e63985d\" data-element_type=\"container\" data-e-type=\"container\" data-settings=\"{&quot;jet_parallax_layout_list&quot;:[],&quot;background_background&quot;:&quot;classic&quot;}\">\n\t\t\t\t\t<div class=\"e-con-inner\">\n\t\t<div class=\"elementor-element elementor-element-8e0a2d7 e-grid e-con-boxed e-con e-child\" data-id=\"8e0a2d7\" data-element_type=\"container\" data-e-type=\"container\" data-settings=\"{&quot;jet_parallax_layout_list&quot;:[]}\">\n\t\t\t\t\t<div class=\"e-con-inner\">\n\t\t\t\t<div class=\"elementor-element elementor-element-686d5a0 elementor-widget elementor-widget-heading\" data-id=\"686d5a0\" data-element_type=\"widget\" data-e-type=\"widget\" data-widget_type=\"heading.default\">\n\t\t\t\t<div class=\"elementor-widget-container\">\n\t\t\t\t\t<h2 class=\"elementor-heading-title elementor-size-xl\">Implementazione<\/h2>\t\t\t\t<\/div>\n\t\t\t\t<\/div>\n\t\t\t\t\t<\/div>\n\t\t\t\t<\/div>\n\t\t<div class=\"elementor-element elementor-element-ca02bf2 e-grid e-con-boxed e-con e-child\" data-id=\"ca02bf2\" data-element_type=\"container\" data-e-type=\"container\" data-settings=\"{&quot;jet_parallax_layout_list&quot;:[]}\">\n\t\t\t\t\t<div class=\"e-con-inner\">\n\t\t\t\t<div class=\"elementor-element elementor-element-8879aee elementor-widget elementor-widget-text-editor\" data-id=\"8879aee\" data-element_type=\"widget\" data-e-type=\"widget\" data-widget_type=\"text-editor.default\">\n\t\t\t\t<div class=\"elementor-widget-container\">\n\t\t\t\t\t\t\t\t\t<p>Se si applica sulla pelle per catturare l&#8217;impronta, ricopri il viso del modello e tutte le altre superfici interessate con della vaselina. Sii pi\u00f9 generoso su ciglia e sopracciglia o dove c&#8217;\u00e8 una maggiore crescita di peli. <\/p><p>Non dimenticare di proteggere occhi, bocca e capelli. Fai molta attenzione alle narici, che non possono essere coperte in nessun caso. <\/p><p> <\/p><p>Immergi le strisce di gesso precedentemente tagliate in acqua calda per 2 o 3 secondi, rimuovi l&#8217;acqua in eccesso lisciando con le dita e applica la striscia umida sul modello. Massaggia delicatamente per disperdere il gesso e catturare i dettagli. <\/p><p>Ripeti l&#8217;operazione fino a raggiungere il giusto spessore.<\/p><p>Una volta completata la presa, puoi liberare il modello dalla maschera e continuare a rinforzarlo a tuo piacimento sul fianco.<\/p>\t\t\t\t\t\t\t\t<\/div>\n\t\t\t\t<\/div>\n\t\t\t\t\t<\/div>\n\t\t\t\t<\/div>\n\t\t\t\t\t<\/div>\n\t\t\t\t<\/div>\n\t\t<div class=\"elementor-element elementor-element-2979e93 e-flex e-con-boxed e-con e-parent\" data-id=\"2979e93\" data-element_type=\"container\" data-e-type=\"container\" data-settings=\"{&quot;jet_parallax_layout_list&quot;:[],&quot;background_background&quot;:&quot;classic&quot;}\">\n\t\t\t\t\t<div class=\"e-con-inner\">\n\t\t\t\t<div class=\"elementor-element elementor-element-ca04fb8 elementor-widget elementor-widget-heading\" data-id=\"ca04fb8\" data-element_type=\"widget\" data-e-type=\"widget\" data-widget_type=\"heading.default\">\n\t\t\t\t<div class=\"elementor-widget-container\">\n\t\t\t\t\t<h2 class=\"elementor-heading-title elementor-size-xl\">Sicurezza<\/h2>\t\t\t\t<\/div>\n\t\t\t\t<\/div>\n\t\t\t\t<div class=\"elementor-element elementor-element-862962c elementor-widget elementor-widget-text-editor\" data-id=\"862962c\" data-element_type=\"widget\" data-e-type=\"widget\" data-widget_type=\"text-editor.default\">\n\t\t\t\t<div class=\"elementor-widget-container\">\n\t\t\t\t\t\t\t\t\t<p style=\"margin: 0cm; margin-bottom: .0001pt;\">Non \u00e8 dannoso per la pelle o per la salute.<\/p><p style=\"margin: 0cm; margin-bottom: .0001pt;\">Lava accuratamente le mani con acqua pulita dopo l&#8217;uso.<\/p>\t\t\t\t\t\t\t\t<\/div>\n\t\t\t\t<\/div>\n\t\t\t\t\t<\/div>\n\t\t\t\t<\/div>\n\t\t\t\t<\/div>\n\t\t","protected":false},"excerpt":{"rendered":"<p>Le strisce di gesso vengono utilizzate per realizzare stampi, controstampi e rinforzi.<\/p>\n<p>Vengono applicate direttamente sulla pelle e possono essere facilmente adattate alle forme pi\u00f9 complesse.<\/p>\n","protected":false},"featured_media":24064,"template":"","meta":[],"product_brand":[],"product_cat":[1656,1243,1655],"product_tag":[1248,1346,1347,1247],"class_list":{"0":"post-24055","1":"product","2":"type-product","3":"status-publish","4":"has-post-thumbnail","6":"product_cat-gesso-e-bende","7":"product_cat-stampaggio-e-silicone","8":"product_cat-stampaggio-su-pelle","9":"product_tag-arte","10":"product_tag-corpo","11":"product_tag-riproduzione","12":"product_tag-stampaggio","14":"first","15":"instock","16":"taxable","17":"shipping-taxable","18":"purchasable","19":"product-type-simple"},"_links":{"self":[{"href":"https:\/\/www.finres-sa.com\/it\/wp-json\/wp\/v2\/product\/24055","targetHints":{"allow":["GET"]}}],"collection":[{"href":"https:\/\/www.finres-sa.com\/it\/wp-json\/wp\/v2\/product"}],"about":[{"href":"https:\/\/www.finres-sa.com\/it\/wp-json\/wp\/v2\/types\/product"}],"version-history":[{"count":1,"href":"https:\/\/www.finres-sa.com\/it\/wp-json\/wp\/v2\/product\/24055\/revisions"}],"predecessor-version":[{"id":37272,"href":"https:\/\/www.finres-sa.com\/it\/wp-json\/wp\/v2\/product\/24055\/revisions\/37272"}],"wp:featuredmedia":[{"embeddable":true,"href":"https:\/\/www.finres-sa.com\/it\/wp-json\/wp\/v2\/media\/24064"}],"wp:attachment":[{"href":"https:\/\/www.finres-sa.com\/it\/wp-json\/wp\/v2\/media?parent=24055"}],"wp:term":[{"taxonomy":"product_brand","embeddable":true,"href":"https:\/\/www.finres-sa.com\/it\/wp-json\/wp\/v2\/product_brand?post=24055"},{"taxonomy":"product_cat","embeddable":true,"href":"https:\/\/www.finres-sa.com\/it\/wp-json\/wp\/v2\/product_cat?post=24055"},{"taxonomy":"product_tag","embeddable":true,"href":"https:\/\/www.finres-sa.com\/it\/wp-json\/wp\/v2\/product_tag?post=24055"}],"curies":[{"name":"wp","href":"https:\/\/api.w.org\/{rel}","templated":true}]}}