{"id":24069,"date":"2024-02-21T14:42:29","date_gmt":"2024-02-21T13:42:29","guid":{"rendered":"https:\/\/www.finres-sa.com\/product\/gelcoat-jesmonite-flex-metal\/"},"modified":"2025-12-15T12:02:32","modified_gmt":"2025-12-15T11:02:32","slug":"gelcoat-jesmonite-flex-metal","status":"publish","type":"product","link":"https:\/\/www.finres-sa.com\/it\/prodotto\/gelcoat-jesmonite-flex-metal\/","title":{"rendered":"JESMONITE\u00ae Flex Metal Gelcoat"},"content":{"rendered":"\t\t<div data-elementor-type=\"product-post\" data-elementor-id=\"24069\" class=\"elementor elementor-24069 elementor-12812\" data-elementor-post-type=\"product\">\n\t\t\t\t<div class=\"elementor-element elementor-element-1670a25 e-flex e-con-boxed e-con e-parent\" data-id=\"1670a25\" data-element_type=\"container\" data-e-type=\"container\" data-settings=\"{&quot;jet_parallax_layout_list&quot;:[]}\">\n\t\t\t\t\t<div class=\"e-con-inner\">\n\t\t\t\t<div class=\"elementor-element elementor-element-8204851 elementor-widget elementor-widget-text-editor\" data-id=\"8204851\" data-element_type=\"widget\" data-e-type=\"widget\" data-widget_type=\"text-editor.default\">\n\t\t\t\t<div class=\"elementor-widget-container\">\n\t\t\t\t\t\t\t\t\t<p><span style=\"color: #233c76;\">JesmoniteAC730 Flex Metal Gel Coat \u00e8 un composito a base di cemento modificato con un polimero acrilico a cui \u00e8 stata aggiunta della vera polvere di metallo.<\/span><\/p><p><span style=\"color: #233c76;\">Questo ingegnoso sistema viene utilizzato quando si vuole imitare l&#8217;effetto di impatto del metallo.<\/span><\/p><p><span style=\"color: #233c76;\">Pu\u00f2 essere utilizzato per realizzare oggetti decorativi, pezzi ornamentali, modanature architettoniche, rivestimenti e molto altro ancora.<\/span><\/p><p><span style=\"color: #233c76;\">Il kit \u00e8 composto da un liquido acrilico a base d&#8217;acqua e da una base in polvere da combinare in un rapporto specifico a seconda della finitura scelta.<\/span><\/p><p><span style=\"color: #233c76;\">Il gel coat flex metal \u00e8 progettato per essere applicato come primo strato sul fondo di uno stampo e poi ricoperto con la gesmonite AC 730 o AC 830, sia per colata che con un rinforzo in fibra di vetro.<\/span><\/p><p><span style=\"color: #233c76;\">I gel coat sono disponibili in 4 finiture: bronzo, rame, bronzo argentato e ottone.<\/span><\/p><p><span style=\"color: #233c76;\">Il Metal Filler \u00e8 disponibile in una gamma di 3 colori: rame, bronzo e ottone.<\/span><\/p><p><span style=\"color: #233c76;\">Uno dei principali vantaggi del Metal Filler \u00e8 la sua capacit\u00e0 di simulare l&#8217;aspetto e le propriet\u00e0 del metallo solido senza i vincoli dei metodi tradizionali di lavorazione dei metalli.<\/span><\/p><p><span style=\"color: #233c76;\">La polvere di metallo \u00e8 apprezzata anche da artisti, designer e hobbisti per la sua capacit\u00e0 di offrire un&#8217;alternativa economica ai metodi tradizionali e per la sua capacit\u00e0 di consentire la creazione di modelli complessi e dettagliati che sarebbero difficili da realizzare con il metallo solido.<\/span><\/p><p><span style=\"color: #233c76;\">Il Metal Filler, mescolato con la resina, forma una miscela omogenea che pu\u00f2 essere utilizzata in una variet\u00e0 di processi di stampa e stampaggio 3D, consentendo la creazione di prototipi funzionali, gioielli complessi o componenti industriali.<\/span><\/p><p><span style=\"color: #233c76;\">La scelta di una polvere metallica specifica dipende dalle propriet\u00e0 e dalle applicazioni richieste, come la conduttivit\u00e0, la resistenza alla corrosione, la resistenza al calore o la forza meccanica.<\/span><\/p><p><span style=\"color: #233c76;\">Gli oggetti risultanti hanno la lucentezza del metallo e devono essere trattati con la lucidatura o altre tecniche di finitura per ottenere la lucentezza desiderata.<\/span><\/p><p><span style=\"color: #233c76;\">Nota: l&#8217;effetto del metallo sar\u00e0 pi\u00f9 evidente se inizi con una resina trasparente piuttosto che con una resina acrilica bianca<\/span>.<\/p>\t\t\t\t\t\t\t\t<\/div>\n\t\t\t\t<\/div>\n\t\t\t\t\t<\/div>\n\t\t\t\t<\/div>\n\t\t<div class=\"elementor-element elementor-element-a4e4624 e-flex e-con-boxed e-con e-parent\" data-id=\"a4e4624\" data-element_type=\"container\" data-e-type=\"container\" data-settings=\"{&quot;jet_parallax_layout_list&quot;:[],&quot;background_background&quot;:&quot;classic&quot;}\">\n\t\t\t\t\t<div class=\"e-con-inner\">\n\t\t<div class=\"elementor-element elementor-element-5b659de e-grid e-con-boxed e-con e-child\" data-id=\"5b659de\" data-element_type=\"container\" data-e-type=\"container\" data-settings=\"{&quot;jet_parallax_layout_list&quot;:[]}\">\n\t\t\t\t\t<div class=\"e-con-inner\">\n\t\t\t\t<div class=\"elementor-element elementor-element-fe5a100 elementor-widget elementor-widget-heading\" data-id=\"fe5a100\" data-element_type=\"widget\" data-e-type=\"widget\" data-widget_type=\"heading.default\">\n\t\t\t\t<div class=\"elementor-widget-container\">\n\t\t\t\t\t<h2 class=\"elementor-heading-title elementor-size-xl\">Caratteristiche<\/h2>\t\t\t\t<\/div>\n\t\t\t\t<\/div>\n\t\t\t\t<div class=\"elementor-element elementor-element-8d83525 elementor-widget elementor-widget-heading\" data-id=\"8d83525\" data-element_type=\"widget\" data-e-type=\"widget\" data-widget_type=\"heading.default\">\n\t\t\t\t<div class=\"elementor-widget-container\">\n\t\t\t\t\t<h2 class=\"elementor-heading-title elementor-size-xl\">Vantaggi<\/h2>\t\t\t\t<\/div>\n\t\t\t\t<\/div>\n\t\t\t\t\t<\/div>\n\t\t\t\t<\/div>\n\t\t<div class=\"elementor-element elementor-element-897eabf e-grid e-con-boxed e-con e-child\" data-id=\"897eabf\" data-element_type=\"container\" data-e-type=\"container\" data-settings=\"{&quot;jet_parallax_layout_list&quot;:[]}\">\n\t\t\t\t\t<div class=\"e-con-inner\">\n\t\t\t\t<div class=\"elementor-element elementor-element-eefd8dd elementor-widget elementor-widget-text-editor\" data-id=\"eefd8dd\" data-element_type=\"widget\" data-e-type=\"widget\" data-widget_type=\"text-editor.default\">\n\t\t\t\t<div class=\"elementor-widget-container\">\n\t\t\t\t\t\t\t\t\t<p>Rapporto di miscelazione in peso :<\/p><ul><li>Metallo flessibile in bronzo 5,5 : 1  <\/li><li>Metallo flessibile in ottone 5,5 : 1<\/li><li>Flex metal rame 7:1<\/li><\/ul><p>Resistenza al fuoco: B-s1-d0<\/p><p>Resistenza alle intemperie\/durata ETAG 034: 25 anni<\/p><p>Stabilit\u00e0 dimensionale: S = 0,83; E = 1,28<\/p><p>Assorbimento d&#8217;acqua\/porosit\u00e0: 2,26%.<\/p><p>Resistenza al gelo e al disgelo: 300 cicli<\/p><p>Conservazione: a una temperatura costante compresa tra 5 e 25\u00b0C.<\/p>\t\t\t\t\t\t\t\t<\/div>\n\t\t\t\t<\/div>\n\t\t\t\t<div class=\"elementor-element elementor-element-1a4274f elementor-widget elementor-widget-text-editor\" data-id=\"1a4274f\" data-element_type=\"widget\" data-e-type=\"widget\" data-widget_type=\"text-editor.default\">\n\t\t\t\t<div class=\"elementor-widget-container\">\n\t\t\t\t\t\t\t\t\t<p>4 finiture metalliche autentiche<\/p><p>Senza solventi e senza VOC<\/p><p>Polimerizzazione rapida<\/p><p>Aspetto e sensazione di metallo<\/p><p>Uso interno ed esterno<\/p><p>Propriet\u00e0 notevoli<\/p>\t\t\t\t\t\t\t\t<\/div>\n\t\t\t\t<\/div>\n\t\t\t\t\t<\/div>\n\t\t\t\t<\/div>\n\t\t\t\t\t<\/div>\n\t\t\t\t<\/div>\n\t\t<div class=\"elementor-element elementor-element-fa33b4b e-flex e-con-boxed e-con e-parent\" data-id=\"fa33b4b\" data-element_type=\"container\" data-e-type=\"container\" data-settings=\"{&quot;jet_parallax_layout_list&quot;:[],&quot;background_background&quot;:&quot;classic&quot;}\">\n\t\t\t\t\t<div class=\"e-con-inner\">\n\t\t\t\t<div class=\"elementor-element elementor-element-554fcc2 elementor-widget elementor-widget-heading\" data-id=\"554fcc2\" data-element_type=\"widget\" data-e-type=\"widget\" data-widget_type=\"heading.default\">\n\t\t\t\t<div class=\"elementor-widget-container\">\n\t\t\t\t\t<h2 class=\"elementor-heading-title elementor-size-xl\">Implementazione<\/h2>\t\t\t\t<\/div>\n\t\t\t\t<\/div>\n\t\t\t\t<div class=\"elementor-element elementor-element-8d42744 elementor-widget elementor-widget-text-editor\" data-id=\"8d42744\" data-element_type=\"widget\" data-e-type=\"widget\" data-widget_type=\"text-editor.default\">\n\t\t\t\t<div class=\"elementor-widget-container\">\n\t\t\t\t\t\t\t\t\t<p>MELANGE<\/p><p>Segui il rapporto consigliato in base alla finitura metallica scelta.<\/p><p>Pesa e mescola accuratamente la base in polvere con il suo indurente liquido.<\/p><p>L&#8217;impasto deve essere fluido, privo di grumi e denso, ma facile da applicare con un pennello per formare uno strato spesso da 1 a 2 mm.<\/p><p>\u00c8 molto importante mantenere la miscela agitata durante l&#8217;applicazione per evitare che le polveri di metalli pesanti contenute nel prodotto si depositino.<\/p><p>APPLICAZIONE<\/p><p>Quando la miscela \u00e8 omogenea, applica uno strato sottile di 1-2 mm sul fondo dello stampo. Quando il gel coat inizia a indurire, prepara un&#8217;altra miscela con AC 730 e riempi il resto dello stampo. <\/p><p>RINFORZO IN FIBRA<\/p><p>Per creare pannelli forti e resistenti, rinforza l&#8217;AC 730 con rinforzi in vetro come il tessuto <strong><a href=\"https:\/\/www.finres-sa.com\/it\/prodotto\/fibra-quadrilatera-di-jesmonite\/\">quadrilatero di jesmonite<\/a> <\/strong>.  <\/p><p>Quando si utilizza un rinforzo in fibra sul gelcoat, spennellare successivamente uno strato di miscela di jesmonite AC 730, un panno di fibra, un secondo strato della stessa miscela, un secondo strato di fibra, un terzo strato di miscela, un terzo panno di fibra e infine un ultimo strato di miscela per far scomparire la rete di fibra.<\/p><p>NOTA<\/p><p>I gel coat in metallo flessibile funzionano meglio con gli stampi in gomma siliconica, ma \u00e8 possibile utilizzare anche composti poliuretanici con una cera distaccante adatta. Gli stampi rigidi in vetroresina, legno o gesso sono da evitare. <\/p><p>ASCIUGATURA<\/p><p>A seconda delle dimensioni e della complessit\u00e0 del pannello, \u00e8 necessario lasciarlo asciugare nello stampo per 2 o 3 ore.<\/p><p>Durante il processo di asciugatura, gli oggetti devono essere conservati in un ambiente caldo ma non troppo secco.<\/p><p>Devono essere posizionati su scaffali che consentano una circolazione ottimale dell&#8217;aria e conservati in modo tale che i pannelli non possano spostarsi o piegarsi sotto il loro stesso peso.<\/p><p>LUCIDATURA<\/p><p>Dopo la sformatura, la superficie del gel coat di jesmonite flex metal deve essere lucidata per rivelare la brillantezza delle polveri metalliche.<\/p><p>\u00c8 fondamentale lasciare asciugare la stampa per almeno 24 ore prima di lucidarla.<\/p>\t\t\t\t\t\t\t\t<\/div>\n\t\t\t\t<\/div>\n\t\t\t\t\t<\/div>\n\t\t\t\t<\/div>\n\t\t<div class=\"elementor-element elementor-element-82be526 e-flex e-con-boxed e-con e-parent\" data-id=\"82be526\" data-element_type=\"container\" data-e-type=\"container\" data-settings=\"{&quot;jet_parallax_layout_list&quot;:[],&quot;background_background&quot;:&quot;classic&quot;}\">\n\t\t\t\t\t<div class=\"e-con-inner\">\n\t\t\t\t<div class=\"elementor-element elementor-element-e06eff5 elementor-widget elementor-widget-heading\" data-id=\"e06eff5\" data-element_type=\"widget\" data-e-type=\"widget\" data-widget_type=\"heading.default\">\n\t\t\t\t<div class=\"elementor-widget-container\">\n\t\t\t\t\t<h2 class=\"elementor-heading-title elementor-size-xl\">Collegamenti<\/h2>\t\t\t\t<\/div>\n\t\t\t\t<\/div>\n\t\t\t\t<div class=\"elementor-element elementor-element-53eb6c6 elementor-widget elementor-widget-text-editor\" data-id=\"53eb6c6\" data-element_type=\"widget\" data-e-type=\"widget\" data-widget_type=\"text-editor.default\">\n\t\t\t\t<div class=\"elementor-widget-container\">\n\t\t\t\t\t\t\t\t\t<p><span style=\"color: #233c76;\"><a style=\"color: #233c76;\" href=\"https:\/\/www.youtube.com\/watch?list=TLGGn1xnnqljuCUwMjAyMjAyNA&amp;time_continue=126&amp;v=1JCGvfYekmE&amp;embeds_referring_euri=https%3A%2F%2Fjesmonitemy.com%2F&amp;embeds_referring_origin=https%3A%2F%2Fjesmonitemy.com&amp;source_ve_path=Mjg2NjY&amp;feature=emb_logo\" target=\"_blank\" rel=\"noopener\">Video Flex metal small cast  <\/a><\/span><\/p><p><span style=\"color: #233c76;\"><a style=\"color: #233c76;\" href=\"https:\/\/www.youtube.com\/watch?list=TLGGZl4YlpZ4TPYwMjAyMjAyNA&amp;time_continue=42&amp;v=jEhXOI-t3Ok&amp;embeds_referring_euri=https%3A%2F%2Fjesmonitemy.com%2F&amp;embeds_referring_origin=https%3A%2F%2Fjesmonitemy.com&amp;source_ve_path=Mjg2NjY&amp;feature=emb_logo\" target=\"_blank\" rel=\"noopener\">video Pannello metallico Flex  <\/a><\/span><\/p><p><span style=\"color: #233c76;\"><a style=\"color: #233c76;\" href=\"https:\/\/www.youtube.com\/watch?list=TLGGrfKtuMWovTowMjAyMjAyNA&amp;time_continue=64&amp;v=dveBNBYql54&amp;embeds_referring_euri=https%3A%2F%2Fjesmonitemy.com%2F&amp;embeds_referring_origin=https%3A%2F%2Fjesmonitemy.com&amp;source_ve_path=Mjg2NjY&amp;feature=emb_logo\" target=\"_blank\" rel=\"noopener\">video Flex processo di lucidatura del metallo  <\/a><\/span><\/p>\t\t\t\t\t\t\t\t<\/div>\n\t\t\t\t<\/div>\n\t\t\t\t\t<\/div>\n\t\t\t\t<\/div>\n\t\t\t\t<\/div>\n\t\t","protected":false},"excerpt":{"rendered":"<p><span style=\"color: #ffffff;\">Jesmonite\u00ae AC730 Flex Metal Gel Coat \u00e8 un sistema innovativo che conferisce una finitura metallica ai materiali stampati.<\/span><\/p>\n<p><span style=\"color: #ffffff;\">\u00c8 disponibile in 4 finiture: bronzo, rame, bronzo argentato e ottone e deve essere utilizzato in combinazione con AC 730 jesmonite.<\/span><\/p>\n","protected":false},"featured_media":24070,"template":"","meta":[],"product_brand":[],"product_cat":[1783,1267],"product_tag":[],"class_list":{"0":"post-24069","1":"product","2":"type-product","3":"status-publish","4":"has-post-thumbnail","6":"product_cat-gelcoat-flex-metal","7":"product_cat-jesmonite-it","9":"first","10":"instock","11":"taxable","12":"shipping-taxable","13":"purchasable","14":"product-type-variable"},"_links":{"self":[{"href":"https:\/\/www.finres-sa.com\/it\/wp-json\/wp\/v2\/product\/24069","targetHints":{"allow":["GET"]}}],"collection":[{"href":"https:\/\/www.finres-sa.com\/it\/wp-json\/wp\/v2\/product"}],"about":[{"href":"https:\/\/www.finres-sa.com\/it\/wp-json\/wp\/v2\/types\/product"}],"version-history":[{"count":0,"href":"https:\/\/www.finres-sa.com\/it\/wp-json\/wp\/v2\/product\/24069\/revisions"}],"wp:featuredmedia":[{"embeddable":true,"href":"https:\/\/www.finres-sa.com\/it\/wp-json\/wp\/v2\/media\/24070"}],"wp:attachment":[{"href":"https:\/\/www.finres-sa.com\/it\/wp-json\/wp\/v2\/media?parent=24069"}],"wp:term":[{"taxonomy":"product_brand","embeddable":true,"href":"https:\/\/www.finres-sa.com\/it\/wp-json\/wp\/v2\/product_brand?post=24069"},{"taxonomy":"product_cat","embeddable":true,"href":"https:\/\/www.finres-sa.com\/it\/wp-json\/wp\/v2\/product_cat?post=24069"},{"taxonomy":"product_tag","embeddable":true,"href":"https:\/\/www.finres-sa.com\/it\/wp-json\/wp\/v2\/product_tag?post=24069"}],"curies":[{"name":"wp","href":"https:\/\/api.w.org\/{rel}","templated":true}]}}