{"id":24087,"date":"2024-01-25T13:26:00","date_gmt":"2024-01-25T12:26:00","guid":{"rendered":"https:\/\/www.finres-sa.com\/product\/resina-poliuretanica-elettroisolante-coltcast-hd\/"},"modified":"2026-03-27T10:45:47","modified_gmt":"2026-03-27T09:45:47","slug":"resina-poliuretanica-elettroisolante-coltcast-hd","status":"publish","type":"product","link":"https:\/\/www.finres-sa.com\/it\/prodotto\/resina-poliuretanica-elettroisolante-coltcast-hd\/","title":{"rendered":"COLTCAST HD &#8211; Resina per Incapsulamento"},"content":{"rendered":"\t\t<div data-elementor-type=\"product-post\" data-elementor-id=\"24087\" class=\"elementor elementor-24087 elementor-11953\" data-elementor-post-type=\"product\">\n\t\t\t\t<div class=\"elementor-element elementor-element-4819e1b e-flex e-con-boxed e-con e-parent\" data-id=\"4819e1b\" data-element_type=\"container\" data-e-type=\"container\" data-settings=\"{&quot;jet_parallax_layout_list&quot;:[]}\">\n\t\t\t\t\t<div class=\"e-con-inner\">\n\t\t\t\t<div class=\"elementor-element elementor-element-4707e118 elementor-widget elementor-widget-text-editor\" data-id=\"4707e118\" data-element_type=\"widget\" data-e-type=\"widget\" data-widget_type=\"text-editor.default\">\n\t\t\t\t<div class=\"elementor-widget-container\">\n\t\t\t\t\t\t\t\t\t<p style=\"margin: 0cm; margin-bottom: .0001pt;\"><span style=\"font-family: Calibri, sans-serif; color: #233c76;\">COLTCAST HEAVY DUTY \u00e8 una resina poliuretanica rigida che protegge completamente i tuoi impianti elettrici e i circuiti elettronici.<\/span><\/p><p style=\"margin: 0cm; margin-bottom: .0001pt;\"><span style=\"font-family: Calibri, sans-serif; color: #233c76;\">Indurisce per reazione dei due componenti a temperatura ambiente.<\/span><\/p><p style=\"margin: 0cm; margin-bottom: .0001pt;\"><span style=\"font-family: Calibri, sans-serif; color: #233c76;\"> <\/span><\/p><p style=\"margin: 0cm; margin-bottom: .0001pt;\"><span style=\"font-family: 'Calibri',sans-serif; color: #1f4e79;\">Coltcast HD \u00e8 un sistema privo di solventi e a bassa viscosit\u00e0, resistente all&#8217;acqua, all&#8217;umidit\u00e0, alla polvere, agli urti fisici, alle vibrazioni e ad altri agenti contaminanti.<\/span><\/p><p style=\"margin: 0cm; margin-bottom: .0001pt;\"><span style=\"font-family: 'Calibri',sans-serif; color: #1f4e79;\"> <\/span><\/p><p style=\"margin: 0cm; margin-bottom: .0001pt;\"><span style=\"font-family: 'Calibri',sans-serif; color: #1f4e79;\">Questa resina offre propriet\u00e0 di durata termica e meccanica e di resistenza chimica con un ritiro minimo.<\/span><\/p>\t\t\t\t\t\t\t\t<\/div>\n\t\t\t\t<\/div>\n\t\t\t\t\t<\/div>\n\t\t\t\t<\/div>\n\t\t<div class=\"elementor-element elementor-element-361f7a6 e-flex e-con-boxed e-con e-parent\" data-id=\"361f7a6\" data-element_type=\"container\" data-e-type=\"container\" data-settings=\"{&quot;jet_parallax_layout_list&quot;:[],&quot;background_background&quot;:&quot;classic&quot;}\">\n\t\t\t\t\t<div class=\"e-con-inner\">\n\t\t<div class=\"elementor-element elementor-element-6b2f04a e-grid e-con-boxed e-con e-child\" data-id=\"6b2f04a\" data-element_type=\"container\" data-e-type=\"container\" data-settings=\"{&quot;jet_parallax_layout_list&quot;:[]}\">\n\t\t\t\t\t<div class=\"e-con-inner\">\n\t\t<div class=\"elementor-element elementor-element-f5670c6 e-con-full e-flex e-con e-child\" data-id=\"f5670c6\" data-element_type=\"container\" data-e-type=\"container\" data-settings=\"{&quot;jet_parallax_layout_list&quot;:[],&quot;background_background&quot;:&quot;classic&quot;}\">\n\t\t\t\t<div class=\"elementor-element elementor-element-350266d elementor-widget elementor-widget-heading\" data-id=\"350266d\" data-element_type=\"widget\" data-e-type=\"widget\" data-widget_type=\"heading.default\">\n\t\t\t\t<div class=\"elementor-widget-container\">\n\t\t\t\t\t<h2 class=\"elementor-heading-title elementor-size-xl\">Caratteristiche tecniche<\/h2>\t\t\t\t<\/div>\n\t\t\t\t<\/div>\n\t\t\t\t<div class=\"elementor-element elementor-element-c2d9cb8 elementor-widget elementor-widget-text-editor\" data-id=\"c2d9cb8\" data-element_type=\"widget\" data-e-type=\"widget\" data-widget_type=\"text-editor.default\">\n\t\t\t\t<div class=\"elementor-widget-container\">\n\t\t\t\t\t\t\t\t\t<p><span style=\"color: #233c76;\">Rapporto di miscelazione in volume: 100 A : 100 B<\/span><\/p><p><span style=\"color: #233c76;\">Durezza Shore D: 40<\/span><\/p><p><span style=\"color: #233c76;\">Consumo: 1,1 kg\/litro<\/span><\/p><p><span style=\"color: #233c76;\">Densit\u00e0: 1,14 g\/cm\u00b3.<\/span><\/p><p><span style=\"color: #233c76;\">Viscosit\u00e0: 800 Mpas<\/span><\/p><p><span style=\"color: #233c76;\">Colore: nero<\/span><\/p><p><span style=\"color: #233c76;\">Durata della pentola: da 2 a 45 minuti<\/span><\/p><p><span style=\"color: #233c76;\">Resistenza alla trazione: 15 N\/mm2<\/span><\/p><p><span style=\"color: #233c76;\">Resistenza elettrica: 18,2 kV\/mm<\/span><\/p><p><span style=\"color: #233c76;\">Resistenza alla temperatura: 110\u00b0C (temprato)<\/span><\/p><p><span style=\"color: #233c76;\">Resistenza di isolamento a 23\u00b0C: 4,91\u0395+13 \u03a9<\/span><\/p><p><span style=\"color: #233c76;\">Resistenza di isolamento a 70\u00b0C: 6,46\u0395+12 \u03a9<\/span><\/p><p><span style=\"color: #233c76;\">Conservazione: 12 mesi in confezione chiusa tra i 10 e i 30\u00b0C<\/span><\/p>\t\t\t\t\t\t\t\t<\/div>\n\t\t\t\t<\/div>\n\t\t\t\t<\/div>\n\t\t<div class=\"elementor-element elementor-element-4f432de e-con-full e-flex e-con e-child\" data-id=\"4f432de\" data-element_type=\"container\" data-e-type=\"container\" data-settings=\"{&quot;jet_parallax_layout_list&quot;:[],&quot;background_background&quot;:&quot;classic&quot;}\">\n\t\t\t\t<div class=\"elementor-element elementor-element-ba11c9c elementor-widget elementor-widget-heading\" data-id=\"ba11c9c\" data-element_type=\"widget\" data-e-type=\"widget\" data-widget_type=\"heading.default\">\n\t\t\t\t<div class=\"elementor-widget-container\">\n\t\t\t\t\t<h2 class=\"elementor-heading-title elementor-size-xl\">Vantaggi del prodotto<\/h2>\t\t\t\t<\/div>\n\t\t\t\t<\/div>\n\t\t\t\t<div class=\"elementor-element elementor-element-40b7127 elementor-widget elementor-widget-text-editor\" data-id=\"40b7127\" data-element_type=\"widget\" data-e-type=\"widget\" data-widget_type=\"text-editor.default\">\n\t\t\t\t<div class=\"elementor-widget-container\">\n\t\t\t\t\t\t\t\t\t<p>Incapsulamento delle estremit\u00e0 dei cavi fino a 1kV<\/p><p>Senza solventi<\/p><p>Bassa viscosit\u00e0<\/p><p>Pot life progettato per una rapida polimerizzazione e una facile applicazione<\/p><p>Tempra a freddo<\/p><p>Buona adesione a cavi, plastica e metalli<\/p><p>Eccellente stabilit\u00e0 idrolitica<\/p><p>Bassa temperatura di reazione esotermica<\/p><p>Alta resistenza agli urti<\/p><p>Resistenza agli agenti chimici e agli idrocarburi<\/p><p>Resistenza alla temperatura<\/p><p>Esclusiva confezione in due parti<\/p>\t\t\t\t\t\t\t\t<\/div>\n\t\t\t\t<\/div>\n\t\t\t\t<\/div>\n\t\t\t\t\t<\/div>\n\t\t\t\t<\/div>\n\t\t\t\t\t<\/div>\n\t\t\t\t<\/div>\n\t\t<div class=\"elementor-element elementor-element-85354ca e-flex e-con-boxed e-con e-parent\" data-id=\"85354ca\" data-element_type=\"container\" data-e-type=\"container\" data-settings=\"{&quot;jet_parallax_layout_list&quot;:[],&quot;background_background&quot;:&quot;classic&quot;}\">\n\t\t\t\t\t<div class=\"e-con-inner\">\n\t\t\t\t<div class=\"elementor-element elementor-element-378751a elementor-widget elementor-widget-heading\" data-id=\"378751a\" data-element_type=\"widget\" data-e-type=\"widget\" data-widget_type=\"heading.default\">\n\t\t\t\t<div class=\"elementor-widget-container\">\n\t\t\t\t\t<h2 class=\"elementor-heading-title elementor-size-xl\">Istruzioni di applicazione<\/h2>\t\t\t\t<\/div>\n\t\t\t\t<\/div>\n\t\t\t\t<div class=\"elementor-element elementor-element-0e8ccb7 elementor-widget elementor-widget-text-editor\" data-id=\"0e8ccb7\" data-element_type=\"widget\" data-e-type=\"widget\" data-widget_type=\"text-editor.default\">\n\t\t\t\t<div class=\"elementor-widget-container\">\n\t\t\t\t\t\t\t\t\t<p style=\"margin: 0cm; margin-bottom: .0001pt;\">Prima della colata, assicurati che tutte le superfici da utilizzare siano prive di qualsiasi traccia di umidit\u00e0. Assicurati anche che la superficie non sia contaminata da oli, grassi, polveri, lubrificanti, grassi, polveri, lubrificanti, agenti distaccanti o altre impurit\u00e0 che potrebbero impedire l&#8217;adesione. <\/p><p>La resina (componente A) e l&#8217;indurente (componente B) si mescolano rimuovendo la clip dentale e muovendo il contenuto all&#8217;interno della bustina per 2-4 minuti. I componenti devono essere mescolati con molta attenzione, soprattutto negli angoli della busta. Quando il contenuto \u00e8 ben miscelato, l&#8217;angolo della bustina deve essere tagliato e la confezione deve essere utilizzata come semplice dispenser. Assicurati che il preparato venga consumato entro la sua durata.<\/p>\t\t\t\t\t\t\t\t<\/div>\n\t\t\t\t<\/div>\n\t\t\t\t\t<\/div>\n\t\t\t\t<\/div>\n\t\t<div class=\"elementor-element elementor-element-1db1a77 e-flex e-con-boxed e-con e-parent\" data-id=\"1db1a77\" data-element_type=\"container\" data-e-type=\"container\" data-settings=\"{&quot;jet_parallax_layout_list&quot;:[],&quot;background_background&quot;:&quot;classic&quot;}\">\n\t\t\t\t\t<div class=\"e-con-inner\">\n\t\t\t\t<div class=\"elementor-element elementor-element-45addbe elementor-widget elementor-widget-heading\" data-id=\"45addbe\" data-element_type=\"widget\" data-e-type=\"widget\" data-widget_type=\"heading.default\">\n\t\t\t\t<div class=\"elementor-widget-container\">\n\t\t\t\t\t<h2 class=\"elementor-heading-title elementor-size-xl\">Sicurezza<\/h2>\t\t\t\t<\/div>\n\t\t\t\t<\/div>\n\t\t\t\t<div class=\"elementor-element elementor-element-10d0d09 elementor-widget elementor-widget-text-editor\" data-id=\"10d0d09\" data-element_type=\"widget\" data-e-type=\"widget\" data-widget_type=\"text-editor.default\">\n\t\t\t\t<div class=\"elementor-widget-container\">\n\t\t\t\t\t\t\t\t\t<p style=\"margin: 0cm; margin-bottom: .0001pt;\">Evita il contatto con la pelle, gli occhi e gli indumenti.<\/p><p> <\/p><p>In caso di contatto con la pelle: lavati immediatamente con acqua e sapone e risciacqua accuratamente. In caso di reazioni\/irritazioni, consulta immediatamente un medico. <\/p><p>Dopo il contatto con gli occhi: risciacqua l&#8217;occhio aperto per diversi minuti sotto l&#8217;acqua corrente. Se i sintomi persistono, consulta un medico. <\/p><p>In caso di ingestione: chiama immediatamente un medico.<\/p><p>Dopo l&#8217;inalazione: Gererare il paziente con calma e portarlo all&#8217;aria aperta.<\/p>\t\t\t\t\t\t\t\t<\/div>\n\t\t\t\t<\/div>\n\t\t\t\t\t<\/div>\n\t\t\t\t<\/div>\n\t\t\t\t<\/div>\n\t\t","protected":false},"excerpt":{"rendered":"<p><span style=\"color: #ffffff;\">Resina poliuretanica per la protezione degli impianti elettrici.<\/span><\/p>\n","protected":false},"featured_media":24088,"template":"","meta":[],"product_brand":[],"product_cat":[1350,1259,1280],"product_tag":[],"class_list":{"0":"post-24087","1":"product","2":"type-product","3":"status-publish","4":"has-post-thumbnail","6":"product_cat-kit-di-riparazione-rapida","7":"product_cat-notizie","8":"product_cat-poliuretano","10":"first","11":"instock","12":"taxable","13":"shipping-taxable","14":"purchasable","15":"product-type-variable"},"_links":{"self":[{"href":"https:\/\/www.finres-sa.com\/it\/wp-json\/wp\/v2\/product\/24087","targetHints":{"allow":["GET"]}}],"collection":[{"href":"https:\/\/www.finres-sa.com\/it\/wp-json\/wp\/v2\/product"}],"about":[{"href":"https:\/\/www.finres-sa.com\/it\/wp-json\/wp\/v2\/types\/product"}],"version-history":[{"count":3,"href":"https:\/\/www.finres-sa.com\/it\/wp-json\/wp\/v2\/product\/24087\/revisions"}],"predecessor-version":[{"id":37707,"href":"https:\/\/www.finres-sa.com\/it\/wp-json\/wp\/v2\/product\/24087\/revisions\/37707"}],"wp:featuredmedia":[{"embeddable":true,"href":"https:\/\/www.finres-sa.com\/it\/wp-json\/wp\/v2\/media\/24088"}],"wp:attachment":[{"href":"https:\/\/www.finres-sa.com\/it\/wp-json\/wp\/v2\/media?parent=24087"}],"wp:term":[{"taxonomy":"product_brand","embeddable":true,"href":"https:\/\/www.finres-sa.com\/it\/wp-json\/wp\/v2\/product_brand?post=24087"},{"taxonomy":"product_cat","embeddable":true,"href":"https:\/\/www.finres-sa.com\/it\/wp-json\/wp\/v2\/product_cat?post=24087"},{"taxonomy":"product_tag","embeddable":true,"href":"https:\/\/www.finres-sa.com\/it\/wp-json\/wp\/v2\/product_tag?post=24087"}],"curies":[{"name":"wp","href":"https:\/\/api.w.org\/{rel}","templated":true}]}}